{"id":7253,"date":"2022-10-03T20:51:21","date_gmt":"2022-10-03T18:51:21","guid":{"rendered":"https:\/\/agora.xtec.cat\/ceip-jaumeprimer-pineda\/?page_id=7253"},"modified":"2026-03-18T10:15:29","modified_gmt":"2026-03-18T09:15:29","slug":"mestres","status":"publish","type":"page","link":"https:\/\/agora.xtec.cat\/ceip-jaumeprimer-pineda\/lescola\/mestres\/","title":{"rendered":"ORGANIGRAMA"},"content":{"rendered":"\n<p class=\"has-medium-font-size\"><b><strong>EQUIP DIRECTIU<\/strong><\/b><\/p>\n\n\n\n<p><span style=\"font-weight: 400;\">Director: Ricard Furones&nbsp;&nbsp;<\/span><\/p>\n\n\n\n<p><span style=\"font-weight: 400;\">Cap d\u2019estudis: Estefania Olmo<\/span><\/p>\n\n\n\n<p><span style=\"font-weight: 400;\">Secret\u00e0ria: Cristina Gordillo<\/span><\/p>\n\n\n\n<p class=\"has-medium-font-size\"><b><strong>TUTORIES<\/strong><\/b><\/p>\n\n\n\n<p>Educaci\u00f3 Infantil<\/p>\n\n\n\n<figure class=\"wp-block-table\"><table><tbody><tr><td><span style=\"font-weight: 400;\">I3: <\/span>Mireia Oliva<\/td><td><span style=\"font-weight: 400;\">I4: Desiree Zabala<\/span><\/td><td><span style=\"font-weight: 400;\">I5: <span style=\"font-weight: 400;\">Viky Novell\u00f3n<\/span><\/span><\/td><\/tr><\/tbody><\/table><\/figure>\n\n\n\n<p>Cicle Inicial<\/p>\n\n\n\n<figure class=\"wp-block-table\"><table><tbody><tr><td><span style=\"font-weight: 400;\">1r <\/span>: Anna Barn\u00e9s<\/td><td><span style=\"font-weight: 400;\">2nA:<\/span> Alba Cela<br>2nB: Judit Serra<\/td><\/tr><\/tbody><\/table><\/figure>\n\n\n\n<p>Cicle Mitj\u00e0<\/p>\n\n\n\n<figure class=\"wp-block-table\"><table><tbody><tr><td>3r: Lara Rengel<\/td><td>4t A: Javi Vinuesa<p>4t B: Laura Hugas<\/p> <\/td><\/tr><\/tbody><\/table><\/figure>\n\n\n\n<p>Cicle Superior<\/p>\n\n\n\n<figure class=\"wp-block-table\"><table><tbody><tr><td><span style=\"font-weight: 400;\">5\u00e8 A: Gl\u00f2ria Gisbert<\/span> <p><span style=\"font-weight: 400;\">5\u00e8 B:<\/span><span style=\"font-family: inherit; font-size: inherit; font-weight: inherit; background-color: rgba(0, 0, 0, 0);\">Marta Valero<\/span><\/p><\/td><td><span style=\"font-weight: 400;\">6\u00e8 A: <\/span>Elena Vila<p><span style=\"font-weight: 400;\">6\u00e8 B: Jordi P\u00f2rtulas<\/span><\/p><\/td><\/tr><\/tbody><\/table><\/figure>\n\n\n\n<p class=\"has-medium-font-size\"><b><strong>MESTRES DE SUPORT<\/strong><\/b><\/p>\n\n\n\n<p><span style=\"font-weight: 400;\">Suport infantil: Maria Muntan\u00e9 i Janina Castells<\/span><\/p>\n\n\n\n<p><span style=\"font-weight: 400;\">Atenci\u00f3 a la diversitat: Estefania Olmo, Maria Guerrero<\/span> i Joan Garcia.<\/p>\n\n\n\n<p><span style=\"font-weight: 400;\">Ed. F\u00edsica: Joan Salan<\/span><\/p>\n\n\n\n<p><span style=\"font-weight: 400;\">M\u00fasica: J\u00falia Mart\u00ed i Ricard Furones<\/span><\/p>\n\n\n\n<p><span style=\"font-weight: 400;\">Angl\u00e8s: Bego\u00f1a Arcas i Eug\u00e8nia Piferrer<\/span><\/p>\n\n\n\n<p><span style=\"font-family: inherit; font-size: 1em;\">Especial: Paqui Izquierdo i Cristina Gordillo<\/span><\/p>\n\n\n\n<p><span style=\"font-weight: 400;\">Audici\u00f3 i llenguatge: Carme Almellones<\/span><\/p>\n\n\n\n<p><span style=\"font-weight: 400;\">Aula d\u2019acollida: Maria Ribas<\/span> i Maria Gonzalez<\/p>\n\n\n\n<p><span style=\"font-weight: 400;\">Religi\u00f3: Maria Guerrero<\/span><\/p>\n\n\n\n<p class=\"has-medium-font-size\"><b><strong>PERSONAL DE SUPORT<\/strong><\/b><\/p>\n\n\n\n<p><span style=\"font-weight: 400;\">TEEI: Xesca Mendoza<\/span><\/p>\n\n\n\n<p><span style=\"font-weight: 400;\">TIS: Anna Rodr\u00edguez<\/span><\/p>\n\n\n\n<p><span style=\"font-weight: 400;\">Vetlladores: Alba Gonzalez, Erika Taboada<\/span><\/p>\n\n\n\n<p class=\"has-medium-font-size\"><b><strong>ADMINISTRACI\u00d3 I SERVEIS<\/strong><\/b><\/p>\n\n\n\n<p><span style=\"font-weight: 400;\">Administratiu:<\/span> Maria Redondo<\/p>\n\n\n\n<p><span style=\"font-weight: 400;\">Conserge: Josep Bosch<\/span><\/p>\n\n\n\n<p><\/p>\n","protected":false},"excerpt":{"rendered":"<p>EQUIP DIRECTIU Director: Ricard Furones&nbsp;&nbsp; Cap d\u2019estudis: Estefania Olmo Secret\u00e0ria: Cristina Gordillo TUTORIES Educaci\u00f3 Infantil I3: Mireia Oliva I4: Desiree [&hellip;]<\/p>\n","protected":false},"author":29,"featured_media":0,"parent":22,"menu_order":0,"comment_status":"closed","ping_status":"closed","template":"","meta":{"_bbp_topic_count":0,"_bbp_reply_count":0,"_bbp_total_topic_count":0,"_bbp_total_reply_count":0,"_bbp_voice_count":0,"_bbp_anonymous_reply_count":0,"_bbp_topic_count_hidden":0,"_bbp_reply_count_hidden":0,"_bbp_forum_subforum_count":0,"site-sidebar-layout":"default","site-content-layout":"","ast-site-content-layout":"default","site-content-style":"default","site-sidebar-style":"default","ast-global-header-display":"","ast-banner-title-visibility":"","ast-main-header-display":"","ast-hfb-above-header-display":"","ast-hfb-below-header-display":"","ast-hfb-mobile-header-display":"","site-post-title":"","ast-breadcrumbs-content":"","ast-featured-img":"","footer-sml-layout":"","theme-transparent-header-meta":"default","adv-header-id-meta":"","stick-header-meta":"","header-above-stick-meta":"","header-main-stick-meta":"","header-below-stick-meta":"","astra-migrate-meta-layouts":"set","ast-page-background-enabled":"default","ast-page-background-meta":{"desktop":{"background-color":"var(--ast-global-color-4)","background-image":"","background-repeat":"repeat","background-position":"center center","background-size":"auto","background-attachment":"scroll","background-type":"","background-media":"","overlay-type":"","overlay-color":"","overlay-opacity":"","overlay-gradient":""},"tablet":{"background-color":"","background-image":"","background-repeat":"repeat","background-position":"center center","background-size":"auto","background-attachment":"scroll","background-type":"","background-media":"","overlay-type":"","overlay-color":"","overlay-opacity":"","overlay-gradient":""},"mobile":{"background-color":"","background-image":"","background-repeat":"repeat","background-position":"center center","background-size":"auto","background-attachment":"scroll","background-type":"","background-media":"","overlay-type":"","overlay-color":"","overlay-opacity":"","overlay-gradient":""}},"ast-content-background-meta":{"desktop":{"background-color":"var(--ast-global-color-5)","background-image":"","background-repeat":"repeat","background-position":"center center","background-size":"auto","background-attachment":"scroll","background-type":"","background-media":"","overlay-type":"","overlay-color":"","overlay-opacity":"","overlay-gradient":""},"tablet":{"background-color":"var(--ast-global-color-5)","background-image":"","background-repeat":"repeat","background-position":"center center","background-size":"auto","background-attachment":"scroll","background-type":"","background-media":"","overlay-type":"","overlay-color":"","overlay-opacity":"","overlay-gradient":""},"mobile":{"background-color":"var(--ast-global-color-5)","background-image":"","background-repeat":"repeat","background-position":"center center","background-size":"auto","background-attachment":"scroll","background-type":"","background-media":"","overlay-type":"","overlay-color":"","overlay-opacity":"","overlay-gradient":""}},"footnotes":""},"class_list":["post-7253","page","type-page","status-publish","hentry"],"post_mailing_queue_ids":[],"_links":{"self":[{"href":"https:\/\/agora.xtec.cat\/ceip-jaumeprimer-pineda\/wp-json\/wp\/v2\/pages\/7253","targetHints":{"allow":["GET"]}}],"collection":[{"href":"https:\/\/agora.xtec.cat\/ceip-jaumeprimer-pineda\/wp-json\/wp\/v2\/pages"}],"about":[{"href":"https:\/\/agora.xtec.cat\/ceip-jaumeprimer-pineda\/wp-json\/wp\/v2\/types\/page"}],"author":[{"embeddable":true,"href":"https:\/\/agora.xtec.cat\/ceip-jaumeprimer-pineda\/wp-json\/wp\/v2\/users\/29"}],"replies":[{"embeddable":true,"href":"https:\/\/agora.xtec.cat\/ceip-jaumeprimer-pineda\/wp-json\/wp\/v2\/comments?post=7253"}],"version-history":[{"count":6,"href":"https:\/\/agora.xtec.cat\/ceip-jaumeprimer-pineda\/wp-json\/wp\/v2\/pages\/7253\/revisions"}],"predecessor-version":[{"id":9773,"href":"https:\/\/agora.xtec.cat\/ceip-jaumeprimer-pineda\/wp-json\/wp\/v2\/pages\/7253\/revisions\/9773"}],"up":[{"embeddable":true,"href":"https:\/\/agora.xtec.cat\/ceip-jaumeprimer-pineda\/wp-json\/wp\/v2\/pages\/22"}],"wp:attachment":[{"href":"https:\/\/agora.xtec.cat\/ceip-jaumeprimer-pineda\/wp-json\/wp\/v2\/media?parent=7253"}],"curies":[{"name":"wp","href":"https:\/\/api.w.org\/{rel}","templated":true}]}}