{"id":517,"date":"2018-10-25T22:40:13","date_gmt":"2018-10-25T20:40:13","guid":{"rendered":"http:\/\/agora.xtec.cat\/ceip-jaumeprimer-pineda\/?page_id=517"},"modified":"2025-03-05T12:54:22","modified_gmt":"2025-03-05T11:54:22","slug":"escola-dagrupament-dalumnat-sord","status":"publish","type":"page","link":"https:\/\/agora.xtec.cat\/ceip-jaumeprimer-pineda\/projecte-educatiu\/escola-dagrupament-dalumnat-sord\/","title":{"rendered":"SIAL"},"content":{"rendered":"\n<p>L\u2019escola\u00a0 ofereix als alumnes amb p\u00e8rdua auditiva un equip docent comprom\u00e8s i un projecte educatiu que promou la seva inclusi\u00f3 impulsat per tota la comunitat escolar.<\/p>\n\n\n\n<p>L\u2019escola, marc d\u2019educaci\u00f3 normalitzat, permet oferir a l\u2019alumne amb p\u00e8rdua auditiva els mitjans necessaris per al seu desenvolupament personal, emocional, intel\u00b7lectual, ling\u00fc\u00edstic i social.<\/p>\n\n\n\n<p>El curr\u00edculum t\u00e9 com a referent el curr\u00edculum oficial. Aquest fet afavoreix un major assoliment dels objectius educatius i promou actituds de tracte igualitari, respecte de les normes de conviv\u00e8ncia, solidaritat, toler\u00e0ncia i cooperaci\u00f3 entre els alumnes amb p\u00e8rdua auditiva i o\u00efdors.<\/p>\n\n\n\n<p>Els alumnes amb p\u00e8rdua auditiva formen diferents agrupaments. Es distingeixen tres \u00e0mbits de treball de l\u2019agrupament:<\/p>\n\n\n\n<ul class=\"wp-block-list\">\n<li>Amb el grup-classe<\/li>\n\n\n\n<li>En grup espec\u00edfic d&#8217;alumnat amb disminuci\u00f3 auditiva.<\/li>\n\n\n\n<li>Treball individual.<\/li>\n<\/ul>\n\n\n\n<p>Utilitzem el catal\u00e0 signat (bimodal) com a recolzament de la llengua oral i escrita, l\u2019objectiu \u00e9s que els alumnes puguin comunicar-se a trav\u00e9s del llenguatge oral.<\/p>\n\n\n\n<p><\/p>\n","protected":false},"excerpt":{"rendered":"<p>L\u2019escola\u00a0 ofereix als alumnes amb p\u00e8rdua auditiva un equip docent comprom\u00e8s i un projecte educatiu que promou la seva inclusi\u00f3 [&hellip;]<\/p>\n","protected":false},"author":1,"featured_media":0,"parent":64,"menu_order":0,"comment_status":"closed","ping_status":"closed","template":"","meta":{"_bbp_topic_count":0,"_bbp_reply_count":0,"_bbp_total_topic_count":0,"_bbp_total_reply_count":0,"_bbp_voice_count":0,"_bbp_anonymous_reply_count":0,"_bbp_topic_count_hidden":0,"_bbp_reply_count_hidden":0,"_bbp_forum_subforum_count":0,"site-sidebar-layout":"default","site-content-layout":"","ast-site-content-layout":"default","site-content-style":"default","site-sidebar-style":"default","ast-global-header-display":"","ast-banner-title-visibility":"","ast-main-header-display":"","ast-hfb-above-header-display":"","ast-hfb-below-header-display":"","ast-hfb-mobile-header-display":"","site-post-title":"","ast-breadcrumbs-content":"","ast-featured-img":"","footer-sml-layout":"","theme-transparent-header-meta":"default","adv-header-id-meta":"","stick-header-meta":"","header-above-stick-meta":"","header-main-stick-meta":"","header-below-stick-meta":"","astra-migrate-meta-layouts":"set","ast-page-background-enabled":"default","ast-page-background-meta":{"desktop":{"background-color":"var(--ast-global-color-4)","background-image":"","background-repeat":"repeat","background-position":"center center","background-size":"auto","background-attachment":"scroll","background-type":"","background-media":"","overlay-type":"","overlay-color":"","overlay-opacity":"","overlay-gradient":""},"tablet":{"background-color":"","background-image":"","background-repeat":"repeat","background-position":"center center","background-size":"auto","background-attachment":"scroll","background-type":"","background-media":"","overlay-type":"","overlay-color":"","overlay-opacity":"","overlay-gradient":""},"mobile":{"background-color":"","background-image":"","background-repeat":"repeat","background-position":"center center","background-size":"auto","background-attachment":"scroll","background-type":"","background-media":"","overlay-type":"","overlay-color":"","overlay-opacity":"","overlay-gradient":""}},"ast-content-background-meta":{"desktop":{"background-color":"var(--ast-global-color-5)","background-image":"","background-repeat":"repeat","background-position":"center center","background-size":"auto","background-attachment":"scroll","background-type":"","background-media":"","overlay-type":"","overlay-color":"","overlay-opacity":"","overlay-gradient":""},"tablet":{"background-color":"var(--ast-global-color-5)","background-image":"","background-repeat":"repeat","background-position":"center center","background-size":"auto","background-attachment":"scroll","background-type":"","background-media":"","overlay-type":"","overlay-color":"","overlay-opacity":"","overlay-gradient":""},"mobile":{"background-color":"var(--ast-global-color-5)","background-image":"","background-repeat":"repeat","background-position":"center center","background-size":"auto","background-attachment":"scroll","background-type":"","background-media":"","overlay-type":"","overlay-color":"","overlay-opacity":"","overlay-gradient":""}},"footnotes":""},"class_list":["post-517","page","type-page","status-publish","hentry"],"post_mailing_queue_ids":[],"_links":{"self":[{"href":"https:\/\/agora.xtec.cat\/ceip-jaumeprimer-pineda\/wp-json\/wp\/v2\/pages\/517","targetHints":{"allow":["GET"]}}],"collection":[{"href":"https:\/\/agora.xtec.cat\/ceip-jaumeprimer-pineda\/wp-json\/wp\/v2\/pages"}],"about":[{"href":"https:\/\/agora.xtec.cat\/ceip-jaumeprimer-pineda\/wp-json\/wp\/v2\/types\/page"}],"author":[{"embeddable":true,"href":"https:\/\/agora.xtec.cat\/ceip-jaumeprimer-pineda\/wp-json\/wp\/v2\/users\/1"}],"replies":[{"embeddable":true,"href":"https:\/\/agora.xtec.cat\/ceip-jaumeprimer-pineda\/wp-json\/wp\/v2\/comments?post=517"}],"version-history":[{"count":5,"href":"https:\/\/agora.xtec.cat\/ceip-jaumeprimer-pineda\/wp-json\/wp\/v2\/pages\/517\/revisions"}],"predecessor-version":[{"id":9103,"href":"https:\/\/agora.xtec.cat\/ceip-jaumeprimer-pineda\/wp-json\/wp\/v2\/pages\/517\/revisions\/9103"}],"up":[{"embeddable":true,"href":"https:\/\/agora.xtec.cat\/ceip-jaumeprimer-pineda\/wp-json\/wp\/v2\/pages\/64"}],"wp:attachment":[{"href":"https:\/\/agora.xtec.cat\/ceip-jaumeprimer-pineda\/wp-json\/wp\/v2\/media?parent=517"}],"curies":[{"name":"wp","href":"https:\/\/api.w.org\/{rel}","templated":true}]}}