{"id":30,"date":"2014-09-18T12:30:23","date_gmt":"2014-09-18T10:30:23","guid":{"rendered":"http:\/\/agora.xtec.cat\/ceip-jaumeprimer-pineda\/?page_id=30"},"modified":"2025-03-26T10:08:15","modified_gmt":"2025-03-26T09:08:15","slug":"instal%c2%b7lacions","status":"publish","type":"page","link":"https:\/\/agora.xtec.cat\/ceip-jaumeprimer-pineda\/lescola\/instal%c2%b7lacions\/","title":{"rendered":"Instal\u00b7lacions"},"content":{"rendered":"<p>Aules de grup-classe: de i3 a 6\u00e8<\/p>\n<p>Aules de suport: i4, i5, Infantil, 1r, 2n, C.Mitj\u00e0, C.Superior, Ed. Especial<\/p>\n<p>Aules d&#8217;especialitats: 2 Aules d&#8217;angl\u00e8s, aula de m\u00fasica, gimn\u00e0s i aula d&#8217;acollida.<\/p>\n<p>Aules singulars: aula d&#8217; audiovisuals i rob\u00f2tica, biblioteca i psicomotricitat.<\/p>\n<p>Espais polivalents: vest\u00edbuls entre aules.<\/p>\n<p>Espais exteriors: jardinets i hort.<\/p>\n<p>Patis: i3, Infantil, sorra, jocs, p\u00edcnic i pistes.<\/p>\n<p>\u00a0<\/p>\n\n\n<div class=\"wp-block-getwid-images-slider has-arrows-inside has-dots-inside has-images-center has-cropped-images\"><div class=\"wp-block-getwid-images-slider__wrapper\" data-effect=\"slide\" data-slides-show=\"1\" data-slides-show-laptop=\"1\" data-slides-show-tablet=\"1\" data-slides-show-mobile=\"1\" data-slides-scroll=\"1\" data-autoplay=\"false\" data-pause-hover=\"false\" data-autoplay-speed=\"6000\" data-infinite=\"true\" data-animation-speed=\"800\" data-center-mode=\"false\" data-variable-width=\"false\" data-arrows=\"inside\" data-dots=\"inside\" data-spacing=\"none\"><div class=\"wp-block-getwid-images-slider__item\"><figure><img loading=\"lazy\" decoding=\"async\" width=\"2048\" height=\"1536\" src=\"https:\/\/agora.xtec.cat\/ceip-jaumeprimer-pineda\/wp-content\/uploads\/usu1816\/2025\/03\/48ba4f5e-520d-45e7-9d8f-aaa7010c7f91.jpg\" data-id=\"9145\" data-link=\"https:\/\/agora.xtec.cat\/ceip-jaumeprimer-pineda\/lescola\/instal%c2%b7lacions\/attachment\/48ba4f5e-520d-45e7-9d8f-aaa7010c7f91\/\" data-original-link=\"https:\/\/agora.xtec.cat\/ceip-jaumeprimer-pineda\/wp-content\/uploads\/usu1816\/2025\/03\/48ba4f5e-520d-45e7-9d8f-aaa7010c7f91.jpg\" class=\"wp-block-getwid-images-slider__image wp-image-9145\" srcset=\"https:\/\/agora.xtec.cat\/ceip-jaumeprimer-pineda\/wp-content\/uploads\/usu1816\/2025\/03\/48ba4f5e-520d-45e7-9d8f-aaa7010c7f91.jpg 2048w, https:\/\/agora.xtec.cat\/ceip-jaumeprimer-pineda\/wp-content\/uploads\/usu1816\/2025\/03\/48ba4f5e-520d-45e7-9d8f-aaa7010c7f91-300x225.jpg 300w, https:\/\/agora.xtec.cat\/ceip-jaumeprimer-pineda\/wp-content\/uploads\/usu1816\/2025\/03\/48ba4f5e-520d-45e7-9d8f-aaa7010c7f91-1024x768.jpg 1024w, https:\/\/agora.xtec.cat\/ceip-jaumeprimer-pineda\/wp-content\/uploads\/usu1816\/2025\/03\/48ba4f5e-520d-45e7-9d8f-aaa7010c7f91-768x576.jpg 768w, https:\/\/agora.xtec.cat\/ceip-jaumeprimer-pineda\/wp-content\/uploads\/usu1816\/2025\/03\/48ba4f5e-520d-45e7-9d8f-aaa7010c7f91-1536x1152.jpg 1536w\" sizes=\"auto, (max-width: 2048px) 100vw, 2048px\" \/><\/figure><\/div><div class=\"wp-block-getwid-images-slider__item\"><figure><img loading=\"lazy\" decoding=\"async\" width=\"2048\" height=\"1536\" src=\"https:\/\/agora.xtec.cat\/ceip-jaumeprimer-pineda\/wp-content\/uploads\/usu1816\/2025\/03\/64b61607-7d4c-464c-a60d-44570946a4f5.jpg\" data-id=\"9146\" data-link=\"https:\/\/agora.xtec.cat\/ceip-jaumeprimer-pineda\/lescola\/instal%c2%b7lacions\/attachment\/64b61607-7d4c-464c-a60d-44570946a4f5\/\" data-original-link=\"https:\/\/agora.xtec.cat\/ceip-jaumeprimer-pineda\/wp-content\/uploads\/usu1816\/2025\/03\/64b61607-7d4c-464c-a60d-44570946a4f5.jpg\" class=\"wp-block-getwid-images-slider__image wp-image-9146\" srcset=\"https:\/\/agora.xtec.cat\/ceip-jaumeprimer-pineda\/wp-content\/uploads\/usu1816\/2025\/03\/64b61607-7d4c-464c-a60d-44570946a4f5.jpg 2048w, https:\/\/agora.xtec.cat\/ceip-jaumeprimer-pineda\/wp-content\/uploads\/usu1816\/2025\/03\/64b61607-7d4c-464c-a60d-44570946a4f5-300x225.jpg 300w, https:\/\/agora.xtec.cat\/ceip-jaumeprimer-pineda\/wp-content\/uploads\/usu1816\/2025\/03\/64b61607-7d4c-464c-a60d-44570946a4f5-1024x768.jpg 1024w, https:\/\/agora.xtec.cat\/ceip-jaumeprimer-pineda\/wp-content\/uploads\/usu1816\/2025\/03\/64b61607-7d4c-464c-a60d-44570946a4f5-768x576.jpg 768w, https:\/\/agora.xtec.cat\/ceip-jaumeprimer-pineda\/wp-content\/uploads\/usu1816\/2025\/03\/64b61607-7d4c-464c-a60d-44570946a4f5-1536x1152.jpg 1536w\" sizes=\"auto, (max-width: 2048px) 100vw, 2048px\" \/><\/figure><\/div><div class=\"wp-block-getwid-images-slider__item\"><figure><img loading=\"lazy\" decoding=\"async\" width=\"2048\" height=\"1536\" src=\"https:\/\/agora.xtec.cat\/ceip-jaumeprimer-pineda\/wp-content\/uploads\/usu1816\/2025\/03\/7cd0edcf-1549-4dc4-9c78-56104ae7f275.jpg\" data-id=\"9144\" data-link=\"https:\/\/agora.xtec.cat\/ceip-jaumeprimer-pineda\/lescola\/instal%c2%b7lacions\/attachment\/7cd0edcf-1549-4dc4-9c78-56104ae7f275\/\" data-original-link=\"https:\/\/agora.xtec.cat\/ceip-jaumeprimer-pineda\/wp-content\/uploads\/usu1816\/2025\/03\/7cd0edcf-1549-4dc4-9c78-56104ae7f275.jpg\" class=\"wp-block-getwid-images-slider__image wp-image-9144\" srcset=\"https:\/\/agora.xtec.cat\/ceip-jaumeprimer-pineda\/wp-content\/uploads\/usu1816\/2025\/03\/7cd0edcf-1549-4dc4-9c78-56104ae7f275.jpg 2048w, https:\/\/agora.xtec.cat\/ceip-jaumeprimer-pineda\/wp-content\/uploads\/usu1816\/2025\/03\/7cd0edcf-1549-4dc4-9c78-56104ae7f275-300x225.jpg 300w, https:\/\/agora.xtec.cat\/ceip-jaumeprimer-pineda\/wp-content\/uploads\/usu1816\/2025\/03\/7cd0edcf-1549-4dc4-9c78-56104ae7f275-1024x768.jpg 1024w, https:\/\/agora.xtec.cat\/ceip-jaumeprimer-pineda\/wp-content\/uploads\/usu1816\/2025\/03\/7cd0edcf-1549-4dc4-9c78-56104ae7f275-768x576.jpg 768w, https:\/\/agora.xtec.cat\/ceip-jaumeprimer-pineda\/wp-content\/uploads\/usu1816\/2025\/03\/7cd0edcf-1549-4dc4-9c78-56104ae7f275-1536x1152.jpg 1536w\" sizes=\"auto, (max-width: 2048px) 100vw, 2048px\" \/><\/figure><\/div><div class=\"wp-block-getwid-images-slider__item\"><figure><img loading=\"lazy\" decoding=\"async\" width=\"2048\" height=\"1152\" src=\"https:\/\/agora.xtec.cat\/ceip-jaumeprimer-pineda\/wp-content\/uploads\/usu1816\/2025\/02\/WhatsApp-Image-2025-02-17-at-10.02.02.jpeg\" data-id=\"8967\" data-link=\"https:\/\/agora.xtec.cat\/ceip-jaumeprimer-pineda\/whatsapp-image-2025-02-17-at-10-02-02\/\" data-original-link=\"https:\/\/agora.xtec.cat\/ceip-jaumeprimer-pineda\/wp-content\/uploads\/usu1816\/2025\/02\/WhatsApp-Image-2025-02-17-at-10.02.02.jpeg\" class=\"wp-block-getwid-images-slider__image wp-image-8967\" srcset=\"https:\/\/agora.xtec.cat\/ceip-jaumeprimer-pineda\/wp-content\/uploads\/usu1816\/2025\/02\/WhatsApp-Image-2025-02-17-at-10.02.02.jpeg 2048w, https:\/\/agora.xtec.cat\/ceip-jaumeprimer-pineda\/wp-content\/uploads\/usu1816\/2025\/02\/WhatsApp-Image-2025-02-17-at-10.02.02-300x169.jpeg 300w, https:\/\/agora.xtec.cat\/ceip-jaumeprimer-pineda\/wp-content\/uploads\/usu1816\/2025\/02\/WhatsApp-Image-2025-02-17-at-10.02.02-1024x576.jpeg 1024w, https:\/\/agora.xtec.cat\/ceip-jaumeprimer-pineda\/wp-content\/uploads\/usu1816\/2025\/02\/WhatsApp-Image-2025-02-17-at-10.02.02-768x432.jpeg 768w, https:\/\/agora.xtec.cat\/ceip-jaumeprimer-pineda\/wp-content\/uploads\/usu1816\/2025\/02\/WhatsApp-Image-2025-02-17-at-10.02.02-1536x864.jpeg 1536w\" sizes=\"auto, (max-width: 2048px) 100vw, 2048px\" \/><\/figure><\/div><div class=\"wp-block-getwid-images-slider__item\"><figure><img loading=\"lazy\" decoding=\"async\" width=\"2048\" height=\"1536\" src=\"https:\/\/agora.xtec.cat\/ceip-jaumeprimer-pineda\/wp-content\/uploads\/usu1816\/2025\/03\/cc6dae59-19e8-489e-bb56-b1ac59f85e38.jpg\" data-id=\"9148\" data-link=\"https:\/\/agora.xtec.cat\/ceip-jaumeprimer-pineda\/lescola\/instal%c2%b7lacions\/attachment\/cc6dae59-19e8-489e-bb56-b1ac59f85e38\/\" data-original-link=\"https:\/\/agora.xtec.cat\/ceip-jaumeprimer-pineda\/wp-content\/uploads\/usu1816\/2025\/03\/cc6dae59-19e8-489e-bb56-b1ac59f85e38.jpg\" class=\"wp-block-getwid-images-slider__image wp-image-9148\" srcset=\"https:\/\/agora.xtec.cat\/ceip-jaumeprimer-pineda\/wp-content\/uploads\/usu1816\/2025\/03\/cc6dae59-19e8-489e-bb56-b1ac59f85e38.jpg 2048w, https:\/\/agora.xtec.cat\/ceip-jaumeprimer-pineda\/wp-content\/uploads\/usu1816\/2025\/03\/cc6dae59-19e8-489e-bb56-b1ac59f85e38-300x225.jpg 300w, https:\/\/agora.xtec.cat\/ceip-jaumeprimer-pineda\/wp-content\/uploads\/usu1816\/2025\/03\/cc6dae59-19e8-489e-bb56-b1ac59f85e38-1024x768.jpg 1024w, https:\/\/agora.xtec.cat\/ceip-jaumeprimer-pineda\/wp-content\/uploads\/usu1816\/2025\/03\/cc6dae59-19e8-489e-bb56-b1ac59f85e38-768x576.jpg 768w, https:\/\/agora.xtec.cat\/ceip-jaumeprimer-pineda\/wp-content\/uploads\/usu1816\/2025\/03\/cc6dae59-19e8-489e-bb56-b1ac59f85e38-1536x1152.jpg 1536w\" sizes=\"auto, (max-width: 2048px) 100vw, 2048px\" \/><\/figure><\/div><div class=\"wp-block-getwid-images-slider__item\"><figure><img loading=\"lazy\" decoding=\"async\" width=\"2048\" height=\"800\" src=\"https:\/\/agora.xtec.cat\/ceip-jaumeprimer-pineda\/wp-content\/uploads\/usu1816\/2025\/03\/4571d7ea-6443-471e-b54b-b9f048905e1a.jpg\" data-id=\"9147\" data-link=\"https:\/\/agora.xtec.cat\/ceip-jaumeprimer-pineda\/lescola\/instal%c2%b7lacions\/attachment\/4571d7ea-6443-471e-b54b-b9f048905e1a\/\" data-original-link=\"https:\/\/agora.xtec.cat\/ceip-jaumeprimer-pineda\/wp-content\/uploads\/usu1816\/2025\/03\/4571d7ea-6443-471e-b54b-b9f048905e1a.jpg\" class=\"wp-block-getwid-images-slider__image wp-image-9147\" srcset=\"https:\/\/agora.xtec.cat\/ceip-jaumeprimer-pineda\/wp-content\/uploads\/usu1816\/2025\/03\/4571d7ea-6443-471e-b54b-b9f048905e1a.jpg 2048w, https:\/\/agora.xtec.cat\/ceip-jaumeprimer-pineda\/wp-content\/uploads\/usu1816\/2025\/03\/4571d7ea-6443-471e-b54b-b9f048905e1a-300x117.jpg 300w, https:\/\/agora.xtec.cat\/ceip-jaumeprimer-pineda\/wp-content\/uploads\/usu1816\/2025\/03\/4571d7ea-6443-471e-b54b-b9f048905e1a-1024x400.jpg 1024w, https:\/\/agora.xtec.cat\/ceip-jaumeprimer-pineda\/wp-content\/uploads\/usu1816\/2025\/03\/4571d7ea-6443-471e-b54b-b9f048905e1a-768x300.jpg 768w, https:\/\/agora.xtec.cat\/ceip-jaumeprimer-pineda\/wp-content\/uploads\/usu1816\/2025\/03\/4571d7ea-6443-471e-b54b-b9f048905e1a-1536x600.jpg 1536w\" sizes=\"auto, (max-width: 2048px) 100vw, 2048px\" \/><\/figure><\/div><\/div><\/div>\n","protected":false},"excerpt":{"rendered":"<p>Aules de grup-classe: de i3 a 6\u00e8 Aules de suport: i4, i5, Infantil, 1r, 2n, C.Mitj\u00e0, C.Superior, Ed. Especial Aules [&hellip;]<\/p>\n","protected":false},"author":1,"featured_media":0,"parent":22,"menu_order":2,"comment_status":"closed","ping_status":"closed","template":"","meta":{"_bbp_topic_count":0,"_bbp_reply_count":0,"_bbp_total_topic_count":0,"_bbp_total_reply_count":0,"_bbp_voice_count":0,"_bbp_anonymous_reply_count":0,"_bbp_topic_count_hidden":0,"_bbp_reply_count_hidden":0,"_bbp_forum_subforum_count":0,"site-sidebar-layout":"default","site-content-layout":"","ast-site-content-layout":"default","site-content-style":"default","site-sidebar-style":"default","ast-global-header-display":"","ast-banner-title-visibility":"","ast-main-header-display":"","ast-hfb-above-header-display":"","ast-hfb-below-header-display":"","ast-hfb-mobile-header-display":"","site-post-title":"","ast-breadcrumbs-content":"","ast-featured-img":"","footer-sml-layout":"","theme-transparent-header-meta":"","adv-header-id-meta":"","stick-header-meta":"","header-above-stick-meta":"","header-main-stick-meta":"","header-below-stick-meta":"","astra-migrate-meta-layouts":"set","ast-page-background-enabled":"default","ast-page-background-meta":{"desktop":{"background-color":"var(--ast-global-color-4)","background-image":"","background-repeat":"repeat","background-position":"center center","background-size":"auto","background-attachment":"scroll","background-type":"","background-media":"","overlay-type":"","overlay-color":"","overlay-opacity":"","overlay-gradient":""},"tablet":{"background-color":"","background-image":"","background-repeat":"repeat","background-position":"center center","background-size":"auto","background-attachment":"scroll","background-type":"","background-media":"","overlay-type":"","overlay-color":"","overlay-opacity":"","overlay-gradient":""},"mobile":{"background-color":"","background-image":"","background-repeat":"repeat","background-position":"center center","background-size":"auto","background-attachment":"scroll","background-type":"","background-media":"","overlay-type":"","overlay-color":"","overlay-opacity":"","overlay-gradient":""}},"ast-content-background-meta":{"desktop":{"background-color":"var(--ast-global-color-5)","background-image":"","background-repeat":"repeat","background-position":"center center","background-size":"auto","background-attachment":"scroll","background-type":"","background-media":"","overlay-type":"","overlay-color":"","overlay-opacity":"","overlay-gradient":""},"tablet":{"background-color":"var(--ast-global-color-5)","background-image":"","background-repeat":"repeat","background-position":"center center","background-size":"auto","background-attachment":"scroll","background-type":"","background-media":"","overlay-type":"","overlay-color":"","overlay-opacity":"","overlay-gradient":""},"mobile":{"background-color":"var(--ast-global-color-5)","background-image":"","background-repeat":"repeat","background-position":"center center","background-size":"auto","background-attachment":"scroll","background-type":"","background-media":"","overlay-type":"","overlay-color":"","overlay-opacity":"","overlay-gradient":""}},"footnotes":""},"class_list":["post-30","page","type-page","status-publish","hentry"],"post_mailing_queue_ids":[],"_links":{"self":[{"href":"https:\/\/agora.xtec.cat\/ceip-jaumeprimer-pineda\/wp-json\/wp\/v2\/pages\/30","targetHints":{"allow":["GET"]}}],"collection":[{"href":"https:\/\/agora.xtec.cat\/ceip-jaumeprimer-pineda\/wp-json\/wp\/v2\/pages"}],"about":[{"href":"https:\/\/agora.xtec.cat\/ceip-jaumeprimer-pineda\/wp-json\/wp\/v2\/types\/page"}],"author":[{"embeddable":true,"href":"https:\/\/agora.xtec.cat\/ceip-jaumeprimer-pineda\/wp-json\/wp\/v2\/users\/1"}],"replies":[{"embeddable":true,"href":"https:\/\/agora.xtec.cat\/ceip-jaumeprimer-pineda\/wp-json\/wp\/v2\/comments?post=30"}],"version-history":[{"count":6,"href":"https:\/\/agora.xtec.cat\/ceip-jaumeprimer-pineda\/wp-json\/wp\/v2\/pages\/30\/revisions"}],"predecessor-version":[{"id":9150,"href":"https:\/\/agora.xtec.cat\/ceip-jaumeprimer-pineda\/wp-json\/wp\/v2\/pages\/30\/revisions\/9150"}],"up":[{"embeddable":true,"href":"https:\/\/agora.xtec.cat\/ceip-jaumeprimer-pineda\/wp-json\/wp\/v2\/pages\/22"}],"wp:attachment":[{"href":"https:\/\/agora.xtec.cat\/ceip-jaumeprimer-pineda\/wp-json\/wp\/v2\/media?parent=30"}],"curies":[{"name":"wp","href":"https:\/\/api.w.org\/{rel}","templated":true}]}}