{"id":77,"date":"2014-09-18T14:05:08","date_gmt":"2014-09-18T13:05:08","guid":{"rendered":"http:\/\/agora.xtec.cat\/ceip-jaumebalmes-elprat\/?page_id=77"},"modified":"2025-02-10T11:48:12","modified_gmt":"2025-02-10T10:48:12","slug":"acollida","status":"publish","type":"page","link":"https:\/\/agora.xtec.cat\/ceip-jaumebalmes-elprat\/serveis\/acollida\/","title":{"rendered":"Acollida matinal"},"content":{"rendered":"<p>L&#8217;escola ofereix un servei d&#8217;acollida per tal de facilitar la conciliaci\u00f3 de la vida laboral amb els horaris escolars. Aquest servei comen\u00e7a a les 7:30h fins a les 9:00 h, durant tots els dies lectius.<\/p>\n<p>Durant aquesta hora els nens i les nenes poden realitzar activitats l\u00fadiques dirigides per la monitora, mentre no comencen les classes. L&#8217;acollida va dirigida tant a les fam\u00edlies que comencen a treballar molt d\u2019hora al mat\u00ed, com per a qui ho necessiti de manera puntual.<\/p>\n<p><strong><u>Normativa de funcionament<\/u><\/strong><\/p>\n<ul>\n<li>Els nens i les nenes que facin \u00fas del servei d\u2019acollida estaran sempre sota la vigil\u00e0ncia de la T\u00e8cnica d&#8217;Integraci\u00f3 Social.<\/li>\n<li>L&#8217; entrada es realitza per la porta de la biblioteca situada al c\/ Riu Ebre.<\/li>\n<li>A les 9h l&#8217;alumnat ser\u00e0 acompanyat a la seva aula corresponent.<\/li>\n<\/ul>\n<p><strong><u>Informaci\u00f3 administrativa i preus<\/u><\/strong><\/p>\n<p>Per m\u00e9s Informaci\u00f3 us podeu dirigir a la direcci\u00f3 del centre.<\/p>\n","protected":false},"excerpt":{"rendered":"<p>L&#8217;escola ofereix un servei d&#8217;acollida per tal de facilitar la conciliaci\u00f3 de la vida laboral amb els horaris escolars. Aquest servei comen\u00e7a a les 7:30h fins a les 9:00 h, durant tots els dies lectius.<br \/>\nDurant aquesta hora els nens i les nenes poden realitzar activitats&hellip;  <a href=\"https:\/\/agora.xtec.cat\/ceip-jaumebalmes-elprat\/serveis\/acollida\/\" title=\"Read Acollida matinal\">Llegeix m\u00e9s\u00bb<\/a><\/p>\n","protected":false},"author":1,"featured_media":0,"parent":66,"menu_order":20,"comment_status":"closed","ping_status":"closed","template":"page-templates\/side-menu.php","meta":{"_bbp_topic_count":0,"_bbp_reply_count":0,"_bbp_total_topic_count":0,"_bbp_total_reply_count":0,"_bbp_voice_count":0,"_bbp_anonymous_reply_count":0,"_bbp_topic_count_hidden":0,"_bbp_reply_count_hidden":0,"_bbp_forum_subforum_count":0,"footnotes":""},"class_list":["post-77","page","type-page","status-publish","hentry"],"post_mailing_queue_ids":[],"_links":{"self":[{"href":"https:\/\/agora.xtec.cat\/ceip-jaumebalmes-elprat\/wp-json\/wp\/v2\/pages\/77","targetHints":{"allow":["GET"]}}],"collection":[{"href":"https:\/\/agora.xtec.cat\/ceip-jaumebalmes-elprat\/wp-json\/wp\/v2\/pages"}],"about":[{"href":"https:\/\/agora.xtec.cat\/ceip-jaumebalmes-elprat\/wp-json\/wp\/v2\/types\/page"}],"author":[{"embeddable":true,"href":"https:\/\/agora.xtec.cat\/ceip-jaumebalmes-elprat\/wp-json\/wp\/v2\/users\/1"}],"replies":[{"embeddable":true,"href":"https:\/\/agora.xtec.cat\/ceip-jaumebalmes-elprat\/wp-json\/wp\/v2\/comments?post=77"}],"version-history":[{"count":7,"href":"https:\/\/agora.xtec.cat\/ceip-jaumebalmes-elprat\/wp-json\/wp\/v2\/pages\/77\/revisions"}],"predecessor-version":[{"id":8460,"href":"https:\/\/agora.xtec.cat\/ceip-jaumebalmes-elprat\/wp-json\/wp\/v2\/pages\/77\/revisions\/8460"}],"up":[{"embeddable":true,"href":"https:\/\/agora.xtec.cat\/ceip-jaumebalmes-elprat\/wp-json\/wp\/v2\/pages\/66"}],"wp:attachment":[{"href":"https:\/\/agora.xtec.cat\/ceip-jaumebalmes-elprat\/wp-json\/wp\/v2\/media?parent=77"}],"curies":[{"name":"wp","href":"https:\/\/api.w.org\/{rel}","templated":true}]}}