{"id":6045,"date":"2021-11-25T16:12:50","date_gmt":"2021-11-25T15:12:50","guid":{"rendered":"https:\/\/agora.xtec.cat\/ceip-jaumebalmes-elprat\/?page_id=6045"},"modified":"2025-09-26T09:28:58","modified_gmt":"2025-09-26T07:28:58","slug":"menjador","status":"publish","type":"page","link":"https:\/\/agora.xtec.cat\/ceip-jaumebalmes-elprat\/serveis\/menjador\/","title":{"rendered":"Menjador"},"content":{"rendered":"<p><img loading=\"lazy\" decoding=\"async\" class=\"alignleft\" style=\"text-align: right;\" src=\"https:\/\/ampajosepmadrenys.wordpress.com\/wp-content\/uploads\/2020\/01\/logo-alimentart-2.png\" alt=\"Canvis en el servei de menjador \u2013 Ampa Josep Madrenys\" width=\"355\" height=\"183\" \/><\/p>\n<p style=\"text-align: left;\">El servei del menjador est\u00e0 gestionat per la direcci\u00f3 del centre. L&#8217;empresa encarregada de portar e<span style=\"font-family: inherit; font-size: 1em;\">l monitoratge i la cuina \u00e9s <\/span><em><a href=\"https:\/\/alimentart.com\/\" target=\"_blank\" rel=\"noopener\">Aliment Art.<\/a>\u00a0<\/em>En aquest espai els i les nostres alumnes tenen l&#8217;oportunitat de gaudir no nom<span style=\"font-family: inherit; font-size: 1em;\">\u00e9s de dinar en base una dieta equilibrada sin\u00f3 que poden gaudir d&#8217;un temps l\u00fadic ple de viv\u00e8ncies que afavoreixen al seu aprenentatge. Aques<\/span><span style=\"font-family: inherit; font-size: 1em;\">tes viv\u00e8ncies les facilitem a partir d&#8217;una s\u00e8rie de tallers pl\u00e0stics i educatius relacionats amb els nostre projectes de centre.\u00a0<\/span><\/p>\n<p><a href=\"https:\/\/agora.xtec.cat\/ceip-jaumebalmes-elprat\/categoria\/menjador\/menus-menjador\/\">MEN\u00daS<\/a><\/p>\n","protected":false},"excerpt":{"rendered":"<p>El servei del menjador est\u00e0 gestionat per la direcci\u00f3 del centre. L&#8217;empresa encarregada de portar el monitoratge i la cuina \u00e9s <a href=\"https:\/\/alimentart.com\/\" target=\"_blank\" rel=\"noopener\">Aliment Art.<\/a>\u00a0En aquest espai els i les nostres alumnes tenen l&#8217;oportunitat de gaudir no nom\u00e9s de dinar en base una dieta&hellip;  <a href=\"https:\/\/agora.xtec.cat\/ceip-jaumebalmes-elprat\/serveis\/menjador\/\" title=\"Read Menjador\">Llegeix m\u00e9s\u00bb<\/a><\/p>\n","protected":false},"author":1,"featured_media":0,"parent":66,"menu_order":0,"comment_status":"closed","ping_status":"closed","template":"","meta":{"_bbp_topic_count":0,"_bbp_reply_count":0,"_bbp_total_topic_count":0,"_bbp_total_reply_count":0,"_bbp_voice_count":0,"_bbp_anonymous_reply_count":0,"_bbp_topic_count_hidden":0,"_bbp_reply_count_hidden":0,"_bbp_forum_subforum_count":0,"footnotes":""},"class_list":["post-6045","page","type-page","status-publish","hentry"],"post_mailing_queue_ids":[],"_links":{"self":[{"href":"https:\/\/agora.xtec.cat\/ceip-jaumebalmes-elprat\/wp-json\/wp\/v2\/pages\/6045","targetHints":{"allow":["GET"]}}],"collection":[{"href":"https:\/\/agora.xtec.cat\/ceip-jaumebalmes-elprat\/wp-json\/wp\/v2\/pages"}],"about":[{"href":"https:\/\/agora.xtec.cat\/ceip-jaumebalmes-elprat\/wp-json\/wp\/v2\/types\/page"}],"author":[{"embeddable":true,"href":"https:\/\/agora.xtec.cat\/ceip-jaumebalmes-elprat\/wp-json\/wp\/v2\/users\/1"}],"replies":[{"embeddable":true,"href":"https:\/\/agora.xtec.cat\/ceip-jaumebalmes-elprat\/wp-json\/wp\/v2\/comments?post=6045"}],"version-history":[{"count":7,"href":"https:\/\/agora.xtec.cat\/ceip-jaumebalmes-elprat\/wp-json\/wp\/v2\/pages\/6045\/revisions"}],"predecessor-version":[{"id":8656,"href":"https:\/\/agora.xtec.cat\/ceip-jaumebalmes-elprat\/wp-json\/wp\/v2\/pages\/6045\/revisions\/8656"}],"up":[{"embeddable":true,"href":"https:\/\/agora.xtec.cat\/ceip-jaumebalmes-elprat\/wp-json\/wp\/v2\/pages\/66"}],"wp:attachment":[{"href":"https:\/\/agora.xtec.cat\/ceip-jaumebalmes-elprat\/wp-json\/wp\/v2\/media?parent=6045"}],"curies":[{"name":"wp","href":"https:\/\/api.w.org\/{rel}","templated":true}]}}