{"id":34,"date":"2014-09-18T12:32:18","date_gmt":"2014-09-18T11:32:18","guid":{"rendered":"http:\/\/agora.xtec.cat\/ceip-jaumebalmes-elprat\/?page_id=34"},"modified":"2019-06-04T16:42:08","modified_gmt":"2019-06-04T14:42:08","slug":"oferta-educativa","status":"publish","type":"page","link":"https:\/\/agora.xtec.cat\/ceip-jaumebalmes-elprat\/lescola\/oferta-educativa\/","title":{"rendered":"Oferta educativa"},"content":{"rendered":"<p style=\"color: #444444;\">L&#8217;escola Jaume Balmes som una escola de dues l\u00ednies a Educaci\u00f3 Infantil i Prim\u00e0ria.<\/p>\n<table style=\"height: 363px;\" width=\"220\">\n<tbody>\n<tr>\n<td style=\"width: 59.39px; text-align: left;\">P3<\/td>\n<td style=\"width: 114.09px; text-align: left;\">2 grups<\/td>\n<\/tr>\n<tr>\n<td style=\"width: 59.39px;\">P4<\/td>\n<td style=\"width: 114.09px;\">2 grups<\/td>\n<\/tr>\n<tr>\n<td style=\"width: 59.39px;\">P5<\/td>\n<td style=\"width: 114.09px;\">2 grups<\/td>\n<\/tr>\n<tr>\n<td style=\"width: 59.39px;\">1r<\/td>\n<td style=\"width: 114.09px;\">2 grups<\/td>\n<\/tr>\n<tr>\n<td style=\"width: 59.39px;\">2n<\/td>\n<td style=\"width: 114.09px;\">2 grups<\/td>\n<\/tr>\n<tr>\n<td style=\"width: 59.39px;\">3r<\/td>\n<td style=\"width: 114.09px;\">2 grups<\/td>\n<\/tr>\n<tr>\n<td style=\"width: 59.39px;\">4t<\/td>\n<td style=\"width: 114.09px;\">2 grups<\/td>\n<\/tr>\n<tr>\n<td style=\"width: 59.39px;\">5\u00e8<\/td>\n<td style=\"width: 114.09px;\">2 grups<\/td>\n<\/tr>\n<tr>\n<td style=\"width: 59.39px; text-align: left;\">6\u00e8<\/td>\n<td style=\"width: 114.09px; text-align: left;\">2 grups<\/td>\n<\/tr>\n<\/tbody>\n<\/table>\n<p>&nbsp;<\/p>\n","protected":false},"excerpt":{"rendered":"<p>L&#8217;escola Jaume Balmes som una escola de dues l\u00ednies a Educaci\u00f3 Infantil i Prim\u00e0ria.<\/p>\n<p>P3<br \/>\n2 grups<\/p>\n<p>P4<br \/>\n2 grups<\/p>\n<p>P5<br \/>\n2 grups<\/p>\n<p>1r<br \/>\n2 grups<\/p>\n<p>2n<br \/>\n2 grups<\/p>\n<p>3r<br \/>\n2 grups<\/p>\n<p>4t<br \/>\n2 grups<\/p>\n<p>5\u00e8<br \/>\n2 grups<\/p>\n<p>6\u00e8<br \/>\n2 grups<\/p>\n<p>&nbsp;<\/p>\n","protected":false},"author":1,"featured_media":0,"parent":22,"menu_order":60,"comment_status":"closed","ping_status":"closed","template":"page-templates\/side-menu.php","meta":{"_bbp_topic_count":0,"_bbp_reply_count":0,"_bbp_total_topic_count":0,"_bbp_total_reply_count":0,"_bbp_voice_count":0,"_bbp_anonymous_reply_count":0,"_bbp_topic_count_hidden":0,"_bbp_reply_count_hidden":0,"_bbp_forum_subforum_count":0,"footnotes":""},"class_list":["post-34","page","type-page","status-publish","hentry"],"post_mailing_queue_ids":[],"_links":{"self":[{"href":"https:\/\/agora.xtec.cat\/ceip-jaumebalmes-elprat\/wp-json\/wp\/v2\/pages\/34","targetHints":{"allow":["GET"]}}],"collection":[{"href":"https:\/\/agora.xtec.cat\/ceip-jaumebalmes-elprat\/wp-json\/wp\/v2\/pages"}],"about":[{"href":"https:\/\/agora.xtec.cat\/ceip-jaumebalmes-elprat\/wp-json\/wp\/v2\/types\/page"}],"author":[{"embeddable":true,"href":"https:\/\/agora.xtec.cat\/ceip-jaumebalmes-elprat\/wp-json\/wp\/v2\/users\/1"}],"replies":[{"embeddable":true,"href":"https:\/\/agora.xtec.cat\/ceip-jaumebalmes-elprat\/wp-json\/wp\/v2\/comments?post=34"}],"version-history":[{"count":2,"href":"https:\/\/agora.xtec.cat\/ceip-jaumebalmes-elprat\/wp-json\/wp\/v2\/pages\/34\/revisions"}],"predecessor-version":[{"id":3858,"href":"https:\/\/agora.xtec.cat\/ceip-jaumebalmes-elprat\/wp-json\/wp\/v2\/pages\/34\/revisions\/3858"}],"up":[{"embeddable":true,"href":"https:\/\/agora.xtec.cat\/ceip-jaumebalmes-elprat\/wp-json\/wp\/v2\/pages\/22"}],"wp:attachment":[{"href":"https:\/\/agora.xtec.cat\/ceip-jaumebalmes-elprat\/wp-json\/wp\/v2\/media?parent=34"}],"curies":[{"name":"wp","href":"https:\/\/api.w.org\/{rel}","templated":true}]}}