{"id":30,"date":"2014-09-18T12:30:23","date_gmt":"2014-09-18T11:30:23","guid":{"rendered":"http:\/\/agora.xtec.cat\/ceip-jaumebalmes-elprat\/?page_id=30"},"modified":"2023-10-18T13:35:20","modified_gmt":"2023-10-18T11:35:20","slug":"instal%c2%b7lacions","status":"publish","type":"page","link":"https:\/\/agora.xtec.cat\/ceip-jaumebalmes-elprat\/lescola\/instal%c2%b7lacions\/","title":{"rendered":"Instal\u00b7lacions"},"content":{"rendered":"<p>La nostra escola est\u00e0 formada per:<\/p>\n<p>ESPAIS INTERIORS<\/p>\n<p>\u00b7 18 aules per l\u2019alumnat compr\u00e8s entre I3 i 6\u00e8: totes s\u00f3n multim\u00e8dia.<br \/>\n\u00b7 1 gimn\u00e0s i sala de psicomotricitat.<br \/>\n\u00b7 1 Aula polivalent per impartir sessions d&#8217;atenci\u00f3 a la diversitat i grups redu\u00efts.<br \/>\n\u00b7 1 Aula Art\/English.<br \/>\n\u00b7 2 Aules TAC, una d&#8217;educaci\u00f3 infantil i l&#8217;altra de prim\u00e0ria.<br \/>\n\u00b7 1 aula de racons de joc d&#8217;infantil.<br \/>\n\u00b7 Menjador i cuina pr\u00f2pia.<br \/>\n\u00b7 Sala de mestres.<br \/>\n\u00b7 Consergeria.<br \/>\n\u00b7 Saleta reunions.<br \/>\n\u00b7 Despatx de Direcci\u00f3\/Secretaria.<br \/>\n\u00b7 2 biblioteques.<br \/>\n\u00b7 Laboratori.<\/p>\n<p><a href=\"https:\/\/agora.xtec.cat\/ceip-jaumebalmes-elprat\/wp-content\/uploads\/usu593\/2019\/05\/225-BALMES-PRAT-190429.jpg\"><img loading=\"lazy\" decoding=\"async\" class=\"alignnone size-large wp-image-3840\" src=\"https:\/\/agora.xtec.cat\/ceip-jaumebalmes-elprat\/wp-content\/uploads\/usu593\/2019\/05\/225-BALMES-PRAT-190429-1024x576.jpg\" alt=\"\" width=\"1024\" height=\"576\" srcset=\"https:\/\/agora.xtec.cat\/ceip-jaumebalmes-elprat\/wp-content\/uploads\/usu593\/2019\/05\/225-BALMES-PRAT-190429-1024x576.jpg 1024w, https:\/\/agora.xtec.cat\/ceip-jaumebalmes-elprat\/wp-content\/uploads\/usu593\/2019\/05\/225-BALMES-PRAT-190429-300x169.jpg 300w, https:\/\/agora.xtec.cat\/ceip-jaumebalmes-elprat\/wp-content\/uploads\/usu593\/2019\/05\/225-BALMES-PRAT-190429-768x432.jpg 768w, https:\/\/agora.xtec.cat\/ceip-jaumebalmes-elprat\/wp-content\/uploads\/usu593\/2019\/05\/225-BALMES-PRAT-190429.jpg 1613w\" sizes=\"auto, (max-width: 1024px) 100vw, 1024px\" \/><\/a><\/p>\n<p><a href=\"https:\/\/agora.xtec.cat\/ceip-jaumebalmes-elprat\/wp-content\/uploads\/usu593\/2019\/05\/228-BALMES-PRAT-190429.jpg\"><img loading=\"lazy\" decoding=\"async\" class=\"alignnone size-large wp-image-3841\" src=\"https:\/\/agora.xtec.cat\/ceip-jaumebalmes-elprat\/wp-content\/uploads\/usu593\/2019\/05\/228-BALMES-PRAT-190429-1024x682.jpg\" alt=\"\" width=\"1024\" height=\"682\" \/><\/a><\/p>\n<p><a href=\"https:\/\/agora.xtec.cat\/ceip-jaumebalmes-elprat\/wp-content\/uploads\/usu593\/2019\/03\/cascada.jpg\"><img loading=\"lazy\" decoding=\"async\" class=\"alignnone size-full wp-image-581\" src=\"https:\/\/agora.xtec.cat\/ceip-jaumebalmes-elprat\/wp-content\/uploads\/usu593\/2019\/03\/cascada.jpg\" alt=\"\" width=\"605\" height=\"454\" srcset=\"https:\/\/agora.xtec.cat\/ceip-jaumebalmes-elprat\/wp-content\/uploads\/usu593\/2019\/03\/cascada.jpg 605w, https:\/\/agora.xtec.cat\/ceip-jaumebalmes-elprat\/wp-content\/uploads\/usu593\/2019\/03\/cascada-300x225.jpg 300w, https:\/\/agora.xtec.cat\/ceip-jaumebalmes-elprat\/wp-content\/uploads\/usu593\/2019\/03\/cascada-200x150.jpg 200w\" sizes=\"auto, (max-width: 605px) 100vw, 605px\" \/><\/a><\/p>\n<p>ESPAIS EXTERIORS<\/p>\n<p>\u00b7 Pati d&#8217;Educaci\u00f3 Infantil amb sorral i estructures de fusta.<br \/>\n\u00b7 Pati de cicle inicial amb estructures de fusta i bancs de p\u00edcnic.<br \/>\n\u00b7 Pati de cicle mitj\u00e0 i superior amb estructures de fusta, bancs de p\u00edcnic i pista de futbol i de b\u00e0squet.<br \/>\n\u00b7 Hort.<\/p>\n<p>&nbsp;<\/p>\n<p><a href=\"https:\/\/agora.xtec.cat\/ceip-jaumebalmes-elprat\/wp-content\/uploads\/usu593\/2019\/03\/copa.jpg\"><img loading=\"lazy\" decoding=\"async\" class=\"alignnone size-full wp-image-580\" src=\"https:\/\/agora.xtec.cat\/ceip-jaumebalmes-elprat\/wp-content\/uploads\/usu593\/2019\/03\/copa.jpg\" alt=\"\" width=\"605\" height=\"454\" \/><\/a><\/p>\n<p><a href=\"https:\/\/agora.xtec.cat\/ceip-jaumebalmes-elprat\/wp-content\/uploads\/usu593\/2019\/03\/IMG-0947-1.jpg\"><img loading=\"lazy\" decoding=\"async\" class=\"alignnone size-full wp-image-549\" src=\"https:\/\/agora.xtec.cat\/ceip-jaumebalmes-elprat\/wp-content\/uploads\/usu593\/2019\/03\/IMG-0947-1.jpg\" alt=\"\" width=\"620\" height=\"356\" \/><\/a><\/p>\n<p><a href=\"https:\/\/agora.xtec.cat\/ceip-jaumebalmes-elprat\/wp-content\/uploads\/usu593\/2019\/03\/4205BB0D-29EA-4BB0-BEC0-370B6725E429-1.jpg\"><img loading=\"lazy\" decoding=\"async\" class=\"alignnone size-large wp-image-547\" src=\"https:\/\/agora.xtec.cat\/ceip-jaumebalmes-elprat\/wp-content\/uploads\/usu593\/2019\/03\/4205BB0D-29EA-4BB0-BEC0-370B6725E429-1-1024x508.jpg\" alt=\"\" width=\"1024\" height=\"508\" srcset=\"https:\/\/agora.xtec.cat\/ceip-jaumebalmes-elprat\/wp-content\/uploads\/usu593\/2019\/03\/4205BB0D-29EA-4BB0-BEC0-370B6725E429-1-1024x508.jpg 1024w, https:\/\/agora.xtec.cat\/ceip-jaumebalmes-elprat\/wp-content\/uploads\/usu593\/2019\/03\/4205BB0D-29EA-4BB0-BEC0-370B6725E429-1-300x149.jpg 300w, https:\/\/agora.xtec.cat\/ceip-jaumebalmes-elprat\/wp-content\/uploads\/usu593\/2019\/03\/4205BB0D-29EA-4BB0-BEC0-370B6725E429-1-768x381.jpg 768w, https:\/\/agora.xtec.cat\/ceip-jaumebalmes-elprat\/wp-content\/uploads\/usu593\/2019\/03\/4205BB0D-29EA-4BB0-BEC0-370B6725E429-1.jpg 2048w\" sizes=\"auto, (max-width: 1024px) 100vw, 1024px\" \/><\/a><\/p>\n","protected":false},"excerpt":{"rendered":"<p>La nostra escola est\u00e0 formada per:<br \/>\nESPAIS INTERIORS<br \/>\n\u00b7 18 aules per l\u2019alumnat compr\u00e8s entre I3 i 6\u00e8: totes s\u00f3n multim\u00e8dia.<br \/>\n\u00b7 1 gimn\u00e0s i sala de psicomotricitat.<br \/>\n\u00b7 1 Aula polivalent per impartir sessions d&#8217;atenci\u00f3 a la diversitat i grups redu\u00efts.<br \/>\n\u00b7 1 Aula Art\/English.<br \/>\n\u00b7 2 Aules TAC, una&hellip;  <a href=\"https:\/\/agora.xtec.cat\/ceip-jaumebalmes-elprat\/lescola\/instal%c2%b7lacions\/\" title=\"Read Instal\u00b7lacions\">Llegeix m\u00e9s\u00bb<\/a><\/p>\n","protected":false},"author":1,"featured_media":0,"parent":22,"menu_order":40,"comment_status":"closed","ping_status":"closed","template":"","meta":{"_bbp_topic_count":0,"_bbp_reply_count":0,"_bbp_total_topic_count":0,"_bbp_total_reply_count":0,"_bbp_voice_count":0,"_bbp_anonymous_reply_count":0,"_bbp_topic_count_hidden":0,"_bbp_reply_count_hidden":0,"_bbp_forum_subforum_count":0,"footnotes":""},"class_list":["post-30","page","type-page","status-publish","hentry"],"post_mailing_queue_ids":[],"_links":{"self":[{"href":"https:\/\/agora.xtec.cat\/ceip-jaumebalmes-elprat\/wp-json\/wp\/v2\/pages\/30","targetHints":{"allow":["GET"]}}],"collection":[{"href":"https:\/\/agora.xtec.cat\/ceip-jaumebalmes-elprat\/wp-json\/wp\/v2\/pages"}],"about":[{"href":"https:\/\/agora.xtec.cat\/ceip-jaumebalmes-elprat\/wp-json\/wp\/v2\/types\/page"}],"author":[{"embeddable":true,"href":"https:\/\/agora.xtec.cat\/ceip-jaumebalmes-elprat\/wp-json\/wp\/v2\/users\/1"}],"replies":[{"embeddable":true,"href":"https:\/\/agora.xtec.cat\/ceip-jaumebalmes-elprat\/wp-json\/wp\/v2\/comments?post=30"}],"version-history":[{"count":5,"href":"https:\/\/agora.xtec.cat\/ceip-jaumebalmes-elprat\/wp-json\/wp\/v2\/pages\/30\/revisions"}],"predecessor-version":[{"id":7630,"href":"https:\/\/agora.xtec.cat\/ceip-jaumebalmes-elprat\/wp-json\/wp\/v2\/pages\/30\/revisions\/7630"}],"up":[{"embeddable":true,"href":"https:\/\/agora.xtec.cat\/ceip-jaumebalmes-elprat\/wp-json\/wp\/v2\/pages\/22"}],"wp:attachment":[{"href":"https:\/\/agora.xtec.cat\/ceip-jaumebalmes-elprat\/wp-json\/wp\/v2\/media?parent=30"}],"curies":[{"name":"wp","href":"https:\/\/api.w.org\/{rel}","templated":true}]}}