{"id":9368,"date":"2024-10-16T09:48:40","date_gmt":"2024-10-16T07:48:40","guid":{"rendered":"https:\/\/agora.xtec.cat\/ceip-jacint-verdaguer-tarrega\/?page_id=9368"},"modified":"2024-10-16T09:48:40","modified_gmt":"2024-10-16T07:48:40","slug":"recursos-llengua-catalana","status":"publish","type":"page","link":"https:\/\/agora.xtec.cat\/ceip-jacint-verdaguer-tarrega\/pagines-dinici\/propostes-i-materials-educatius\/recursos-llengua-catalana\/","title":{"rendered":"Recursos llengua catalana"},"content":{"rendered":"<p>En aquest espai trobareu diferents recursos per al treball de la llengua. Esperem que us siguin d&#8217;ajuda!<\/p>\n<p>Heu sentit a parlar del SUPERCAMPUS? \u00c9s un espai d\u2019aprenentatge de 3Cat que podeu trobar a X3. Es va estrenar el maig de 2024 i hi podem trobar recursos per treballar la llengua catalana amb els infants. A continuaci\u00f3, us hem fet una tria d\u2019aquelles seccions que pensem que us poden interessar m\u00e9s. Aquesta plataforma a part d\u2019internet tamb\u00e9 la podreu trobar a l\u2019app de la televisi\u00f3.<\/p>\n<p><strong>Clica a les imatges per accedir als recursos!<\/strong><\/p>\n<p><a href=\"https:\/\/www.ccma.cat\/tv3\/sx3\/supercampus\/\" target=\"_blank\" rel=\"noopener\"><img loading=\"lazy\" decoding=\"async\" class=\"aligncenter wp-image-9373\" src=\"https:\/\/agora.xtec.cat\/ceip-jacint-verdaguer-tarrega\/wp-content\/uploads\/usu312\/2024\/09\/supercampus-portada.jpeg\" alt=\"\" width=\"533\" height=\"278\" \/><\/a><\/p>\n<p style=\"text-align: center;\"><a href=\"https:\/\/www.ccma.cat\/tv3\/sx3\/supercampus\/\" target=\"_blank\" rel=\"noopener\"><em>WEB SUPERCAMPUS<\/em><\/a><\/p>\n<h2><\/h2>\n<h2><strong>EDUCACI\u00d3 INFANTIL I CICLE INICIAL<\/strong><\/h2>\n<table style=\"border-collapse: collapse; width: 100%;\">\n<tbody>\n<tr>\n<td style=\"width: 33.3333%; text-align: center;\"><strong>FALALA<\/strong><\/td>\n<td style=\"width: 33.3333%; text-align: center;\"><strong>TIT\u00d3<\/strong><\/td>\n<td style=\"width: 33.3333%; text-align: center;\"><strong>JOCS<\/strong><\/td>\n<\/tr>\n<tr>\n<td style=\"width: 33.3333%; text-align: center;\"><a href=\"https:\/\/www.ccma.cat\/tv3\/sx3\/s3\/canta-balla\/\" target=\"_blank\" rel=\"noopener\"><img loading=\"lazy\" decoding=\"async\" class=\"wp-image-9376 size-full aligncenter\" src=\"https:\/\/agora.xtec.cat\/ceip-jacint-verdaguer-tarrega\/wp-content\/uploads\/usu312\/2024\/09\/fa-la-la.jpeg\" alt=\"FALALA\" width=\"299\" height=\"169\" \/><\/a><\/td>\n<td style=\"width: 33.3333%; text-align: center;\"><a href=\"https:\/\/www.ccma.cat\/tv3\/sx3\/excursio-amb-los-bru\/video\/6299048\/?frontal=pus3-homes3-videodest\" target=\"_blank\" rel=\"noopener\"><img loading=\"lazy\" decoding=\"async\" class=\"aligncenter size-full wp-image-9374\" src=\"https:\/\/agora.xtec.cat\/ceip-jacint-verdaguer-tarrega\/wp-content\/uploads\/usu312\/2024\/09\/tito.jpeg\" alt=\"\" width=\"275\" height=\"183\" \/><\/a><\/td>\n<td style=\"width: 33.3333%; text-align: center;\"><a href=\"https:\/\/www.ccma.cat\/tv3\/sx3\/s3\/juga\/\" target=\"_blank\" rel=\"noopener\"><img loading=\"lazy\" decoding=\"async\" class=\"aligncenter size-full wp-image-9377\" src=\"https:\/\/agora.xtec.cat\/ceip-jacint-verdaguer-tarrega\/wp-content\/uploads\/usu312\/2024\/09\/Captura-de-pantalla-2024-09-30-103003.png\" alt=\"\" width=\"428\" height=\"127\" srcset=\"https:\/\/agora.xtec.cat\/ceip-jacint-verdaguer-tarrega\/wp-content\/uploads\/usu312\/2024\/09\/Captura-de-pantalla-2024-09-30-103003.png 428w, https:\/\/agora.xtec.cat\/ceip-jacint-verdaguer-tarrega\/wp-content\/uploads\/usu312\/2024\/09\/Captura-de-pantalla-2024-09-30-103003-300x89.png 300w\" sizes=\"auto, (max-width: 428px) 100vw, 428px\" \/><\/a><\/td>\n<\/tr>\n<\/tbody>\n<\/table>\n<p>&nbsp;<\/p>\n<p><strong>L&#8217;ESCOLA DE MONSTRES: <\/strong><\/p>\n<p><img loading=\"lazy\" decoding=\"async\" class=\"size-full wp-image-9369 alignleft\" src=\"https:\/\/agora.xtec.cat\/ceip-jacint-verdaguer-tarrega\/wp-content\/uploads\/usu312\/2024\/09\/lescola-de-monstres.jpeg\" alt=\"\" width=\"286\" height=\"176\" \/>Fam\u00edlies de I5 i 1r!<\/p>\n<p>Us portem una proposta per a que l&#8217;inici a la lectura amb els vostres fills i filles sigui d&#8217;all\u00f2 m\u00e9s divertit.<br \/>\nL&#8217;escola de monstres \u00e9s una col\u00b7lecci\u00f3 amb lletra maj\u00fascula i text rimat on aprendran a llegir amb les aventures dels protagonistes.<strong><br \/>\n<\/strong><\/p>\n<p>Pots trobar la col\u00b7lecci\u00f3 a la teva llibreria de confian\u00e7a o demanar-lo a la biblioteca p\u00fablica: <a href=\"https:\/\/www.google.es\/maps\/place\/Biblioteca+P%C3%BAblica+de+T%C3%A0rrega+-+Germanes+G%C3%BCell\/@41.6452037,1.1361191,17z\/data=!3m1!4b1!4m6!3m5!1s0x12a69b05fc084051:0x3d0072c2b5ac81ad!8m2!3d41.6451997!4d1.138694!16s%2Fg%2F11g3zbblv0?entry=ttu&amp;g_ep=EgoyMDI0MDkyNS4wIKXMDSoASAFQAw%3D%3D\" target=\"_blank\" rel=\"noopener\">BIBLIOTECA GERMANES G\u00dcELL<\/a><\/p>\n<p>&nbsp;<\/p>\n<p>&nbsp;<\/p>\n<h2><\/h2>\n<h2><strong>EDUCACI\u00d3 PRIM\u00c0RIA<\/strong><\/h2>\n<p>Recursos per edats:<\/p>\n<table style=\"border-collapse: collapse; width: 100%;\">\n<tbody>\n<tr>\n<td style=\"width: 459.328px;\"><a href=\"https:\/\/www.ccma.cat\/tv3\/sx3\/supercampus\/primer-i-segon\/\" target=\"_blank\" rel=\"noopener\"><img loading=\"lazy\" decoding=\"async\" class=\"aligncenter size-full wp-image-9400\" src=\"https:\/\/agora.xtec.cat\/ceip-jacint-verdaguer-tarrega\/wp-content\/uploads\/usu312\/2024\/09\/Captura-de-pantalla-2024-09-30-113330.png\" alt=\"\" width=\"506\" height=\"234\" srcset=\"https:\/\/agora.xtec.cat\/ceip-jacint-verdaguer-tarrega\/wp-content\/uploads\/usu312\/2024\/09\/Captura-de-pantalla-2024-09-30-113330.png 506w, https:\/\/agora.xtec.cat\/ceip-jacint-verdaguer-tarrega\/wp-content\/uploads\/usu312\/2024\/09\/Captura-de-pantalla-2024-09-30-113330-300x139.png 300w\" sizes=\"auto, (max-width: 506px) 100vw, 506px\" \/><\/a><\/td>\n<td style=\"width: 459.328px;\"><a href=\"https:\/\/www.ccma.cat\/tv3\/sx3\/supercampus\/tercer-i-quart\/\" target=\"_blank\" rel=\"noopener\"><img loading=\"lazy\" decoding=\"async\" class=\"aligncenter size-full wp-image-9401\" src=\"https:\/\/agora.xtec.cat\/ceip-jacint-verdaguer-tarrega\/wp-content\/uploads\/usu312\/2024\/09\/Captura-de-pantalla-2024-09-30-113322.png\" alt=\"\" width=\"519\" height=\"236\" srcset=\"https:\/\/agora.xtec.cat\/ceip-jacint-verdaguer-tarrega\/wp-content\/uploads\/usu312\/2024\/09\/Captura-de-pantalla-2024-09-30-113322.png 519w, https:\/\/agora.xtec.cat\/ceip-jacint-verdaguer-tarrega\/wp-content\/uploads\/usu312\/2024\/09\/Captura-de-pantalla-2024-09-30-113322-300x136.png 300w\" sizes=\"auto, (max-width: 519px) 100vw, 519px\" \/><\/a><\/td>\n<td style=\"width: 459.344px;\"><a href=\"https:\/\/www.ccma.cat\/tv3\/sx3\/supercampus\/cinque-i-sise\/\" target=\"_blank\" rel=\"noopener\"><img loading=\"lazy\" decoding=\"async\" class=\"aligncenter size-full wp-image-9399\" src=\"https:\/\/agora.xtec.cat\/ceip-jacint-verdaguer-tarrega\/wp-content\/uploads\/usu312\/2024\/09\/Captura-de-pantalla-2024-09-30-113313.png\" alt=\"\" width=\"520\" height=\"237\" srcset=\"https:\/\/agora.xtec.cat\/ceip-jacint-verdaguer-tarrega\/wp-content\/uploads\/usu312\/2024\/09\/Captura-de-pantalla-2024-09-30-113313.png 520w, https:\/\/agora.xtec.cat\/ceip-jacint-verdaguer-tarrega\/wp-content\/uploads\/usu312\/2024\/09\/Captura-de-pantalla-2024-09-30-113313-300x137.png 300w\" sizes=\"auto, (max-width: 520px) 100vw, 520px\" \/><\/a><\/td>\n<\/tr>\n<\/tbody>\n<\/table>\n<p>&nbsp;<\/p>\n<table style=\"border-collapse: collapse; width: 100%;\">\n<tbody>\n<tr>\n<td style=\"width: 33.3333%;\"><strong style=\"font-size: 16px;\">SUPERBIBLIOTECA<\/strong><span style=\"font-size: 16px;\">: Amb recomanacions de lectura, consells per a fam\u00edlies lectores i un <a href=\"https:\/\/www.ccma.cat\/tv3\/sx3\/superbiblioteca\/llibres\/\" target=\"_blank\" rel=\"noopener\">cercador de llibres<\/a><\/span><\/td>\n<td style=\"width: 33.3333%;\"><span style=\"font-size: 16px;\"><strong>ESCOLTA EL TEU COS:<\/strong> Programes on es centren en un organisme en concret per con\u00e8ixer-lo millor.<\/span><\/td>\n<td style=\"width: 33.3333%;\"><strong><span style=\"font-size: 16px;\">MEDITACI\u00d3: <\/span><\/strong><span style=\"font-size: 16px;\">Aprenem a relaxar-nos per sentir-nos millor!<\/span><\/td>\n<\/tr>\n<tr>\n<td style=\"width: 33.3333%;\"><a href=\"https:\/\/www.ccma.cat\/tv3\/sx3\/superbiblioteca\/\" target=\"_blank\" rel=\"noopener\"><img loading=\"lazy\" decoding=\"async\" class=\"aligncenter size-full wp-image-9372\" src=\"https:\/\/agora.xtec.cat\/ceip-jacint-verdaguer-tarrega\/wp-content\/uploads\/usu312\/2024\/09\/superbibilioteca.jpeg\" alt=\"\" width=\"300\" height=\"168\" \/><\/a><\/td>\n<td style=\"width: 33.3333%;\"><a href=\"https:\/\/www.3cat.cat\/tv3\/sx3\/escolta-el-teu-cos\/\" target=\"_blank\" rel=\"noopener\"><img loading=\"lazy\" decoding=\"async\" class=\"aligncenter size-full wp-image-9375\" src=\"https:\/\/agora.xtec.cat\/ceip-jacint-verdaguer-tarrega\/wp-content\/uploads\/usu312\/2024\/09\/escolta-el-teu-cos.jpeg\" alt=\"\" width=\"300\" height=\"168\" \/><\/a><\/td>\n<td style=\"width: 33.3333%;\"><a href=\"https:\/\/www.ccma.cat\/tv3\/sx3\/10-minuts-pati\/de-que-va\/\" target=\"_blank\" rel=\"noopener\"><img loading=\"lazy\" decoding=\"async\" class=\"aligncenter size-full wp-image-9371\" src=\"https:\/\/agora.xtec.cat\/ceip-jacint-verdaguer-tarrega\/wp-content\/uploads\/usu312\/2024\/09\/meditacio.jpeg\" alt=\"\" width=\"299\" height=\"169\" \/><\/a><\/td>\n<\/tr>\n<\/tbody>\n<\/table>\n<p>&nbsp;<\/p>\n<table style=\"border-collapse: collapse; width: 100%;\">\n<tbody>\n<tr>\n<td style=\"width: 50%; text-align: center;\"><strong>PODCAST S3<\/strong><\/td>\n<td style=\"width: 50%; text-align: center;\"><strong>PODCAST X3<\/strong><\/td>\n<\/tr>\n<tr>\n<td style=\"width: 50%;\"><a href=\"https:\/\/www.ccma.cat\/tv3\/sx3\/s3\/podcasts\/\" target=\"_blank\" rel=\"noopener\"><img loading=\"lazy\" decoding=\"async\" class=\"aligncenter size-full wp-image-9403\" src=\"https:\/\/agora.xtec.cat\/ceip-jacint-verdaguer-tarrega\/wp-content\/uploads\/usu312\/2024\/09\/Podcast-S3.png\" alt=\"\" width=\"927\" height=\"346\" srcset=\"https:\/\/agora.xtec.cat\/ceip-jacint-verdaguer-tarrega\/wp-content\/uploads\/usu312\/2024\/09\/Podcast-S3.png 927w, https:\/\/agora.xtec.cat\/ceip-jacint-verdaguer-tarrega\/wp-content\/uploads\/usu312\/2024\/09\/Podcast-S3-300x112.png 300w, https:\/\/agora.xtec.cat\/ceip-jacint-verdaguer-tarrega\/wp-content\/uploads\/usu312\/2024\/09\/Podcast-S3-768x287.png 768w\" sizes=\"auto, (max-width: 927px) 100vw, 927px\" \/><\/a><\/td>\n<td style=\"width: 50%;\"><a href=\"https:\/\/www.ccma.cat\/tv3\/sx3\/x3\/podcasts\/\" target=\"_blank\" rel=\"noopener\"><img loading=\"lazy\" decoding=\"async\" class=\"aligncenter size-full wp-image-9404\" src=\"https:\/\/agora.xtec.cat\/ceip-jacint-verdaguer-tarrega\/wp-content\/uploads\/usu312\/2024\/09\/Podcast-X3.png\" alt=\"\" width=\"933\" height=\"380\" srcset=\"https:\/\/agora.xtec.cat\/ceip-jacint-verdaguer-tarrega\/wp-content\/uploads\/usu312\/2024\/09\/Podcast-X3.png 933w, https:\/\/agora.xtec.cat\/ceip-jacint-verdaguer-tarrega\/wp-content\/uploads\/usu312\/2024\/09\/Podcast-X3-300x122.png 300w, https:\/\/agora.xtec.cat\/ceip-jacint-verdaguer-tarrega\/wp-content\/uploads\/usu312\/2024\/09\/Podcast-X3-768x313.png 768w\" sizes=\"auto, (max-width: 933px) 100vw, 933px\" \/><\/a><\/td>\n<\/tr>\n<\/tbody>\n<\/table>\n<p>&nbsp;<\/p>\n","protected":false},"excerpt":{"rendered":"<p>En aquest espai trobareu diferents recursos per al treball de la llengua. Esperem que us siguin d&#8217;ajuda! Heu sentit a parlar del SUPERCAMPUS? \u00c9s un espai d\u2019aprenentatge de 3Cat que podeu trobar a X3. Es va estrenar el maig de 2024 i hi podem trobar recursos per treballar la llengua catalana amb els infants. A [&hellip;]<\/p>\n","protected":false},"author":1,"featured_media":0,"parent":6423,"menu_order":30,"comment_status":"closed","ping_status":"closed","template":"page-templates\/side-menu.php","meta":{"_bbp_topic_count":0,"_bbp_reply_count":0,"_bbp_total_topic_count":0,"_bbp_total_reply_count":0,"_bbp_voice_count":0,"_bbp_anonymous_reply_count":0,"_bbp_topic_count_hidden":0,"_bbp_reply_count_hidden":0,"_bbp_forum_subforum_count":0,"site-sidebar-layout":"default","site-content-layout":"","ast-site-content-layout":"","site-content-style":"default","site-sidebar-style":"default","ast-global-header-display":"","ast-banner-title-visibility":"","ast-main-header-display":"","ast-hfb-above-header-display":"","ast-hfb-below-header-display":"","ast-hfb-mobile-header-display":"","site-post-title":"","ast-breadcrumbs-content":"","ast-featured-img":"","footer-sml-layout":"","theme-transparent-header-meta":"","adv-header-id-meta":"","stick-header-meta":"","header-above-stick-meta":"","header-main-stick-meta":"","header-below-stick-meta":"","astra-migrate-meta-layouts":"default","ast-page-background-enabled":"default","ast-page-background-meta":{"desktop":{"background-color":"var(--ast-global-color-4)","background-image":"","background-repeat":"repeat","background-position":"center center","background-size":"auto","background-attachment":"scroll","background-type":"","background-media":"","overlay-type":"","overlay-color":"","overlay-opacity":"","overlay-gradient":""},"tablet":{"background-color":"","background-image":"","background-repeat":"repeat","background-position":"center center","background-size":"auto","background-attachment":"scroll","background-type":"","background-media":"","overlay-type":"","overlay-color":"","overlay-opacity":"","overlay-gradient":""},"mobile":{"background-color":"","background-image":"","background-repeat":"repeat","background-position":"center center","background-size":"auto","background-attachment":"scroll","background-type":"","background-media":"","overlay-type":"","overlay-color":"","overlay-opacity":"","overlay-gradient":""}},"ast-content-background-meta":{"desktop":{"background-color":"var(--ast-global-color-5)","background-image":"","background-repeat":"repeat","background-position":"center center","background-size":"auto","background-attachment":"scroll","background-type":"","background-media":"","overlay-type":"","overlay-color":"","overlay-opacity":"","overlay-gradient":""},"tablet":{"background-color":"var(--ast-global-color-5)","background-image":"","background-repeat":"repeat","background-position":"center center","background-size":"auto","background-attachment":"scroll","background-type":"","background-media":"","overlay-type":"","overlay-color":"","overlay-opacity":"","overlay-gradient":""},"mobile":{"background-color":"var(--ast-global-color-5)","background-image":"","background-repeat":"repeat","background-position":"center center","background-size":"auto","background-attachment":"scroll","background-type":"","background-media":"","overlay-type":"","overlay-color":"","overlay-opacity":"","overlay-gradient":""}},"footnotes":""},"class_list":["post-9368","page","type-page","status-publish","hentry"],"post_mailing_queue_ids":[],"_links":{"self":[{"href":"https:\/\/agora.xtec.cat\/ceip-jacint-verdaguer-tarrega\/wp-json\/wp\/v2\/pages\/9368","targetHints":{"allow":["GET"]}}],"collection":[{"href":"https:\/\/agora.xtec.cat\/ceip-jacint-verdaguer-tarrega\/wp-json\/wp\/v2\/pages"}],"about":[{"href":"https:\/\/agora.xtec.cat\/ceip-jacint-verdaguer-tarrega\/wp-json\/wp\/v2\/types\/page"}],"author":[{"embeddable":true,"href":"https:\/\/agora.xtec.cat\/ceip-jacint-verdaguer-tarrega\/wp-json\/wp\/v2\/users\/1"}],"replies":[{"embeddable":true,"href":"https:\/\/agora.xtec.cat\/ceip-jacint-verdaguer-tarrega\/wp-json\/wp\/v2\/comments?post=9368"}],"version-history":[{"count":6,"href":"https:\/\/agora.xtec.cat\/ceip-jacint-verdaguer-tarrega\/wp-json\/wp\/v2\/pages\/9368\/revisions"}],"predecessor-version":[{"id":9484,"href":"https:\/\/agora.xtec.cat\/ceip-jacint-verdaguer-tarrega\/wp-json\/wp\/v2\/pages\/9368\/revisions\/9484"}],"up":[{"embeddable":true,"href":"https:\/\/agora.xtec.cat\/ceip-jacint-verdaguer-tarrega\/wp-json\/wp\/v2\/pages\/6423"}],"wp:attachment":[{"href":"https:\/\/agora.xtec.cat\/ceip-jacint-verdaguer-tarrega\/wp-json\/wp\/v2\/media?parent=9368"}],"curies":[{"name":"wp","href":"https:\/\/api.w.org\/{rel}","templated":true}]}}