{"id":9304,"date":"2024-07-22T12:38:07","date_gmt":"2024-07-22T10:38:07","guid":{"rendered":"https:\/\/agora.xtec.cat\/ceip-jacint-verdaguer-tarrega\/?page_id=9304"},"modified":"2025-10-01T20:13:24","modified_gmt":"2025-10-01T18:13:24","slug":"carpetes-fotos-alumnat","status":"publish","type":"page","link":"https:\/\/agora.xtec.cat\/ceip-jacint-verdaguer-tarrega\/pagines-dinici\/estrategia-digital-de-centre\/carpetes-fotos-alumnat\/","title":{"rendered":"Carpetes fotos alumnat"},"content":{"rendered":"<p><a href=\"https:\/\/agora.xtec.cat\/ceip-jacint-verdaguer-tarrega\/wp-content\/uploads\/usu312\/2024\/07\/Accedir-carpeta-nextcloud.png\"><img loading=\"lazy\" decoding=\"async\" class=\" wp-image-9305 alignright\" src=\"https:\/\/agora.xtec.cat\/ceip-jacint-verdaguer-tarrega\/wp-content\/uploads\/usu312\/2024\/07\/Accedir-carpeta-nextcloud-683x1024.png\" alt=\"\" width=\"576\" height=\"864\" srcset=\"https:\/\/agora.xtec.cat\/ceip-jacint-verdaguer-tarrega\/wp-content\/uploads\/usu312\/2024\/07\/Accedir-carpeta-nextcloud-683x1024.png 683w, https:\/\/agora.xtec.cat\/ceip-jacint-verdaguer-tarrega\/wp-content\/uploads\/usu312\/2024\/07\/Accedir-carpeta-nextcloud-200x300.png 200w, https:\/\/agora.xtec.cat\/ceip-jacint-verdaguer-tarrega\/wp-content\/uploads\/usu312\/2024\/07\/Accedir-carpeta-nextcloud-768x1152.png 768w, https:\/\/agora.xtec.cat\/ceip-jacint-verdaguer-tarrega\/wp-content\/uploads\/usu312\/2024\/07\/Accedir-carpeta-nextcloud.png 800w\" sizes=\"auto, (max-width: 576px) 100vw, 576px\" \/><\/a>Des de l&#8217;escola som conscients de la <strong>import\u00e0ncia del dret a la pr\u00f2pia imatge<\/strong>, reconegut a l&#8217;article 18.1 de la Constituci\u00f3 espanyola i regulat per la Llei org\u00e0nica 1\/1982. Per fer efectiu aquest dret a inici de cada curs demanem una <strong>autoritzaci\u00f3<\/strong> (<a href=\"https:\/\/drive.google.com\/file\/d\/1EhDKqzwWMzHfWMaipBtMDT1J2xWbz-z9\/view\" target=\"_blank\" rel=\"noopener\">ENLLA\u00c7<\/a>) per a la difusi\u00f3 d&#8217;imatges de l&#8217;alumnat a la web de l&#8217;escola, a la revista de l\u2019AFA o en revistes, publicacions i\/o mitjans de comunicaci\u00f3 locals o regionals en not\u00edcies d&#8217;\u00e0mbit.<\/p>\n<p>Mantenir un <strong>equilibri entre la difusi\u00f3 de les activitats que fem a l&#8217;escola i el dret a la imatge i a la intimitat<\/strong> del nostre alumnat no sempre \u00e9s f\u00e0cil. Com escola som conscients que \u00e9s un fet que preocupa a diverses fam\u00edlies i volem ser curosos amb aquesta q\u00fcesti\u00f3.<\/p>\n<p><strong>L&#8217;escola compta amb un servidor <span style=\"text-decoration: underline;\">NEXTCLOUD<\/span> que allotja les imatges de cada nivell educatiu<\/strong> (I3, I4, I5, 1r, 2n&#8230;). Les fotos que volem compartim amb vosaltres es penjaran dins d\u2019aquest espai amb una carpeta per a cada activitat. D&#8217;aquesta manera <strong>les fotos de l&#8217;alumnat estan allotjades en un espai privatiu on no hi pot accedir ning\u00fa que no tingui l&#8217;enlla\u00e7 i la contrasenya que us facilitem des de l&#8217;escola.<\/strong><\/p>\n<p>En el cas de les fotos i v\u00eddeos resum de les <strong>festes d&#8217;escola ho penjarem en obert a trav\u00e9s del seg\u00fcent <a href=\"https:\/\/ja.cat\/62p5S\" target=\"_blank\" rel=\"noopener\">ENLLA\u00c7<\/a>.<\/strong><\/p>\n<p>Aprofitem per recordar-vos que <strong>si no teniu el perm\u00eds expl\u00edcit de la fam\u00edlia afectada no podeu compartir imatges d&#8217;altres menors a trav\u00e9s de mitjans telem\u00e0tics<\/strong> (Whatsapp, Facebook, Instagram&#8230;). En cas de mal \u00fas de les imatges la responsabilitat \u00e9s vostra, no de l&#8217;escola.<\/p>\n<p>Esperem que aquest sistema sigui satisfactori per a tota la comunitat educativa i ens ajudi a ser m\u00e9s respectuosos amb la imatge dels nostres infants i el seu dret a la intimitat.<\/p>\n<p>Per qualsevol q\u00fcesti\u00f3, i\/o proposta, quedem a la vostra disposici\u00f3.<\/p>\n<p><strong>ENLLA\u00c7OS DEL NEXTCLOUD PER A CADA NIVELL EDUCATIU:<\/strong><\/p>\n<ul>\n<li style=\"list-style-type: none;\">\n<ul>\n<li style=\"list-style-type: none;\">\n<ul>\n<li style=\"list-style-type: none;\">\n<ul style=\"list-style-type: disc;\">\n<li><a href=\"https:\/\/ja.cat\/lyhi1\" target=\"_blank\" rel=\"noopener\">Carpeta fotos I3<\/a><\/li>\n<li><a href=\"https:\/\/ja.cat\/BrhQO\" target=\"_blank\" rel=\"noopener\">Carpeta fotos I4<\/a><\/li>\n<li><a href=\"https:\/\/ja.cat\/oJXqw\" target=\"_blank\" rel=\"noopener\">Carpeta fotos I5<\/a><\/li>\n<li><a href=\"https:\/\/ja.cat\/oUQlK\" target=\"_blank\" rel=\"noopener\">Carpeta fotos 1r<\/a><\/li>\n<li><a href=\"https:\/\/ja.cat\/KcAZe\" target=\"_blank\" rel=\"noopener\">Carpeta fotos 2n<\/a><\/li>\n<li><a href=\"https:\/\/ja.cat\/gz4iS\" target=\"_blank\" rel=\"noopener\">Carpeta fotos 3r<\/a><\/li>\n<li><a href=\"https:\/\/ja.cat\/jR1J6\" target=\"_blank\" rel=\"noopener\">Carpeta fotos 4t<\/a><\/li>\n<li><a href=\"https:\/\/ja.cat\/hJl4E\" target=\"_blank\" rel=\"noopener\">Carpeta fotos 5\u00e8<\/a><\/li>\n<li><a href=\"https:\/\/ja.cat\/zk08G\" target=\"_blank\" rel=\"noopener\">Carpeta fotos 6\u00e8<\/a><\/li>\n<li><a href=\"https:\/\/ja.cat\/62p5S\" target=\"_blank\" rel=\"noopener\">Carpeta fotos festes<\/a><\/li>\n<\/ul>\n<\/li>\n<\/ul>\n<\/li>\n<\/ul>\n<\/li>\n<\/ul>\n","protected":false},"excerpt":{"rendered":"<p>Des de l&#8217;escola som conscients de la import\u00e0ncia del dret a la pr\u00f2pia imatge, reconegut a l&#8217;article 18.1 de la Constituci\u00f3 espanyola i regulat per la Llei org\u00e0nica 1\/1982. Per fer efectiu aquest dret a inici de cada curs demanem una autoritzaci\u00f3 (ENLLA\u00c7) per a la difusi\u00f3 d&#8217;imatges de l&#8217;alumnat a la web de l&#8217;escola, [&hellip;]<\/p>\n","protected":false},"author":1,"featured_media":0,"parent":6687,"menu_order":90,"comment_status":"closed","ping_status":"closed","template":"","meta":{"_bbp_topic_count":0,"_bbp_reply_count":0,"_bbp_total_topic_count":0,"_bbp_total_reply_count":0,"_bbp_voice_count":0,"_bbp_anonymous_reply_count":0,"_bbp_topic_count_hidden":0,"_bbp_reply_count_hidden":0,"_bbp_forum_subforum_count":0,"site-sidebar-layout":"default","site-content-layout":"","ast-site-content-layout":"default","site-content-style":"default","site-sidebar-style":"default","ast-global-header-display":"","ast-banner-title-visibility":"","ast-main-header-display":"","ast-hfb-above-header-display":"","ast-hfb-below-header-display":"","ast-hfb-mobile-header-display":"","site-post-title":"","ast-breadcrumbs-content":"","ast-featured-img":"","footer-sml-layout":"","theme-transparent-header-meta":"","adv-header-id-meta":"","stick-header-meta":"","header-above-stick-meta":"","header-main-stick-meta":"","header-below-stick-meta":"","astra-migrate-meta-layouts":"set","ast-page-background-enabled":"default","ast-page-background-meta":{"desktop":{"background-color":"var(--ast-global-color-4)","background-image":"","background-repeat":"repeat","background-position":"center center","background-size":"auto","background-attachment":"scroll","background-type":"","background-media":"","overlay-type":"","overlay-color":"","overlay-opacity":"","overlay-gradient":""},"tablet":{"background-color":"","background-image":"","background-repeat":"repeat","background-position":"center center","background-size":"auto","background-attachment":"scroll","background-type":"","background-media":"","overlay-type":"","overlay-color":"","overlay-opacity":"","overlay-gradient":""},"mobile":{"background-color":"","background-image":"","background-repeat":"repeat","background-position":"center center","background-size":"auto","background-attachment":"scroll","background-type":"","background-media":"","overlay-type":"","overlay-color":"","overlay-opacity":"","overlay-gradient":""}},"ast-content-background-meta":{"desktop":{"background-color":"var(--ast-global-color-5)","background-image":"","background-repeat":"repeat","background-position":"center center","background-size":"auto","background-attachment":"scroll","background-type":"","background-media":"","overlay-type":"","overlay-color":"","overlay-opacity":"","overlay-gradient":""},"tablet":{"background-color":"var(--ast-global-color-5)","background-image":"","background-repeat":"repeat","background-position":"center center","background-size":"auto","background-attachment":"scroll","background-type":"","background-media":"","overlay-type":"","overlay-color":"","overlay-opacity":"","overlay-gradient":""},"mobile":{"background-color":"var(--ast-global-color-5)","background-image":"","background-repeat":"repeat","background-position":"center center","background-size":"auto","background-attachment":"scroll","background-type":"","background-media":"","overlay-type":"","overlay-color":"","overlay-opacity":"","overlay-gradient":""}},"footnotes":""},"class_list":["post-9304","page","type-page","status-publish","hentry"],"post_mailing_queue_ids":[],"_links":{"self":[{"href":"https:\/\/agora.xtec.cat\/ceip-jacint-verdaguer-tarrega\/wp-json\/wp\/v2\/pages\/9304","targetHints":{"allow":["GET"]}}],"collection":[{"href":"https:\/\/agora.xtec.cat\/ceip-jacint-verdaguer-tarrega\/wp-json\/wp\/v2\/pages"}],"about":[{"href":"https:\/\/agora.xtec.cat\/ceip-jacint-verdaguer-tarrega\/wp-json\/wp\/v2\/types\/page"}],"author":[{"embeddable":true,"href":"https:\/\/agora.xtec.cat\/ceip-jacint-verdaguer-tarrega\/wp-json\/wp\/v2\/users\/1"}],"replies":[{"embeddable":true,"href":"https:\/\/agora.xtec.cat\/ceip-jacint-verdaguer-tarrega\/wp-json\/wp\/v2\/comments?post=9304"}],"version-history":[{"count":3,"href":"https:\/\/agora.xtec.cat\/ceip-jacint-verdaguer-tarrega\/wp-json\/wp\/v2\/pages\/9304\/revisions"}],"predecessor-version":[{"id":10891,"href":"https:\/\/agora.xtec.cat\/ceip-jacint-verdaguer-tarrega\/wp-json\/wp\/v2\/pages\/9304\/revisions\/10891"}],"up":[{"embeddable":true,"href":"https:\/\/agora.xtec.cat\/ceip-jacint-verdaguer-tarrega\/wp-json\/wp\/v2\/pages\/6687"}],"wp:attachment":[{"href":"https:\/\/agora.xtec.cat\/ceip-jacint-verdaguer-tarrega\/wp-json\/wp\/v2\/media?parent=9304"}],"curies":[{"name":"wp","href":"https:\/\/api.w.org\/{rel}","templated":true}]}}