{"id":877,"date":"2018-11-07T16:11:05","date_gmt":"2018-11-07T15:11:05","guid":{"rendered":"http:\/\/agora.xtec.cat\/ceip-jacint-verdaguer-tarrega\/?page_id=877"},"modified":"2019-10-09T16:26:53","modified_gmt":"2019-10-09T14:26:53","slug":"la-puntualitat-a-lescola","status":"publish","type":"page","link":"https:\/\/agora.xtec.cat\/ceip-jacint-verdaguer-tarrega\/pagines-dinici\/projecte-educatiu\/la-puntualitat-a-lescola\/","title":{"rendered":"La puntualitat a l&#8217;escola"},"content":{"rendered":"<p>Parlem una mica sobre la puntualitat?<img loading=\"lazy\" decoding=\"async\" class=\"alignright \" src=\"https:\/\/http2.mlstatic.com\/cortador-de-galletas-conejo-alicia-en-el-pais-disney-D_NQ_NP_898911-MLM20654951589_042016-F.jpg\" width=\"403\" height=\"409\" \/><br \/>\n\u00c9sser puntual \u00e9s una norma d\u2019educaci\u00f3 b\u00e0sica: demostra respecte cap al temps dels dem\u00e9s, capacitat d\u2019organitzaci\u00f3 i planificaci\u00f3 del temps, responsabilitat, formalitat, rigor&#8230; \u00c9s important, doncs, ser puntual.<\/p>\n<p>Aquesta \u00e9s una virtut que cal ensenyar des dels primers anys de vida. \u00c9s un h\u00e0bit que cal treballar a casa junt amb la resta de normes i costums que ajuden a establir els nostres horaris i la nostra manera comportar-nos en societat.<\/p>\n<p>A l\u2019escola, com en qualsevol altre lloc, tenim us horaris i unes normes que haur\u00edem de complir tots i totes.<br \/>\nComencem a les 9:00 i aix\u00f2 vol dir que hem d\u2019arribar una mica abans per posar-nos a la fila i per comen\u00e7ar amb bon peu.<\/p>\n<p>Per aquest motiu us demanem que ho treballeu a casa, que mireu de ser puntuals, ja que quan un alumne arriba tard destorba a la resta de la classe. Per\u00f2 sobretot: quan un alumne arriba tard, ja comen\u00e7a malament el dia, li costa concentrar-se i, sovint, s\u2019avergonyeix d\u2019haver fet tard.<\/p>\n<p>Esperem, doncs, que feu un esfor\u00e7 per arribar puntuals. Per respecte als altres alumnes, per respecte als mestres i a l\u2019escola, per\u00f2 sobretot: per respecte a l\u2019educaci\u00f3 del vostre fill\/a.<\/p>\n<p>Gr\u00e0cies per la vostra col\u00b7laboraci\u00f3.<\/p>\n","protected":false},"excerpt":{"rendered":"<p>Parlem una mica sobre la puntualitat? \u00c9sser puntual \u00e9s una norma d\u2019educaci\u00f3 b\u00e0sica: demostra respecte cap al temps dels dem\u00e9s, capacitat d\u2019organitzaci\u00f3 i planificaci\u00f3 del temps, responsabilitat, formalitat, rigor&#8230; \u00c9s important, doncs, ser puntual. Aquesta \u00e9s una virtut que cal ensenyar des dels primers anys de vida. \u00c9s un h\u00e0bit que cal treballar a casa [&hellip;]<\/p>\n","protected":false},"author":1,"featured_media":0,"parent":64,"menu_order":70,"comment_status":"closed","ping_status":"closed","template":"page-templates\/side-menu.php","meta":{"_bbp_topic_count":0,"_bbp_reply_count":0,"_bbp_total_topic_count":0,"_bbp_total_reply_count":0,"_bbp_voice_count":0,"_bbp_anonymous_reply_count":0,"_bbp_topic_count_hidden":0,"_bbp_reply_count_hidden":0,"_bbp_forum_subforum_count":0,"site-sidebar-layout":"default","site-content-layout":"","ast-site-content-layout":"","site-content-style":"default","site-sidebar-style":"default","ast-global-header-display":"","ast-banner-title-visibility":"","ast-main-header-display":"","ast-hfb-above-header-display":"","ast-hfb-below-header-display":"","ast-hfb-mobile-header-display":"","site-post-title":"","ast-breadcrumbs-content":"","ast-featured-img":"","footer-sml-layout":"","theme-transparent-header-meta":"","adv-header-id-meta":"","stick-header-meta":"","header-above-stick-meta":"","header-main-stick-meta":"","header-below-stick-meta":"","astra-migrate-meta-layouts":"default","ast-page-background-enabled":"default","ast-page-background-meta":{"desktop":{"background-color":"var(--ast-global-color-4)","background-image":"","background-repeat":"repeat","background-position":"center center","background-size":"auto","background-attachment":"scroll","background-type":"","background-media":"","overlay-type":"","overlay-color":"","overlay-opacity":"","overlay-gradient":""},"tablet":{"background-color":"","background-image":"","background-repeat":"repeat","background-position":"center center","background-size":"auto","background-attachment":"scroll","background-type":"","background-media":"","overlay-type":"","overlay-color":"","overlay-opacity":"","overlay-gradient":""},"mobile":{"background-color":"","background-image":"","background-repeat":"repeat","background-position":"center center","background-size":"auto","background-attachment":"scroll","background-type":"","background-media":"","overlay-type":"","overlay-color":"","overlay-opacity":"","overlay-gradient":""}},"ast-content-background-meta":{"desktop":{"background-color":"var(--ast-global-color-5)","background-image":"","background-repeat":"repeat","background-position":"center center","background-size":"auto","background-attachment":"scroll","background-type":"","background-media":"","overlay-type":"","overlay-color":"","overlay-opacity":"","overlay-gradient":""},"tablet":{"background-color":"var(--ast-global-color-5)","background-image":"","background-repeat":"repeat","background-position":"center center","background-size":"auto","background-attachment":"scroll","background-type":"","background-media":"","overlay-type":"","overlay-color":"","overlay-opacity":"","overlay-gradient":""},"mobile":{"background-color":"var(--ast-global-color-5)","background-image":"","background-repeat":"repeat","background-position":"center center","background-size":"auto","background-attachment":"scroll","background-type":"","background-media":"","overlay-type":"","overlay-color":"","overlay-opacity":"","overlay-gradient":""}},"footnotes":""},"class_list":["post-877","page","type-page","status-publish","hentry"],"post_mailing_queue_ids":[],"_links":{"self":[{"href":"https:\/\/agora.xtec.cat\/ceip-jacint-verdaguer-tarrega\/wp-json\/wp\/v2\/pages\/877","targetHints":{"allow":["GET"]}}],"collection":[{"href":"https:\/\/agora.xtec.cat\/ceip-jacint-verdaguer-tarrega\/wp-json\/wp\/v2\/pages"}],"about":[{"href":"https:\/\/agora.xtec.cat\/ceip-jacint-verdaguer-tarrega\/wp-json\/wp\/v2\/types\/page"}],"author":[{"embeddable":true,"href":"https:\/\/agora.xtec.cat\/ceip-jacint-verdaguer-tarrega\/wp-json\/wp\/v2\/users\/1"}],"replies":[{"embeddable":true,"href":"https:\/\/agora.xtec.cat\/ceip-jacint-verdaguer-tarrega\/wp-json\/wp\/v2\/comments?post=877"}],"version-history":[{"count":3,"href":"https:\/\/agora.xtec.cat\/ceip-jacint-verdaguer-tarrega\/wp-json\/wp\/v2\/pages\/877\/revisions"}],"predecessor-version":[{"id":881,"href":"https:\/\/agora.xtec.cat\/ceip-jacint-verdaguer-tarrega\/wp-json\/wp\/v2\/pages\/877\/revisions\/881"}],"up":[{"embeddable":true,"href":"https:\/\/agora.xtec.cat\/ceip-jacint-verdaguer-tarrega\/wp-json\/wp\/v2\/pages\/64"}],"wp:attachment":[{"href":"https:\/\/agora.xtec.cat\/ceip-jacint-verdaguer-tarrega\/wp-json\/wp\/v2\/media?parent=877"}],"curies":[{"name":"wp","href":"https:\/\/api.w.org\/{rel}","templated":true}]}}