{"id":8091,"date":"2023-05-18T15:53:07","date_gmt":"2023-05-18T13:53:07","guid":{"rendered":"https:\/\/agora.xtec.cat\/ceip-jacint-verdaguer-tarrega\/?page_id=8091"},"modified":"2024-04-11T13:22:42","modified_gmt":"2024-04-11T11:22:42","slug":"manuals-i-tutorials","status":"publish","type":"page","link":"https:\/\/agora.xtec.cat\/ceip-jacint-verdaguer-tarrega\/pagines-dinici\/estrategia-digital-de-centre\/manuals-i-tutorials\/","title":{"rendered":"Manuals i tutorials"},"content":{"rendered":"<p>En aquesta p\u00e0gina trobareu alguns manuals i tutorials que poden ser del vostre inter\u00e8s.<\/p>\n<p><strong>Alumnat<\/strong><\/p>\n<ul>\n<li style=\"list-style-type: none;\">\n<ul>\n<li style=\"list-style-type: none;\">\n<ul>\n<li style=\"list-style-type: none;\">\n<ul>\n<li style=\"list-style-type: none;\">\n<ul>\n<li><a href=\"https:\/\/www.youtube.com\/watch?v=GnDKTzlF9-Y\">Instal\u00b7laci\u00f3 de LibreOffice en catal\u00e0<\/a><\/li>\n<li><\/li>\n<\/ul>\n<\/li>\n<\/ul>\n<\/li>\n<\/ul>\n<\/li>\n<\/ul>\n<\/li>\n<\/ul>\n<p><strong>Docents<\/strong><\/p>\n<ul>\n<li style=\"list-style-type: none;\">\n<ul>\n<li style=\"list-style-type: none;\">\n<ul>\n<li style=\"list-style-type: none;\">\n<ul>\n<li style=\"list-style-type: none;\">\n<ul>\n<li><a href=\"https:\/\/drive.google.com\/drive\/folders\/1349rI5r9teYqrUZNLs0lhQ4qMBF-TdnW?usp=sharing\" target=\"_blank\" rel=\"noopener\">Manual Moodle &#8211; Eix<\/a><\/li>\n<li><a href=\"https:\/\/drive.google.com\/drive\/folders\/1ZZSZc1inrO1JznWT6GizEOvwEDCO9ddm?usp=sharing\" target=\"_blank\" rel=\"noopener\">Manuals esfera<\/a><\/li>\n<li><a href=\"https:\/\/drive.google.com\/drive\/folders\/1DCYrS6XzvIOqjLke7ufwjyQHAzpxOC5R?usp=sharing\" target=\"_blank\" rel=\"noopener\">Manuals NODES<\/a><\/li>\n<li><a href=\"https:\/\/drive.google.com\/drive\/folders\/1USOffRfaUO_fwcuJw4Krb7gMKqVQ_yUL?usp=sharing\" target=\"_blank\" rel=\"noopener\">Manual GIMP<\/a><\/li>\n<li><a href=\"https:\/\/drive.google.com\/file\/d\/19cpxPgs_QPkd_3Tfrg2sxnPkJUyzP2Kl\/view?usp=sharing\" target=\"_blank\" rel=\"noopener\">Manual signatura correus electr\u00f2nics<\/a><\/li>\n<li><a href=\"https:\/\/drive.google.com\/drive\/folders\/1El0LDCdMYXUsJDs_yrKda31wf0KoGX5X\">Manual sobre com penjar imatges al Next Cloud<\/a><\/li>\n<\/ul>\n<\/li>\n<\/ul>\n<\/li>\n<\/ul>\n<\/li>\n<\/ul>\n<\/li>\n<\/ul>\n<p><strong>Fam\u00edlies<\/strong><\/p>\n<ul>\n<li style=\"list-style-type: none;\">\n<ul>\n<li style=\"list-style-type: none;\">\n<ul>\n<li style=\"list-style-type: none;\">\n<ul>\n<li style=\"list-style-type: none;\">\n<ul>\n<li><a href=\"https:\/\/www.youtube.com\/watch?v=GnDKTzlF9-Y\">Instal\u00b7laci\u00f3 de LibreOffice en catal\u00e0<\/a><\/li>\n<li><\/li>\n<\/ul>\n<\/li>\n<\/ul>\n<\/li>\n<\/ul>\n<\/li>\n<\/ul>\n<\/li>\n<\/ul>\n","protected":false},"excerpt":{"rendered":"<p>En aquesta p\u00e0gina trobareu alguns manuals i tutorials que poden ser del vostre inter\u00e8s. Alumnat Instal\u00b7laci\u00f3 de LibreOffice en catal\u00e0 Docents Manual Moodle &#8211; Eix Manuals esfera Manuals NODES Manual GIMP Manual signatura correus electr\u00f2nics Manual sobre com penjar imatges al Next Cloud Fam\u00edlies Instal\u00b7laci\u00f3 de LibreOffice en catal\u00e0<\/p>\n","protected":false},"author":1,"featured_media":0,"parent":6687,"menu_order":30,"comment_status":"closed","ping_status":"closed","template":"page-templates\/side-menu.php","meta":{"_bbp_topic_count":0,"_bbp_reply_count":0,"_bbp_total_topic_count":0,"_bbp_total_reply_count":0,"_bbp_voice_count":0,"_bbp_anonymous_reply_count":0,"_bbp_topic_count_hidden":0,"_bbp_reply_count_hidden":0,"_bbp_forum_subforum_count":0,"site-sidebar-layout":"default","site-content-layout":"","ast-site-content-layout":"","site-content-style":"default","site-sidebar-style":"default","ast-global-header-display":"","ast-banner-title-visibility":"","ast-main-header-display":"","ast-hfb-above-header-display":"","ast-hfb-below-header-display":"","ast-hfb-mobile-header-display":"","site-post-title":"","ast-breadcrumbs-content":"","ast-featured-img":"","footer-sml-layout":"","theme-transparent-header-meta":"","adv-header-id-meta":"","stick-header-meta":"","header-above-stick-meta":"","header-main-stick-meta":"","header-below-stick-meta":"","astra-migrate-meta-layouts":"default","ast-page-background-enabled":"default","ast-page-background-meta":{"desktop":{"background-color":"var(--ast-global-color-4)","background-image":"","background-repeat":"repeat","background-position":"center center","background-size":"auto","background-attachment":"scroll","background-type":"","background-media":"","overlay-type":"","overlay-color":"","overlay-opacity":"","overlay-gradient":""},"tablet":{"background-color":"","background-image":"","background-repeat":"repeat","background-position":"center center","background-size":"auto","background-attachment":"scroll","background-type":"","background-media":"","overlay-type":"","overlay-color":"","overlay-opacity":"","overlay-gradient":""},"mobile":{"background-color":"","background-image":"","background-repeat":"repeat","background-position":"center center","background-size":"auto","background-attachment":"scroll","background-type":"","background-media":"","overlay-type":"","overlay-color":"","overlay-opacity":"","overlay-gradient":""}},"ast-content-background-meta":{"desktop":{"background-color":"var(--ast-global-color-5)","background-image":"","background-repeat":"repeat","background-position":"center center","background-size":"auto","background-attachment":"scroll","background-type":"","background-media":"","overlay-type":"","overlay-color":"","overlay-opacity":"","overlay-gradient":""},"tablet":{"background-color":"var(--ast-global-color-5)","background-image":"","background-repeat":"repeat","background-position":"center center","background-size":"auto","background-attachment":"scroll","background-type":"","background-media":"","overlay-type":"","overlay-color":"","overlay-opacity":"","overlay-gradient":""},"mobile":{"background-color":"var(--ast-global-color-5)","background-image":"","background-repeat":"repeat","background-position":"center center","background-size":"auto","background-attachment":"scroll","background-type":"","background-media":"","overlay-type":"","overlay-color":"","overlay-opacity":"","overlay-gradient":""}},"footnotes":""},"class_list":["post-8091","page","type-page","status-publish","hentry"],"post_mailing_queue_ids":[],"_links":{"self":[{"href":"https:\/\/agora.xtec.cat\/ceip-jacint-verdaguer-tarrega\/wp-json\/wp\/v2\/pages\/8091","targetHints":{"allow":["GET"]}}],"collection":[{"href":"https:\/\/agora.xtec.cat\/ceip-jacint-verdaguer-tarrega\/wp-json\/wp\/v2\/pages"}],"about":[{"href":"https:\/\/agora.xtec.cat\/ceip-jacint-verdaguer-tarrega\/wp-json\/wp\/v2\/types\/page"}],"author":[{"embeddable":true,"href":"https:\/\/agora.xtec.cat\/ceip-jacint-verdaguer-tarrega\/wp-json\/wp\/v2\/users\/1"}],"replies":[{"embeddable":true,"href":"https:\/\/agora.xtec.cat\/ceip-jacint-verdaguer-tarrega\/wp-json\/wp\/v2\/comments?post=8091"}],"version-history":[{"count":6,"href":"https:\/\/agora.xtec.cat\/ceip-jacint-verdaguer-tarrega\/wp-json\/wp\/v2\/pages\/8091\/revisions"}],"predecessor-version":[{"id":9019,"href":"https:\/\/agora.xtec.cat\/ceip-jacint-verdaguer-tarrega\/wp-json\/wp\/v2\/pages\/8091\/revisions\/9019"}],"up":[{"embeddable":true,"href":"https:\/\/agora.xtec.cat\/ceip-jacint-verdaguer-tarrega\/wp-json\/wp\/v2\/pages\/6687"}],"wp:attachment":[{"href":"https:\/\/agora.xtec.cat\/ceip-jacint-verdaguer-tarrega\/wp-json\/wp\/v2\/media?parent=8091"}],"curies":[{"name":"wp","href":"https:\/\/api.w.org\/{rel}","templated":true}]}}