{"id":7931,"date":"2023-04-13T15:50:57","date_gmt":"2023-04-13T13:50:57","guid":{"rendered":"https:\/\/agora.xtec.cat\/ceip-jacint-verdaguer-tarrega\/?page_id=7931"},"modified":"2023-04-13T15:51:44","modified_gmt":"2023-04-13T13:51:44","slug":"gestio-de-serveis","status":"publish","type":"page","link":"https:\/\/agora.xtec.cat\/ceip-jacint-verdaguer-tarrega\/pagines-dinici\/estrategia-digital-de-centre\/cultura-digital\/gestio-de-serveis\/","title":{"rendered":"Gesti\u00f3 de serveis"},"content":{"rendered":"<h3>Gesti\u00f3 de biblioteca<\/h3>\n<p>A partir del curs 2022-2023 hem reiniciat el servei de biblioteca de l&#8217;escola. Estem dotant la biblioteca d&#8217;un fons bibliogr\u00e0fic adequat a cada un dels cursos acad\u00e8mics i es preveu, durant els propers cursos, poder oferir un servei de pr\u00e9stec de llibres per a l&#8217;alumnat.<\/p>\n<p>&nbsp;<\/p>\n<h3>Gesti\u00f3 de l&#8217;Entorn Virtual d&#8217;Aprenentatge (EVA)<\/h3>\n<p>La gesti\u00f3 d&#8217;usuaris de l&#8217;EVA de l&#8217;escola \u00e9s compet\u00e8ncia de la comissi\u00f3 digital.<\/p>\n<p>El professorat de l&#8217;escola compta amb manuals d&#8217;\u00fas de l&#8217;EVA que es troben recollits a la <a href=\"https:\/\/drive.google.com\/drive\/folders\/1lZI593g5BNacr449D8dtcGOTPsRwj5un?usp=sharing\" target=\"_blank\" rel=\"noopener\">carpeta de DRIVE compartida<\/a> interna de centre. Hi queden definides les actuacions que cal dur a terme cada inici i final de curs entre d&#8217;altres.<\/p>\n<p>&nbsp;<\/p>\n<h3>Gesti\u00f3 d&#8217;usuaris de la web de l&#8217;escola<\/h3>\n<p>La gesti\u00f3 d&#8217;usuaris de la web de l&#8217;escola \u00e9s compet\u00e8ncia de l&#8217;equip directiu i la coordinaci\u00f3 TAC.<\/p>\n<p>El professorat compta amb manuals d&#8217;\u00fas de la la web de l&#8217;escola recollits a la <a href=\"https:\/\/drive.google.com\/drive\/folders\/1DCYrS6XzvIOqjLke7ufwjyQHAzpxOC5R?usp=sharing\" target=\"_blank\" rel=\"noopener\">carpeta de DRIVE compartida<\/a> interna de centre.<\/p>\n<p>&nbsp;<\/p>\n<h3>Gesti\u00f3 de NEXTCLOUD<\/h3>\n<p>L&#8217;escola compta amb un servidor NEXTCLOUD per compartir imatges de l&#8217;alumnat de manera restrictiva.<\/p>\n<p>Les instruccions d&#8217;\u00fas, els enlla\u00e7os a les difrents carpetes i els usuaris del servidor NEXTCLOUD estan determinats en diferents documents que es troben a la <a href=\"https:\/\/drive.google.com\/drive\/folders\/1KcCo1PFFenTV3RHLmMRqwJtyyqCl3S70?usp=sharing\" target=\"_blank\" rel=\"noopener\">carpeta de DRIVE compartida<\/a> interna de centre.<\/p>\n","protected":false},"excerpt":{"rendered":"<p>Gesti\u00f3 de biblioteca A partir del curs 2022-2023 hem reiniciat el servei de biblioteca de l&#8217;escola. Estem dotant la biblioteca d&#8217;un fons bibliogr\u00e0fic adequat a cada un dels cursos acad\u00e8mics i es preveu, durant els propers cursos, poder oferir un servei de pr\u00e9stec de llibres per a l&#8217;alumnat. &nbsp; Gesti\u00f3 de l&#8217;Entorn Virtual d&#8217;Aprenentatge (EVA) [&hellip;]<\/p>\n","protected":false},"author":1,"featured_media":0,"parent":6695,"menu_order":65,"comment_status":"closed","ping_status":"closed","template":"page-templates\/side-menu.php","meta":{"_bbp_topic_count":0,"_bbp_reply_count":0,"_bbp_total_topic_count":0,"_bbp_total_reply_count":0,"_bbp_voice_count":0,"_bbp_anonymous_reply_count":0,"_bbp_topic_count_hidden":0,"_bbp_reply_count_hidden":0,"_bbp_forum_subforum_count":0,"site-sidebar-layout":"default","site-content-layout":"","ast-site-content-layout":"","site-content-style":"default","site-sidebar-style":"default","ast-global-header-display":"","ast-banner-title-visibility":"","ast-main-header-display":"","ast-hfb-above-header-display":"","ast-hfb-below-header-display":"","ast-hfb-mobile-header-display":"","site-post-title":"","ast-breadcrumbs-content":"","ast-featured-img":"","footer-sml-layout":"","theme-transparent-header-meta":"","adv-header-id-meta":"","stick-header-meta":"","header-above-stick-meta":"","header-main-stick-meta":"","header-below-stick-meta":"","astra-migrate-meta-layouts":"default","ast-page-background-enabled":"default","ast-page-background-meta":{"desktop":{"background-color":"var(--ast-global-color-4)","background-image":"","background-repeat":"repeat","background-position":"center center","background-size":"auto","background-attachment":"scroll","background-type":"","background-media":"","overlay-type":"","overlay-color":"","overlay-opacity":"","overlay-gradient":""},"tablet":{"background-color":"","background-image":"","background-repeat":"repeat","background-position":"center center","background-size":"auto","background-attachment":"scroll","background-type":"","background-media":"","overlay-type":"","overlay-color":"","overlay-opacity":"","overlay-gradient":""},"mobile":{"background-color":"","background-image":"","background-repeat":"repeat","background-position":"center center","background-size":"auto","background-attachment":"scroll","background-type":"","background-media":"","overlay-type":"","overlay-color":"","overlay-opacity":"","overlay-gradient":""}},"ast-content-background-meta":{"desktop":{"background-color":"var(--ast-global-color-5)","background-image":"","background-repeat":"repeat","background-position":"center center","background-size":"auto","background-attachment":"scroll","background-type":"","background-media":"","overlay-type":"","overlay-color":"","overlay-opacity":"","overlay-gradient":""},"tablet":{"background-color":"var(--ast-global-color-5)","background-image":"","background-repeat":"repeat","background-position":"center center","background-size":"auto","background-attachment":"scroll","background-type":"","background-media":"","overlay-type":"","overlay-color":"","overlay-opacity":"","overlay-gradient":""},"mobile":{"background-color":"var(--ast-global-color-5)","background-image":"","background-repeat":"repeat","background-position":"center center","background-size":"auto","background-attachment":"scroll","background-type":"","background-media":"","overlay-type":"","overlay-color":"","overlay-opacity":"","overlay-gradient":""}},"footnotes":""},"class_list":["post-7931","page","type-page","status-publish","hentry"],"post_mailing_queue_ids":[],"_links":{"self":[{"href":"https:\/\/agora.xtec.cat\/ceip-jacint-verdaguer-tarrega\/wp-json\/wp\/v2\/pages\/7931","targetHints":{"allow":["GET"]}}],"collection":[{"href":"https:\/\/agora.xtec.cat\/ceip-jacint-verdaguer-tarrega\/wp-json\/wp\/v2\/pages"}],"about":[{"href":"https:\/\/agora.xtec.cat\/ceip-jacint-verdaguer-tarrega\/wp-json\/wp\/v2\/types\/page"}],"author":[{"embeddable":true,"href":"https:\/\/agora.xtec.cat\/ceip-jacint-verdaguer-tarrega\/wp-json\/wp\/v2\/users\/1"}],"replies":[{"embeddable":true,"href":"https:\/\/agora.xtec.cat\/ceip-jacint-verdaguer-tarrega\/wp-json\/wp\/v2\/comments?post=7931"}],"version-history":[{"count":1,"href":"https:\/\/agora.xtec.cat\/ceip-jacint-verdaguer-tarrega\/wp-json\/wp\/v2\/pages\/7931\/revisions"}],"predecessor-version":[{"id":7932,"href":"https:\/\/agora.xtec.cat\/ceip-jacint-verdaguer-tarrega\/wp-json\/wp\/v2\/pages\/7931\/revisions\/7932"}],"up":[{"embeddable":true,"href":"https:\/\/agora.xtec.cat\/ceip-jacint-verdaguer-tarrega\/wp-json\/wp\/v2\/pages\/6695"}],"wp:attachment":[{"href":"https:\/\/agora.xtec.cat\/ceip-jacint-verdaguer-tarrega\/wp-json\/wp\/v2\/media?parent=7931"}],"curies":[{"name":"wp","href":"https:\/\/api.w.org\/{rel}","templated":true}]}}