{"id":7588,"date":"2023-02-13T19:22:53","date_gmt":"2023-02-13T18:22:53","guid":{"rendered":"https:\/\/agora.xtec.cat\/ceip-jacint-verdaguer-tarrega\/?page_id=7588"},"modified":"2023-02-13T19:22:53","modified_gmt":"2023-02-13T18:22:53","slug":"canal-de-whatsapp-de-lafa","status":"publish","type":"page","link":"https:\/\/agora.xtec.cat\/ceip-jacint-verdaguer-tarrega\/pagines-dinici\/lafa-del-jacint-verdaguer\/canal-de-whatsapp-de-lafa\/","title":{"rendered":"Canal de WhatsApp de l&#8217;AFA!"},"content":{"rendered":"<p>Bon dia fam\u00edlies!<\/p>\n<p>Moltes ja l&#8217;esteu fent servir, per\u00f2 us ho tornem a recordar! La comunicaci\u00f3 amb les fam\u00edlies \u00e9s un dels reptes m\u00e9s importants per l&#8217;equip de l&#8217;AMPA i volem seguir treballant per fer m\u00e9s accessibles les nostres informacions i donar-vos un millor servei.<\/p>\n<p>Tenim des de fa temps un tel\u00e8fon m\u00f2bil gestionat per la coordinadora de l&#8217;AMPA, la Montse Boleda, que fem servir per fer-vos arribar informacions d&#8217;inter\u00e8s general com els men\u00fas de cada mes, activitats per a totes les fam\u00edlies, formacions i altres q\u00fcestions que ens semblen interessants.<\/p>\n<p>Tamb\u00e9 \u00e9s el tel\u00e8fon m\u00f2bil que podeu fer servir per avisar a la Montse de temes relacionats amb el menjador, les extraescolars o les acollides.<\/p>\n<p>Feu-nos arribar un whatsapp, perqu\u00e8 nosaltres sapiguem que us heu donat d&#8217;alta al grup de difusio de l&#8217;AMPA i d&#8217;aquesta manera podreu rebre totes les informacions.<\/p>\n<h2><span style=\"color: #008000;\"><strong>TEL\u00c8FON DE L&#8217;AMPA &gt; 621 24 93 96 &gt; GUARDA-TE&#8217;L AL M\u00d2BIL!\u00a0<\/strong><\/span><\/h2>\n<p>&nbsp;<\/p>\n<p><a href=\"https:\/\/agora.xtec.cat\/ceip-jacint-verdaguer-tarrega\/wp-content\/uploads\/usu312\/2022\/02\/grupos-de-whatsapp-1.jpeg\"><img loading=\"lazy\" decoding=\"async\" class=\"alignnone size-full wp-image-5954\" src=\"https:\/\/agora.xtec.cat\/ceip-jacint-verdaguer-tarrega\/wp-content\/uploads\/usu312\/2022\/02\/grupos-de-whatsapp-1.jpeg\" alt=\"\" width=\"480\" height=\"324\" srcset=\"https:\/\/agora.xtec.cat\/ceip-jacint-verdaguer-tarrega\/wp-content\/uploads\/usu312\/2022\/02\/grupos-de-whatsapp-1.jpeg 480w, https:\/\/agora.xtec.cat\/ceip-jacint-verdaguer-tarrega\/wp-content\/uploads\/usu312\/2022\/02\/grupos-de-whatsapp-1-300x203.jpeg 300w\" sizes=\"auto, (max-width: 480px) 100vw, 480px\" \/><\/a><\/p>\n","protected":false},"excerpt":{"rendered":"<p>Bon dia fam\u00edlies! Moltes ja l&#8217;esteu fent servir, per\u00f2 us ho tornem a recordar! La comunicaci\u00f3 amb les fam\u00edlies \u00e9s un dels reptes m\u00e9s importants per l&#8217;equip de l&#8217;AMPA i volem seguir treballant per fer m\u00e9s accessibles les nostres informacions i donar-vos un millor servei. Tenim des de fa temps un tel\u00e8fon m\u00f2bil gestionat per [&hellip;]<\/p>\n","protected":false},"author":1,"featured_media":0,"parent":7583,"menu_order":30,"comment_status":"closed","ping_status":"closed","template":"page-templates\/side-menu.php","meta":{"_bbp_topic_count":0,"_bbp_reply_count":0,"_bbp_total_topic_count":0,"_bbp_total_reply_count":0,"_bbp_voice_count":0,"_bbp_anonymous_reply_count":0,"_bbp_topic_count_hidden":0,"_bbp_reply_count_hidden":0,"_bbp_forum_subforum_count":0,"site-sidebar-layout":"default","site-content-layout":"","ast-site-content-layout":"","site-content-style":"default","site-sidebar-style":"default","ast-global-header-display":"","ast-banner-title-visibility":"","ast-main-header-display":"","ast-hfb-above-header-display":"","ast-hfb-below-header-display":"","ast-hfb-mobile-header-display":"","site-post-title":"","ast-breadcrumbs-content":"","ast-featured-img":"","footer-sml-layout":"","theme-transparent-header-meta":"","adv-header-id-meta":"","stick-header-meta":"","header-above-stick-meta":"","header-main-stick-meta":"","header-below-stick-meta":"","astra-migrate-meta-layouts":"default","ast-page-background-enabled":"default","ast-page-background-meta":{"desktop":{"background-color":"var(--ast-global-color-4)","background-image":"","background-repeat":"repeat","background-position":"center center","background-size":"auto","background-attachment":"scroll","background-type":"","background-media":"","overlay-type":"","overlay-color":"","overlay-opacity":"","overlay-gradient":""},"tablet":{"background-color":"","background-image":"","background-repeat":"repeat","background-position":"center center","background-size":"auto","background-attachment":"scroll","background-type":"","background-media":"","overlay-type":"","overlay-color":"","overlay-opacity":"","overlay-gradient":""},"mobile":{"background-color":"","background-image":"","background-repeat":"repeat","background-position":"center center","background-size":"auto","background-attachment":"scroll","background-type":"","background-media":"","overlay-type":"","overlay-color":"","overlay-opacity":"","overlay-gradient":""}},"ast-content-background-meta":{"desktop":{"background-color":"var(--ast-global-color-5)","background-image":"","background-repeat":"repeat","background-position":"center center","background-size":"auto","background-attachment":"scroll","background-type":"","background-media":"","overlay-type":"","overlay-color":"","overlay-opacity":"","overlay-gradient":""},"tablet":{"background-color":"var(--ast-global-color-5)","background-image":"","background-repeat":"repeat","background-position":"center center","background-size":"auto","background-attachment":"scroll","background-type":"","background-media":"","overlay-type":"","overlay-color":"","overlay-opacity":"","overlay-gradient":""},"mobile":{"background-color":"var(--ast-global-color-5)","background-image":"","background-repeat":"repeat","background-position":"center center","background-size":"auto","background-attachment":"scroll","background-type":"","background-media":"","overlay-type":"","overlay-color":"","overlay-opacity":"","overlay-gradient":""}},"footnotes":""},"class_list":["post-7588","page","type-page","status-publish","hentry"],"post_mailing_queue_ids":[],"_links":{"self":[{"href":"https:\/\/agora.xtec.cat\/ceip-jacint-verdaguer-tarrega\/wp-json\/wp\/v2\/pages\/7588","targetHints":{"allow":["GET"]}}],"collection":[{"href":"https:\/\/agora.xtec.cat\/ceip-jacint-verdaguer-tarrega\/wp-json\/wp\/v2\/pages"}],"about":[{"href":"https:\/\/agora.xtec.cat\/ceip-jacint-verdaguer-tarrega\/wp-json\/wp\/v2\/types\/page"}],"author":[{"embeddable":true,"href":"https:\/\/agora.xtec.cat\/ceip-jacint-verdaguer-tarrega\/wp-json\/wp\/v2\/users\/1"}],"replies":[{"embeddable":true,"href":"https:\/\/agora.xtec.cat\/ceip-jacint-verdaguer-tarrega\/wp-json\/wp\/v2\/comments?post=7588"}],"version-history":[{"count":1,"href":"https:\/\/agora.xtec.cat\/ceip-jacint-verdaguer-tarrega\/wp-json\/wp\/v2\/pages\/7588\/revisions"}],"predecessor-version":[{"id":7589,"href":"https:\/\/agora.xtec.cat\/ceip-jacint-verdaguer-tarrega\/wp-json\/wp\/v2\/pages\/7588\/revisions\/7589"}],"up":[{"embeddable":true,"href":"https:\/\/agora.xtec.cat\/ceip-jacint-verdaguer-tarrega\/wp-json\/wp\/v2\/pages\/7583"}],"wp:attachment":[{"href":"https:\/\/agora.xtec.cat\/ceip-jacint-verdaguer-tarrega\/wp-json\/wp\/v2\/media?parent=7588"}],"curies":[{"name":"wp","href":"https:\/\/api.w.org\/{rel}","templated":true}]}}