{"id":7585,"date":"2023-02-13T19:19:22","date_gmt":"2023-02-13T18:19:22","guid":{"rendered":"https:\/\/agora.xtec.cat\/ceip-jacint-verdaguer-tarrega\/?page_id=7585"},"modified":"2023-02-13T19:19:38","modified_gmt":"2023-02-13T18:19:38","slug":"per-que-fer-se-soci-a-de-lafa","status":"publish","type":"page","link":"https:\/\/agora.xtec.cat\/ceip-jacint-verdaguer-tarrega\/pagines-dinici\/lafa-del-jacint-verdaguer\/per-que-fer-se-soci-a-de-lafa\/","title":{"rendered":"Per qu\u00e8 fer-se soci\/a de l\u2019AFA?"},"content":{"rendered":"<p>Hola fam\u00edlies!<\/p>\n<p>Com que s&#8217;acosta l&#8217;inici del per\u00edode d&#8217;inscripcions i de les portes obertes avui us volem recordar la ra\u00f3 de la nostra exist\u00e8ncia \ud83e\udd70<\/p>\n<p>S\u00ed, sona estrany, per\u00f2 de vegades \u00e9s important recordar-ho, sobretot per a les noves fam\u00edlies que estan a punt d&#8217;iniciar la seva aventura a l&#8217;etapa escolar.<\/p>\n<ul>\n<li><strong>Per a qu\u00e8 serveix l&#8217;AFA?\u00a0 <\/strong><strong>Per qu\u00e8 \u00e9s important que totes les fam\u00edlies de l&#8217;escola en sigueu s\u00f2cies?\u00a0<\/strong><\/li>\n<\/ul>\n<p>En primer lloc \u00e9s important deixar clar que:<\/p>\n<div class=\"page\" title=\"Page 1\">\n<div class=\"section\">\n<div class=\"layoutArea\">\n<div class=\"column\">\n<blockquote>\n<h5><strong>L\u2019AFA esta\u0300 formada per mares i pares d\u2019alumnes del Jacint Verdaguer que dediquen temps de manera volunta\u0300ria per coordinar i impulsar una se\u0300rie de serveis i activitats en benefici de les fami\u0301lies i els infants de l&#8217;escola.<\/strong><\/h5>\n<\/blockquote>\n<\/div>\n<\/div>\n<\/div>\n<\/div>\n<p>Per fer-ho possible l&#8217;AFA compta amb un equip de monitores i una persona coordinadora contractades per tirar endavant aquestes activitats i serveis. Elles s\u00f3n el motor de l&#8217;AFA i les que estan en contacte amb els vostres fills i filles.<\/p>\n<ul>\n<li><strong>Quins s\u00f3n els objectius de l&#8217;AFA?\u00a0<\/strong><\/li>\n<\/ul>\n<div class=\"page\" title=\"Page 2\">\n<div class=\"section\">\n<div class=\"layoutArea\">\n<div class=\"column\">\n<ol>\n<li>Fomentar la participacio\u0301 de les fami\u0301lies dins la comunitat educativa del centre i estar representats en els o\u0300rgans de participacio\u0301 per millorar, en tot el que sigui possible, el centre educatiu.<\/li>\n<li>Donar suport a les fami\u0301lies en tot allo\u0300 relacionat en l\u2019educacio\u0301 dels nostres infants.<\/li>\n<li>Col\u00b7laborar en les activitats educatives del centre i presentar i proposar al consell escolar programes d\u2019activitats complementaries<\/li>\n<li>Nexe d\u2019unio\u0301 entre fami\u0301lies i escoles.<\/li>\n<li><span style=\"font-family: inherit; font-size: 1em;\">Programar i realitzar activitats pro\u0300pies de l\u2019Associacio\u0301; acollida, extraescolars, la gestio\u0301 del menjador, socialitzacio\u0301 de llibres, comunicacio\u0301 i promoure les activitats lu\u0301diques del centre.<\/span><\/li>\n<\/ol>\n<\/div>\n<\/div>\n<\/div>\n<\/div>\n<ul>\n<li><strong>Qu\u00e8 es financia amb al quota de soci\/a que actualment \u00e9s de 27\u20ac\/anuals ?\u00a0<\/strong><\/li>\n<\/ul>\n<p><a href=\"https:\/\/agora.xtec.cat\/ceip-jacint-verdaguer-tarrega\/wp-content\/uploads\/usu312\/2022\/02\/FAQS-AMPA_1.jpg\"><img loading=\"lazy\" decoding=\"async\" class=\"alignnone size-full wp-image-5943\" src=\"https:\/\/agora.xtec.cat\/ceip-jacint-verdaguer-tarrega\/wp-content\/uploads\/usu312\/2022\/02\/FAQS-AMPA_1.jpg\" alt=\"\" width=\"886\" height=\"726\" srcset=\"https:\/\/agora.xtec.cat\/ceip-jacint-verdaguer-tarrega\/wp-content\/uploads\/usu312\/2022\/02\/FAQS-AMPA_1.jpg 886w, https:\/\/agora.xtec.cat\/ceip-jacint-verdaguer-tarrega\/wp-content\/uploads\/usu312\/2022\/02\/FAQS-AMPA_1-300x246.jpg 300w, https:\/\/agora.xtec.cat\/ceip-jacint-verdaguer-tarrega\/wp-content\/uploads\/usu312\/2022\/02\/FAQS-AMPA_1-768x629.jpg 768w\" sizes=\"auto, (max-width: 886px) 100vw, 886px\" \/><\/a> <a href=\"https:\/\/agora.xtec.cat\/ceip-jacint-verdaguer-tarrega\/wp-content\/uploads\/usu312\/2022\/02\/FAQS-AMPA_2.jpg\"><img loading=\"lazy\" decoding=\"async\" class=\"alignnone size-large wp-image-5944\" src=\"https:\/\/agora.xtec.cat\/ceip-jacint-verdaguer-tarrega\/wp-content\/uploads\/usu312\/2022\/02\/FAQS-AMPA_2.jpg\" alt=\"\" width=\"886\" height=\"903\" srcset=\"https:\/\/agora.xtec.cat\/ceip-jacint-verdaguer-tarrega\/wp-content\/uploads\/usu312\/2022\/02\/FAQS-AMPA_2.jpg 886w, https:\/\/agora.xtec.cat\/ceip-jacint-verdaguer-tarrega\/wp-content\/uploads\/usu312\/2022\/02\/FAQS-AMPA_2-294x300.jpg 294w, https:\/\/agora.xtec.cat\/ceip-jacint-verdaguer-tarrega\/wp-content\/uploads\/usu312\/2022\/02\/FAQS-AMPA_2-768x783.jpg 768w\" sizes=\"auto, (max-width: 886px) 100vw, 886px\" \/><\/a><\/p>\n<p>Entre tots i totes col\u00b7laborem amb l&#8217;escola i fem que sigui un espai de confort i de felicitat per als nostres fills i filles on aprendre, jugar i cr\u00e9ixer de manera saludable.<\/p>\n","protected":false},"excerpt":{"rendered":"<p>Hola fam\u00edlies! Com que s&#8217;acosta l&#8217;inici del per\u00edode d&#8217;inscripcions i de les portes obertes avui us volem recordar la ra\u00f3 de la nostra exist\u00e8ncia \ud83e\udd70 S\u00ed, sona estrany, per\u00f2 de vegades \u00e9s important recordar-ho, sobretot per a les noves fam\u00edlies que estan a punt d&#8217;iniciar la seva aventura a l&#8217;etapa escolar. Per a qu\u00e8 serveix [&hellip;]<\/p>\n","protected":false},"author":1,"featured_media":0,"parent":7583,"menu_order":10,"comment_status":"closed","ping_status":"closed","template":"page-templates\/side-menu.php","meta":{"_bbp_topic_count":0,"_bbp_reply_count":0,"_bbp_total_topic_count":0,"_bbp_total_reply_count":0,"_bbp_voice_count":0,"_bbp_anonymous_reply_count":0,"_bbp_topic_count_hidden":0,"_bbp_reply_count_hidden":0,"_bbp_forum_subforum_count":0,"site-sidebar-layout":"default","site-content-layout":"","ast-site-content-layout":"","site-content-style":"default","site-sidebar-style":"default","ast-global-header-display":"","ast-banner-title-visibility":"","ast-main-header-display":"","ast-hfb-above-header-display":"","ast-hfb-below-header-display":"","ast-hfb-mobile-header-display":"","site-post-title":"","ast-breadcrumbs-content":"","ast-featured-img":"","footer-sml-layout":"","theme-transparent-header-meta":"","adv-header-id-meta":"","stick-header-meta":"","header-above-stick-meta":"","header-main-stick-meta":"","header-below-stick-meta":"","astra-migrate-meta-layouts":"default","ast-page-background-enabled":"default","ast-page-background-meta":{"desktop":{"background-color":"var(--ast-global-color-4)","background-image":"","background-repeat":"repeat","background-position":"center center","background-size":"auto","background-attachment":"scroll","background-type":"","background-media":"","overlay-type":"","overlay-color":"","overlay-opacity":"","overlay-gradient":""},"tablet":{"background-color":"","background-image":"","background-repeat":"repeat","background-position":"center center","background-size":"auto","background-attachment":"scroll","background-type":"","background-media":"","overlay-type":"","overlay-color":"","overlay-opacity":"","overlay-gradient":""},"mobile":{"background-color":"","background-image":"","background-repeat":"repeat","background-position":"center center","background-size":"auto","background-attachment":"scroll","background-type":"","background-media":"","overlay-type":"","overlay-color":"","overlay-opacity":"","overlay-gradient":""}},"ast-content-background-meta":{"desktop":{"background-color":"var(--ast-global-color-5)","background-image":"","background-repeat":"repeat","background-position":"center center","background-size":"auto","background-attachment":"scroll","background-type":"","background-media":"","overlay-type":"","overlay-color":"","overlay-opacity":"","overlay-gradient":""},"tablet":{"background-color":"var(--ast-global-color-5)","background-image":"","background-repeat":"repeat","background-position":"center center","background-size":"auto","background-attachment":"scroll","background-type":"","background-media":"","overlay-type":"","overlay-color":"","overlay-opacity":"","overlay-gradient":""},"mobile":{"background-color":"var(--ast-global-color-5)","background-image":"","background-repeat":"repeat","background-position":"center center","background-size":"auto","background-attachment":"scroll","background-type":"","background-media":"","overlay-type":"","overlay-color":"","overlay-opacity":"","overlay-gradient":""}},"footnotes":""},"class_list":["post-7585","page","type-page","status-publish","hentry"],"post_mailing_queue_ids":[],"_links":{"self":[{"href":"https:\/\/agora.xtec.cat\/ceip-jacint-verdaguer-tarrega\/wp-json\/wp\/v2\/pages\/7585","targetHints":{"allow":["GET"]}}],"collection":[{"href":"https:\/\/agora.xtec.cat\/ceip-jacint-verdaguer-tarrega\/wp-json\/wp\/v2\/pages"}],"about":[{"href":"https:\/\/agora.xtec.cat\/ceip-jacint-verdaguer-tarrega\/wp-json\/wp\/v2\/types\/page"}],"author":[{"embeddable":true,"href":"https:\/\/agora.xtec.cat\/ceip-jacint-verdaguer-tarrega\/wp-json\/wp\/v2\/users\/1"}],"replies":[{"embeddable":true,"href":"https:\/\/agora.xtec.cat\/ceip-jacint-verdaguer-tarrega\/wp-json\/wp\/v2\/comments?post=7585"}],"version-history":[{"count":1,"href":"https:\/\/agora.xtec.cat\/ceip-jacint-verdaguer-tarrega\/wp-json\/wp\/v2\/pages\/7585\/revisions"}],"predecessor-version":[{"id":7586,"href":"https:\/\/agora.xtec.cat\/ceip-jacint-verdaguer-tarrega\/wp-json\/wp\/v2\/pages\/7585\/revisions\/7586"}],"up":[{"embeddable":true,"href":"https:\/\/agora.xtec.cat\/ceip-jacint-verdaguer-tarrega\/wp-json\/wp\/v2\/pages\/7583"}],"wp:attachment":[{"href":"https:\/\/agora.xtec.cat\/ceip-jacint-verdaguer-tarrega\/wp-json\/wp\/v2\/media?parent=7585"}],"curies":[{"name":"wp","href":"https:\/\/api.w.org\/{rel}","templated":true}]}}