{"id":7580,"date":"2023-02-13T19:21:17","date_gmt":"2023-02-13T18:21:17","guid":{"rendered":"https:\/\/agora.xtec.cat\/ceip-jacint-verdaguer-tarrega\/?page_id=7580"},"modified":"2023-09-30T11:12:05","modified_gmt":"2023-09-30T09:12:05","slug":"futures-families-de-i3-aixo-us-interessa","status":"publish","type":"page","link":"https:\/\/agora.xtec.cat\/ceip-jacint-verdaguer-tarrega\/pagines-dinici\/lafa-del-jacint-verdaguer\/futures-families-de-i3-aixo-us-interessa\/","title":{"rendered":"Futures fam\u00edlies de I3, aix\u00f2 us interessa!"},"content":{"rendered":"<p>ATENCI\u00d3! S&#8217;apropen les portes obertes i les preinscripcions a les escoles pel nou curs i sabem que ja hi ha moltes fam\u00edlies que s&#8217;estan mobilitzant per informar-se de les diferents escoles que hi ha a T\u00e0rrega. Com a AFA de l&#8217;Escola Jacint Verdaguer volem oferir-vos tota la informaci\u00f3 sobre els nostres serveis i oferir-vos la possibilitat de trucar-nos per preguntar-nos qualsevol dubte.<\/p>\n<p>En primer lloc us compartim una presentaci\u00f3 sobre els <strong>SERVEIS DE L&#8217;AFA<\/strong> on trobareu informaci\u00f3 i preus de les acollides, servei de menjador i extraescolars.<\/p>\n<p>\ud83d\udd17\u00a0<strong>Cliqueu a sobre de la imatge per veure la revista i llegir-la \ud83d\udd17\u00a0<\/strong><\/p>\n<p><a href=\"https:\/\/drive.google.com\/file\/d\/1EHBlTWC13SzYTKZBz1cA7qE3NRe8-mP6\/view?usp=sharing\" target=\"_blank\" rel=\"noopener\"><img loading=\"lazy\" decoding=\"async\" class=\"aligncenter size-full wp-image-8303\" src=\"https:\/\/agora.xtec.cat\/ceip-jacint-verdaguer-tarrega\/wp-content\/uploads\/usu312\/2023\/09\/SERVEIS-AFA.png\" alt=\"\" width=\"994\" height=\"563\" srcset=\"https:\/\/agora.xtec.cat\/ceip-jacint-verdaguer-tarrega\/wp-content\/uploads\/usu312\/2023\/09\/SERVEIS-AFA.png 994w, https:\/\/agora.xtec.cat\/ceip-jacint-verdaguer-tarrega\/wp-content\/uploads\/usu312\/2023\/09\/SERVEIS-AFA-300x170.png 300w, https:\/\/agora.xtec.cat\/ceip-jacint-verdaguer-tarrega\/wp-content\/uploads\/usu312\/2023\/09\/SERVEIS-AFA-768x435.png 768w\" sizes=\"auto, (max-width: 994px) 100vw, 994px\" \/><\/a><\/p>\n<p>&nbsp;<\/p>\n<p>En segon lloc volem que tamb\u00e9 tingueu una refer\u00e8ncia a nivell m\u00e9s d&#8217;escola i per aix\u00f2 creiem interessant que feu un cop d&#8217;ull a la revista que editem cada any on fem un resum de totes les activitats, projectes i iniciatives que s&#8217;han impulsat tant des de l&#8217;AFA com des de l&#8217;escola.<\/p>\n<p>\ud83d\udd17\u00a0<strong>Cliqueu a sobre de la imatge per llegir la revista \ud83d\udd17\u00a0<\/strong><\/p>\n<p><a href=\"https:\/\/www.flipsnack.com\/56C7D6AA9F7\/revista-de-l-escola-jacint-verdaguier-curs-2021-2022.html\"><img loading=\"lazy\" decoding=\"async\" class=\"alignnone wp-image-5969\" src=\"https:\/\/agora.xtec.cat\/ceip-jacint-verdaguer-tarrega\/wp-content\/uploads\/usu312\/2022\/02\/REVISTA-DE-LESCOLA-JACINT-VERDAGUIER-CURS-2021-2022.gif\" alt=\"\" width=\"960\" height=\"540\" \/><\/a><\/p>\n<p><strong>Per qualsevol dubte podeu contactar amb els diferents canals de comunicaci\u00f3 de l&#8217;AFA:<\/strong><\/p>\n<ul>\n<li>Correu electr\u00f2nic: ampacpjv@gmail.com<\/li>\n<li>Tel\u00e8fon fixe: 973501863<\/li>\n<li>Tel\u00e8fon m\u00f2bil i whatsapp: 621 24 93 96<\/li>\n<li>Despatx de l&#8217;AFA: atenci\u00f3 al p\u00fablic matins fins les 13h i tardes a partir de les 16:30<\/li>\n<\/ul>\n","protected":false},"excerpt":{"rendered":"<p>ATENCI\u00d3! S&#8217;apropen les portes obertes i les preinscripcions a les escoles pel nou curs i sabem que ja hi ha moltes fam\u00edlies que s&#8217;estan mobilitzant per informar-se de les diferents escoles que hi ha a T\u00e0rrega. Com a AFA de l&#8217;Escola Jacint Verdaguer volem oferir-vos tota la informaci\u00f3 sobre els nostres serveis i oferir-vos la [&hellip;]<\/p>\n","protected":false},"author":1,"featured_media":0,"parent":7583,"menu_order":20,"comment_status":"closed","ping_status":"closed","template":"page-templates\/side-menu.php","meta":{"_bbp_topic_count":0,"_bbp_reply_count":0,"_bbp_total_topic_count":0,"_bbp_total_reply_count":0,"_bbp_voice_count":0,"_bbp_anonymous_reply_count":0,"_bbp_topic_count_hidden":0,"_bbp_reply_count_hidden":0,"_bbp_forum_subforum_count":0,"site-sidebar-layout":"default","site-content-layout":"","ast-site-content-layout":"","site-content-style":"default","site-sidebar-style":"default","ast-global-header-display":"","ast-banner-title-visibility":"","ast-main-header-display":"","ast-hfb-above-header-display":"","ast-hfb-below-header-display":"","ast-hfb-mobile-header-display":"","site-post-title":"","ast-breadcrumbs-content":"","ast-featured-img":"","footer-sml-layout":"","theme-transparent-header-meta":"","adv-header-id-meta":"","stick-header-meta":"","header-above-stick-meta":"","header-main-stick-meta":"","header-below-stick-meta":"","astra-migrate-meta-layouts":"default","ast-page-background-enabled":"default","ast-page-background-meta":{"desktop":{"background-color":"var(--ast-global-color-4)","background-image":"","background-repeat":"repeat","background-position":"center center","background-size":"auto","background-attachment":"scroll","background-type":"","background-media":"","overlay-type":"","overlay-color":"","overlay-opacity":"","overlay-gradient":""},"tablet":{"background-color":"","background-image":"","background-repeat":"repeat","background-position":"center center","background-size":"auto","background-attachment":"scroll","background-type":"","background-media":"","overlay-type":"","overlay-color":"","overlay-opacity":"","overlay-gradient":""},"mobile":{"background-color":"","background-image":"","background-repeat":"repeat","background-position":"center center","background-size":"auto","background-attachment":"scroll","background-type":"","background-media":"","overlay-type":"","overlay-color":"","overlay-opacity":"","overlay-gradient":""}},"ast-content-background-meta":{"desktop":{"background-color":"var(--ast-global-color-5)","background-image":"","background-repeat":"repeat","background-position":"center center","background-size":"auto","background-attachment":"scroll","background-type":"","background-media":"","overlay-type":"","overlay-color":"","overlay-opacity":"","overlay-gradient":""},"tablet":{"background-color":"var(--ast-global-color-5)","background-image":"","background-repeat":"repeat","background-position":"center center","background-size":"auto","background-attachment":"scroll","background-type":"","background-media":"","overlay-type":"","overlay-color":"","overlay-opacity":"","overlay-gradient":""},"mobile":{"background-color":"var(--ast-global-color-5)","background-image":"","background-repeat":"repeat","background-position":"center center","background-size":"auto","background-attachment":"scroll","background-type":"","background-media":"","overlay-type":"","overlay-color":"","overlay-opacity":"","overlay-gradient":""}},"footnotes":""},"class_list":["post-7580","page","type-page","status-publish","hentry"],"post_mailing_queue_ids":[],"_links":{"self":[{"href":"https:\/\/agora.xtec.cat\/ceip-jacint-verdaguer-tarrega\/wp-json\/wp\/v2\/pages\/7580","targetHints":{"allow":["GET"]}}],"collection":[{"href":"https:\/\/agora.xtec.cat\/ceip-jacint-verdaguer-tarrega\/wp-json\/wp\/v2\/pages"}],"about":[{"href":"https:\/\/agora.xtec.cat\/ceip-jacint-verdaguer-tarrega\/wp-json\/wp\/v2\/types\/page"}],"author":[{"embeddable":true,"href":"https:\/\/agora.xtec.cat\/ceip-jacint-verdaguer-tarrega\/wp-json\/wp\/v2\/users\/1"}],"replies":[{"embeddable":true,"href":"https:\/\/agora.xtec.cat\/ceip-jacint-verdaguer-tarrega\/wp-json\/wp\/v2\/comments?post=7580"}],"version-history":[{"count":3,"href":"https:\/\/agora.xtec.cat\/ceip-jacint-verdaguer-tarrega\/wp-json\/wp\/v2\/pages\/7580\/revisions"}],"predecessor-version":[{"id":8304,"href":"https:\/\/agora.xtec.cat\/ceip-jacint-verdaguer-tarrega\/wp-json\/wp\/v2\/pages\/7580\/revisions\/8304"}],"up":[{"embeddable":true,"href":"https:\/\/agora.xtec.cat\/ceip-jacint-verdaguer-tarrega\/wp-json\/wp\/v2\/pages\/7583"}],"wp:attachment":[{"href":"https:\/\/agora.xtec.cat\/ceip-jacint-verdaguer-tarrega\/wp-json\/wp\/v2\/media?parent=7580"}],"curies":[{"name":"wp","href":"https:\/\/api.w.org\/{rel}","templated":true}]}}