{"id":7058,"date":"2022-11-24T16:15:16","date_gmt":"2022-11-24T15:15:16","guid":{"rendered":"https:\/\/agora.xtec.cat\/ceip-jacint-verdaguer-tarrega\/?page_id=7058"},"modified":"2023-02-09T15:40:44","modified_gmt":"2023-02-09T14:40:44","slug":"comunicacio","status":"publish","type":"page","link":"https:\/\/agora.xtec.cat\/ceip-jacint-verdaguer-tarrega\/pagines-dinici\/estrategia-digital-de-centre\/cultura-digital\/comunicacio\/","title":{"rendered":"Comunicaci\u00f3"},"content":{"rendered":"<p>En aquest apartat es descriuran tots els aspectes referents a la comunicaci\u00f3 entre els diferents membres de la comunitat educativa.<\/p>\n<h4>Comunicacions internes<\/h4>\n<p>Les eines de comunicaci\u00f3 interna de l&#8217;escola s\u00f3n, prorit\u00e0riament, el correu electr\u00f2nic corporatiu (xtec) i el calendar.\u00a0 El professorat de l&#8217;escola t\u00e9 l&#8217;obligaci\u00f3 de consultar almenys una vegada al dia aquests aplicatius.<\/p>\n<p>Tot i que el professorat no t\u00e9 l&#8217;obligaci\u00f3 de proporcionar el seu n\u00famero de tel\u00e8fon a l&#8217;escola, \u00e9s personal i no una eina de treball, habitualment s\u00ed que ho fa. En cas d&#8217;una emerg\u00e8ncia la comunicaci\u00f3 interna es fa a trav\u00e9s d&#8217;aquest tel\u00e8fon personal.<\/p>\n<p>&nbsp;<\/p>\n<h4>Comunicacions externes<\/h4>\n<p>La comunicaci\u00f3 entre escola i fam\u00edlies o entre l&#8217;escola i altres entitats es fa, priorit\u00e0riament i depenent del contingut, a trav\u00e9s de:<\/p>\n<ul>\n<li style=\"list-style-type: none;\">\n<ul>\n<li style=\"list-style-type: none;\">\n<ul style=\"list-style-type: disc;\">\n<li>Mitjans digitals: el correu electr\u00f2nic de l&#8217;escola (XTEC), el correu electr\u00f2nic del professorat (XTEC) o la p\u00e0gina web del centre. En el cas d&#8217;altres entitats tamb\u00e9 es pot fer a trav\u00e9s de la valisa electr\u00f2nica.<\/li>\n<li>Mitjans escrits: l&#8217;agenda de l&#8217;alumne\/a o una nota escrita (o circular). En el cas d&#8217;altres entitats a trav\u00e9s de notificacions o informes amb registre de sortida.<\/li>\n<li>Trucada telef\u00f2nica: per als casos m\u00e9s urgents o que calgui compartir impressions.<\/li>\n<\/ul>\n<\/li>\n<\/ul>\n<\/li>\n<\/ul>\n<p>&nbsp;<\/p>\n<h4>Imatge corporativa<\/h4>\n<p>La documentaci\u00f3 oficial d&#8217;escola incorpora el logotip oficial del Departament d&#8217;Educaci\u00f3 i una imatge que identifica a l&#8217;escola.<\/p>\n<p>Els models d&#8217;aquests logotips es poden veure a continuaci\u00f3:<\/p>\n<p><a href=\"https:\/\/agora.xtec.cat\/ceip-jacint-verdaguer-tarrega\/wp-content\/uploads\/usu312\/2022\/11\/Logo_escola_dep_educacio.png\"><img loading=\"lazy\" decoding=\"async\" class=\"wp-image-7062 alignleft\" src=\"https:\/\/agora.xtec.cat\/ceip-jacint-verdaguer-tarrega\/wp-content\/uploads\/usu312\/2022\/11\/Logo_escola_dep_educacio.png\" alt=\"\" width=\"385\" height=\"105\" srcset=\"https:\/\/agora.xtec.cat\/ceip-jacint-verdaguer-tarrega\/wp-content\/uploads\/usu312\/2022\/11\/Logo_escola_dep_educacio.png 608w, https:\/\/agora.xtec.cat\/ceip-jacint-verdaguer-tarrega\/wp-content\/uploads\/usu312\/2022\/11\/Logo_escola_dep_educacio-300x82.png 300w\" sizes=\"auto, (max-width: 385px) 100vw, 385px\" \/><\/a><a href=\"https:\/\/agora.xtec.cat\/ceip-jacint-verdaguer-tarrega\/wp-content\/uploads\/usu312\/2022\/11\/logo_colors.jpg\"><img loading=\"lazy\" decoding=\"async\" class=\"wp-image-7063 alignleft\" src=\"https:\/\/agora.xtec.cat\/ceip-jacint-verdaguer-tarrega\/wp-content\/uploads\/usu312\/2022\/11\/logo_colors-1024x598.jpg\" alt=\"\" width=\"142\" height=\"83\" srcset=\"https:\/\/agora.xtec.cat\/ceip-jacint-verdaguer-tarrega\/wp-content\/uploads\/usu312\/2022\/11\/logo_colors-1024x598.jpg 1024w, https:\/\/agora.xtec.cat\/ceip-jacint-verdaguer-tarrega\/wp-content\/uploads\/usu312\/2022\/11\/logo_colors-300x175.jpg 300w, https:\/\/agora.xtec.cat\/ceip-jacint-verdaguer-tarrega\/wp-content\/uploads\/usu312\/2022\/11\/logo_colors-768x448.jpg 768w, https:\/\/agora.xtec.cat\/ceip-jacint-verdaguer-tarrega\/wp-content\/uploads\/usu312\/2022\/11\/logo_colors.jpg 1425w\" sizes=\"auto, (max-width: 142px) 100vw, 142px\" \/><\/a><\/p>\n<p>&nbsp;<\/p>\n<p>&nbsp;<\/p>\n<p>&nbsp;<\/p>\n<p>Els comptes de correu electr\u00f2nic corporatiu incorporen una signatura digial de refer\u00e8ncia per a l&#8217;\u00fas de tot el personal del centre.<\/p>\n<p>&nbsp;<\/p>\n<h4>Protecci\u00f3 de dades i imatges<\/h4>\n<p>El centre vetlla perqu\u00e8 tot el professorat i personal que hi treballa compleixi la normativa de protecci\u00f3 de dades i imatge de l&#8217;alumnat.<\/p>\n<p>Des de l\u2019escola som conscients de la import\u00e0ncia del dret a la pr\u00f2pia imatge, reconegut a l&#8217;article 18.1 de la Constituci\u00f3 espanyola i regulat per la Llei org\u00e0nica 1\/1982. Per fer efectiu aquest dret a l\u2019inici de cada curs es demana l&#8217;<a href=\"https:\/\/drive.google.com\/file\/d\/1EhDKqzwWMzHfWMaipBtMDT1J2xWbz-z9\/view\" target=\"_blank\" rel=\"noopener\">autoritzaci\u00f3<\/a> per a la difusi\u00f3 d&#8217;imatges de l&#8217;alumnat a la web de l\u2019escola, a la revista de l\u2019AFA o en revistes, publicacions i\/o mitjans de comunicaci\u00f3 locals o regionals en not\u00edcies d&#8217;\u00e0mbit educatiu.<\/p>\n<p>Per tal de mantenir un equilibri entre la difusi\u00f3 de les activitats que fem a l\u2019escola i el dret a la imatge i a la intimitat del nostre alumnat, s&#8217;ha habilitat un espai amb acc\u00e8s restringit per a la publicaci\u00f3 de les imatges d&#8217;activitats educatives. Aquest espai es gestiona a trav\u00e9s de la plataforma Nextcloud. Cada curs t\u00e9 el seu enlla\u00e7 d&#8217;acc\u00e9s i tamb\u00e9 la clau per accedir als continguts. D&#8217;aquesta manera nom\u00e9s les fam\u00edlies que tenen alumnes en el curs corresponent, en poden visualitzar les fotografies.<\/p>\n<p>&nbsp;<\/p>\n<h4>Desconnexi\u00f3 digital<\/h4>\n<p>Per tal de fer efectiu el dret a la desconnexi\u00f3 digital del professorat l&#8217;horari de refer\u00e8ncia per a gestionar les comunicacions relacionades amb q\u00fcestions escolars \u00e9s de 9:00 a 13:30 i de 15:00 a 18:00.<\/p>\n<p>S&#8217;encoratge a tot el professorat a seguir aquesta recomanaci\u00f3 per facilitar la conciliaci\u00f3 familiar i laboral de tot el personal de l&#8217;escola.<\/p>\n","protected":false},"excerpt":{"rendered":"<p>En aquest apartat es descriuran tots els aspectes referents a la comunicaci\u00f3 entre els diferents membres de la comunitat educativa. Comunicacions internes Les eines de comunicaci\u00f3 interna de l&#8217;escola s\u00f3n, prorit\u00e0riament, el correu electr\u00f2nic corporatiu (xtec) i el calendar.\u00a0 El professorat de l&#8217;escola t\u00e9 l&#8217;obligaci\u00f3 de consultar almenys una vegada al dia aquests aplicatius. Tot [&hellip;]<\/p>\n","protected":false},"author":66,"featured_media":0,"parent":6695,"menu_order":20,"comment_status":"closed","ping_status":"closed","template":"page-templates\/side-menu.php","meta":{"_bbp_topic_count":0,"_bbp_reply_count":0,"_bbp_total_topic_count":0,"_bbp_total_reply_count":0,"_bbp_voice_count":0,"_bbp_anonymous_reply_count":0,"_bbp_topic_count_hidden":0,"_bbp_reply_count_hidden":0,"_bbp_forum_subforum_count":0,"site-sidebar-layout":"default","site-content-layout":"","ast-site-content-layout":"","site-content-style":"default","site-sidebar-style":"default","ast-global-header-display":"","ast-banner-title-visibility":"","ast-main-header-display":"","ast-hfb-above-header-display":"","ast-hfb-below-header-display":"","ast-hfb-mobile-header-display":"","site-post-title":"","ast-breadcrumbs-content":"","ast-featured-img":"","footer-sml-layout":"","theme-transparent-header-meta":"","adv-header-id-meta":"","stick-header-meta":"","header-above-stick-meta":"","header-main-stick-meta":"","header-below-stick-meta":"","astra-migrate-meta-layouts":"default","ast-page-background-enabled":"default","ast-page-background-meta":{"desktop":{"background-color":"var(--ast-global-color-4)","background-image":"","background-repeat":"repeat","background-position":"center center","background-size":"auto","background-attachment":"scroll","background-type":"","background-media":"","overlay-type":"","overlay-color":"","overlay-opacity":"","overlay-gradient":""},"tablet":{"background-color":"","background-image":"","background-repeat":"repeat","background-position":"center center","background-size":"auto","background-attachment":"scroll","background-type":"","background-media":"","overlay-type":"","overlay-color":"","overlay-opacity":"","overlay-gradient":""},"mobile":{"background-color":"","background-image":"","background-repeat":"repeat","background-position":"center center","background-size":"auto","background-attachment":"scroll","background-type":"","background-media":"","overlay-type":"","overlay-color":"","overlay-opacity":"","overlay-gradient":""}},"ast-content-background-meta":{"desktop":{"background-color":"var(--ast-global-color-5)","background-image":"","background-repeat":"repeat","background-position":"center center","background-size":"auto","background-attachment":"scroll","background-type":"","background-media":"","overlay-type":"","overlay-color":"","overlay-opacity":"","overlay-gradient":""},"tablet":{"background-color":"var(--ast-global-color-5)","background-image":"","background-repeat":"repeat","background-position":"center center","background-size":"auto","background-attachment":"scroll","background-type":"","background-media":"","overlay-type":"","overlay-color":"","overlay-opacity":"","overlay-gradient":""},"mobile":{"background-color":"var(--ast-global-color-5)","background-image":"","background-repeat":"repeat","background-position":"center center","background-size":"auto","background-attachment":"scroll","background-type":"","background-media":"","overlay-type":"","overlay-color":"","overlay-opacity":"","overlay-gradient":""}},"footnotes":""},"class_list":["post-7058","page","type-page","status-publish","hentry"],"post_mailing_queue_ids":[],"_links":{"self":[{"href":"https:\/\/agora.xtec.cat\/ceip-jacint-verdaguer-tarrega\/wp-json\/wp\/v2\/pages\/7058","targetHints":{"allow":["GET"]}}],"collection":[{"href":"https:\/\/agora.xtec.cat\/ceip-jacint-verdaguer-tarrega\/wp-json\/wp\/v2\/pages"}],"about":[{"href":"https:\/\/agora.xtec.cat\/ceip-jacint-verdaguer-tarrega\/wp-json\/wp\/v2\/types\/page"}],"author":[{"embeddable":true,"href":"https:\/\/agora.xtec.cat\/ceip-jacint-verdaguer-tarrega\/wp-json\/wp\/v2\/users\/66"}],"replies":[{"embeddable":true,"href":"https:\/\/agora.xtec.cat\/ceip-jacint-verdaguer-tarrega\/wp-json\/wp\/v2\/comments?post=7058"}],"version-history":[{"count":4,"href":"https:\/\/agora.xtec.cat\/ceip-jacint-verdaguer-tarrega\/wp-json\/wp\/v2\/pages\/7058\/revisions"}],"predecessor-version":[{"id":7509,"href":"https:\/\/agora.xtec.cat\/ceip-jacint-verdaguer-tarrega\/wp-json\/wp\/v2\/pages\/7058\/revisions\/7509"}],"up":[{"embeddable":true,"href":"https:\/\/agora.xtec.cat\/ceip-jacint-verdaguer-tarrega\/wp-json\/wp\/v2\/pages\/6695"}],"wp:attachment":[{"href":"https:\/\/agora.xtec.cat\/ceip-jacint-verdaguer-tarrega\/wp-json\/wp\/v2\/media?parent=7058"}],"curies":[{"name":"wp","href":"https:\/\/api.w.org\/{rel}","templated":true}]}}