{"id":630,"date":"2018-03-01T18:54:46","date_gmt":"2018-03-01T17:54:46","guid":{"rendered":"http:\/\/agora.xtec.cat\/ceip-jacint-verdaguer-tarrega\/?page_id=630"},"modified":"2021-02-13T07:56:22","modified_gmt":"2021-02-13T06:56:22","slug":"programari-lliure","status":"publish","type":"page","link":"https:\/\/agora.xtec.cat\/ceip-jacint-verdaguer-tarrega\/pagines-dinici\/projecte-educatiu\/programari-lliure\/","title":{"rendered":"Programari lliure"},"content":{"rendered":"<p>La nostra escola aposta per l&#8217;\u00fas del programari lliure.<\/p>\n<p>Un dels objectius de l&#8217;etapa \u00e9s desenvolupar la compet\u00e8ncia digital del nostre alumnat i creiem que la manera m\u00e9s efectiva de garantir-ho \u00e9s treballant amb programari lliure.<\/p>\n<p>Aquest tipus de programes s\u00f3n elaborats per la comunitat, el codi \u00e9s p\u00fablic i obert cosa que permet que els usuaris introdueixin modificacions i puguin distribuir-los lliurement.<\/p>\n<p>A m\u00e9s evitem formar una generaci\u00f3 dependent de les grans companyies tecnol\u00f2giques: volem formar usuaris actius i cr\u00edtics enlloc de simples consumidors de productes tecnol\u00f2gics.<\/p>\n<p>El sistema operatiu de refer\u00e8ncia \u00e9s el Linkat. A continuaci\u00f3 us deixem diferents enlla\u00e7os als programes que utilitzem a l&#8217;escola (clicant a la imatge). Tamb\u00e9 anirem afegint enlla\u00e7os a algunes webs interessants.<\/p>\n<p>Recordeu que podeu instal\u00b7lar-los lliurement al vostre ordinador personal: \u00e9s programari lliure!<\/p>\n<p><a href=\"http:\/\/linkat.xtec.cat\/portal\/index.php?module=Pages&amp;func=display&amp;pageid=6\" target=\"_blank\" rel=\"noopener noreferrer\"><img loading=\"lazy\" decoding=\"async\" class=\"size-full wp-image-657 alignleft\" src=\"http:\/\/agora.xtec.cat\/ceip-jacint-verdaguer-tarrega\/wp-content\/uploads\/usu312\/2018\/03\/logo_linkat11_4_2-Copiar.jpg\" alt=\"\" width=\"128\" height=\"150\" \/><\/a><\/p>\n<p>&nbsp;<\/p>\n<p>La Linkat \u00e9s un sistema operatiu lliure, basat en ubuntu, que el Departament posa a disposici\u00f3 de la comunitat educativa i de tota la societat. Permet l&#8217;acc\u00e9s de forma legal i gratu\u00efta a aplicacions: educatives, d&#8217;ofim\u00e0tica, d&#8217;Internet, multim\u00e8dia&#8230;<\/p>\n<p>&nbsp;<\/p>\n<p>&nbsp;<\/p>\n<p><a href=\"https:\/\/ca.libreoffice.org\" target=\"_blank\" rel=\"noopener noreferrer\"><img loading=\"lazy\" decoding=\"async\" class=\"size-full wp-image-656 alignleft\" src=\"http:\/\/agora.xtec.cat\/ceip-jacint-verdaguer-tarrega\/wp-content\/uploads\/usu312\/2018\/03\/Libreoffice_icon_mix-Copiar.png\" alt=\"\" width=\"98\" height=\"150\" \/><\/a><\/p>\n<p>&nbsp;<\/p>\n<p>El LibreOffice \u00e9s el paquet ofim\u00e0tic m\u00e9s potent, gratu\u00eft, lliure i de codi lliure per a Windows, Macintosh i Linux.\u00a0<span class=\"intro\">Incorpora 6 programes per cobrir totes les necesitats de producci\u00f3 de documents i processament de dades: Writer, Calc, Impress, Draw, Base i Math. L&#8217;assist\u00e8ncia i documentaci\u00f3 \u00e9s gratu\u00efta gr\u00e0cies a la comunitat, usuaris dedicats, col\u00b7laboradors i desenvolupadors. Tamb\u00e9 hi podeu participar!<\/span><\/p>\n<p>&nbsp;<\/p>\n<p><a href=\"https:\/\/www.softcatala.org\/programes\/gimp\/\" target=\"_blank\" rel=\"noopener noreferrer\"><img loading=\"lazy\" decoding=\"async\" class=\"size-full wp-image-658 alignleft\" src=\"http:\/\/agora.xtec.cat\/ceip-jacint-verdaguer-tarrega\/wp-content\/uploads\/usu312\/2018\/03\/Wilber-gimp-Copiar.png\" alt=\"\" width=\"150\" height=\"150\" \/><\/a><\/p>\n<p>&nbsp;<\/p>\n<p>El GIMP \u00e9s un programa lliure potent i vers\u00e0til, adequat per a tasques com ara retoc fotogr\u00e0fic o creaci\u00f3 i disseny d&#8217;imatges.<\/p>\n<p>&nbsp;<\/p>\n<p>&nbsp;<\/p>\n","protected":false},"excerpt":{"rendered":"<p>La nostra escola aposta per l&#8217;\u00fas del programari lliure. Un dels objectius de l&#8217;etapa \u00e9s desenvolupar la compet\u00e8ncia digital del nostre alumnat i creiem que la manera m\u00e9s efectiva de garantir-ho \u00e9s treballant amb programari lliure. Aquest tipus de programes s\u00f3n elaborats per la comunitat, el codi \u00e9s p\u00fablic i obert cosa que permet que [&hellip;]<\/p>\n","protected":false},"author":1,"featured_media":0,"parent":64,"menu_order":60,"comment_status":"closed","ping_status":"closed","template":"page-templates\/side-menu.php","meta":{"_bbp_topic_count":0,"_bbp_reply_count":0,"_bbp_total_topic_count":0,"_bbp_total_reply_count":0,"_bbp_voice_count":0,"_bbp_anonymous_reply_count":0,"_bbp_topic_count_hidden":0,"_bbp_reply_count_hidden":0,"_bbp_forum_subforum_count":0,"site-sidebar-layout":"default","site-content-layout":"","ast-site-content-layout":"","site-content-style":"default","site-sidebar-style":"default","ast-global-header-display":"","ast-banner-title-visibility":"","ast-main-header-display":"","ast-hfb-above-header-display":"","ast-hfb-below-header-display":"","ast-hfb-mobile-header-display":"","site-post-title":"","ast-breadcrumbs-content":"","ast-featured-img":"","footer-sml-layout":"","theme-transparent-header-meta":"","adv-header-id-meta":"","stick-header-meta":"","header-above-stick-meta":"","header-main-stick-meta":"","header-below-stick-meta":"","astra-migrate-meta-layouts":"default","ast-page-background-enabled":"default","ast-page-background-meta":{"desktop":{"background-color":"var(--ast-global-color-4)","background-image":"","background-repeat":"repeat","background-position":"center center","background-size":"auto","background-attachment":"scroll","background-type":"","background-media":"","overlay-type":"","overlay-color":"","overlay-opacity":"","overlay-gradient":""},"tablet":{"background-color":"","background-image":"","background-repeat":"repeat","background-position":"center center","background-size":"auto","background-attachment":"scroll","background-type":"","background-media":"","overlay-type":"","overlay-color":"","overlay-opacity":"","overlay-gradient":""},"mobile":{"background-color":"","background-image":"","background-repeat":"repeat","background-position":"center center","background-size":"auto","background-attachment":"scroll","background-type":"","background-media":"","overlay-type":"","overlay-color":"","overlay-opacity":"","overlay-gradient":""}},"ast-content-background-meta":{"desktop":{"background-color":"var(--ast-global-color-5)","background-image":"","background-repeat":"repeat","background-position":"center center","background-size":"auto","background-attachment":"scroll","background-type":"","background-media":"","overlay-type":"","overlay-color":"","overlay-opacity":"","overlay-gradient":""},"tablet":{"background-color":"var(--ast-global-color-5)","background-image":"","background-repeat":"repeat","background-position":"center center","background-size":"auto","background-attachment":"scroll","background-type":"","background-media":"","overlay-type":"","overlay-color":"","overlay-opacity":"","overlay-gradient":""},"mobile":{"background-color":"var(--ast-global-color-5)","background-image":"","background-repeat":"repeat","background-position":"center center","background-size":"auto","background-attachment":"scroll","background-type":"","background-media":"","overlay-type":"","overlay-color":"","overlay-opacity":"","overlay-gradient":""}},"footnotes":""},"class_list":["post-630","page","type-page","status-publish","hentry"],"post_mailing_queue_ids":[],"_links":{"self":[{"href":"https:\/\/agora.xtec.cat\/ceip-jacint-verdaguer-tarrega\/wp-json\/wp\/v2\/pages\/630","targetHints":{"allow":["GET"]}}],"collection":[{"href":"https:\/\/agora.xtec.cat\/ceip-jacint-verdaguer-tarrega\/wp-json\/wp\/v2\/pages"}],"about":[{"href":"https:\/\/agora.xtec.cat\/ceip-jacint-verdaguer-tarrega\/wp-json\/wp\/v2\/types\/page"}],"author":[{"embeddable":true,"href":"https:\/\/agora.xtec.cat\/ceip-jacint-verdaguer-tarrega\/wp-json\/wp\/v2\/users\/1"}],"replies":[{"embeddable":true,"href":"https:\/\/agora.xtec.cat\/ceip-jacint-verdaguer-tarrega\/wp-json\/wp\/v2\/comments?post=630"}],"version-history":[{"count":3,"href":"https:\/\/agora.xtec.cat\/ceip-jacint-verdaguer-tarrega\/wp-json\/wp\/v2\/pages\/630\/revisions"}],"predecessor-version":[{"id":4494,"href":"https:\/\/agora.xtec.cat\/ceip-jacint-verdaguer-tarrega\/wp-json\/wp\/v2\/pages\/630\/revisions\/4494"}],"up":[{"embeddable":true,"href":"https:\/\/agora.xtec.cat\/ceip-jacint-verdaguer-tarrega\/wp-json\/wp\/v2\/pages\/64"}],"wp:attachment":[{"href":"https:\/\/agora.xtec.cat\/ceip-jacint-verdaguer-tarrega\/wp-json\/wp\/v2\/media?parent=630"}],"curies":[{"name":"wp","href":"https:\/\/api.w.org\/{rel}","templated":true}]}}