{"id":6138,"date":"2022-06-09T15:51:28","date_gmt":"2022-06-09T13:51:28","guid":{"rendered":"https:\/\/agora.xtec.cat\/ceip-jacint-verdaguer-tarrega\/?page_id=6138"},"modified":"2023-03-23T15:36:38","modified_gmt":"2023-03-23T14:36:38","slug":"acolliment-digital","status":"publish","type":"page","link":"https:\/\/agora.xtec.cat\/ceip-jacint-verdaguer-tarrega\/pagines-dinici\/estrategia-digital-de-centre\/cultura-digital\/acolliment-digital\/","title":{"rendered":"Acollida digital"},"content":{"rendered":"<h3><b>Acollida professorat<\/b><\/h3>\n<ul style=\"list-style-type: disc;\">\n<li><b>Drive &#8211; Espai Digital de centre<\/b><\/li>\n<\/ul>\n<p style=\"padding-left: 40px;\"><span style=\"font-weight: 400;\">Existeixen diferents unitats compartides relacionades amb:<\/span><\/p>\n<ul>\n<li style=\"list-style-type: none;\">\n<ul>\n<li style=\"list-style-type: none;\">\n<ul>\n<li style=\"list-style-type: none;\">\n<ul>\n<li style=\"font-weight: 400;\" aria-level=\"1\"><span style=\"font-weight: 400;\">Documentaci\u00f3 b\u00e0sica \/ proves gen\u00e8riques de centre (tot el claustre)<\/span><\/li>\n<li style=\"font-weight: 400;\" aria-level=\"1\"><span style=\"font-weight: 400;\">Activitats did\u00e0ctiques (equips de cicle)<\/span><\/li>\n<li style=\"font-weight: 400;\" aria-level=\"1\"><span style=\"font-weight: 400;\">Qualificacions (equips docents de cada curs)<\/span><\/li>\n<\/ul>\n<\/li>\n<\/ul>\n<\/li>\n<\/ul>\n<\/li>\n<\/ul>\n<p style=\"padding-left: 40px;\">En arribar al centre es dona d&#8217;alta al professorat als espais compartits digitals i i en marxar del centre es dona de baixa.<\/p>\n<ul>\n<li><b>Ordinador Docent<\/b><\/li>\n<\/ul>\n<p style=\"padding-left: 40px;\"><span style=\"font-weight: 400;\">En arribar al centre, es lliura al docent un ordinador port\u00e0til. Es mant\u00e9 el registre dels usuaris i equips assignats. Tota la gesti\u00f3 d\u2019aquests equipaments es fa a trav\u00e9s de la plataforma INDIC.\u00a0<\/span><\/p>\n<ul>\n<li><b>Equipament de centre<\/b><\/li>\n<\/ul>\n<p style=\"padding-left: 40px;\"><span style=\"font-weight: 400;\">El centre disposa d\u2019equips a la sala de professors, aules ordin\u00e0ries i aules d\u2019inform\u00e0tica. S&#8217;informa al docent de les claus d&#8217;acc\u00e9s a aquests equipaments.<\/span><\/p>\n<ul>\n<li><b>Wifi de l\u2019escola<\/b><\/li>\n<\/ul>\n<p style=\"padding-left: 40px;\"><span style=\"font-weight: 400;\">En arribar al centre es proporciona al docent les contrasenyes de les seg\u00fcents xarxes:<\/span><\/p>\n<ul>\n<li style=\"list-style-type: none;\">\n<ul>\n<li style=\"list-style-type: none;\">\n<ul>\n<li style=\"list-style-type: none;\">\n<ul>\n<li style=\"font-weight: 400;\" aria-level=\"1\"><span style=\"font-weight: 400;\">EDUCAT_GENS_EDU_PORTAL:\u00a0<\/span><\/li>\n<li style=\"font-weight: 400;\" aria-level=\"1\"><span style=\"font-weight: 400;\">EDUCAT_GENS_EDU: Usuari i contrasenya (\u00fas habitual)<\/span><\/li>\n<li style=\"font-weight: 400;\" aria-level=\"1\"><span style=\"font-weight: 400;\">eduroam (es pot connectar amb les credencials xtec)<\/span><\/li>\n<\/ul>\n<\/li>\n<\/ul>\n<\/li>\n<\/ul>\n<\/li>\n<li><b>Fotocopiadores<\/b><\/li>\n<\/ul>\n<p style=\"padding-left: 40px;\"><span style=\"font-weight: 400;\">El centre disposa de 2 fotocopiadores \/ impressores del departament i 2 de pr\u00f2pies. Cada nivell educatiu t\u00e9 el seu propi codi que es proporciona al docent. Es mant\u00e9 el registre de les c\u00f2pies que realitza cada usuari. Tamb\u00e9 existeix un codi gen\u00e8ric per c\u00f2pies pr\u00f2pies que es gestiona des de secretaria.\u00a0<\/span><\/p>\n<ul>\n<li><b>Entorn Virtual d&#8217;Aprenentatge (EVA) &#8211;<\/b><a href=\"https:\/\/educaciodigital.cat\/escolavaleriserra\/moodle\/login\/index.php\"> <span style=\"font-weight: 400;\">Moodle Eix<\/span><\/a><\/li>\n<\/ul>\n<p style=\"padding-left: 40px;\"><span style=\"font-weight: 400;\">Es dona d&#8217;alta al moodle de centre amb el rol de professor editor. Aix\u00f2 li permet accedir a tots els cursos del nivell educatiu a qu\u00e8 pertany.\u00a0<\/span><\/p>\n<ul>\n<li><b>Web del centre &#8211; Nodes<\/b><\/li>\n<\/ul>\n<p style=\"padding-left: 40px;\"><span style=\"font-weight: 400;\">Es donen permisos als docents per accedir a la web de centre i fer publicacions relacionades amb l\u2019activitat d\u2019aula. El rol per defecte que s\u2019assigna \u00e9s editor.\u00a0<\/span><\/p>\n<ul>\n<li><b>Incid\u00e8ncies digitals<\/b><\/li>\n<\/ul>\n<p style=\"padding-left: 40px;\"><span style=\"font-weight: 400;\">S&#8217;explica al docent com es gestionen les incid\u00e8ncies i l&#8217;acc\u00e9s al formulari d&#8217;alta en l&#8217;espai de centre.\u00a0\u00a0<\/span><\/p>\n<ul>\n<li><b>Missatgeria instant\u00e0nia<\/b><\/li>\n<\/ul>\n<p style=\"padding-left: 40px;\"><span style=\"font-weight: 400;\">El centre disposa de diversos grups on es dona d&#8217;alta el docent:<\/span><\/p>\n<ul>\n<li style=\"list-style-type: none;\">\n<ul>\n<li style=\"list-style-type: none;\">\n<ul>\n<li style=\"list-style-type: none;\">\n<ul>\n<li style=\"font-weight: 400;\" aria-level=\"1\"><span style=\"font-weight: 400;\">Centre<\/span><\/li>\n<li style=\"font-weight: 400;\" aria-level=\"1\"><span style=\"font-weight: 400;\">Cicle<\/span><\/li>\n<li style=\"font-weight: 400;\" aria-level=\"1\"><span style=\"font-weight: 400;\">Comissi\u00f3<\/span><\/li>\n<\/ul>\n<\/li>\n<\/ul>\n<\/li>\n<\/ul>\n<\/li>\n<\/ul>\n<p>&nbsp;<\/p>\n<h3><b>Acollida alumnat<\/b><\/h3>\n<ul>\n<li><b>Entorn Virtual d&#8217;Aprenentatge (EVA)\u00a0<\/b><\/li>\n<\/ul>\n<p style=\"padding-left: 40px;\"><span style=\"font-weight: 400;\">Es proporciona l&#8217;usuari i clau d&#8217;acc\u00e9s inicial a l&#8217;alumne. Pr\u00e8viament, s\u2019haur\u00e0 registrat l\u2019alumne al curs corresponent.<\/span><\/p>\n<ul>\n<li><b>Ordinador personal i\/o Mifi<\/b><\/li>\n<\/ul>\n<p style=\"padding-left: 40px;\"><span style=\"font-weight: 400;\">En cas d&#8217;alumnat de cicle superior es proporciona un equip (ordinador \/ Mifi) segons les necessitats de l&#8217;alumne. Pr\u00e8viament \u00e9s necessari que la fam\u00edlia accepti les condicions de pr\u00e9stec i es comprometi a fer-ne un bon \u00fas.\u00a0<\/span><\/p>\n<ul>\n<li><b>Web del centre &#8211; Nodes<\/b><\/li>\n<\/ul>\n<p style=\"padding-left: 40px;\"><span style=\"font-weight: 400;\">S&#8217;informa a l&#8217;alumnat que es publiquen peri\u00f2dicament not\u00edcies relacionades amb l&#8217;activitat educativa del centre.\u00a0<\/span><\/p>\n<ul>\n<li><b>Wifi de l&#8217;escola<\/b><\/li>\n<\/ul>\n<p style=\"padding-left: 40px;\"><span style=\"font-weight: 400;\">La coordinadora digital del centre configura els equips de l&#8217;alumnat per connectar-se a la xarxa, per\u00f2 no se&#8217;ls proporciona la contrasenya.<\/span><\/p>\n<ul>\n<li><b>Incid\u00e8ncies digitals<\/b><\/li>\n<\/ul>\n<p style=\"padding-left: 40px;\"><span style=\"font-weight: 400;\">L&#8217;alumnat comunica al seu tutor en cas que hi hagi alguna incid\u00e8ncia que no li permeti treballar.\u00a0<\/span><\/p>\n<p>&nbsp;<\/p>\n<h3><b>Acollida fam\u00edlies<\/b><\/h3>\n<ul>\n<li><b>Comunicaci\u00f3 amb la comunitat educativa<\/b><\/li>\n<\/ul>\n<p style=\"padding-left: 40px;\">S&#8217;explica a les fam\u00edlies els canals de comunicaci\u00f3 que s&#8217;utilitzen a l&#8217;escola (comunicaci\u00f3).<\/p>\n<ul>\n<li><b>Entorn Virtual d&#8217;Aprenentatge (EVA) &#8211;<\/b><a href=\"https:\/\/educaciodigital.cat\/escolavaleriserra\/moodle\/login\/index.php\"> <span style=\"font-weight: 400;\">Moodle Eix<\/span><\/a><\/li>\n<\/ul>\n<p style=\"padding-left: 40px;\"><span style=\"font-weight: 400;\">S&#8217;informa a les fam\u00edlies que l&#8217;alumnat disposa d&#8217;usuari i contrasenya per utilitzar aquest Entorn Virtual d&#8217;Aprenentatge.<\/span><\/p>\n<ul>\n<li><b>Ordinador personal i\/o Mifi<\/b><\/li>\n<\/ul>\n<p style=\"padding-left: 40px;\"><span style=\"font-weight: 400;\">S&#8217;informa a les fam\u00edlies de les condicions d&#8217;\u00fas de l&#8217;ordinador i\/o MIFI cedit a l&#8217;alumnat de <\/span><b>cicle superior<\/b> i es fa signar <span style=\"font-weight: 400;\">el document de comprom\u00eds.<\/span><\/p>\n<ul>\n<li><b>Web del centre &#8211; Nodes<\/b><\/li>\n<\/ul>\n<p style=\"padding-left: 40px;\"><span style=\"font-weight: 400;\">La p\u00e0gina web \u00e9s el mitj\u00e0 de comunicaci\u00f3 entre l&#8217;escola i les fam\u00edlies. En aquest espai web s&#8217;hi pengen articles sobre activitats de l&#8217;escola i informacions \u00fatils (matr\u00edcules, ajuts, cursos, \u2026) destinades a les fam\u00edlies. Tamb\u00e9 hi ha penjats documents importants de la nostra escola com el Projecte Educatiu de Centre (PEC), les Normes i Normes d&#8217;Organitzaci\u00f3 i Funcionament de Centre (NOFC) i l&#8217;estrat\u00e8gia digital (EDC).<\/span><span style=\"font-weight: 400;\">\u00a0<\/span><\/p>\n<ul>\n<li><b>Imatge pr\u00f2pia i de l&#8217;\u00fas de serveis<\/b><\/li>\n<\/ul>\n<p style=\"padding-left: 40px;\"><span style=\"font-weight: 400;\">\u00c9s necess\u00e0ria l&#8217;autoritzaci\u00f3 de la fam\u00edlia per poder penjar imatges a la web del centre. El tutor\/a proporcionar\u00e0 l&#8217;autoritzaci\u00f3 en format paper a les fam\u00edlies que l&#8217;hauran d&#8217;omplir, signar i retornar per tal que es puguin aplicar els criteris pertinents en les activitats d&#8217;escola. L&#8217;autoritzaci\u00f3 es pot trobar en aquest <a href=\"https:\/\/agora.xtec.cat\/ceip-jacint-verdaguer-tarrega\/pagines-dinici\/documents-descola\/autoritzacions\/\">ESPAI<\/a> de la web de l&#8217;escola per a descarregar.\u00a0<\/span><\/p>\n","protected":false},"excerpt":{"rendered":"<p>Acollida professorat Drive &#8211; Espai Digital de centre Existeixen diferents unitats compartides relacionades amb: Documentaci\u00f3 b\u00e0sica \/ proves gen\u00e8riques de centre (tot el claustre) Activitats did\u00e0ctiques (equips de cicle) Qualificacions (equips docents de cada curs) En arribar al centre es dona d&#8217;alta al professorat als espais compartits digitals i i en marxar del centre es [&hellip;]<\/p>\n","protected":false},"author":66,"featured_media":0,"parent":6695,"menu_order":20,"comment_status":"closed","ping_status":"closed","template":"page-templates\/side-menu.php","meta":{"_bbp_topic_count":0,"_bbp_reply_count":0,"_bbp_total_topic_count":0,"_bbp_total_reply_count":0,"_bbp_voice_count":0,"_bbp_anonymous_reply_count":0,"_bbp_topic_count_hidden":0,"_bbp_reply_count_hidden":0,"_bbp_forum_subforum_count":0,"site-sidebar-layout":"default","site-content-layout":"","ast-site-content-layout":"","site-content-style":"default","site-sidebar-style":"default","ast-global-header-display":"","ast-banner-title-visibility":"","ast-main-header-display":"","ast-hfb-above-header-display":"","ast-hfb-below-header-display":"","ast-hfb-mobile-header-display":"","site-post-title":"","ast-breadcrumbs-content":"","ast-featured-img":"","footer-sml-layout":"","theme-transparent-header-meta":"","adv-header-id-meta":"","stick-header-meta":"","header-above-stick-meta":"","header-main-stick-meta":"","header-below-stick-meta":"","astra-migrate-meta-layouts":"default","ast-page-background-enabled":"default","ast-page-background-meta":{"desktop":{"background-color":"var(--ast-global-color-4)","background-image":"","background-repeat":"repeat","background-position":"center center","background-size":"auto","background-attachment":"scroll","background-type":"","background-media":"","overlay-type":"","overlay-color":"","overlay-opacity":"","overlay-gradient":""},"tablet":{"background-color":"","background-image":"","background-repeat":"repeat","background-position":"center center","background-size":"auto","background-attachment":"scroll","background-type":"","background-media":"","overlay-type":"","overlay-color":"","overlay-opacity":"","overlay-gradient":""},"mobile":{"background-color":"","background-image":"","background-repeat":"repeat","background-position":"center center","background-size":"auto","background-attachment":"scroll","background-type":"","background-media":"","overlay-type":"","overlay-color":"","overlay-opacity":"","overlay-gradient":""}},"ast-content-background-meta":{"desktop":{"background-color":"var(--ast-global-color-5)","background-image":"","background-repeat":"repeat","background-position":"center center","background-size":"auto","background-attachment":"scroll","background-type":"","background-media":"","overlay-type":"","overlay-color":"","overlay-opacity":"","overlay-gradient":""},"tablet":{"background-color":"var(--ast-global-color-5)","background-image":"","background-repeat":"repeat","background-position":"center center","background-size":"auto","background-attachment":"scroll","background-type":"","background-media":"","overlay-type":"","overlay-color":"","overlay-opacity":"","overlay-gradient":""},"mobile":{"background-color":"var(--ast-global-color-5)","background-image":"","background-repeat":"repeat","background-position":"center center","background-size":"auto","background-attachment":"scroll","background-type":"","background-media":"","overlay-type":"","overlay-color":"","overlay-opacity":"","overlay-gradient":""}},"footnotes":""},"class_list":["post-6138","page","type-page","status-publish","hentry"],"post_mailing_queue_ids":[],"_links":{"self":[{"href":"https:\/\/agora.xtec.cat\/ceip-jacint-verdaguer-tarrega\/wp-json\/wp\/v2\/pages\/6138","targetHints":{"allow":["GET"]}}],"collection":[{"href":"https:\/\/agora.xtec.cat\/ceip-jacint-verdaguer-tarrega\/wp-json\/wp\/v2\/pages"}],"about":[{"href":"https:\/\/agora.xtec.cat\/ceip-jacint-verdaguer-tarrega\/wp-json\/wp\/v2\/types\/page"}],"author":[{"embeddable":true,"href":"https:\/\/agora.xtec.cat\/ceip-jacint-verdaguer-tarrega\/wp-json\/wp\/v2\/users\/66"}],"replies":[{"embeddable":true,"href":"https:\/\/agora.xtec.cat\/ceip-jacint-verdaguer-tarrega\/wp-json\/wp\/v2\/comments?post=6138"}],"version-history":[{"count":4,"href":"https:\/\/agora.xtec.cat\/ceip-jacint-verdaguer-tarrega\/wp-json\/wp\/v2\/pages\/6138\/revisions"}],"predecessor-version":[{"id":7842,"href":"https:\/\/agora.xtec.cat\/ceip-jacint-verdaguer-tarrega\/wp-json\/wp\/v2\/pages\/6138\/revisions\/7842"}],"up":[{"embeddable":true,"href":"https:\/\/agora.xtec.cat\/ceip-jacint-verdaguer-tarrega\/wp-json\/wp\/v2\/pages\/6695"}],"wp:attachment":[{"href":"https:\/\/agora.xtec.cat\/ceip-jacint-verdaguer-tarrega\/wp-json\/wp\/v2\/media?parent=6138"}],"curies":[{"name":"wp","href":"https:\/\/api.w.org\/{rel}","templated":true}]}}