{"id":6134,"date":"2023-03-09T15:51:14","date_gmt":"2023-03-09T14:51:14","guid":{"rendered":"https:\/\/agora.xtec.cat\/ceip-jacint-verdaguer-tarrega\/?page_id=6134"},"modified":"2023-03-09T15:51:14","modified_gmt":"2023-03-09T14:51:14","slug":"portals-i-xarxes","status":"publish","type":"page","link":"https:\/\/agora.xtec.cat\/ceip-jacint-verdaguer-tarrega\/pagines-dinici\/estrategia-digital-de-centre\/cultura-digital\/portals-i-xarxes\/","title":{"rendered":"Portals i xarxes"},"content":{"rendered":"<p>El centre vetlla per garantir la privacitat i seguretat de tota la comunitat educativa en relaci\u00f3 amb la difusi\u00f3 d&#8217;imatges i dades. Per aix\u00f2 t\u00e9 una pol\u00edtica de difusi\u00f3 focalitzada en l&#8217;acci\u00f3 educativa que duu a terme el centre tal com es detalla en l&#8217;<a href=\"https:\/\/agora.xtec.cat\/ceip-jacint-verdaguer-tarrega\/estrategia-digital-de-centre\/cultura-digital\/comunicacio\/\">apartat de comunicaci\u00f3<\/a>. En aquest sentit, els portals utilitzats s\u00f3n principalment:<\/p>\n<p>&nbsp;<\/p>\n<h4><strong>Web de centre &#8211; Nodes<\/strong><\/h4>\n<p>L&#8217;espai web del centre t\u00e9 una doble finalitat:<\/p>\n<ul>\n<li style=\"list-style-type: none;\">\n<ul>\n<li>Difondre informaci\u00f3 d&#8217;inter\u00e8s cap a les fam\u00edlies sobre tr\u00e0mits administratius (matr\u00edcula, beques, &#8230;) i funcionament organitzatiu del centre (NOFC, PEC, AFA, reunions, &#8230;).<\/li>\n<li>Mostrar les activitats educatives que es duen a terme al centre i al seu entorn m\u00e9s proper.<\/li>\n<\/ul>\n<\/li>\n<\/ul>\n<p><a href=\"https:\/\/agora.xtec.cat\/ceip-jacint-verdaguer-tarrega\/wp-content\/uploads\/usu312\/2023\/03\/web.png\"><img loading=\"lazy\" decoding=\"async\" class=\"wp-image-7791 aligncenter\" src=\"https:\/\/agora.xtec.cat\/ceip-jacint-verdaguer-tarrega\/wp-content\/uploads\/usu312\/2023\/03\/web-300x44.png\" alt=\"\" width=\"600\" height=\"88\" srcset=\"https:\/\/agora.xtec.cat\/ceip-jacint-verdaguer-tarrega\/wp-content\/uploads\/usu312\/2023\/03\/web-300x44.png 300w, https:\/\/agora.xtec.cat\/ceip-jacint-verdaguer-tarrega\/wp-content\/uploads\/usu312\/2023\/03\/web-1024x150.png 1024w, https:\/\/agora.xtec.cat\/ceip-jacint-verdaguer-tarrega\/wp-content\/uploads\/usu312\/2023\/03\/web-768x112.png 768w, https:\/\/agora.xtec.cat\/ceip-jacint-verdaguer-tarrega\/wp-content\/uploads\/usu312\/2023\/03\/web.png 1525w\" sizes=\"auto, (max-width: 600px) 100vw, 600px\" \/><\/a><\/p>\n<p>&nbsp;<\/p>\n<h4><strong>Moodle<\/strong><\/h4>\n<p>\u00c9s l&#8217;entorn virtual d&#8217;aprenentatge utilitzat a partir de 3r de prim\u00e0ria. El centre n&#8217;ha personalitzat l&#8217;aspecte i t\u00e9 com a finalitat donar suport en l&#8217;\u00e0mbit digital a l&#8217;activitat educativa di\u00e0ria del centre.<\/p>\n<p><a href=\"https:\/\/agora.xtec.cat\/ceip-jacint-verdaguer-tarrega\/wp-content\/uploads\/usu312\/2023\/03\/moodle.png\"><img loading=\"lazy\" decoding=\"async\" class=\"wp-image-7793 aligncenter\" src=\"https:\/\/agora.xtec.cat\/ceip-jacint-verdaguer-tarrega\/wp-content\/uploads\/usu312\/2023\/03\/moodle-1024x93.png\" alt=\"\" width=\"600\" height=\"54\" srcset=\"https:\/\/agora.xtec.cat\/ceip-jacint-verdaguer-tarrega\/wp-content\/uploads\/usu312\/2023\/03\/moodle-1024x93.png 1024w, https:\/\/agora.xtec.cat\/ceip-jacint-verdaguer-tarrega\/wp-content\/uploads\/usu312\/2023\/03\/moodle-300x27.png 300w, https:\/\/agora.xtec.cat\/ceip-jacint-verdaguer-tarrega\/wp-content\/uploads\/usu312\/2023\/03\/moodle-768x70.png 768w, https:\/\/agora.xtec.cat\/ceip-jacint-verdaguer-tarrega\/wp-content\/uploads\/usu312\/2023\/03\/moodle-1536x139.png 1536w, https:\/\/agora.xtec.cat\/ceip-jacint-verdaguer-tarrega\/wp-content\/uploads\/usu312\/2023\/03\/moodle.png 1900w\" sizes=\"auto, (max-width: 600px) 100vw, 600px\" \/><\/a><\/p>\n<p>&nbsp;<\/p>\n<h4><\/h4>\n<h4><strong>Next Cloud<\/strong><\/h4>\n<p>El centre empra aquesta plataforma per garantir la difusi\u00f3 d&#8217;imatges exclusivament dins la comunitat educativa. El centre valora positivament poder controlar en tot moment els usuaris que accedeixen a cada tipus de recursos i imatges.<\/p>\n<p><a href=\"https:\/\/agora.xtec.cat\/ceip-jacint-verdaguer-tarrega\/wp-content\/uploads\/usu312\/2023\/03\/nextcloud-logo-background.png\"><img loading=\"lazy\" decoding=\"async\" class=\"wp-image-7794  aligncenter\" src=\"https:\/\/agora.xtec.cat\/ceip-jacint-verdaguer-tarrega\/wp-content\/uploads\/usu312\/2023\/03\/nextcloud-logo-background-300x300.png\" alt=\"\" width=\"180\" height=\"180\" srcset=\"https:\/\/agora.xtec.cat\/ceip-jacint-verdaguer-tarrega\/wp-content\/uploads\/usu312\/2023\/03\/nextcloud-logo-background-300x300.png 300w, https:\/\/agora.xtec.cat\/ceip-jacint-verdaguer-tarrega\/wp-content\/uploads\/usu312\/2023\/03\/nextcloud-logo-background-150x150.png 150w, https:\/\/agora.xtec.cat\/ceip-jacint-verdaguer-tarrega\/wp-content\/uploads\/usu312\/2023\/03\/nextcloud-logo-background.png 500w\" sizes=\"auto, (max-width: 180px) 100vw, 180px\" \/><\/a><\/p>\n<p>&nbsp;<\/p>\n","protected":false},"excerpt":{"rendered":"<p>El centre vetlla per garantir la privacitat i seguretat de tota la comunitat educativa en relaci\u00f3 amb la difusi\u00f3 d&#8217;imatges i dades. Per aix\u00f2 t\u00e9 una pol\u00edtica de difusi\u00f3 focalitzada en l&#8217;acci\u00f3 educativa que duu a terme el centre tal com es detalla en l&#8217;apartat de comunicaci\u00f3. En aquest sentit, els portals utilitzats s\u00f3n principalment: [&hellip;]<\/p>\n","protected":false},"author":66,"featured_media":0,"parent":6695,"menu_order":70,"comment_status":"closed","ping_status":"closed","template":"page-templates\/side-menu.php","meta":{"_bbp_topic_count":0,"_bbp_reply_count":0,"_bbp_total_topic_count":0,"_bbp_total_reply_count":0,"_bbp_voice_count":0,"_bbp_anonymous_reply_count":0,"_bbp_topic_count_hidden":0,"_bbp_reply_count_hidden":0,"_bbp_forum_subforum_count":0,"site-sidebar-layout":"default","site-content-layout":"","ast-site-content-layout":"","site-content-style":"default","site-sidebar-style":"default","ast-global-header-display":"","ast-banner-title-visibility":"","ast-main-header-display":"","ast-hfb-above-header-display":"","ast-hfb-below-header-display":"","ast-hfb-mobile-header-display":"","site-post-title":"","ast-breadcrumbs-content":"","ast-featured-img":"","footer-sml-layout":"","theme-transparent-header-meta":"","adv-header-id-meta":"","stick-header-meta":"","header-above-stick-meta":"","header-main-stick-meta":"","header-below-stick-meta":"","astra-migrate-meta-layouts":"default","ast-page-background-enabled":"default","ast-page-background-meta":{"desktop":{"background-color":"var(--ast-global-color-4)","background-image":"","background-repeat":"repeat","background-position":"center center","background-size":"auto","background-attachment":"scroll","background-type":"","background-media":"","overlay-type":"","overlay-color":"","overlay-opacity":"","overlay-gradient":""},"tablet":{"background-color":"","background-image":"","background-repeat":"repeat","background-position":"center center","background-size":"auto","background-attachment":"scroll","background-type":"","background-media":"","overlay-type":"","overlay-color":"","overlay-opacity":"","overlay-gradient":""},"mobile":{"background-color":"","background-image":"","background-repeat":"repeat","background-position":"center center","background-size":"auto","background-attachment":"scroll","background-type":"","background-media":"","overlay-type":"","overlay-color":"","overlay-opacity":"","overlay-gradient":""}},"ast-content-background-meta":{"desktop":{"background-color":"var(--ast-global-color-5)","background-image":"","background-repeat":"repeat","background-position":"center center","background-size":"auto","background-attachment":"scroll","background-type":"","background-media":"","overlay-type":"","overlay-color":"","overlay-opacity":"","overlay-gradient":""},"tablet":{"background-color":"var(--ast-global-color-5)","background-image":"","background-repeat":"repeat","background-position":"center center","background-size":"auto","background-attachment":"scroll","background-type":"","background-media":"","overlay-type":"","overlay-color":"","overlay-opacity":"","overlay-gradient":""},"mobile":{"background-color":"var(--ast-global-color-5)","background-image":"","background-repeat":"repeat","background-position":"center center","background-size":"auto","background-attachment":"scroll","background-type":"","background-media":"","overlay-type":"","overlay-color":"","overlay-opacity":"","overlay-gradient":""}},"footnotes":""},"class_list":["post-6134","page","type-page","status-publish","hentry"],"post_mailing_queue_ids":[],"_links":{"self":[{"href":"https:\/\/agora.xtec.cat\/ceip-jacint-verdaguer-tarrega\/wp-json\/wp\/v2\/pages\/6134","targetHints":{"allow":["GET"]}}],"collection":[{"href":"https:\/\/agora.xtec.cat\/ceip-jacint-verdaguer-tarrega\/wp-json\/wp\/v2\/pages"}],"about":[{"href":"https:\/\/agora.xtec.cat\/ceip-jacint-verdaguer-tarrega\/wp-json\/wp\/v2\/types\/page"}],"author":[{"embeddable":true,"href":"https:\/\/agora.xtec.cat\/ceip-jacint-verdaguer-tarrega\/wp-json\/wp\/v2\/users\/66"}],"replies":[{"embeddable":true,"href":"https:\/\/agora.xtec.cat\/ceip-jacint-verdaguer-tarrega\/wp-json\/wp\/v2\/comments?post=6134"}],"version-history":[{"count":3,"href":"https:\/\/agora.xtec.cat\/ceip-jacint-verdaguer-tarrega\/wp-json\/wp\/v2\/pages\/6134\/revisions"}],"predecessor-version":[{"id":7801,"href":"https:\/\/agora.xtec.cat\/ceip-jacint-verdaguer-tarrega\/wp-json\/wp\/v2\/pages\/6134\/revisions\/7801"}],"up":[{"embeddable":true,"href":"https:\/\/agora.xtec.cat\/ceip-jacint-verdaguer-tarrega\/wp-json\/wp\/v2\/pages\/6695"}],"wp:attachment":[{"href":"https:\/\/agora.xtec.cat\/ceip-jacint-verdaguer-tarrega\/wp-json\/wp\/v2\/media?parent=6134"}],"curies":[{"name":"wp","href":"https:\/\/api.w.org\/{rel}","templated":true}]}}