{"id":6129,"date":"2022-06-09T15:54:16","date_gmt":"2022-06-09T13:54:16","guid":{"rendered":"https:\/\/agora.xtec.cat\/ceip-jacint-verdaguer-tarrega\/?page_id=6129"},"modified":"2023-03-23T16:02:21","modified_gmt":"2023-03-23T15:02:21","slug":"competencia-digital-de-lalumnat","status":"publish","type":"page","link":"https:\/\/agora.xtec.cat\/ceip-jacint-verdaguer-tarrega\/pagines-dinici\/estrategia-digital-de-centre\/cultura-digital\/competencia-digital-de-lalumnat\/","title":{"rendered":"Compet\u00e8ncia digital"},"content":{"rendered":"<h3>Compet\u00e8ncia digital docent<\/h3>\n<p style=\"padding-left: 40px;\">La compet\u00e8ncia digital docent est\u00e0 regulada pel marc <em>DigiComEdu<\/em>. S&#8217;han establert diferents nivells d&#8217;assoliment de compet\u00e8ncia digital docent a l&#8217;entorn europeu. Aquests nivells s\u00f3n (de menys a m\u00e9s): A1, A2, B1, B2, C1 i C2. Tota la informaci\u00f3 sobre la compet\u00e8ncia digital docent es troba al seg\u00fcent <a href=\"https:\/\/educacio.gencat.cat\/ca\/arees-actuacio\/professors\/acreditacions\/competencia-digital-docent\/\" target=\"_blank\" rel=\"noopener\">ENLLA\u00c7<\/a><\/p>\n<p style=\"padding-left: 40px;\">Durant el desenvolupament de l&#8217;Estrat\u00e8gia Digital de Centre es va fer un curs de formaci\u00f3 i tot el professorat participant va ser acreditat amb el nivell A1 de compet\u00e8ncia digital docent.<\/p>\n<p style=\"padding-left: 40px;\">Aix\u00ed mateix s&#8217;han proporcionat a tots els docents les eines per seguir-se formant: ja sigui a trav\u00e9s de cursos presencials, en l\u00ednia o autoformaci\u00f3. Tamb\u00e9 cal valorar la participaci\u00f3 puntual en seminaris o grups de treball que aborden la compet\u00e8ncia digital docent des d&#8217;un punt de vista m\u00e9s global.<\/p>\n<p style=\"padding-left: 40px;\"><a href=\"https:\/\/agora.xtec.cat\/ceip-jacint-verdaguer-tarrega\/wp-content\/uploads\/usu312\/2023\/03\/competencia-digital.jpg\"><img loading=\"lazy\" decoding=\"async\" class=\"size-full wp-image-7851 alignright\" src=\"https:\/\/agora.xtec.cat\/ceip-jacint-verdaguer-tarrega\/wp-content\/uploads\/usu312\/2023\/03\/competencia-digital.jpg\" alt=\"\" width=\"399\" height=\"217\" srcset=\"https:\/\/agora.xtec.cat\/ceip-jacint-verdaguer-tarrega\/wp-content\/uploads\/usu312\/2023\/03\/competencia-digital.jpg 399w, https:\/\/agora.xtec.cat\/ceip-jacint-verdaguer-tarrega\/wp-content\/uploads\/usu312\/2023\/03\/competencia-digital-300x163.jpg 300w\" sizes=\"auto, (max-width: 399px) 100vw, 399px\" \/><\/a>Finalment cal tenir en compte que al final de cada curs escolar es fan enquestes de satisfacci\u00f3 on es pregunten les necessitats de formaci\u00f3 per al curs seg\u00fcent: en cas que es detectin necessitats concretes de formaci\u00f3 relacionades amb l&#8217;\u00e0mbit digital s&#8217;oferiran formacions adients.<\/p>\n<p>&nbsp;<\/p>\n<h3>Compet\u00e8ncia digital de l&#8217;alumnat<\/h3>\n<p style=\"padding-left: 40px;\">La compet\u00e8ncia digital de l&#8217;alumnat est\u00e0 regulada a trav\u00e9s del <a href=\"https:\/\/portaldogc.gencat.cat\/utilsEADOP\/PDF\/8762\/1928585.pdf\" target=\"_blank\" rel=\"noopener\"><em>Decret 175\/2022, de 27 de setembre, d&#8217;ordenaci\u00f3 dels ensenyaments de l&#8217;educaci\u00f3 b\u00e0sica <\/em><\/a>on apareix com una de les compet\u00e8ncies clau a desenvolupar de manera transversal.<\/p>\n<p style=\"padding-left: 40px;\">Durant el curs 2022-2023 s&#8217;ha fet una seq\u00fcenciaci\u00f3 per a cada nivell educatiu dels criteris d&#8217;avaluaci\u00f3 de la compet\u00e8ncia digital de l&#8217;alumnat. Aquests criteris ens han de servir per avaluar aquesta compet\u00e8ncia de manera transversal.<\/p>\n<p style=\"padding-left: 40px;\">Est\u00e0 previst fer una proposta d&#8217;activitats did\u00e0ctiques per a tots els cursos d&#8217;educaci\u00f3 infantil i prim\u00e0ria que prevegin el treball de tots els criteris d&#8217;avaluaci\u00f3 previstos anteriorment.<\/p>\n<p>&nbsp;<\/p>\n","protected":false},"excerpt":{"rendered":"<p>Compet\u00e8ncia digital docent La compet\u00e8ncia digital docent est\u00e0 regulada pel marc DigiComEdu. S&#8217;han establert diferents nivells d&#8217;assoliment de compet\u00e8ncia digital docent a l&#8217;entorn europeu. Aquests nivells s\u00f3n (de menys a m\u00e9s): A1, A2, B1, B2, C1 i C2. Tota la informaci\u00f3 sobre la compet\u00e8ncia digital docent es troba al seg\u00fcent ENLLA\u00c7 Durant el desenvolupament de [&hellip;]<\/p>\n","protected":false},"author":66,"featured_media":0,"parent":6695,"menu_order":50,"comment_status":"closed","ping_status":"closed","template":"page-templates\/side-menu.php","meta":{"_bbp_topic_count":0,"_bbp_reply_count":0,"_bbp_total_topic_count":0,"_bbp_total_reply_count":0,"_bbp_voice_count":0,"_bbp_anonymous_reply_count":0,"_bbp_topic_count_hidden":0,"_bbp_reply_count_hidden":0,"_bbp_forum_subforum_count":0,"site-sidebar-layout":"default","site-content-layout":"","ast-site-content-layout":"","site-content-style":"default","site-sidebar-style":"default","ast-global-header-display":"","ast-banner-title-visibility":"","ast-main-header-display":"","ast-hfb-above-header-display":"","ast-hfb-below-header-display":"","ast-hfb-mobile-header-display":"","site-post-title":"","ast-breadcrumbs-content":"","ast-featured-img":"","footer-sml-layout":"","theme-transparent-header-meta":"","adv-header-id-meta":"","stick-header-meta":"","header-above-stick-meta":"","header-main-stick-meta":"","header-below-stick-meta":"","astra-migrate-meta-layouts":"default","ast-page-background-enabled":"default","ast-page-background-meta":{"desktop":{"background-color":"var(--ast-global-color-4)","background-image":"","background-repeat":"repeat","background-position":"center center","background-size":"auto","background-attachment":"scroll","background-type":"","background-media":"","overlay-type":"","overlay-color":"","overlay-opacity":"","overlay-gradient":""},"tablet":{"background-color":"","background-image":"","background-repeat":"repeat","background-position":"center center","background-size":"auto","background-attachment":"scroll","background-type":"","background-media":"","overlay-type":"","overlay-color":"","overlay-opacity":"","overlay-gradient":""},"mobile":{"background-color":"","background-image":"","background-repeat":"repeat","background-position":"center center","background-size":"auto","background-attachment":"scroll","background-type":"","background-media":"","overlay-type":"","overlay-color":"","overlay-opacity":"","overlay-gradient":""}},"ast-content-background-meta":{"desktop":{"background-color":"var(--ast-global-color-5)","background-image":"","background-repeat":"repeat","background-position":"center center","background-size":"auto","background-attachment":"scroll","background-type":"","background-media":"","overlay-type":"","overlay-color":"","overlay-opacity":"","overlay-gradient":""},"tablet":{"background-color":"var(--ast-global-color-5)","background-image":"","background-repeat":"repeat","background-position":"center center","background-size":"auto","background-attachment":"scroll","background-type":"","background-media":"","overlay-type":"","overlay-color":"","overlay-opacity":"","overlay-gradient":""},"mobile":{"background-color":"var(--ast-global-color-5)","background-image":"","background-repeat":"repeat","background-position":"center center","background-size":"auto","background-attachment":"scroll","background-type":"","background-media":"","overlay-type":"","overlay-color":"","overlay-opacity":"","overlay-gradient":""}},"footnotes":""},"class_list":["post-6129","page","type-page","status-publish","hentry"],"post_mailing_queue_ids":[],"_links":{"self":[{"href":"https:\/\/agora.xtec.cat\/ceip-jacint-verdaguer-tarrega\/wp-json\/wp\/v2\/pages\/6129","targetHints":{"allow":["GET"]}}],"collection":[{"href":"https:\/\/agora.xtec.cat\/ceip-jacint-verdaguer-tarrega\/wp-json\/wp\/v2\/pages"}],"about":[{"href":"https:\/\/agora.xtec.cat\/ceip-jacint-verdaguer-tarrega\/wp-json\/wp\/v2\/types\/page"}],"author":[{"embeddable":true,"href":"https:\/\/agora.xtec.cat\/ceip-jacint-verdaguer-tarrega\/wp-json\/wp\/v2\/users\/66"}],"replies":[{"embeddable":true,"href":"https:\/\/agora.xtec.cat\/ceip-jacint-verdaguer-tarrega\/wp-json\/wp\/v2\/comments?post=6129"}],"version-history":[{"count":4,"href":"https:\/\/agora.xtec.cat\/ceip-jacint-verdaguer-tarrega\/wp-json\/wp\/v2\/pages\/6129\/revisions"}],"predecessor-version":[{"id":7853,"href":"https:\/\/agora.xtec.cat\/ceip-jacint-verdaguer-tarrega\/wp-json\/wp\/v2\/pages\/6129\/revisions\/7853"}],"up":[{"embeddable":true,"href":"https:\/\/agora.xtec.cat\/ceip-jacint-verdaguer-tarrega\/wp-json\/wp\/v2\/pages\/6695"}],"wp:attachment":[{"href":"https:\/\/agora.xtec.cat\/ceip-jacint-verdaguer-tarrega\/wp-json\/wp\/v2\/media?parent=6129"}],"curies":[{"name":"wp","href":"https:\/\/api.w.org\/{rel}","templated":true}]}}