{"id":4933,"date":"2021-04-23T16:13:18","date_gmt":"2021-04-23T14:13:18","guid":{"rendered":"https:\/\/agora.xtec.cat\/ceip-jacint-verdaguer-tarrega\/?page_id=4933"},"modified":"2021-05-07T10:37:21","modified_gmt":"2021-05-07T08:37:21","slug":"vols-coneixer-jacint-verdaguer","status":"publish","type":"page","link":"https:\/\/agora.xtec.cat\/ceip-jacint-verdaguer-tarrega\/pagines-dinici\/lescola\/vols-coneixer-jacint-verdaguer\/","title":{"rendered":"Vols con\u00e8ixer Jacint Verdaguer?"},"content":{"rendered":"<p>Sab\u00edeu que Jacint Verdaguer, com a poeta de Catalunya, el van posar dibuixat en un bitllet de 500 pessetes?<\/p>\n<p>L&#8217;\u00fanic escriptor catal\u00e0 que compta\u00a0 amb una muntanya que porta el seu nom!<\/p>\n<p>I fins i tot a l&#8217;univers trobem un asteroide amb el seu nom!<\/p>\n<p style=\"text-align: center;\"><strong>CONEGUEM JACINT VERDAGUER!<\/strong><\/p>\n<p style=\"text-align: center;\">(Clica la imatge si vols escoltar m\u00e9s an\u00e8cdotes)<\/p>\n<p><a href=\"https:\/\/drive.google.com\/file\/d\/16s06xp1D6IcSpoCZYmYUdETHO7i0g-mI\/view?usp=sharing\" target=\"_blank\" rel=\"noopener noreferrer\"><img loading=\"lazy\" decoding=\"async\" class=\"aligncenter wp-image-4589\" src=\"https:\/\/agora.xtec.cat\/ceip-jacint-verdaguer-tarrega\/wp-content\/uploads\/usu312\/2021\/02\/IMG-20210226-WA0007-719x1024.jpg\" alt=\"\" width=\"454\" height=\"647\" srcset=\"https:\/\/agora.xtec.cat\/ceip-jacint-verdaguer-tarrega\/wp-content\/uploads\/usu312\/2021\/02\/IMG-20210226-WA0007-719x1024.jpg 719w, https:\/\/agora.xtec.cat\/ceip-jacint-verdaguer-tarrega\/wp-content\/uploads\/usu312\/2021\/02\/IMG-20210226-WA0007-210x300.jpg 210w, https:\/\/agora.xtec.cat\/ceip-jacint-verdaguer-tarrega\/wp-content\/uploads\/usu312\/2021\/02\/IMG-20210226-WA0007-768x1095.jpg 768w, https:\/\/agora.xtec.cat\/ceip-jacint-verdaguer-tarrega\/wp-content\/uploads\/usu312\/2021\/02\/IMG-20210226-WA0007.jpg 1437w\" sizes=\"auto, (max-width: 454px) 100vw, 454px\" \/><\/a><\/p>\n","protected":false},"excerpt":{"rendered":"<p>Sab\u00edeu que Jacint Verdaguer, com a poeta de Catalunya, el van posar dibuixat en un bitllet de 500 pessetes? L&#8217;\u00fanic escriptor catal\u00e0 que compta\u00a0 amb una muntanya que porta el seu nom! I fins i tot a l&#8217;univers trobem un asteroide amb el seu nom! CONEGUEM JACINT VERDAGUER! (Clica la imatge si vols escoltar m\u00e9s [&hellip;]<\/p>\n","protected":false},"author":1,"featured_media":0,"parent":22,"menu_order":0,"comment_status":"closed","ping_status":"closed","template":"page-templates\/side-menu.php","meta":{"_bbp_topic_count":0,"_bbp_reply_count":0,"_bbp_total_topic_count":0,"_bbp_total_reply_count":0,"_bbp_voice_count":0,"_bbp_anonymous_reply_count":0,"_bbp_topic_count_hidden":0,"_bbp_reply_count_hidden":0,"_bbp_forum_subforum_count":0,"site-sidebar-layout":"default","site-content-layout":"","ast-site-content-layout":"","site-content-style":"default","site-sidebar-style":"default","ast-global-header-display":"","ast-banner-title-visibility":"","ast-main-header-display":"","ast-hfb-above-header-display":"","ast-hfb-below-header-display":"","ast-hfb-mobile-header-display":"","site-post-title":"","ast-breadcrumbs-content":"","ast-featured-img":"","footer-sml-layout":"","theme-transparent-header-meta":"","adv-header-id-meta":"","stick-header-meta":"","header-above-stick-meta":"","header-main-stick-meta":"","header-below-stick-meta":"","astra-migrate-meta-layouts":"default","ast-page-background-enabled":"default","ast-page-background-meta":{"desktop":{"background-color":"var(--ast-global-color-4)","background-image":"","background-repeat":"repeat","background-position":"center center","background-size":"auto","background-attachment":"scroll","background-type":"","background-media":"","overlay-type":"","overlay-color":"","overlay-opacity":"","overlay-gradient":""},"tablet":{"background-color":"","background-image":"","background-repeat":"repeat","background-position":"center center","background-size":"auto","background-attachment":"scroll","background-type":"","background-media":"","overlay-type":"","overlay-color":"","overlay-opacity":"","overlay-gradient":""},"mobile":{"background-color":"","background-image":"","background-repeat":"repeat","background-position":"center center","background-size":"auto","background-attachment":"scroll","background-type":"","background-media":"","overlay-type":"","overlay-color":"","overlay-opacity":"","overlay-gradient":""}},"ast-content-background-meta":{"desktop":{"background-color":"var(--ast-global-color-5)","background-image":"","background-repeat":"repeat","background-position":"center center","background-size":"auto","background-attachment":"scroll","background-type":"","background-media":"","overlay-type":"","overlay-color":"","overlay-opacity":"","overlay-gradient":""},"tablet":{"background-color":"var(--ast-global-color-5)","background-image":"","background-repeat":"repeat","background-position":"center center","background-size":"auto","background-attachment":"scroll","background-type":"","background-media":"","overlay-type":"","overlay-color":"","overlay-opacity":"","overlay-gradient":""},"mobile":{"background-color":"var(--ast-global-color-5)","background-image":"","background-repeat":"repeat","background-position":"center center","background-size":"auto","background-attachment":"scroll","background-type":"","background-media":"","overlay-type":"","overlay-color":"","overlay-opacity":"","overlay-gradient":""}},"footnotes":""},"class_list":["post-4933","page","type-page","status-publish","hentry"],"post_mailing_queue_ids":[],"_links":{"self":[{"href":"https:\/\/agora.xtec.cat\/ceip-jacint-verdaguer-tarrega\/wp-json\/wp\/v2\/pages\/4933","targetHints":{"allow":["GET"]}}],"collection":[{"href":"https:\/\/agora.xtec.cat\/ceip-jacint-verdaguer-tarrega\/wp-json\/wp\/v2\/pages"}],"about":[{"href":"https:\/\/agora.xtec.cat\/ceip-jacint-verdaguer-tarrega\/wp-json\/wp\/v2\/types\/page"}],"author":[{"embeddable":true,"href":"https:\/\/agora.xtec.cat\/ceip-jacint-verdaguer-tarrega\/wp-json\/wp\/v2\/users\/1"}],"replies":[{"embeddable":true,"href":"https:\/\/agora.xtec.cat\/ceip-jacint-verdaguer-tarrega\/wp-json\/wp\/v2\/comments?post=4933"}],"version-history":[{"count":2,"href":"https:\/\/agora.xtec.cat\/ceip-jacint-verdaguer-tarrega\/wp-json\/wp\/v2\/pages\/4933\/revisions"}],"predecessor-version":[{"id":4939,"href":"https:\/\/agora.xtec.cat\/ceip-jacint-verdaguer-tarrega\/wp-json\/wp\/v2\/pages\/4933\/revisions\/4939"}],"up":[{"embeddable":true,"href":"https:\/\/agora.xtec.cat\/ceip-jacint-verdaguer-tarrega\/wp-json\/wp\/v2\/pages\/22"}],"wp:attachment":[{"href":"https:\/\/agora.xtec.cat\/ceip-jacint-verdaguer-tarrega\/wp-json\/wp\/v2\/media?parent=4933"}],"curies":[{"name":"wp","href":"https:\/\/api.w.org\/{rel}","templated":true}]}}