{"id":4570,"date":"2024-02-01T16:01:36","date_gmt":"2024-02-01T15:01:36","guid":{"rendered":"https:\/\/agora.xtec.cat\/ceip-jacint-verdaguer-tarrega\/?page_id=4570"},"modified":"2025-02-19T15:54:52","modified_gmt":"2025-02-19T14:54:52","slug":"criteris-dassignacio-de-placa","status":"publish","type":"page","link":"https:\/\/agora.xtec.cat\/ceip-jacint-verdaguer-tarrega\/pagines-dinici\/preinscripcio-i-matricula-25-26\/criteris-dassignacio-de-placa\/","title":{"rendered":"Criteris d&#8217;assignaci\u00f3"},"content":{"rendered":"<p style=\"text-align: right;\"><a href=\"https:\/\/agora.xtec.cat\/ceip-jacint-verdaguer-tarrega\/pagines-dinici\/preinscripcio-i-matricula-25-26\/\"><em>Torna a Preinscripci\u00f3 i matr\u00edcula 25-26<\/em><\/a><\/p>\n<p><span style=\"text-decoration: underline;\"><strong>CRITERIS PER A L&#8217;ASSIGNACI\u00d3 DE PLA\u00c7A<\/strong><\/span> (Puntuaci\u00f3 preinscripci\u00f3)<\/p>\n<p>En la preinscripci\u00f3 escolar 2025-2026, els <strong>criteris prioritaris<\/strong> i les puntuacions corresponents s\u00f3n els seg\u00fcents:<\/p>\n<ul>\n<li style=\"list-style-type: none;\">\n<ul>\n<li style=\"list-style-type: none;\">\n<ul style=\"list-style-type: disc;\">\n<li>L&#8217;exist\u00e8ncia de germans o germanes que ja estudi\u00efn en el mateix centre educatiu, <strong>50 punts<\/strong>.<\/li>\n<li>La proximitat geogr\u00e0fica de l&#8217;escola al domicili de l&#8217;infant o jove, o al centre de treball del pare o mare, <strong>de 10 a 30 punts<\/strong>, en funci\u00f3 del que s&#8217;al\u00b7legui.<\/li>\n<li>Si la fam\u00edlia percep l&#8217;ajut de la renda garantida de ciutadania, <strong>15 punts<\/strong>.<\/li>\n<\/ul>\n<\/li>\n<\/ul>\n<\/li>\n<\/ul>\n<p>Tot seguit, <strong>si hi ha un empat en la puntuaci\u00f3<\/strong> de les sol\u00b7licituds, s&#8217;aplica la puntuaci\u00f3 dels <strong>criteris complementaris<\/strong>, que serveixen <strong>per desempatar<\/strong>. Els criteris complementaris i les puntuacions s\u00f3n els seg\u00fcents:<\/p>\n<ul>\n<li style=\"list-style-type: none;\">\n<ul>\n<li style=\"list-style-type: none;\">\n<ul style=\"list-style-type: disc;\">\n<li>Si el <strong>pare, mare tutor o tutora legal treballa al centre<\/strong> triat en primera opci\u00f3, <strong>10 punts.<\/strong><\/li>\n<li>Si l&#8217;alumne o alumna forma part d&#8217;una <strong>fam\u00edlia nombrosa o monoparental,<\/strong> <strong>10 punts.<\/strong><\/li>\n<li><strong>Ser bess\u00f3 o trigemin.<\/strong> Quan l&#8217;alumne o alumna hagi nascut en un part m\u00faltiple, <strong>10 punts.<\/strong><\/li>\n<li>Si l&#8217;alumne o alumna que es preinscriu es troba en<strong> situaci\u00f3 d&#8217;acolliment familiar, 10 punts.<\/strong><\/li>\n<li>L&#8217;exist\u00e8ncia d&#8217;un membre de la unitat familiar amb una <strong>discapacitat superior al 33%, 15 punts.<\/strong><\/li>\n<li>Si es t\u00e9 la condici\u00f3 de <strong>v\u00edctima de viol\u00e8ncia de g\u00e8nere o terrorisme, 10 punts.<\/strong><\/li>\n<\/ul>\n<\/li>\n<\/ul>\n<\/li>\n<\/ul>\n<p>&nbsp;<\/p>\n<p style=\"text-align: center;\"><iframe loading=\"lazy\" src=\"https:\/\/drive.google.com\/file\/d\/0B38mhJkvlZtjSnlCRERLMEhMVmY3eDhZcGkyZ0ZXMXRZZVRR\/preview\" width=\"720\" height=\"576\"><\/iframe><\/p>\n<p>&nbsp;<\/p>\n<p style=\"text-align: right;\"><a href=\"https:\/\/agora.xtec.cat\/ceip-jacint-verdaguer-tarrega\/pagines-dinici\/preinscripcio-i-matricula-25-26\/\"><em>Torna a Preinscripci\u00f3 i matr\u00edcula 25-26<\/em><\/a><\/p>\n","protected":false},"excerpt":{"rendered":"<p>Torna a Preinscripci\u00f3 i matr\u00edcula 25-26 CRITERIS PER A L&#8217;ASSIGNACI\u00d3 DE PLA\u00c7A (Puntuaci\u00f3 preinscripci\u00f3) En la preinscripci\u00f3 escolar 2025-2026, els criteris prioritaris i les puntuacions corresponents s\u00f3n els seg\u00fcents: L&#8217;exist\u00e8ncia de germans o germanes que ja estudi\u00efn en el mateix centre educatiu, 50 punts. La proximitat geogr\u00e0fica de l&#8217;escola al domicili de l&#8217;infant o jove, [&hellip;]<\/p>\n","protected":false},"author":1,"featured_media":0,"parent":4573,"menu_order":20,"comment_status":"closed","ping_status":"closed","template":"page-templates\/side-menu.php","meta":{"_bbp_topic_count":0,"_bbp_reply_count":0,"_bbp_total_topic_count":0,"_bbp_total_reply_count":0,"_bbp_voice_count":0,"_bbp_anonymous_reply_count":0,"_bbp_topic_count_hidden":0,"_bbp_reply_count_hidden":0,"_bbp_forum_subforum_count":0,"site-sidebar-layout":"default","site-content-layout":"","ast-site-content-layout":"","site-content-style":"default","site-sidebar-style":"default","ast-global-header-display":"","ast-banner-title-visibility":"","ast-main-header-display":"","ast-hfb-above-header-display":"","ast-hfb-below-header-display":"","ast-hfb-mobile-header-display":"","site-post-title":"","ast-breadcrumbs-content":"","ast-featured-img":"","footer-sml-layout":"","theme-transparent-header-meta":"","adv-header-id-meta":"","stick-header-meta":"","header-above-stick-meta":"","header-main-stick-meta":"","header-below-stick-meta":"","astra-migrate-meta-layouts":"default","ast-page-background-enabled":"default","ast-page-background-meta":{"desktop":{"background-color":"var(--ast-global-color-4)","background-image":"","background-repeat":"repeat","background-position":"center center","background-size":"auto","background-attachment":"scroll","background-type":"","background-media":"","overlay-type":"","overlay-color":"","overlay-opacity":"","overlay-gradient":""},"tablet":{"background-color":"","background-image":"","background-repeat":"repeat","background-position":"center center","background-size":"auto","background-attachment":"scroll","background-type":"","background-media":"","overlay-type":"","overlay-color":"","overlay-opacity":"","overlay-gradient":""},"mobile":{"background-color":"","background-image":"","background-repeat":"repeat","background-position":"center center","background-size":"auto","background-attachment":"scroll","background-type":"","background-media":"","overlay-type":"","overlay-color":"","overlay-opacity":"","overlay-gradient":""}},"ast-content-background-meta":{"desktop":{"background-color":"var(--ast-global-color-5)","background-image":"","background-repeat":"repeat","background-position":"center center","background-size":"auto","background-attachment":"scroll","background-type":"","background-media":"","overlay-type":"","overlay-color":"","overlay-opacity":"","overlay-gradient":""},"tablet":{"background-color":"var(--ast-global-color-5)","background-image":"","background-repeat":"repeat","background-position":"center center","background-size":"auto","background-attachment":"scroll","background-type":"","background-media":"","overlay-type":"","overlay-color":"","overlay-opacity":"","overlay-gradient":""},"mobile":{"background-color":"var(--ast-global-color-5)","background-image":"","background-repeat":"repeat","background-position":"center center","background-size":"auto","background-attachment":"scroll","background-type":"","background-media":"","overlay-type":"","overlay-color":"","overlay-opacity":"","overlay-gradient":""}},"footnotes":""},"class_list":["post-4570","page","type-page","status-publish","hentry"],"post_mailing_queue_ids":[],"_links":{"self":[{"href":"https:\/\/agora.xtec.cat\/ceip-jacint-verdaguer-tarrega\/wp-json\/wp\/v2\/pages\/4570","targetHints":{"allow":["GET"]}}],"collection":[{"href":"https:\/\/agora.xtec.cat\/ceip-jacint-verdaguer-tarrega\/wp-json\/wp\/v2\/pages"}],"about":[{"href":"https:\/\/agora.xtec.cat\/ceip-jacint-verdaguer-tarrega\/wp-json\/wp\/v2\/types\/page"}],"author":[{"embeddable":true,"href":"https:\/\/agora.xtec.cat\/ceip-jacint-verdaguer-tarrega\/wp-json\/wp\/v2\/users\/1"}],"replies":[{"embeddable":true,"href":"https:\/\/agora.xtec.cat\/ceip-jacint-verdaguer-tarrega\/wp-json\/wp\/v2\/comments?post=4570"}],"version-history":[{"count":7,"href":"https:\/\/agora.xtec.cat\/ceip-jacint-verdaguer-tarrega\/wp-json\/wp\/v2\/pages\/4570\/revisions"}],"predecessor-version":[{"id":10095,"href":"https:\/\/agora.xtec.cat\/ceip-jacint-verdaguer-tarrega\/wp-json\/wp\/v2\/pages\/4570\/revisions\/10095"}],"up":[{"embeddable":true,"href":"https:\/\/agora.xtec.cat\/ceip-jacint-verdaguer-tarrega\/wp-json\/wp\/v2\/pages\/4573"}],"wp:attachment":[{"href":"https:\/\/agora.xtec.cat\/ceip-jacint-verdaguer-tarrega\/wp-json\/wp\/v2\/media?parent=4570"}],"curies":[{"name":"wp","href":"https:\/\/api.w.org\/{rel}","templated":true}]}}