{"id":4556,"date":"2024-02-01T16:02:20","date_gmt":"2024-02-01T15:02:20","guid":{"rendered":"https:\/\/agora.xtec.cat\/ceip-jacint-verdaguer-tarrega\/?page_id=4556"},"modified":"2025-06-16T09:25:31","modified_gmt":"2025-06-16T07:25:31","slug":"calendari-preinscripcio-i-matricula","status":"publish","type":"page","link":"https:\/\/agora.xtec.cat\/ceip-jacint-verdaguer-tarrega\/pagines-dinici\/preinscripcio-i-matricula-25-26\/calendari-preinscripcio-i-matricula\/","title":{"rendered":"Calendari d&#8217;actuacions"},"content":{"rendered":"<p style=\"text-align: right;\"><a href=\"https:\/\/agora.xtec.cat\/ceip-jacint-verdaguer-tarrega\/pagines-dinici\/preinscripcio-i-matricula-25-26\/\"><em>Torna a Preinscripci\u00f3 i matr\u00edcula 25-26<\/em><\/a><\/p>\n<p>El <a href=\"https:\/\/preinscripcio.gencat.cat\/ca\/estudis\/infantil-3-6\/informat\/calendari\/\" target=\"_blank\" rel=\"noopener\">calendari d&#8217;actuacions<\/a> previstes \u00e9s el seg\u00fcent:<\/p>\n<p><strong>PREINSCRIPCI\u00d3<\/strong><\/p>\n<ul>\n<li><del>Oferta inicial de places escolars: 11 de mar\u00e7 de 2025<\/del> &#8211; <strong><a href=\"https:\/\/drive.google.com\/file\/d\/1PYH6L-ApVI-iejtuCDLCTRMZ-BPSjcc_\/view?usp=sharing\" target=\"_blank\" rel=\"noopener\">ENLLA\u00c7<\/a><\/strong><\/li>\n<li><del>Presentaci\u00f3 de sol\u00b7licituds: del 12 al 26 de mar\u00e7 de 2025<\/del><\/li>\n<li><del>Presentaci\u00f3 de documentaci\u00f3: fins al 28 de mar\u00e7 de 2025<\/del><em><br \/>\n<\/em><\/li>\n<li><del>Llista de sol\u00b7licituds amb la puntuaci\u00f3 provisional: 24 d&#8217;abril de 2025<\/del> &#8211; <strong><a href=\"https:\/\/drive.google.com\/file\/d\/1VFSzCH4Z1UuCdd8_UDg3VIdszRGsFY67\/view?usp=sharing\" target=\"_blank\" rel=\"noopener\">ENLLA\u00c7<\/a><\/strong><\/li>\n<li><del>Presentaci\u00f3 de reclamacions: del 24 al 29 d&#8217;abril de 2025<\/del><\/li>\n<li><del>Llista de sol\u00b7licituds amb la puntuaci\u00f3 un cop resoltes les reclamacions: 5 de maig de 2025<\/del> &#8211; <a href=\"https:\/\/drive.google.com\/file\/d\/1SW3wv5NIMF0-OGco0aeFsvcnZQbi83cd\/view?usp=sharing\" target=\"_blank\" rel=\"noopener\">ENLLA\u00c7<\/a><\/li>\n<li><del>Sorteig del n\u00famero de desempat per resoldre les sol\u00b7licituds de preinscripci\u00f3 empatades en punts: 8 de maig de 2025 als serveis centrals del Departament d&#8217;Educaci\u00f3 (Via Augusta, 202, Barcelona)<\/del> &#8211; <strong>N\u00famero de desempat: 76.261<\/strong><\/li>\n<li><del>Publicaci\u00f3 llista ordenada definitiva: 9 de maig de 2025<\/del> &#8211;<strong> <a href=\"https:\/\/drive.google.com\/file\/d\/1rpUYxuTEpjbTHMXU4LEYR_iF8XdeS5Dz\/view?usp=sharing\" target=\"_blank\" rel=\"noopener\">ENLLA\u00c7<\/a><\/strong><\/li>\n<li><del>Ampliaci\u00f3 de peticions de preinscripci\u00f3 per a alumnes sense pla\u00e7a assignada a cap centre: del 4 al 6 de juny de 2025<\/del><\/li>\n<li>Oferta final de places escolars: 16 de juny de 2025 &#8211; <strong><a href=\"https:\/\/drive.google.com\/file\/d\/1tHF2fm_b9wtRgSQkR4qSWSDQZ68zXoSo\/view?usp=sharing\" target=\"_blank\" rel=\"noopener\">ENLLA\u00c7<\/a><\/strong><\/li>\n<li>Llista d&#8217;alumnes admesos i llista d&#8217;espera: 16 de juny de 2025 &#8211; <strong><a href=\"https:\/\/drive.google.com\/file\/d\/1R4veK5tH7qvHO07QVbesm5TRj7Qw91P1\/view?usp=sharing\" target=\"_blank\" rel=\"noopener\">ENLLA\u00c7 LLISTA ADMESOS<\/a><\/strong> &#8211; <strong><a href=\"https:\/\/drive.google.com\/file\/d\/1rrliIKTzruMRppKh9Mn6k6az7lGP1KdI\/view?usp=sharing\" target=\"_blank\" rel=\"noopener\">ENLLA\u00c7 LLISTA ESPERA<\/a><\/strong><\/li>\n<\/ul>\n<p><strong>MATRICULACI\u00d3<\/strong><\/p>\n<ul>\n<li>Matriculaci\u00f3: del 25 de juny al 3 de juliol de 2025<em><br \/>\n<\/em><\/li>\n<\/ul>\n<p>&nbsp;<\/p>\n<p style=\"text-align: center;\"><iframe loading=\"lazy\" src=\"https:\/\/drive.google.com\/file\/d\/0B38mhJkvlZtjSnlCRERLMEhMVmY3eDhZcGkyZ0ZXMXRZZVRR\/preview\" width=\"720\" height=\"576\"><\/iframe><\/p>\n<p>&nbsp;<\/p>\n<p style=\"text-align: right;\"><a href=\"https:\/\/agora.xtec.cat\/ceip-jacint-verdaguer-tarrega\/pagines-dinici\/preinscripcio-i-matricula-25-26\/\"><em>Torna a Preinscripci\u00f3 i matr\u00edcula 25-26<\/em><\/a><\/p>\n","protected":false},"excerpt":{"rendered":"<p>Torna a Preinscripci\u00f3 i matr\u00edcula 25-26 El calendari d&#8217;actuacions previstes \u00e9s el seg\u00fcent: PREINSCRIPCI\u00d3 Oferta inicial de places escolars: 11 de mar\u00e7 de 2025 &#8211; ENLLA\u00c7 Presentaci\u00f3 de sol\u00b7licituds: del 12 al 26 de mar\u00e7 de 2025 Presentaci\u00f3 de documentaci\u00f3: fins al 28 de mar\u00e7 de 2025 Llista de sol\u00b7licituds amb la puntuaci\u00f3 provisional: 24 [&hellip;]<\/p>\n","protected":false},"author":1,"featured_media":0,"parent":4573,"menu_order":10,"comment_status":"closed","ping_status":"closed","template":"page-templates\/side-menu.php","meta":{"_bbp_topic_count":0,"_bbp_reply_count":0,"_bbp_total_topic_count":0,"_bbp_total_reply_count":0,"_bbp_voice_count":0,"_bbp_anonymous_reply_count":0,"_bbp_topic_count_hidden":0,"_bbp_reply_count_hidden":0,"_bbp_forum_subforum_count":0,"site-sidebar-layout":"default","site-content-layout":"","ast-site-content-layout":"","site-content-style":"default","site-sidebar-style":"default","ast-global-header-display":"","ast-banner-title-visibility":"","ast-main-header-display":"","ast-hfb-above-header-display":"","ast-hfb-below-header-display":"","ast-hfb-mobile-header-display":"","site-post-title":"","ast-breadcrumbs-content":"","ast-featured-img":"","footer-sml-layout":"","theme-transparent-header-meta":"","adv-header-id-meta":"","stick-header-meta":"","header-above-stick-meta":"","header-main-stick-meta":"","header-below-stick-meta":"","astra-migrate-meta-layouts":"default","ast-page-background-enabled":"default","ast-page-background-meta":{"desktop":{"background-color":"var(--ast-global-color-4)","background-image":"","background-repeat":"repeat","background-position":"center center","background-size":"auto","background-attachment":"scroll","background-type":"","background-media":"","overlay-type":"","overlay-color":"","overlay-opacity":"","overlay-gradient":""},"tablet":{"background-color":"","background-image":"","background-repeat":"repeat","background-position":"center center","background-size":"auto","background-attachment":"scroll","background-type":"","background-media":"","overlay-type":"","overlay-color":"","overlay-opacity":"","overlay-gradient":""},"mobile":{"background-color":"","background-image":"","background-repeat":"repeat","background-position":"center center","background-size":"auto","background-attachment":"scroll","background-type":"","background-media":"","overlay-type":"","overlay-color":"","overlay-opacity":"","overlay-gradient":""}},"ast-content-background-meta":{"desktop":{"background-color":"var(--ast-global-color-5)","background-image":"","background-repeat":"repeat","background-position":"center center","background-size":"auto","background-attachment":"scroll","background-type":"","background-media":"","overlay-type":"","overlay-color":"","overlay-opacity":"","overlay-gradient":""},"tablet":{"background-color":"var(--ast-global-color-5)","background-image":"","background-repeat":"repeat","background-position":"center center","background-size":"auto","background-attachment":"scroll","background-type":"","background-media":"","overlay-type":"","overlay-color":"","overlay-opacity":"","overlay-gradient":""},"mobile":{"background-color":"var(--ast-global-color-5)","background-image":"","background-repeat":"repeat","background-position":"center center","background-size":"auto","background-attachment":"scroll","background-type":"","background-media":"","overlay-type":"","overlay-color":"","overlay-opacity":"","overlay-gradient":""}},"footnotes":""},"class_list":["post-4556","page","type-page","status-publish","hentry"],"post_mailing_queue_ids":[],"_links":{"self":[{"href":"https:\/\/agora.xtec.cat\/ceip-jacint-verdaguer-tarrega\/wp-json\/wp\/v2\/pages\/4556","targetHints":{"allow":["GET"]}}],"collection":[{"href":"https:\/\/agora.xtec.cat\/ceip-jacint-verdaguer-tarrega\/wp-json\/wp\/v2\/pages"}],"about":[{"href":"https:\/\/agora.xtec.cat\/ceip-jacint-verdaguer-tarrega\/wp-json\/wp\/v2\/types\/page"}],"author":[{"embeddable":true,"href":"https:\/\/agora.xtec.cat\/ceip-jacint-verdaguer-tarrega\/wp-json\/wp\/v2\/users\/1"}],"replies":[{"embeddable":true,"href":"https:\/\/agora.xtec.cat\/ceip-jacint-verdaguer-tarrega\/wp-json\/wp\/v2\/comments?post=4556"}],"version-history":[{"count":6,"href":"https:\/\/agora.xtec.cat\/ceip-jacint-verdaguer-tarrega\/wp-json\/wp\/v2\/pages\/4556\/revisions"}],"predecessor-version":[{"id":10608,"href":"https:\/\/agora.xtec.cat\/ceip-jacint-verdaguer-tarrega\/wp-json\/wp\/v2\/pages\/4556\/revisions\/10608"}],"up":[{"embeddable":true,"href":"https:\/\/agora.xtec.cat\/ceip-jacint-verdaguer-tarrega\/wp-json\/wp\/v2\/pages\/4573"}],"wp:attachment":[{"href":"https:\/\/agora.xtec.cat\/ceip-jacint-verdaguer-tarrega\/wp-json\/wp\/v2\/media?parent=4556"}],"curies":[{"name":"wp","href":"https:\/\/api.w.org\/{rel}","templated":true}]}}