{"id":4433,"date":"2021-02-12T13:22:46","date_gmt":"2021-02-12T12:22:46","guid":{"rendered":"https:\/\/agora.xtec.cat\/ceip-jacint-verdaguer-tarrega\/?page_id=4433"},"modified":"2024-02-17T11:22:36","modified_gmt":"2024-02-17T10:22:36","slug":"educacio-musical","status":"publish","type":"page","link":"https:\/\/agora.xtec.cat\/ceip-jacint-verdaguer-tarrega\/pagines-dinici\/projecte-educatiu\/projecte-artistic-del-centre\/educacio-musical\/","title":{"rendered":"EDUCACI\u00d3 MUSICAL"},"content":{"rendered":"<p style=\"text-align: center;\"><strong><span style=\"color: #99cc00;\">PROJECTE BRASS BAND<\/span><\/strong><\/p>\n<p><strong><span style=\"color: #008000;\">Per qu\u00e8?<\/span><\/strong><\/p>\n<p>Perqu\u00e8 la nostra escola sempre ha buscat la col\u00b7laboraci\u00f3 amb l&#8217;Escola de M\u00fasica de T\u00e0rrega degut a la seva proximitat. Per\u00f2 sobretot per apropar l&#8217;EMMT\u00a0 a tots els alumnes donar-los la oportunitat de saber qu\u00e8 es sent tocant en una Brass Band. El sentiment de grup i l&#8217;autoestima de tocar un instrument de vent metall amb els teus companys no es pot explicar, s&#8217;ha de viure!<\/p>\n<p>Per aquest motiu, el curs 18-19, la nostra escola juntament amb\u00a0 l&#8217;Escola de M\u00fasica de T\u00e0rrega, presentem un projecte innovador a la ciutat\u00a0 que implica totes les escoles de T\u00e0rrega. Assessorats per l&#8217;Oriol Ferrer (professor de m\u00fasica i art\u00edfex d&#8217;aquesta idea) els mestres i professors inicien una formaci\u00f3 espec\u00edfica i finalment\u00a0 l&#8217;Ajuntament de T\u00e0rrega inclou aquest projecte al Pla Educatiu d&#8217;Entorn 0-20.<\/p>\n<p><strong><span style=\"color: #008000;\">Com ho fem?<\/span><\/strong><\/p>\n<p>Aquest projecte va destinat als alumnes de sis\u00e8. L&#8217;alumnat apr\u00e8n a tocar un instrument de vent metall a trav\u00e9s de l&#8217;experi\u00e8ncia de formar part d&#8217;una Brass Band. Les sessions de m\u00fasica es fan a l&#8217;EMMT juntament amb un professor de vent metall. La mestra de m\u00fasica treballa les can\u00e7ons, a trav\u00e9s del moviment i el ritme, que despr\u00e9s els alumnes tocaran amb el seu instrument de vent metall. El professor de l&#8217;escola de m\u00fasica aprofundeix m\u00e9s en la t\u00e8cnica d&#8217;aquests instruments i com gaudir tocant junts.<\/p>\n<p>&nbsp;<\/p>\n<p style=\"text-align: center;\"><span style=\"color: #00ff00;\"><strong>CLIQUEU LA IMATGE<\/strong><\/span> I PODREU VEURE UN <strong><span style=\"color: #00ff00;\">REPORTATGE<\/span><\/strong> QUE ENS VA FER\u00a0 <strong><span style=\"color: #00ff00;\">T\u00c0RREGA TV<\/span> !\u00a0<\/strong><\/p>\n<p><a href=\"https:\/\/www.tarrega.tv\/250-alumnes-de-sise-de-primaria-de-tarrega-participen-en-un-taller-daprenentatge-musical\/\" target=\"_blank\" rel=\"noopener noreferrer\"><img loading=\"lazy\" decoding=\"async\" class=\"aligncenter wp-image-4664\" src=\"https:\/\/agora.xtec.cat\/ceip-jacint-verdaguer-tarrega\/wp-content\/uploads\/usu312\/2021\/03\/Opera-Instant\u00e1nea_2021-03-06_083942_www.tarrega.tv_.png\" alt=\"\" width=\"730\" height=\"412\" srcset=\"https:\/\/agora.xtec.cat\/ceip-jacint-verdaguer-tarrega\/wp-content\/uploads\/usu312\/2021\/03\/Opera-Instant\u00e1nea_2021-03-06_083942_www.tarrega.tv_.png 941w, https:\/\/agora.xtec.cat\/ceip-jacint-verdaguer-tarrega\/wp-content\/uploads\/usu312\/2021\/03\/Opera-Instant\u00e1nea_2021-03-06_083942_www.tarrega.tv_-300x169.png 300w, https:\/\/agora.xtec.cat\/ceip-jacint-verdaguer-tarrega\/wp-content\/uploads\/usu312\/2021\/03\/Opera-Instant\u00e1nea_2021-03-06_083942_www.tarrega.tv_-768x433.png 768w\" sizes=\"auto, (max-width: 730px) 100vw, 730px\" \/><\/a><\/p>\n<p>&nbsp;<\/p>\n<p style=\"text-align: center;\"><strong><span style=\"color: #99cc00;\">PROJECTE DALCROZE<\/span><\/strong><\/p>\n<p>\u00a0 \u00a0 \u00a0 \u00a0 \u00a0 \u00a0 \u00a0 \u00a0 \u00a0 L&#8217;alumnat d&#8217;Educaci\u00f3 Infantil, cicle inicial i cicle mitj\u00e0 de prim\u00e0ria treballen la m\u00fasica a trav\u00e9s de la R\u00edtmica Dalcroze.<\/p>\n<p><a href=\"https:\/\/agora.xtec.cat\/ceip-jacint-verdaguer-tarrega\/wp-content\/uploads\/usu312\/2022\/10\/Dalcroze.png\"><img loading=\"lazy\" decoding=\"async\" class=\"aligncenter size-full wp-image-6989\" src=\"https:\/\/agora.xtec.cat\/ceip-jacint-verdaguer-tarrega\/wp-content\/uploads\/usu312\/2022\/10\/Dalcroze.png\" alt=\"\" width=\"1024\" height=\"768\" srcset=\"https:\/\/agora.xtec.cat\/ceip-jacint-verdaguer-tarrega\/wp-content\/uploads\/usu312\/2022\/10\/Dalcroze.png 1024w, https:\/\/agora.xtec.cat\/ceip-jacint-verdaguer-tarrega\/wp-content\/uploads\/usu312\/2022\/10\/Dalcroze-300x225.png 300w, https:\/\/agora.xtec.cat\/ceip-jacint-verdaguer-tarrega\/wp-content\/uploads\/usu312\/2022\/10\/Dalcroze-768x576.png 768w, https:\/\/agora.xtec.cat\/ceip-jacint-verdaguer-tarrega\/wp-content\/uploads\/usu312\/2022\/10\/Dalcroze-200x150.png 200w\" sizes=\"auto, (max-width: 1024px) 100vw, 1024px\" \/><\/a><\/p>\n<p>&nbsp;<\/p>\n","protected":false},"excerpt":{"rendered":"<p>PROJECTE BRASS BAND Per qu\u00e8? Perqu\u00e8 la nostra escola sempre ha buscat la col\u00b7laboraci\u00f3 amb l&#8217;Escola de M\u00fasica de T\u00e0rrega degut a la seva proximitat. Per\u00f2 sobretot per apropar l&#8217;EMMT\u00a0 a tots els alumnes donar-los la oportunitat de saber qu\u00e8 es sent tocant en una Brass Band. El sentiment de grup i l&#8217;autoestima de tocar [&hellip;]<\/p>\n","protected":false},"author":1,"featured_media":0,"parent":4258,"menu_order":1,"comment_status":"closed","ping_status":"closed","template":"page-templates\/side-menu.php","meta":{"_bbp_topic_count":0,"_bbp_reply_count":0,"_bbp_total_topic_count":0,"_bbp_total_reply_count":0,"_bbp_voice_count":0,"_bbp_anonymous_reply_count":0,"_bbp_topic_count_hidden":0,"_bbp_reply_count_hidden":0,"_bbp_forum_subforum_count":0,"site-sidebar-layout":"default","site-content-layout":"","ast-site-content-layout":"","site-content-style":"default","site-sidebar-style":"default","ast-global-header-display":"","ast-banner-title-visibility":"","ast-main-header-display":"","ast-hfb-above-header-display":"","ast-hfb-below-header-display":"","ast-hfb-mobile-header-display":"","site-post-title":"","ast-breadcrumbs-content":"","ast-featured-img":"","footer-sml-layout":"","theme-transparent-header-meta":"","adv-header-id-meta":"","stick-header-meta":"","header-above-stick-meta":"","header-main-stick-meta":"","header-below-stick-meta":"","astra-migrate-meta-layouts":"default","ast-page-background-enabled":"default","ast-page-background-meta":{"desktop":{"background-color":"var(--ast-global-color-4)","background-image":"","background-repeat":"repeat","background-position":"center center","background-size":"auto","background-attachment":"scroll","background-type":"","background-media":"","overlay-type":"","overlay-color":"","overlay-opacity":"","overlay-gradient":""},"tablet":{"background-color":"","background-image":"","background-repeat":"repeat","background-position":"center center","background-size":"auto","background-attachment":"scroll","background-type":"","background-media":"","overlay-type":"","overlay-color":"","overlay-opacity":"","overlay-gradient":""},"mobile":{"background-color":"","background-image":"","background-repeat":"repeat","background-position":"center center","background-size":"auto","background-attachment":"scroll","background-type":"","background-media":"","overlay-type":"","overlay-color":"","overlay-opacity":"","overlay-gradient":""}},"ast-content-background-meta":{"desktop":{"background-color":"var(--ast-global-color-5)","background-image":"","background-repeat":"repeat","background-position":"center center","background-size":"auto","background-attachment":"scroll","background-type":"","background-media":"","overlay-type":"","overlay-color":"","overlay-opacity":"","overlay-gradient":""},"tablet":{"background-color":"var(--ast-global-color-5)","background-image":"","background-repeat":"repeat","background-position":"center center","background-size":"auto","background-attachment":"scroll","background-type":"","background-media":"","overlay-type":"","overlay-color":"","overlay-opacity":"","overlay-gradient":""},"mobile":{"background-color":"var(--ast-global-color-5)","background-image":"","background-repeat":"repeat","background-position":"center center","background-size":"auto","background-attachment":"scroll","background-type":"","background-media":"","overlay-type":"","overlay-color":"","overlay-opacity":"","overlay-gradient":""}},"footnotes":""},"class_list":["post-4433","page","type-page","status-publish","hentry"],"post_mailing_queue_ids":[],"_links":{"self":[{"href":"https:\/\/agora.xtec.cat\/ceip-jacint-verdaguer-tarrega\/wp-json\/wp\/v2\/pages\/4433","targetHints":{"allow":["GET"]}}],"collection":[{"href":"https:\/\/agora.xtec.cat\/ceip-jacint-verdaguer-tarrega\/wp-json\/wp\/v2\/pages"}],"about":[{"href":"https:\/\/agora.xtec.cat\/ceip-jacint-verdaguer-tarrega\/wp-json\/wp\/v2\/types\/page"}],"author":[{"embeddable":true,"href":"https:\/\/agora.xtec.cat\/ceip-jacint-verdaguer-tarrega\/wp-json\/wp\/v2\/users\/1"}],"replies":[{"embeddable":true,"href":"https:\/\/agora.xtec.cat\/ceip-jacint-verdaguer-tarrega\/wp-json\/wp\/v2\/comments?post=4433"}],"version-history":[{"count":6,"href":"https:\/\/agora.xtec.cat\/ceip-jacint-verdaguer-tarrega\/wp-json\/wp\/v2\/pages\/4433\/revisions"}],"predecessor-version":[{"id":8785,"href":"https:\/\/agora.xtec.cat\/ceip-jacint-verdaguer-tarrega\/wp-json\/wp\/v2\/pages\/4433\/revisions\/8785"}],"up":[{"embeddable":true,"href":"https:\/\/agora.xtec.cat\/ceip-jacint-verdaguer-tarrega\/wp-json\/wp\/v2\/pages\/4258"}],"wp:attachment":[{"href":"https:\/\/agora.xtec.cat\/ceip-jacint-verdaguer-tarrega\/wp-json\/wp\/v2\/media?parent=4433"}],"curies":[{"name":"wp","href":"https:\/\/api.w.org\/{rel}","templated":true}]}}