{"id":443,"date":"2017-07-05T17:43:32","date_gmt":"2017-07-05T15:43:32","guid":{"rendered":"http:\/\/agora.xtec.cat\/ceip-jacint-verdaguer-tarrega\/?page_id=443"},"modified":"2025-09-01T18:06:12","modified_gmt":"2025-09-01T16:06:12","slug":"blogs-de-lescola","status":"publish","type":"page","link":"https:\/\/agora.xtec.cat\/ceip-jacint-verdaguer-tarrega\/pagines-dinici\/blogs-de-lescola\/","title":{"rendered":"Blogs de l&#8217;escola"},"content":{"rendered":"<p>Voleu veure qu\u00e8 fem a l&#8217;escola? Als nostres blogs hi trobareu algunes activitats de les que fem durant el curs i altres informacions interessants.<\/p>\n<ul>\n<li>Els blogs d&#8217;Educaci\u00f3 Infantil dels cursos de <a href=\"https:\/\/agora.xtec.cat\/ceip-jacint-verdaguer-tarrega\/categoria\/i3\/\">I3<\/a>, <a href=\"https:\/\/agora.xtec.cat\/ceip-jacint-verdaguer-tarrega\/categoria\/i4\/\">I4<\/a> i <a href=\"https:\/\/agora.xtec.cat\/ceip-jacint-verdaguer-tarrega\/categoria\/i5\/\">I5<\/a>.<\/li>\n<li>Els blogs de Cicle Inicial dels cursos de <a href=\"https:\/\/agora.xtec.cat\/ceip-jacint-verdaguer-tarrega\/categoria\/1r\/\">1r<\/a> i <a href=\"https:\/\/agora.xtec.cat\/ceip-jacint-verdaguer-tarrega\/categoria\/2n\/\">2n<\/a> de prim\u00e0ria.<\/li>\n<li>Els blogs de Cicle Mitj\u00e0 dels cursos de <a href=\"https:\/\/agora.xtec.cat\/ceip-jacint-verdaguer-tarrega\/categoria\/3r\/\">3r<\/a> i <a href=\"https:\/\/agora.xtec.cat\/ceip-jacint-verdaguer-tarrega\/categoria\/4t\/\">4t<\/a> de prim\u00e0ria.<\/li>\n<li>Els blogs de Cicle Superior dels cursos de <a href=\"https:\/\/agora.xtec.cat\/ceip-jacint-verdaguer-tarrega\/categoria\/5e\/\">5\u00e8 <\/a>i <a href=\"https:\/\/agora.xtec.cat\/ceip-jacint-verdaguer-tarrega\/categoria\/6e\/\">6\u00e8<\/a> de prim\u00e0ria.<\/li>\n<li>El blog de <a href=\"https:\/\/agora.xtec.cat\/ceip-jacint-verdaguer-tarrega\/categoria\/musica\/\" rel=\"noopener\">M\u00fasica <\/a>i festes per a tota l&#8217;escola.<\/li>\n<\/ul>\n<p>&nbsp;<\/p>\n","protected":false},"excerpt":{"rendered":"<p>Voleu veure qu\u00e8 fem a l&#8217;escola? Als nostres blogs hi trobareu algunes activitats de les que fem durant el curs i altres informacions interessants. Els blogs d&#8217;Educaci\u00f3 Infantil dels cursos de I3, I4 i I5. Els blogs de Cicle Inicial dels cursos de 1r i 2n de prim\u00e0ria. Els blogs de Cicle Mitj\u00e0 dels cursos [&hellip;]<\/p>\n","protected":false},"author":1,"featured_media":0,"parent":7,"menu_order":20,"comment_status":"closed","ping_status":"closed","template":"","meta":{"_bbp_topic_count":0,"_bbp_reply_count":0,"_bbp_total_topic_count":0,"_bbp_total_reply_count":0,"_bbp_voice_count":0,"_bbp_anonymous_reply_count":0,"_bbp_topic_count_hidden":0,"_bbp_reply_count_hidden":0,"_bbp_forum_subforum_count":0,"site-sidebar-layout":"default","site-content-layout":"","ast-site-content-layout":"default","site-content-style":"default","site-sidebar-style":"default","ast-global-header-display":"","ast-banner-title-visibility":"","ast-main-header-display":"","ast-hfb-above-header-display":"","ast-hfb-below-header-display":"","ast-hfb-mobile-header-display":"","site-post-title":"","ast-breadcrumbs-content":"","ast-featured-img":"","footer-sml-layout":"","theme-transparent-header-meta":"default","adv-header-id-meta":"","stick-header-meta":"","header-above-stick-meta":"","header-main-stick-meta":"","header-below-stick-meta":"","astra-migrate-meta-layouts":"set","ast-page-background-enabled":"default","ast-page-background-meta":{"desktop":{"background-color":"var(--ast-global-color-4)","background-image":"","background-repeat":"repeat","background-position":"center center","background-size":"auto","background-attachment":"scroll","background-type":"","background-media":"","overlay-type":"","overlay-color":"","overlay-opacity":"","overlay-gradient":""},"tablet":{"background-color":"","background-image":"","background-repeat":"repeat","background-position":"center center","background-size":"auto","background-attachment":"scroll","background-type":"","background-media":"","overlay-type":"","overlay-color":"","overlay-opacity":"","overlay-gradient":""},"mobile":{"background-color":"","background-image":"","background-repeat":"repeat","background-position":"center center","background-size":"auto","background-attachment":"scroll","background-type":"","background-media":"","overlay-type":"","overlay-color":"","overlay-opacity":"","overlay-gradient":""}},"ast-content-background-meta":{"desktop":{"background-color":"var(--ast-global-color-5)","background-image":"","background-repeat":"repeat","background-position":"center center","background-size":"auto","background-attachment":"scroll","background-type":"","background-media":"","overlay-type":"","overlay-color":"","overlay-opacity":"","overlay-gradient":""},"tablet":{"background-color":"var(--ast-global-color-5)","background-image":"","background-repeat":"repeat","background-position":"center center","background-size":"auto","background-attachment":"scroll","background-type":"","background-media":"","overlay-type":"","overlay-color":"","overlay-opacity":"","overlay-gradient":""},"mobile":{"background-color":"var(--ast-global-color-5)","background-image":"","background-repeat":"repeat","background-position":"center center","background-size":"auto","background-attachment":"scroll","background-type":"","background-media":"","overlay-type":"","overlay-color":"","overlay-opacity":"","overlay-gradient":""}},"footnotes":""},"class_list":["post-443","page","type-page","status-publish","hentry"],"post_mailing_queue_ids":[],"_links":{"self":[{"href":"https:\/\/agora.xtec.cat\/ceip-jacint-verdaguer-tarrega\/wp-json\/wp\/v2\/pages\/443","targetHints":{"allow":["GET"]}}],"collection":[{"href":"https:\/\/agora.xtec.cat\/ceip-jacint-verdaguer-tarrega\/wp-json\/wp\/v2\/pages"}],"about":[{"href":"https:\/\/agora.xtec.cat\/ceip-jacint-verdaguer-tarrega\/wp-json\/wp\/v2\/types\/page"}],"author":[{"embeddable":true,"href":"https:\/\/agora.xtec.cat\/ceip-jacint-verdaguer-tarrega\/wp-json\/wp\/v2\/users\/1"}],"replies":[{"embeddable":true,"href":"https:\/\/agora.xtec.cat\/ceip-jacint-verdaguer-tarrega\/wp-json\/wp\/v2\/comments?post=443"}],"version-history":[{"count":7,"href":"https:\/\/agora.xtec.cat\/ceip-jacint-verdaguer-tarrega\/wp-json\/wp\/v2\/pages\/443\/revisions"}],"predecessor-version":[{"id":10739,"href":"https:\/\/agora.xtec.cat\/ceip-jacint-verdaguer-tarrega\/wp-json\/wp\/v2\/pages\/443\/revisions\/10739"}],"up":[{"embeddable":true,"href":"https:\/\/agora.xtec.cat\/ceip-jacint-verdaguer-tarrega\/wp-json\/wp\/v2\/pages\/7"}],"wp:attachment":[{"href":"https:\/\/agora.xtec.cat\/ceip-jacint-verdaguer-tarrega\/wp-json\/wp\/v2\/media?parent=443"}],"curies":[{"name":"wp","href":"https:\/\/api.w.org\/{rel}","templated":true}]}}