{"id":4362,"date":"2021-02-12T13:14:06","date_gmt":"2021-02-12T12:14:06","guid":{"rendered":"https:\/\/agora.xtec.cat\/ceip-jacint-verdaguer-tarrega\/?page_id=4362"},"modified":"2021-02-13T07:53:33","modified_gmt":"2021-02-13T06:53:33","slug":"projecte-interdisciplinari-de-centre","status":"publish","type":"page","link":"https:\/\/agora.xtec.cat\/ceip-jacint-verdaguer-tarrega\/pagines-dinici\/projecte-educatiu\/projecte-interdisciplinari-de-centre\/","title":{"rendered":"Projecte Interdisciplinari de Centre"},"content":{"rendered":"<p><span style=\"color: #008080;\"><strong>Per qu\u00e8?<\/strong><\/span><\/p>\n<p>Una escola gran necessita sentir-se unida. Un projecte interdisciplinari d&#8217;escola que tots els cursos treballen el mateix any i des de la prespectiva de diferents \u00e0rees, ajuda que una escola gran, que s&#8217;organitza i treballa molt per cicles, tingui una visi\u00f3 m\u00e9s \u00e0mplia i se senti part d&#8217;un tot. A m\u00e9s, fa m\u00e9s motivador i significatiu l&#8217;aprenentatge dels alumnes.<\/p>\n<p><strong><span style=\"color: #008080;\">Com ho fem?<\/span><\/strong><\/p>\n<p>L&#8217;alumnat de Cicle Superior (normalment\u00a0 cinqu\u00e8) proposa un tema que es treballa progressivament al llarg de tot l&#8217;any\u00a0 i tota l&#8217;escola: el cinema, la volta al m\u00f3n, la m\u00fasica, els animals, les plantes&#8230;Totes les classes trien el seu nom relacionat amb el tema del projecte i decoren la seva porta i\/o l&#8217;interior de l&#8217;aula. Si el projecte ho permet, les festes de tot el curs van relacionades amb el tema escollit i al final del segon trimestre es reserva una setmana a fer activitats i sortides sobre el projecte: una sortida que no hi falta mai \u00e9s la visita al cinema Maj\u00e8stic de T\u00e0rrega on tota l&#8217;escola pot gaudir d&#8217;una pel\u00b7l\u00edcula relacionada amb el tema.<\/p>\n<p>Aqu\u00ed us deixem un exemple de la decoraci\u00f3 de les portes i les aules de l&#8217;any del projecte &#8220;LES NOSTRES PLANTES&#8221;:<\/p>\n<p><a href=\"https:\/\/agora.xtec.cat\/ceip-jacint-verdaguer-tarrega\/wp-content\/uploads\/usu312\/2021\/01\/PORTES-CICLE-MITJA-WEB.jpg\"><img loading=\"lazy\" decoding=\"async\" class=\"aligncenter wp-image-4147 \" src=\"https:\/\/agora.xtec.cat\/ceip-jacint-verdaguer-tarrega\/wp-content\/uploads\/usu312\/2021\/01\/PORTES-CICLE-MITJA-WEB-724x1024.jpg\" alt=\"\" width=\"584\" height=\"826\" srcset=\"https:\/\/agora.xtec.cat\/ceip-jacint-verdaguer-tarrega\/wp-content\/uploads\/usu312\/2021\/01\/PORTES-CICLE-MITJA-WEB-724x1024.jpg 724w, https:\/\/agora.xtec.cat\/ceip-jacint-verdaguer-tarrega\/wp-content\/uploads\/usu312\/2021\/01\/PORTES-CICLE-MITJA-WEB-212x300.jpg 212w, https:\/\/agora.xtec.cat\/ceip-jacint-verdaguer-tarrega\/wp-content\/uploads\/usu312\/2021\/01\/PORTES-CICLE-MITJA-WEB-768x1086.jpg 768w, https:\/\/agora.xtec.cat\/ceip-jacint-verdaguer-tarrega\/wp-content\/uploads\/usu312\/2021\/01\/PORTES-CICLE-MITJA-WEB.jpg 1024w\" sizes=\"auto, (max-width: 584px) 100vw, 584px\" \/><\/a><a href=\"https:\/\/agora.xtec.cat\/ceip-jacint-verdaguer-tarrega\/wp-content\/uploads\/usu312\/2021\/01\/PORTES-CICLE-INICIAL-WEB-1.jpg\"><img loading=\"lazy\" decoding=\"async\" class=\"aligncenter wp-image-4166 \" src=\"https:\/\/agora.xtec.cat\/ceip-jacint-verdaguer-tarrega\/wp-content\/uploads\/usu312\/2021\/01\/PORTES-CICLE-INICIAL-WEB-1-724x1024.jpg\" alt=\"\" width=\"584\" height=\"827\" srcset=\"https:\/\/agora.xtec.cat\/ceip-jacint-verdaguer-tarrega\/wp-content\/uploads\/usu312\/2021\/01\/PORTES-CICLE-INICIAL-WEB-1-724x1024.jpg 724w, https:\/\/agora.xtec.cat\/ceip-jacint-verdaguer-tarrega\/wp-content\/uploads\/usu312\/2021\/01\/PORTES-CICLE-INICIAL-WEB-1-212x300.jpg 212w, https:\/\/agora.xtec.cat\/ceip-jacint-verdaguer-tarrega\/wp-content\/uploads\/usu312\/2021\/01\/PORTES-CICLE-INICIAL-WEB-1-768x1086.jpg 768w, https:\/\/agora.xtec.cat\/ceip-jacint-verdaguer-tarrega\/wp-content\/uploads\/usu312\/2021\/01\/PORTES-CICLE-INICIAL-WEB-1.jpg 1024w\" sizes=\"auto, (max-width: 584px) 100vw, 584px\" \/><\/a><\/p>\n<p>&nbsp;<\/p>\n<p><a href=\"https:\/\/agora.xtec.cat\/ceip-jacint-verdaguer-tarrega\/wp-content\/uploads\/usu312\/2021\/01\/PORTES-ED-INFANTIL-WEB.jpg\"><img loading=\"lazy\" decoding=\"async\" class=\"aligncenter wp-image-4149 \" src=\"https:\/\/agora.xtec.cat\/ceip-jacint-verdaguer-tarrega\/wp-content\/uploads\/usu312\/2021\/01\/PORTES-ED-INFANTIL-WEB-724x1024.jpg\" alt=\"\" width=\"598\" height=\"846\" srcset=\"https:\/\/agora.xtec.cat\/ceip-jacint-verdaguer-tarrega\/wp-content\/uploads\/usu312\/2021\/01\/PORTES-ED-INFANTIL-WEB-724x1024.jpg 724w, https:\/\/agora.xtec.cat\/ceip-jacint-verdaguer-tarrega\/wp-content\/uploads\/usu312\/2021\/01\/PORTES-ED-INFANTIL-WEB-212x300.jpg 212w, https:\/\/agora.xtec.cat\/ceip-jacint-verdaguer-tarrega\/wp-content\/uploads\/usu312\/2021\/01\/PORTES-ED-INFANTIL-WEB-768x1086.jpg 768w, https:\/\/agora.xtec.cat\/ceip-jacint-verdaguer-tarrega\/wp-content\/uploads\/usu312\/2021\/01\/PORTES-ED-INFANTIL-WEB.jpg 1024w\" sizes=\"auto, (max-width: 598px) 100vw, 598px\" \/><\/a><\/p>\n","protected":false},"excerpt":{"rendered":"<p>Per qu\u00e8? Una escola gran necessita sentir-se unida. Un projecte interdisciplinari d&#8217;escola que tots els cursos treballen el mateix any i des de la prespectiva de diferents \u00e0rees, ajuda que una escola gran, que s&#8217;organitza i treballa molt per cicles, tingui una visi\u00f3 m\u00e9s \u00e0mplia i se senti part d&#8217;un tot. A m\u00e9s, fa m\u00e9s [&hellip;]<\/p>\n","protected":false},"author":1,"featured_media":0,"parent":64,"menu_order":40,"comment_status":"closed","ping_status":"closed","template":"page-templates\/side-menu.php","meta":{"_bbp_topic_count":0,"_bbp_reply_count":0,"_bbp_total_topic_count":0,"_bbp_total_reply_count":0,"_bbp_voice_count":0,"_bbp_anonymous_reply_count":0,"_bbp_topic_count_hidden":0,"_bbp_reply_count_hidden":0,"_bbp_forum_subforum_count":0,"site-sidebar-layout":"default","site-content-layout":"","ast-site-content-layout":"","site-content-style":"default","site-sidebar-style":"default","ast-global-header-display":"","ast-banner-title-visibility":"","ast-main-header-display":"","ast-hfb-above-header-display":"","ast-hfb-below-header-display":"","ast-hfb-mobile-header-display":"","site-post-title":"","ast-breadcrumbs-content":"","ast-featured-img":"","footer-sml-layout":"","theme-transparent-header-meta":"","adv-header-id-meta":"","stick-header-meta":"","header-above-stick-meta":"","header-main-stick-meta":"","header-below-stick-meta":"","astra-migrate-meta-layouts":"default","ast-page-background-enabled":"default","ast-page-background-meta":{"desktop":{"background-color":"var(--ast-global-color-4)","background-image":"","background-repeat":"repeat","background-position":"center center","background-size":"auto","background-attachment":"scroll","background-type":"","background-media":"","overlay-type":"","overlay-color":"","overlay-opacity":"","overlay-gradient":""},"tablet":{"background-color":"","background-image":"","background-repeat":"repeat","background-position":"center center","background-size":"auto","background-attachment":"scroll","background-type":"","background-media":"","overlay-type":"","overlay-color":"","overlay-opacity":"","overlay-gradient":""},"mobile":{"background-color":"","background-image":"","background-repeat":"repeat","background-position":"center center","background-size":"auto","background-attachment":"scroll","background-type":"","background-media":"","overlay-type":"","overlay-color":"","overlay-opacity":"","overlay-gradient":""}},"ast-content-background-meta":{"desktop":{"background-color":"var(--ast-global-color-5)","background-image":"","background-repeat":"repeat","background-position":"center center","background-size":"auto","background-attachment":"scroll","background-type":"","background-media":"","overlay-type":"","overlay-color":"","overlay-opacity":"","overlay-gradient":""},"tablet":{"background-color":"var(--ast-global-color-5)","background-image":"","background-repeat":"repeat","background-position":"center center","background-size":"auto","background-attachment":"scroll","background-type":"","background-media":"","overlay-type":"","overlay-color":"","overlay-opacity":"","overlay-gradient":""},"mobile":{"background-color":"var(--ast-global-color-5)","background-image":"","background-repeat":"repeat","background-position":"center center","background-size":"auto","background-attachment":"scroll","background-type":"","background-media":"","overlay-type":"","overlay-color":"","overlay-opacity":"","overlay-gradient":""}},"footnotes":""},"class_list":["post-4362","page","type-page","status-publish","hentry"],"post_mailing_queue_ids":[],"_links":{"self":[{"href":"https:\/\/agora.xtec.cat\/ceip-jacint-verdaguer-tarrega\/wp-json\/wp\/v2\/pages\/4362","targetHints":{"allow":["GET"]}}],"collection":[{"href":"https:\/\/agora.xtec.cat\/ceip-jacint-verdaguer-tarrega\/wp-json\/wp\/v2\/pages"}],"about":[{"href":"https:\/\/agora.xtec.cat\/ceip-jacint-verdaguer-tarrega\/wp-json\/wp\/v2\/types\/page"}],"author":[{"embeddable":true,"href":"https:\/\/agora.xtec.cat\/ceip-jacint-verdaguer-tarrega\/wp-json\/wp\/v2\/users\/1"}],"replies":[{"embeddable":true,"href":"https:\/\/agora.xtec.cat\/ceip-jacint-verdaguer-tarrega\/wp-json\/wp\/v2\/comments?post=4362"}],"version-history":[{"count":3,"href":"https:\/\/agora.xtec.cat\/ceip-jacint-verdaguer-tarrega\/wp-json\/wp\/v2\/pages\/4362\/revisions"}],"predecessor-version":[{"id":4492,"href":"https:\/\/agora.xtec.cat\/ceip-jacint-verdaguer-tarrega\/wp-json\/wp\/v2\/pages\/4362\/revisions\/4492"}],"up":[{"embeddable":true,"href":"https:\/\/agora.xtec.cat\/ceip-jacint-verdaguer-tarrega\/wp-json\/wp\/v2\/pages\/64"}],"wp:attachment":[{"href":"https:\/\/agora.xtec.cat\/ceip-jacint-verdaguer-tarrega\/wp-json\/wp\/v2\/media?parent=4362"}],"curies":[{"name":"wp","href":"https:\/\/api.w.org\/{rel}","templated":true}]}}