{"id":4267,"date":"2021-02-08T13:30:37","date_gmt":"2021-02-08T12:30:37","guid":{"rendered":"https:\/\/agora.xtec.cat\/ceip-jacint-verdaguer-tarrega\/?page_id=4267"},"modified":"2025-01-09T11:52:04","modified_gmt":"2025-01-09T10:52:04","slug":"projecte-patis-per-tothom","status":"publish","type":"page","link":"https:\/\/agora.xtec.cat\/ceip-jacint-verdaguer-tarrega\/pagines-dinici\/projecte-educatiu\/projecte-patis-per-tothom\/","title":{"rendered":"Projecte Patis per tothom"},"content":{"rendered":"<p><span style=\"color: #ff6600;\"><strong>Per qu\u00e8?<a href=\"https:\/\/agora.xtec.cat\/ceip-jacint-verdaguer-tarrega\/wp-content\/uploads\/usu312\/2021\/02\/Patis-per-a-tothom.png\"><img loading=\"lazy\" decoding=\"async\" class=\"wp-image-4394 alignright\" src=\"https:\/\/agora.xtec.cat\/ceip-jacint-verdaguer-tarrega\/wp-content\/uploads\/usu312\/2021\/02\/Patis-per-a-tothom.png\" alt=\"\" width=\"592\" height=\"445\" srcset=\"https:\/\/agora.xtec.cat\/ceip-jacint-verdaguer-tarrega\/wp-content\/uploads\/usu312\/2021\/02\/Patis-per-a-tothom.png 793w, https:\/\/agora.xtec.cat\/ceip-jacint-verdaguer-tarrega\/wp-content\/uploads\/usu312\/2021\/02\/Patis-per-a-tothom-300x225.png 300w, https:\/\/agora.xtec.cat\/ceip-jacint-verdaguer-tarrega\/wp-content\/uploads\/usu312\/2021\/02\/Patis-per-a-tothom-768x577.png 768w, https:\/\/agora.xtec.cat\/ceip-jacint-verdaguer-tarrega\/wp-content\/uploads\/usu312\/2021\/02\/Patis-per-a-tothom-200x150.png 200w\" sizes=\"auto, (max-width: 592px) 100vw, 592px\" \/><\/a><\/strong><\/span><\/p>\n<p>La nostra escola es defineix com a sensible i diversa en el tractament del joc i el lleure, oferint diferents espais a l&#8217;esbarjo per tal que cada alumne\/a trobi els seu lloc en funci\u00f3 dels seus interessos.<\/p>\n<p>&nbsp;<\/p>\n<p><span style=\"color: #ff6600;\"><strong>Com ho fem?<\/strong><\/span><\/p>\n<p>Oferim\u00a0 espais d&#8217;esbarjo diversos i els organitzem en un horari per a qu\u00e8 tothom en pugui gaudir.<\/p>\n<p>&nbsp;<\/p>\n<p style=\"text-align: center;\"><strong><span style=\"color: #ff6600;\">ESPAIS<\/span><\/strong><\/p>\n<p><span style=\"color: #ffcc00;\">BIBLIOTECA<\/span><span style=\"font-family: inherit; font-size: 1em;\">: Els nens i nenes durant l&#8217;esbarjo poden anar a la biblioteca a gaudir de la lectura.<\/span><\/p>\n<p><span style=\"color: #ffcc00;\">JOCS<\/span> <span style=\"color: #ffcc00;\">TRADICIONALS<\/span> <span style=\"color: #ffcc00;\">A<\/span> <span style=\"color: #ffcc00;\">l&#8217;AIRE<\/span> <span style=\"color: #ffcc00;\">LLIURE<\/span>: Al terra del pati hi ha pintats jocs tradicionals per jugar en equip o en parelles. Els alumnes poden escollir jugar a la xarranca, el mirall, el tres en ratlla, pista de futbol amb xapes&#8230;<\/p>\n<p><span style=\"color: #ffcc00;\">JOCS<\/span> <span style=\"color: #ffcc00;\">DE<\/span> <span style=\"color: #ffcc00;\">TAULA<\/span>: A l&#8217;aula de pl\u00e0stica els alumnes poden gaudir de diferents jocs de taula de diferents nivells i dificultats i alhora aprendre a jugar en equip.<\/p>\n<p><span style=\"color: #ffcc00;\">PING-PONG<\/span>: Un espai del pati est\u00e0 reservat a tres taules de ping-pong on els alumnes m\u00e9s grans poden fer competicions.<\/p>\n<p><span style=\"color: #ffcc00;\">B\u00c0SQUET<\/span>: L&#8217;escola gaudeix de dues pistes de b\u00e0squet. Cadascuna cada dia est\u00e0 reservada a un curs determinat.<\/p>\n<p><span style=\"color: #ffcc00;\">FUTBOL<\/span>: L&#8217;escola t\u00e9 una pista de futbol que cada dia est\u00e0 reservada a un curs de prim\u00e0ria diferent.<\/p>\n<p><span style=\"color: #ffcc00;\">INFORM\u00c0TICA<\/span>: Durant l&#8217;esbarjo, amb reserva pr\u00e8via, els alumnes poden gaudir de jocs inform\u00e0tics educatius.<\/p>\n<p>&nbsp;<\/p>\n<p style=\"text-align: center;\"><strong><span style=\"color: #ff6600;\">ORGANITZACI\u00d3<\/span><\/strong><\/p>\n<p>Per tal de que tothom pugui gaudir de tots els espais de pati, cada any escolar es fa una graella on s&#8217;organitzen els espais per dies de la setmana i curs que hi pot anar.<\/p>\n<p style=\"text-align: center;\"><iframe loading=\"lazy\" src=\"https:\/\/drive.google.com\/file\/d\/1GyHnpNmw8PPC9xxmLlwCEJNH3qaFW19r\/preview\" width=\"720\" height=\"576\"><span data-mce-type=\"bookmark\" style=\"display: inline-block; width: 0px; overflow: hidden; line-height: 0;\" class=\"mce_SELRES_start\">\ufeff<\/span><\/iframe><\/p>\n","protected":false},"excerpt":{"rendered":"<p>Per qu\u00e8? La nostra escola es defineix com a sensible i diversa en el tractament del joc i el lleure, oferint diferents espais a l&#8217;esbarjo per tal que cada alumne\/a trobi els seu lloc en funci\u00f3 dels seus interessos. &nbsp; Com ho fem? Oferim\u00a0 espais d&#8217;esbarjo diversos i els organitzem en un horari per a [&hellip;]<\/p>\n","protected":false},"author":1,"featured_media":0,"parent":64,"menu_order":45,"comment_status":"closed","ping_status":"closed","template":"page-templates\/side-menu.php","meta":{"_bbp_topic_count":0,"_bbp_reply_count":0,"_bbp_total_topic_count":0,"_bbp_total_reply_count":0,"_bbp_voice_count":0,"_bbp_anonymous_reply_count":0,"_bbp_topic_count_hidden":0,"_bbp_reply_count_hidden":0,"_bbp_forum_subforum_count":0,"site-sidebar-layout":"default","site-content-layout":"","ast-site-content-layout":"","site-content-style":"default","site-sidebar-style":"default","ast-global-header-display":"","ast-banner-title-visibility":"","ast-main-header-display":"","ast-hfb-above-header-display":"","ast-hfb-below-header-display":"","ast-hfb-mobile-header-display":"","site-post-title":"","ast-breadcrumbs-content":"","ast-featured-img":"","footer-sml-layout":"","theme-transparent-header-meta":"","adv-header-id-meta":"","stick-header-meta":"","header-above-stick-meta":"","header-main-stick-meta":"","header-below-stick-meta":"","astra-migrate-meta-layouts":"default","ast-page-background-enabled":"default","ast-page-background-meta":{"desktop":{"background-color":"var(--ast-global-color-4)","background-image":"","background-repeat":"repeat","background-position":"center center","background-size":"auto","background-attachment":"scroll","background-type":"","background-media":"","overlay-type":"","overlay-color":"","overlay-opacity":"","overlay-gradient":""},"tablet":{"background-color":"","background-image":"","background-repeat":"repeat","background-position":"center center","background-size":"auto","background-attachment":"scroll","background-type":"","background-media":"","overlay-type":"","overlay-color":"","overlay-opacity":"","overlay-gradient":""},"mobile":{"background-color":"","background-image":"","background-repeat":"repeat","background-position":"center center","background-size":"auto","background-attachment":"scroll","background-type":"","background-media":"","overlay-type":"","overlay-color":"","overlay-opacity":"","overlay-gradient":""}},"ast-content-background-meta":{"desktop":{"background-color":"var(--ast-global-color-5)","background-image":"","background-repeat":"repeat","background-position":"center center","background-size":"auto","background-attachment":"scroll","background-type":"","background-media":"","overlay-type":"","overlay-color":"","overlay-opacity":"","overlay-gradient":""},"tablet":{"background-color":"var(--ast-global-color-5)","background-image":"","background-repeat":"repeat","background-position":"center center","background-size":"auto","background-attachment":"scroll","background-type":"","background-media":"","overlay-type":"","overlay-color":"","overlay-opacity":"","overlay-gradient":""},"mobile":{"background-color":"var(--ast-global-color-5)","background-image":"","background-repeat":"repeat","background-position":"center center","background-size":"auto","background-attachment":"scroll","background-type":"","background-media":"","overlay-type":"","overlay-color":"","overlay-opacity":"","overlay-gradient":""}},"footnotes":""},"class_list":["post-4267","page","type-page","status-publish","hentry"],"post_mailing_queue_ids":[],"_links":{"self":[{"href":"https:\/\/agora.xtec.cat\/ceip-jacint-verdaguer-tarrega\/wp-json\/wp\/v2\/pages\/4267","targetHints":{"allow":["GET"]}}],"collection":[{"href":"https:\/\/agora.xtec.cat\/ceip-jacint-verdaguer-tarrega\/wp-json\/wp\/v2\/pages"}],"about":[{"href":"https:\/\/agora.xtec.cat\/ceip-jacint-verdaguer-tarrega\/wp-json\/wp\/v2\/types\/page"}],"author":[{"embeddable":true,"href":"https:\/\/agora.xtec.cat\/ceip-jacint-verdaguer-tarrega\/wp-json\/wp\/v2\/users\/1"}],"replies":[{"embeddable":true,"href":"https:\/\/agora.xtec.cat\/ceip-jacint-verdaguer-tarrega\/wp-json\/wp\/v2\/comments?post=4267"}],"version-history":[{"count":4,"href":"https:\/\/agora.xtec.cat\/ceip-jacint-verdaguer-tarrega\/wp-json\/wp\/v2\/pages\/4267\/revisions"}],"predecessor-version":[{"id":9803,"href":"https:\/\/agora.xtec.cat\/ceip-jacint-verdaguer-tarrega\/wp-json\/wp\/v2\/pages\/4267\/revisions\/9803"}],"up":[{"embeddable":true,"href":"https:\/\/agora.xtec.cat\/ceip-jacint-verdaguer-tarrega\/wp-json\/wp\/v2\/pages\/64"}],"wp:attachment":[{"href":"https:\/\/agora.xtec.cat\/ceip-jacint-verdaguer-tarrega\/wp-json\/wp\/v2\/media?parent=4267"}],"curies":[{"name":"wp","href":"https:\/\/api.w.org\/{rel}","templated":true}]}}