{"id":4258,"date":"2021-02-12T11:30:42","date_gmt":"2021-02-12T10:30:42","guid":{"rendered":"https:\/\/agora.xtec.cat\/ceip-jacint-verdaguer-tarrega\/?page_id=4258"},"modified":"2021-02-12T18:44:52","modified_gmt":"2021-02-12T17:44:52","slug":"projecte-artistic-del-centre","status":"publish","type":"page","link":"https:\/\/agora.xtec.cat\/ceip-jacint-verdaguer-tarrega\/pagines-dinici\/projecte-educatiu\/projecte-artistic-del-centre\/","title":{"rendered":"Projecte Art\u00edstic del centre"},"content":{"rendered":"<p><span style=\"color: #008000;\"><strong>Per qu\u00e8?<\/strong><\/span><\/p>\n<p>Perqu\u00e8 entenem l&#8217;educaci\u00f3 art\u00edstica com una porta al pensament cr\u00edtic. La m\u00fasica i la pl\u00e0stica ajuden a desenvolupar la plasticitat del cervell i contribueixen al desenvolupament integral del nostre alumnat. \u00c9sser creatius, explorar diferents possibilitats, analitzar i representar el nostre entorn proper, con\u00e8ixer les principals manifestacions art\u00edstiques targarines&#8230;tot aix\u00f2 ens ha d&#8217;ajudar a convertir-nos en ciutadans cr\u00edtics i compromesos amb el nostre entorn.<\/p>\n<p><span style=\"color: #008000;\"><strong>Com ho fem?<\/strong><\/span><\/p>\n<p>Potenciant la creativitat a trav\u00e9s de diferents projectes d&#8217;educaci\u00f3 art\u00edstica: musical i pl\u00e0stica. A continuaci\u00f3 en teniu l&#8217;explicaci\u00f3.<\/p>\n<p>&nbsp;<\/p>\n<p><a href=\"https:\/\/agora.xtec.cat\/ceip-jacint-verdaguer-tarrega\/pagines-dinici\/projecte-educatiu\/projecte-artistic-del-centre\/educacio-musical\/\" rel=\"noopener noreferrer\">EDUCACI\u00d3 MUSICAL<\/a><\/p>\n<p><a href=\"https:\/\/agora.xtec.cat\/ceip-jacint-verdaguer-tarrega\/pagines-dinici\/projecte-educatiu\/projecte-artistic-del-centre\/educacio-visual-i-plastica\/\" rel=\"noopener noreferrer\">EDUCACI\u00d3 VISUAL I PL\u00c0STICA<\/a><\/p>\n","protected":false},"excerpt":{"rendered":"<p>Per qu\u00e8? Perqu\u00e8 entenem l&#8217;educaci\u00f3 art\u00edstica com una porta al pensament cr\u00edtic. La m\u00fasica i la pl\u00e0stica ajuden a desenvolupar la plasticitat del cervell i contribueixen al desenvolupament integral del nostre alumnat. \u00c9sser creatius, explorar diferents possibilitats, analitzar i representar el nostre entorn proper, con\u00e8ixer les principals manifestacions art\u00edstiques targarines&#8230;tot aix\u00f2 ens ha d&#8217;ajudar a [&hellip;]<\/p>\n","protected":false},"author":1,"featured_media":0,"parent":64,"menu_order":25,"comment_status":"closed","ping_status":"closed","template":"page-templates\/side-menu.php","meta":{"_bbp_topic_count":0,"_bbp_reply_count":0,"_bbp_total_topic_count":0,"_bbp_total_reply_count":0,"_bbp_voice_count":0,"_bbp_anonymous_reply_count":0,"_bbp_topic_count_hidden":0,"_bbp_reply_count_hidden":0,"_bbp_forum_subforum_count":0,"site-sidebar-layout":"default","site-content-layout":"","ast-site-content-layout":"","site-content-style":"default","site-sidebar-style":"default","ast-global-header-display":"","ast-banner-title-visibility":"","ast-main-header-display":"","ast-hfb-above-header-display":"","ast-hfb-below-header-display":"","ast-hfb-mobile-header-display":"","site-post-title":"","ast-breadcrumbs-content":"","ast-featured-img":"","footer-sml-layout":"","theme-transparent-header-meta":"","adv-header-id-meta":"","stick-header-meta":"","header-above-stick-meta":"","header-main-stick-meta":"","header-below-stick-meta":"","astra-migrate-meta-layouts":"default","ast-page-background-enabled":"default","ast-page-background-meta":{"desktop":{"background-color":"var(--ast-global-color-4)","background-image":"","background-repeat":"repeat","background-position":"center center","background-size":"auto","background-attachment":"scroll","background-type":"","background-media":"","overlay-type":"","overlay-color":"","overlay-opacity":"","overlay-gradient":""},"tablet":{"background-color":"","background-image":"","background-repeat":"repeat","background-position":"center center","background-size":"auto","background-attachment":"scroll","background-type":"","background-media":"","overlay-type":"","overlay-color":"","overlay-opacity":"","overlay-gradient":""},"mobile":{"background-color":"","background-image":"","background-repeat":"repeat","background-position":"center center","background-size":"auto","background-attachment":"scroll","background-type":"","background-media":"","overlay-type":"","overlay-color":"","overlay-opacity":"","overlay-gradient":""}},"ast-content-background-meta":{"desktop":{"background-color":"var(--ast-global-color-5)","background-image":"","background-repeat":"repeat","background-position":"center center","background-size":"auto","background-attachment":"scroll","background-type":"","background-media":"","overlay-type":"","overlay-color":"","overlay-opacity":"","overlay-gradient":""},"tablet":{"background-color":"var(--ast-global-color-5)","background-image":"","background-repeat":"repeat","background-position":"center center","background-size":"auto","background-attachment":"scroll","background-type":"","background-media":"","overlay-type":"","overlay-color":"","overlay-opacity":"","overlay-gradient":""},"mobile":{"background-color":"var(--ast-global-color-5)","background-image":"","background-repeat":"repeat","background-position":"center center","background-size":"auto","background-attachment":"scroll","background-type":"","background-media":"","overlay-type":"","overlay-color":"","overlay-opacity":"","overlay-gradient":""}},"footnotes":""},"class_list":["post-4258","page","type-page","status-publish","hentry"],"post_mailing_queue_ids":[],"_links":{"self":[{"href":"https:\/\/agora.xtec.cat\/ceip-jacint-verdaguer-tarrega\/wp-json\/wp\/v2\/pages\/4258","targetHints":{"allow":["GET"]}}],"collection":[{"href":"https:\/\/agora.xtec.cat\/ceip-jacint-verdaguer-tarrega\/wp-json\/wp\/v2\/pages"}],"about":[{"href":"https:\/\/agora.xtec.cat\/ceip-jacint-verdaguer-tarrega\/wp-json\/wp\/v2\/types\/page"}],"author":[{"embeddable":true,"href":"https:\/\/agora.xtec.cat\/ceip-jacint-verdaguer-tarrega\/wp-json\/wp\/v2\/users\/1"}],"replies":[{"embeddable":true,"href":"https:\/\/agora.xtec.cat\/ceip-jacint-verdaguer-tarrega\/wp-json\/wp\/v2\/comments?post=4258"}],"version-history":[{"count":4,"href":"https:\/\/agora.xtec.cat\/ceip-jacint-verdaguer-tarrega\/wp-json\/wp\/v2\/pages\/4258\/revisions"}],"predecessor-version":[{"id":10779,"href":"https:\/\/agora.xtec.cat\/ceip-jacint-verdaguer-tarrega\/wp-json\/wp\/v2\/pages\/4258\/revisions\/10779"}],"up":[{"embeddable":true,"href":"https:\/\/agora.xtec.cat\/ceip-jacint-verdaguer-tarrega\/wp-json\/wp\/v2\/pages\/64"}],"wp:attachment":[{"href":"https:\/\/agora.xtec.cat\/ceip-jacint-verdaguer-tarrega\/wp-json\/wp\/v2\/media?parent=4258"}],"curies":[{"name":"wp","href":"https:\/\/api.w.org\/{rel}","templated":true}]}}