{"id":424,"date":"2017-07-03T18:43:05","date_gmt":"2017-07-03T16:43:05","guid":{"rendered":"http:\/\/agora.xtec.cat\/ceip-jacint-verdaguer-tarrega\/?page_id=424"},"modified":"2022-09-27T15:27:32","modified_gmt":"2022-09-27T13:27:32","slug":"autoritzacions","status":"publish","type":"page","link":"https:\/\/agora.xtec.cat\/ceip-jacint-verdaguer-tarrega\/pagines-dinici\/documents-descola\/autoritzacions\/","title":{"rendered":"Autoritzacions"},"content":{"rendered":"<p>A continuaci\u00f3 teniu els documents per a les diferents autoritzacions que podeu descarregar, imprimir i portar a l&#8217;escola degudament signats.<\/p>\n<div style=\"text-align: center;\"><\/div>\n<div style=\"text-align: center;\"><span style=\"font-size: large;\"><b>Autoritzacions d&#8217;alumnes: sortides, \u00fas d&#8217;imatge i administraci\u00f3 de paracetamol.<\/b><\/span><\/div>\n<div style=\"text-align: center;\"><\/div>\n<p style=\"text-align: center;\"><iframe loading=\"lazy\" src=\"https:\/\/drive.google.com\/file\/d\/1EhDKqzwWMzHfWMaipBtMDT1J2xWbz-z9\/preview\" width=\"720\" height=\"376\"><\/iframe><\/p>\n<div style=\"text-align: center;\"><\/div>\n<div style=\"text-align: center;\"><\/div>\n<div style=\"text-align: center;\"><span style=\"font-size: large;\"><b>Sol\u00b7licitud administraci\u00f3 medicaments.<\/b><\/span><\/div>\n<div style=\"text-align: center;\"><\/div>\n<p style=\"text-align: center;\"><iframe loading=\"lazy\" src=\"https:\/\/drive.google.com\/file\/d\/1tiJCo1wGU8ZPTNe85NLplavswEiNWNCo\/preview\" width=\"720\" height=\"376\"><\/iframe><\/p>\n<div style=\"text-align: center;\"><\/div>\n<div style=\"text-align: center;\"><\/div>\n<div style=\"text-align: center;\"><span style=\"font-size: large;\"><b>Autoritzaci\u00f3 per a la recollida d&#8217;alumnes.<\/b><\/span><\/div>\n<div style=\"text-align: center;\"><\/div>\n<p style=\"text-align: center;\"><iframe loading=\"lazy\" src=\"https:\/\/drive.google.com\/file\/d\/1IdyiIxb7_XJYlgc2gYNpKuOXgs0REQ1m\/preview\" width=\"720\" height=\"376\"><\/iframe><\/p>\n<div style=\"text-align: center;\"><\/div>\n<div style=\"text-align: center;\"><\/div>\n<div style=\"text-align: center;\"><span style=\"font-size: large;\"><b>Justificaci\u00f3 de faltes d&#8217;assist\u00e8ncia.<\/b><\/span><\/div>\n<div style=\"text-align: center;\"><\/div>\n<p style=\"text-align: center;\"><iframe loading=\"lazy\" src=\"https:\/\/drive.google.com\/file\/d\/1qlswR82bdNCj_lkZ2oJ8KEGZ9255Y1s0\/preview\" width=\"720\" height=\"376\"><\/iframe><\/p>\n","protected":false},"excerpt":{"rendered":"<p>A continuaci\u00f3 teniu els documents per a les diferents autoritzacions que podeu descarregar, imprimir i portar a l&#8217;escola degudament signats. Autoritzacions d&#8217;alumnes: sortides, \u00fas d&#8217;imatge i administraci\u00f3 de paracetamol. Sol\u00b7licitud administraci\u00f3 medicaments. Autoritzaci\u00f3 per a la recollida d&#8217;alumnes. Justificaci\u00f3 de faltes d&#8217;assist\u00e8ncia.<\/p>\n","protected":false},"author":1,"featured_media":0,"parent":250,"menu_order":62,"comment_status":"closed","ping_status":"closed","template":"page-templates\/side-menu.php","meta":{"_bbp_topic_count":0,"_bbp_reply_count":0,"_bbp_total_topic_count":0,"_bbp_total_reply_count":0,"_bbp_voice_count":0,"_bbp_anonymous_reply_count":0,"_bbp_topic_count_hidden":0,"_bbp_reply_count_hidden":0,"_bbp_forum_subforum_count":0,"site-sidebar-layout":"default","site-content-layout":"","ast-site-content-layout":"","site-content-style":"default","site-sidebar-style":"default","ast-global-header-display":"","ast-banner-title-visibility":"","ast-main-header-display":"","ast-hfb-above-header-display":"","ast-hfb-below-header-display":"","ast-hfb-mobile-header-display":"","site-post-title":"","ast-breadcrumbs-content":"","ast-featured-img":"","footer-sml-layout":"","theme-transparent-header-meta":"","adv-header-id-meta":"","stick-header-meta":"","header-above-stick-meta":"","header-main-stick-meta":"","header-below-stick-meta":"","astra-migrate-meta-layouts":"default","ast-page-background-enabled":"default","ast-page-background-meta":{"desktop":{"background-color":"var(--ast-global-color-4)","background-image":"","background-repeat":"repeat","background-position":"center center","background-size":"auto","background-attachment":"scroll","background-type":"","background-media":"","overlay-type":"","overlay-color":"","overlay-opacity":"","overlay-gradient":""},"tablet":{"background-color":"","background-image":"","background-repeat":"repeat","background-position":"center center","background-size":"auto","background-attachment":"scroll","background-type":"","background-media":"","overlay-type":"","overlay-color":"","overlay-opacity":"","overlay-gradient":""},"mobile":{"background-color":"","background-image":"","background-repeat":"repeat","background-position":"center center","background-size":"auto","background-attachment":"scroll","background-type":"","background-media":"","overlay-type":"","overlay-color":"","overlay-opacity":"","overlay-gradient":""}},"ast-content-background-meta":{"desktop":{"background-color":"var(--ast-global-color-5)","background-image":"","background-repeat":"repeat","background-position":"center center","background-size":"auto","background-attachment":"scroll","background-type":"","background-media":"","overlay-type":"","overlay-color":"","overlay-opacity":"","overlay-gradient":""},"tablet":{"background-color":"var(--ast-global-color-5)","background-image":"","background-repeat":"repeat","background-position":"center center","background-size":"auto","background-attachment":"scroll","background-type":"","background-media":"","overlay-type":"","overlay-color":"","overlay-opacity":"","overlay-gradient":""},"mobile":{"background-color":"var(--ast-global-color-5)","background-image":"","background-repeat":"repeat","background-position":"center center","background-size":"auto","background-attachment":"scroll","background-type":"","background-media":"","overlay-type":"","overlay-color":"","overlay-opacity":"","overlay-gradient":""}},"footnotes":""},"class_list":["post-424","page","type-page","status-publish","hentry"],"post_mailing_queue_ids":[],"_links":{"self":[{"href":"https:\/\/agora.xtec.cat\/ceip-jacint-verdaguer-tarrega\/wp-json\/wp\/v2\/pages\/424","targetHints":{"allow":["GET"]}}],"collection":[{"href":"https:\/\/agora.xtec.cat\/ceip-jacint-verdaguer-tarrega\/wp-json\/wp\/v2\/pages"}],"about":[{"href":"https:\/\/agora.xtec.cat\/ceip-jacint-verdaguer-tarrega\/wp-json\/wp\/v2\/types\/page"}],"author":[{"embeddable":true,"href":"https:\/\/agora.xtec.cat\/ceip-jacint-verdaguer-tarrega\/wp-json\/wp\/v2\/users\/1"}],"replies":[{"embeddable":true,"href":"https:\/\/agora.xtec.cat\/ceip-jacint-verdaguer-tarrega\/wp-json\/wp\/v2\/comments?post=424"}],"version-history":[{"count":3,"href":"https:\/\/agora.xtec.cat\/ceip-jacint-verdaguer-tarrega\/wp-json\/wp\/v2\/pages\/424\/revisions"}],"predecessor-version":[{"id":6898,"href":"https:\/\/agora.xtec.cat\/ceip-jacint-verdaguer-tarrega\/wp-json\/wp\/v2\/pages\/424\/revisions\/6898"}],"up":[{"embeddable":true,"href":"https:\/\/agora.xtec.cat\/ceip-jacint-verdaguer-tarrega\/wp-json\/wp\/v2\/pages\/250"}],"wp:attachment":[{"href":"https:\/\/agora.xtec.cat\/ceip-jacint-verdaguer-tarrega\/wp-json\/wp\/v2\/media?parent=424"}],"curies":[{"name":"wp","href":"https:\/\/api.w.org\/{rel}","templated":true}]}}