{"id":4218,"date":"2021-02-12T11:31:40","date_gmt":"2021-02-12T10:31:40","guid":{"rendered":"https:\/\/agora.xtec.cat\/ceip-jacint-verdaguer-tarrega\/?page_id=4218"},"modified":"2024-09-16T17:00:16","modified_gmt":"2024-09-16T15:00:16","slug":"pla-foment-de-la-lectura","status":"publish","type":"page","link":"https:\/\/agora.xtec.cat\/ceip-jacint-verdaguer-tarrega\/pagines-dinici\/projecte-educatiu\/pla-foment-de-la-lectura\/","title":{"rendered":"Pla foment de la Lectura"},"content":{"rendered":"<p><span style=\"font-weight: 400;\">Cada dia a l\u2019escola dediquem una part del nostre temps a la lectura. Durant aquestes estones treballem els tres \u00e0mbits: gust per la lectura, llegir per aprendre i saber llegir. Les activitats que fem s\u00f3n diverses i les anem alternant cada dia treballant tots els aspectes que ens ajuden a avan\u00e7ar com a lectors.\u00a0<\/span><\/p>\n<p style=\"text-align: center;\"><span style=\"color: #00ccff;\"><strong>ACTIVITATS<\/strong><\/span><\/p>\n<p><span style=\"color: #00ccff;\">\u00a0CONCURS EL GUST PER LA LECTURA<\/span><a href=\"https:\/\/agora.xtec.cat\/ceip-jacint-verdaguer-tarrega\/wp-content\/uploads\/usu312\/2024\/02\/2024-LOGO_Petit-HI-PARTICIPEM-1.png\"><img loading=\"lazy\" decoding=\"async\" class=\"aligncenter wp-image-8775\" src=\"https:\/\/agora.xtec.cat\/ceip-jacint-verdaguer-tarrega\/wp-content\/uploads\/usu312\/2024\/02\/2024-LOGO_Petit-HI-PARTICIPEM-1.png\" alt=\"\" width=\"237\" height=\"237\" srcset=\"https:\/\/agora.xtec.cat\/ceip-jacint-verdaguer-tarrega\/wp-content\/uploads\/usu312\/2024\/02\/2024-LOGO_Petit-HI-PARTICIPEM-1.png 375w, https:\/\/agora.xtec.cat\/ceip-jacint-verdaguer-tarrega\/wp-content\/uploads\/usu312\/2024\/02\/2024-LOGO_Petit-HI-PARTICIPEM-1-300x300.png 300w, https:\/\/agora.xtec.cat\/ceip-jacint-verdaguer-tarrega\/wp-content\/uploads\/usu312\/2024\/02\/2024-LOGO_Petit-HI-PARTICIPEM-1-150x150.png 150w\" sizes=\"auto, (max-width: 237px) 100vw, 237px\" \/><\/a><\/p>\n<p><span style=\"color: #00ccff;\">EL MEU LLIBRE PREFERIT<\/span><\/p>\n<p>\u00c9s una activitat de gust per la lectura on cada alumne escull un llibre per llegir de manera individual i silenciosa. Si a un alumne li ha agradat molt un llibre en fa la seva recomanaci\u00f3 davant la classe.<\/p>\n<p><span style=\"color: #00ccff;\">ESCOLTEM UN CONTE<\/span><\/p>\n<p>La mestra llegeix una hist\u00f2ria en veu alta per tal de fer modelatge de com s&#8217;ha de llegir. Les pauses, l&#8217;entonaci\u00f3, l&#8217;expressivitat&#8230;ajuden a comprendre un text i a emocionar-nos amb la lectura. El mestre\u00a0modela el proc\u00e9s, fa evidents les estrat\u00e8gies que utilitza, i provoca la reflexi\u00f3 entre els alumnes sobre qu\u00e8 fan per llegir un text i com ho fan, guia el proc\u00e9s, estimula la participaci\u00f3 dels alumnes i recull i en valora les aportacions.<\/p>\n<p><span style=\"font-family: inherit; font-size: 1em; color: #00ccff;\">CONCURS DE LECTURA EN VEU ALTA<\/span><\/p>\n<p><span style=\"font-family: inherit; font-size: 1em;\">La nostra escola cada curs participa al concurs de lectura infantil i juvenil en veu alta que organitza La Fundaci\u00f3 Enciclop\u00e8dia Catalana i el Departament d\u2019Ensenyament de la Generalitat de Catalunya, en el marc del Pla Nacional de Lectura (2012-2016) per\u00f2 a m\u00e9s a m\u00e9s aprofitem la oportunitat per fer un concurs intern per escollir els alumnes que\u00a0 representaran la nostra escola! La lectura en veu alta \u00e9s el millor cam\u00ed per a crear lectors i lectores.<\/span><\/p>\n<p><span style=\"color: #00ccff;\">APADRINAMENT LECTOR<\/span><\/p>\n<p>\u00c9s una activitat cooperativa que es realitza en parelles formades per alumnes de cinqu\u00e8, que fan de padrins de lectura als alumnes de segon de prim\u00e0ria, que fan de fillols. El padr\u00ed o padrina de lectura adquireix el comprom\u00eds principal de vetllar per l\u2019aprenentatge lector del seu fillol\/a. L\u2019ajuda a aprendre a llegir, alhora que mira d\u2019encomanar-li el gust per la lectura tot engrescant-lo a llegir.<\/p>\n<p><span style=\"color: #00ccff;\">LECTURES PER CON\u00c8IXER EL M\u00d3N<\/span><\/p>\n<p><span style=\"color: #000000;\">A trav\u00e9s de textos cient\u00edfics o\u00a0 lectures de medi natural i medi social, l&#8217;alumne descobreix el m\u00f3n que l&#8217;envolta. Aquestes lectures de llegir per aprendre generalment es fan en veu alta i de forma compartida amb tot el grup classe.<\/span><\/p>\n<p><span style=\"color: #00ccff;\">UN M\u00d3N DE LECTURES<\/span><\/p>\n<p>Aquestes lectures ens ajuden a saber llegir i entendre el que ens explica el text. La comprensi\u00f3 lectora \u00e9s la base de tots els aprenentatges. Aix\u00ed doncs, els alumnes treballen la comprensi\u00f3 a trav\u00e9s de lectures diverses.<\/p>\n<p style=\"text-align: center;\"><strong><span style=\"color: #0000ff;\">\u00a0<span style=\"color: #00ccff;\">ORGANITZACI\u00d3<\/span><\/span><\/strong><\/p>\n<p><span style=\"font-weight: 400;\">A continuaci\u00f3 podeu veure un exemple de com ho distribu\u00efm a cada cicle durant la setmana ( aquesta distribuci\u00f3 pot variar cada curs depenent de l&#8217;horari):<\/span><\/p>\n<p>&nbsp;<\/p>\n<p style=\"text-align: center;\"><iframe loading=\"lazy\" src=\"https:\/\/drive.google.com\/file\/d\/1cIiz6NFTn8h5eHiBdOGF-zZRW8vnecBy\/preview\" width=\"720\" height=\"576\"><\/iframe><\/p>\n<p>&nbsp;<\/p>\n","protected":false},"excerpt":{"rendered":"<p>Cada dia a l\u2019escola dediquem una part del nostre temps a la lectura. Durant aquestes estones treballem els tres \u00e0mbits: gust per la lectura, llegir per aprendre i saber llegir. Les activitats que fem s\u00f3n diverses i les anem alternant cada dia treballant tots els aspectes que ens ajuden a avan\u00e7ar com a lectors.\u00a0 ACTIVITATS [&hellip;]<\/p>\n","protected":false},"author":1,"featured_media":0,"parent":64,"menu_order":10,"comment_status":"closed","ping_status":"closed","template":"page-templates\/side-menu.php","meta":{"_bbp_topic_count":0,"_bbp_reply_count":0,"_bbp_total_topic_count":0,"_bbp_total_reply_count":0,"_bbp_voice_count":0,"_bbp_anonymous_reply_count":0,"_bbp_topic_count_hidden":0,"_bbp_reply_count_hidden":0,"_bbp_forum_subforum_count":0,"site-sidebar-layout":"default","site-content-layout":"","ast-site-content-layout":"","site-content-style":"default","site-sidebar-style":"default","ast-global-header-display":"","ast-banner-title-visibility":"","ast-main-header-display":"","ast-hfb-above-header-display":"","ast-hfb-below-header-display":"","ast-hfb-mobile-header-display":"","site-post-title":"","ast-breadcrumbs-content":"","ast-featured-img":"","footer-sml-layout":"","theme-transparent-header-meta":"","adv-header-id-meta":"","stick-header-meta":"","header-above-stick-meta":"","header-main-stick-meta":"","header-below-stick-meta":"","astra-migrate-meta-layouts":"default","ast-page-background-enabled":"default","ast-page-background-meta":{"desktop":{"background-color":"var(--ast-global-color-4)","background-image":"","background-repeat":"repeat","background-position":"center center","background-size":"auto","background-attachment":"scroll","background-type":"","background-media":"","overlay-type":"","overlay-color":"","overlay-opacity":"","overlay-gradient":""},"tablet":{"background-color":"","background-image":"","background-repeat":"repeat","background-position":"center center","background-size":"auto","background-attachment":"scroll","background-type":"","background-media":"","overlay-type":"","overlay-color":"","overlay-opacity":"","overlay-gradient":""},"mobile":{"background-color":"","background-image":"","background-repeat":"repeat","background-position":"center center","background-size":"auto","background-attachment":"scroll","background-type":"","background-media":"","overlay-type":"","overlay-color":"","overlay-opacity":"","overlay-gradient":""}},"ast-content-background-meta":{"desktop":{"background-color":"var(--ast-global-color-5)","background-image":"","background-repeat":"repeat","background-position":"center center","background-size":"auto","background-attachment":"scroll","background-type":"","background-media":"","overlay-type":"","overlay-color":"","overlay-opacity":"","overlay-gradient":""},"tablet":{"background-color":"var(--ast-global-color-5)","background-image":"","background-repeat":"repeat","background-position":"center center","background-size":"auto","background-attachment":"scroll","background-type":"","background-media":"","overlay-type":"","overlay-color":"","overlay-opacity":"","overlay-gradient":""},"mobile":{"background-color":"var(--ast-global-color-5)","background-image":"","background-repeat":"repeat","background-position":"center center","background-size":"auto","background-attachment":"scroll","background-type":"","background-media":"","overlay-type":"","overlay-color":"","overlay-opacity":"","overlay-gradient":""}},"footnotes":""},"class_list":["post-4218","page","type-page","status-publish","hentry"],"post_mailing_queue_ids":[],"_links":{"self":[{"href":"https:\/\/agora.xtec.cat\/ceip-jacint-verdaguer-tarrega\/wp-json\/wp\/v2\/pages\/4218","targetHints":{"allow":["GET"]}}],"collection":[{"href":"https:\/\/agora.xtec.cat\/ceip-jacint-verdaguer-tarrega\/wp-json\/wp\/v2\/pages"}],"about":[{"href":"https:\/\/agora.xtec.cat\/ceip-jacint-verdaguer-tarrega\/wp-json\/wp\/v2\/types\/page"}],"author":[{"embeddable":true,"href":"https:\/\/agora.xtec.cat\/ceip-jacint-verdaguer-tarrega\/wp-json\/wp\/v2\/users\/1"}],"replies":[{"embeddable":true,"href":"https:\/\/agora.xtec.cat\/ceip-jacint-verdaguer-tarrega\/wp-json\/wp\/v2\/comments?post=4218"}],"version-history":[{"count":6,"href":"https:\/\/agora.xtec.cat\/ceip-jacint-verdaguer-tarrega\/wp-json\/wp\/v2\/pages\/4218\/revisions"}],"predecessor-version":[{"id":9335,"href":"https:\/\/agora.xtec.cat\/ceip-jacint-verdaguer-tarrega\/wp-json\/wp\/v2\/pages\/4218\/revisions\/9335"}],"up":[{"embeddable":true,"href":"https:\/\/agora.xtec.cat\/ceip-jacint-verdaguer-tarrega\/wp-json\/wp\/v2\/pages\/64"}],"wp:attachment":[{"href":"https:\/\/agora.xtec.cat\/ceip-jacint-verdaguer-tarrega\/wp-json\/wp\/v2\/media?parent=4218"}],"curies":[{"name":"wp","href":"https:\/\/api.w.org\/{rel}","templated":true}]}}