{"id":3867,"date":"2020-11-09T10:20:18","date_gmt":"2020-11-09T09:20:18","guid":{"rendered":"https:\/\/agora.xtec.cat\/ceip-jacint-verdaguer-tarrega\/?page_id=3867"},"modified":"2020-12-14T09:29:11","modified_gmt":"2020-12-14T08:29:11","slug":"acords-consell-escolar","status":"publish","type":"page","link":"https:\/\/agora.xtec.cat\/ceip-jacint-verdaguer-tarrega\/pagines-dinici\/lescola\/acords-consell-escolar\/","title":{"rendered":"Acords Consell Escolar"},"content":{"rendered":"<p>El Consell Escolar \u00e9s l&#8217;\u00f2rgan de govern del centre educatiu. Est\u00e0 compost per representants del personal docent, del personal d&#8217;administraci\u00f3 i serveis, dels pares i mares, de l&#8217;associaci\u00f3 de pares i mares i un representant de l&#8217;Ajuntament. Els representants surten elegits per votaci\u00f3.<\/p>\n<p>Les seves funcions s\u00f3n entre altres:<\/p>\n<ul>\n<li>Aprovar el pressupost del centre, fer-ne el seguiment i aprovar-ne la liquidaci\u00f3.<\/li>\n<li>Aprovar el reglament de r\u00e8gim intern del centre.<\/li>\n<li>Promoure la conservaci\u00f3 i renovaci\u00f3 de les instal\u00b7lacions i material escolar.<\/li>\n<li>Analitzar i valorar el funcionament general del centre, l&#8217;evoluci\u00f3 del rendiment escolar.<\/li>\n<li>Aprovar la mem\u00f2ria anual.<\/li>\n<\/ul>\n<p>El Consell Escolar es reuneix peri\u00f2dicament: un m\u00ednim de 3 vegades per a cada curs escolar.<\/p>\n<p>En aquesta p\u00e0gina anirem publicant els acords presos en les reunions de consell escolar que fem al llarg del curs.<\/p>\n<p>&nbsp;<\/p>\n<p><strong>29\/01\/2020<\/strong><\/p>\n<ol>\n<li>\u00a0S&#8217;aprova l&#8217;acta de la sessi\u00f3 anterior.<\/li>\n<li>S&#8217;aproven les seg\u00fcents sortides escolars: Masquefa &#8211; 20\/02\/2020 &#8211; Primer; Vallfogona de Balaguer &#8211; 27\/02\/2020 &#8211; Primer; Guissona &#8211; 11\/03\/2020 &#8211; Segon; Zoo de Pirineu (Od\u00e8n) &#8211; 27\/03\/2020 &#8211; Quart; Cala Tamarit (Tarragona) &#8211; 22\/05\/2020 &#8211; Quart; Port de Comte &#8211; 6\/03\/2020 &#8211; Cinqu\u00e8; Zoo de Barcelona &#8211; 17\/04\/2020 &#8211; Cinqu\u00e8.<\/li>\n<li>S&#8217;aprova la modificaci\u00f3 de pressupost de 2019<\/li>\n<li>S&#8217;aprova la liquidaci\u00f3 de l&#8217;exercici 2019<\/li>\n<li>S&#8217;aprova el pressupost del 2020 que inclou la quota volunt\u00e0ria de material de 90\u20ac a Educaci\u00f3 iInfatil i 50\u20ac a educaci\u00f3 prim\u00e0ria.<\/li>\n<\/ol>\n<p>&nbsp;<\/p>\n<p><strong>04\/06\/2020<\/strong><br \/>\n1. S\u2019aprova l\u2019acta de la sessi\u00f3 anterior<br \/>\n2. Es presenta i s\u2019aprova el Pla de Reobertura de Centre<\/p>\n<p>&nbsp;<\/p>\n<p><strong>14\/07\/2020<\/strong><br \/>\n1. S&#8217; aprova l&#8217;acta de la sessi\u00f3 anterior.<br \/>\n2. S\u2019aprova el Pla d\u2019Atenci\u00f3 a la Diversitat<br \/>\n3. S\u2019aprova la mem\u00f2ria del curs 19\/20<br \/>\n4. S\u2019aproven el dies de lliure disposici\u00f3 i la proposta de jornada intensiva del calendari escolar 20\/21<br \/>\n5. S\u2019aprova la modificaci\u00f3 de pressupost<\/p>\n<p>&nbsp;<\/p>\n<p><strong>03-09-2020<\/strong><br \/>\n1. S\u2019aprova l\u2019acta de la sessi\u00f3 anterior.<\/p>\n<p>&nbsp;<\/p>\n<p><strong>15-10-2020<\/strong><br \/>\n1. S\u2019aprova l\u2019acta de la sessi\u00f3 anterior.<br \/>\n2. S\u2019aprova la modificaci\u00f3 del pressupost<br \/>\n3. S\u2019aprova la programaci\u00f3 general anual PGA<\/p>\n<p><strong>4-12-2020<\/strong><\/p>\n<ol>\n<li>S&#8217;aproven les dues dates de lliure disposici\u00f3 que s&#8217;han hagut de canviar per adaptar-nos a la normativa vigent:<\/li>\n<\/ol>\n<ul>\n<li>12 de febrer de 2021 i 13 de maig de 2021<\/li>\n<\/ul>\n","protected":false},"excerpt":{"rendered":"<p>El Consell Escolar \u00e9s l&#8217;\u00f2rgan de govern del centre educatiu. Est\u00e0 compost per representants del personal docent, del personal d&#8217;administraci\u00f3 i serveis, dels pares i mares, de l&#8217;associaci\u00f3 de pares i mares i un representant de l&#8217;Ajuntament. Els representants surten elegits per votaci\u00f3. Les seves funcions s\u00f3n entre altres: Aprovar el pressupost del centre, fer-ne [&hellip;]<\/p>\n","protected":false},"author":1,"featured_media":0,"parent":22,"menu_order":60,"comment_status":"closed","ping_status":"closed","template":"page-templates\/side-menu.php","meta":{"_bbp_topic_count":0,"_bbp_reply_count":0,"_bbp_total_topic_count":0,"_bbp_total_reply_count":0,"_bbp_voice_count":0,"_bbp_anonymous_reply_count":0,"_bbp_topic_count_hidden":0,"_bbp_reply_count_hidden":0,"_bbp_forum_subforum_count":0,"site-sidebar-layout":"default","site-content-layout":"","ast-site-content-layout":"","site-content-style":"default","site-sidebar-style":"default","ast-global-header-display":"","ast-banner-title-visibility":"","ast-main-header-display":"","ast-hfb-above-header-display":"","ast-hfb-below-header-display":"","ast-hfb-mobile-header-display":"","site-post-title":"","ast-breadcrumbs-content":"","ast-featured-img":"","footer-sml-layout":"","theme-transparent-header-meta":"","adv-header-id-meta":"","stick-header-meta":"","header-above-stick-meta":"","header-main-stick-meta":"","header-below-stick-meta":"","astra-migrate-meta-layouts":"default","ast-page-background-enabled":"default","ast-page-background-meta":{"desktop":{"background-color":"var(--ast-global-color-4)","background-image":"","background-repeat":"repeat","background-position":"center center","background-size":"auto","background-attachment":"scroll","background-type":"","background-media":"","overlay-type":"","overlay-color":"","overlay-opacity":"","overlay-gradient":""},"tablet":{"background-color":"","background-image":"","background-repeat":"repeat","background-position":"center center","background-size":"auto","background-attachment":"scroll","background-type":"","background-media":"","overlay-type":"","overlay-color":"","overlay-opacity":"","overlay-gradient":""},"mobile":{"background-color":"","background-image":"","background-repeat":"repeat","background-position":"center center","background-size":"auto","background-attachment":"scroll","background-type":"","background-media":"","overlay-type":"","overlay-color":"","overlay-opacity":"","overlay-gradient":""}},"ast-content-background-meta":{"desktop":{"background-color":"var(--ast-global-color-5)","background-image":"","background-repeat":"repeat","background-position":"center center","background-size":"auto","background-attachment":"scroll","background-type":"","background-media":"","overlay-type":"","overlay-color":"","overlay-opacity":"","overlay-gradient":""},"tablet":{"background-color":"var(--ast-global-color-5)","background-image":"","background-repeat":"repeat","background-position":"center center","background-size":"auto","background-attachment":"scroll","background-type":"","background-media":"","overlay-type":"","overlay-color":"","overlay-opacity":"","overlay-gradient":""},"mobile":{"background-color":"var(--ast-global-color-5)","background-image":"","background-repeat":"repeat","background-position":"center center","background-size":"auto","background-attachment":"scroll","background-type":"","background-media":"","overlay-type":"","overlay-color":"","overlay-opacity":"","overlay-gradient":""}},"footnotes":""},"class_list":["post-3867","page","type-page","status-publish","hentry"],"post_mailing_queue_ids":[],"_links":{"self":[{"href":"https:\/\/agora.xtec.cat\/ceip-jacint-verdaguer-tarrega\/wp-json\/wp\/v2\/pages\/3867","targetHints":{"allow":["GET"]}}],"collection":[{"href":"https:\/\/agora.xtec.cat\/ceip-jacint-verdaguer-tarrega\/wp-json\/wp\/v2\/pages"}],"about":[{"href":"https:\/\/agora.xtec.cat\/ceip-jacint-verdaguer-tarrega\/wp-json\/wp\/v2\/types\/page"}],"author":[{"embeddable":true,"href":"https:\/\/agora.xtec.cat\/ceip-jacint-verdaguer-tarrega\/wp-json\/wp\/v2\/users\/1"}],"replies":[{"embeddable":true,"href":"https:\/\/agora.xtec.cat\/ceip-jacint-verdaguer-tarrega\/wp-json\/wp\/v2\/comments?post=3867"}],"version-history":[{"count":2,"href":"https:\/\/agora.xtec.cat\/ceip-jacint-verdaguer-tarrega\/wp-json\/wp\/v2\/pages\/3867\/revisions"}],"predecessor-version":[{"id":3981,"href":"https:\/\/agora.xtec.cat\/ceip-jacint-verdaguer-tarrega\/wp-json\/wp\/v2\/pages\/3867\/revisions\/3981"}],"up":[{"embeddable":true,"href":"https:\/\/agora.xtec.cat\/ceip-jacint-verdaguer-tarrega\/wp-json\/wp\/v2\/pages\/22"}],"wp:attachment":[{"href":"https:\/\/agora.xtec.cat\/ceip-jacint-verdaguer-tarrega\/wp-json\/wp\/v2\/media?parent=3867"}],"curies":[{"name":"wp","href":"https:\/\/api.w.org\/{rel}","templated":true}]}}