{"id":386,"date":"2017-06-19T17:53:22","date_gmt":"2017-06-19T15:53:22","guid":{"rendered":"http:\/\/agora.xtec.cat\/ceip-jacint-verdaguer-tarrega\/?page_id=386"},"modified":"2025-05-16T12:05:31","modified_gmt":"2025-05-16T10:05:31","slug":"festes-i-celebracions","status":"publish","type":"page","link":"https:\/\/agora.xtec.cat\/ceip-jacint-verdaguer-tarrega\/pagines-dinici\/lescola\/festes-i-celebracions\/","title":{"rendered":"Festes i celebracions"},"content":{"rendered":"<p>Les festes i celebracions que durem a a terme al llarg d&#8217;aquest curs s\u00f3n les seg\u00fcents:<\/p>\n<p><strong>Festa inici de curs.<\/strong> Arribem a l\u2019escola i tots estem emocionats. Volem comen\u00e7ar b\u00e9 el curs i per aix\u00f2 fem una celebraci\u00f3 de benvinguda. Data: 09\/09\/2024<\/p>\n<p><strong>La Castanyada.<\/strong> Ja tenim l&#8217;escola decorada per a la tardor. Menjarem castanyes i ballarem danses. (Festa oberta a les fam\u00edlies) Data: 30\/10\/2024<\/p>\n<p><strong>Santa Cec\u00edlia.<\/strong> Celebrem el dia de la patrona dels m\u00fasics amb activitats variades relacionades amb el noble art de la m\u00fasica. Data: 22\/11\/2024<\/p>\n<p><strong>English Day.<\/strong> Durant l&#8217;English Day el treball de la llengua anglesa \u00e9s protagonista: a trav\u00e9s de jocs, activitats internivells o tallers, practiquem l&#8217;angl\u00e8s plegats. Dates: primer trimestre12 i 13\/12\/2024; tercer trimestre 27\/05\/2025 i 03\/06\/2025.<\/p>\n<p><strong>Festa de Nadal.<\/strong> Ara que tota l&#8217;escola est\u00e0 decorada amb motius nadalencs \u00e9s el moment de celebrar el Nadal a l&#8217;escola. Cantarem nadales i desitjarem unes bones festes a tots els del nostre voltant. Data: 19\/12\/2024<\/p>\n<p><strong>Dia de la Pau.<\/strong> Celebrarem el dia escolar de la pau i la no viol\u00e8ncia. Data: 30\/01\/2025<\/p>\n<p><strong>Setmana de carnestoltes.<\/strong> Celebrarem els dies m\u00e9s bojos de l&#8217;any amb el rei m\u00e9s divertit. Seguirem les ordres del rei carnestoltes i de ben segur que ens ho passarem d&#8217;all\u00f2 m\u00e9s b\u00e9! Dates: 24\/02\/2025 \u2013 28\/02\/2025<\/p>\n<p><strong>Setmana del projecte.<\/strong> Durant aquesta setmana celebrem diverses activitats al voltant d\u2019un eix tem\u00e0tic definit pel projecte interdisciplinari. Enguany seran les Olimp\u00edades del Jacint! Dates: 04\/03\/2025 \u2013 07\/03\/2025<\/p>\n<p><strong>Sant Jordi.<\/strong> \u00c9s el dia de la rosa i el llibre: un dia dedicat a la cultura per gaudir-ne tots plegats. Vigileu, no aparegui algun drac! Data: 23\/04\/2025<\/p>\n<p><strong>Festa de fi de curs.<\/strong> Acabarem el curs amb una festa oberta a les fam\u00edlies en la que acomiadarem l&#8217;alumnat de sis\u00e8. L\u2019endem\u00e0 ens el reservem per fer una altra festa, aquesta interna, per acomiadar-nos fins el curs que ve. Dates: 19 i 20\/06\/2025<\/p>\n<p><a href=\"https:\/\/agora.xtec.cat\/ceip-jacint-verdaguer-tarrega\/wp-content\/uploads\/usu312\/2022\/10\/Minions-festa-scaled.jpg\"><img loading=\"lazy\" decoding=\"async\" class=\"aligncenter size-large wp-image-6917\" src=\"https:\/\/agora.xtec.cat\/ceip-jacint-verdaguer-tarrega\/wp-content\/uploads\/usu312\/2022\/10\/Minions-festa-1024x640.jpg\" alt=\"\" width=\"1024\" height=\"640\" srcset=\"https:\/\/agora.xtec.cat\/ceip-jacint-verdaguer-tarrega\/wp-content\/uploads\/usu312\/2022\/10\/Minions-festa-1024x640.jpg 1024w, https:\/\/agora.xtec.cat\/ceip-jacint-verdaguer-tarrega\/wp-content\/uploads\/usu312\/2022\/10\/Minions-festa-300x188.jpg 300w, https:\/\/agora.xtec.cat\/ceip-jacint-verdaguer-tarrega\/wp-content\/uploads\/usu312\/2022\/10\/Minions-festa-768x480.jpg 768w, https:\/\/agora.xtec.cat\/ceip-jacint-verdaguer-tarrega\/wp-content\/uploads\/usu312\/2022\/10\/Minions-festa-1536x960.jpg 1536w, https:\/\/agora.xtec.cat\/ceip-jacint-verdaguer-tarrega\/wp-content\/uploads\/usu312\/2022\/10\/Minions-festa-2048x1280.jpg 2048w\" sizes=\"auto, (max-width: 1024px) 100vw, 1024px\" \/><\/a><\/p>\n","protected":false},"excerpt":{"rendered":"<p>Les festes i celebracions que durem a a terme al llarg d&#8217;aquest curs s\u00f3n les seg\u00fcents: Festa inici de curs. Arribem a l\u2019escola i tots estem emocionats. Volem comen\u00e7ar b\u00e9 el curs i per aix\u00f2 fem una celebraci\u00f3 de benvinguda. Data: 09\/09\/2024 La Castanyada. Ja tenim l&#8217;escola decorada per a la tardor. Menjarem castanyes i [&hellip;]<\/p>\n","protected":false},"author":1,"featured_media":0,"parent":22,"menu_order":0,"comment_status":"closed","ping_status":"closed","template":"page-templates\/side-menu.php","meta":{"_bbp_topic_count":0,"_bbp_reply_count":0,"_bbp_total_topic_count":0,"_bbp_total_reply_count":0,"_bbp_voice_count":0,"_bbp_anonymous_reply_count":0,"_bbp_topic_count_hidden":0,"_bbp_reply_count_hidden":0,"_bbp_forum_subforum_count":0,"site-sidebar-layout":"default","site-content-layout":"","ast-site-content-layout":"","site-content-style":"default","site-sidebar-style":"default","ast-global-header-display":"","ast-banner-title-visibility":"","ast-main-header-display":"","ast-hfb-above-header-display":"","ast-hfb-below-header-display":"","ast-hfb-mobile-header-display":"","site-post-title":"","ast-breadcrumbs-content":"","ast-featured-img":"","footer-sml-layout":"","theme-transparent-header-meta":"","adv-header-id-meta":"","stick-header-meta":"","header-above-stick-meta":"","header-main-stick-meta":"","header-below-stick-meta":"","astra-migrate-meta-layouts":"default","ast-page-background-enabled":"default","ast-page-background-meta":{"desktop":{"background-color":"var(--ast-global-color-4)","background-image":"","background-repeat":"repeat","background-position":"center center","background-size":"auto","background-attachment":"scroll","background-type":"","background-media":"","overlay-type":"","overlay-color":"","overlay-opacity":"","overlay-gradient":""},"tablet":{"background-color":"","background-image":"","background-repeat":"repeat","background-position":"center center","background-size":"auto","background-attachment":"scroll","background-type":"","background-media":"","overlay-type":"","overlay-color":"","overlay-opacity":"","overlay-gradient":""},"mobile":{"background-color":"","background-image":"","background-repeat":"repeat","background-position":"center center","background-size":"auto","background-attachment":"scroll","background-type":"","background-media":"","overlay-type":"","overlay-color":"","overlay-opacity":"","overlay-gradient":""}},"ast-content-background-meta":{"desktop":{"background-color":"var(--ast-global-color-5)","background-image":"","background-repeat":"repeat","background-position":"center center","background-size":"auto","background-attachment":"scroll","background-type":"","background-media":"","overlay-type":"","overlay-color":"","overlay-opacity":"","overlay-gradient":""},"tablet":{"background-color":"var(--ast-global-color-5)","background-image":"","background-repeat":"repeat","background-position":"center center","background-size":"auto","background-attachment":"scroll","background-type":"","background-media":"","overlay-type":"","overlay-color":"","overlay-opacity":"","overlay-gradient":""},"mobile":{"background-color":"var(--ast-global-color-5)","background-image":"","background-repeat":"repeat","background-position":"center center","background-size":"auto","background-attachment":"scroll","background-type":"","background-media":"","overlay-type":"","overlay-color":"","overlay-opacity":"","overlay-gradient":""}},"footnotes":""},"class_list":["post-386","page","type-page","status-publish","hentry"],"post_mailing_queue_ids":[],"_links":{"self":[{"href":"https:\/\/agora.xtec.cat\/ceip-jacint-verdaguer-tarrega\/wp-json\/wp\/v2\/pages\/386","targetHints":{"allow":["GET"]}}],"collection":[{"href":"https:\/\/agora.xtec.cat\/ceip-jacint-verdaguer-tarrega\/wp-json\/wp\/v2\/pages"}],"about":[{"href":"https:\/\/agora.xtec.cat\/ceip-jacint-verdaguer-tarrega\/wp-json\/wp\/v2\/types\/page"}],"author":[{"embeddable":true,"href":"https:\/\/agora.xtec.cat\/ceip-jacint-verdaguer-tarrega\/wp-json\/wp\/v2\/users\/1"}],"replies":[{"embeddable":true,"href":"https:\/\/agora.xtec.cat\/ceip-jacint-verdaguer-tarrega\/wp-json\/wp\/v2\/comments?post=386"}],"version-history":[{"count":5,"href":"https:\/\/agora.xtec.cat\/ceip-jacint-verdaguer-tarrega\/wp-json\/wp\/v2\/pages\/386\/revisions"}],"predecessor-version":[{"id":10519,"href":"https:\/\/agora.xtec.cat\/ceip-jacint-verdaguer-tarrega\/wp-json\/wp\/v2\/pages\/386\/revisions\/10519"}],"up":[{"embeddable":true,"href":"https:\/\/agora.xtec.cat\/ceip-jacint-verdaguer-tarrega\/wp-json\/wp\/v2\/pages\/22"}],"wp:attachment":[{"href":"https:\/\/agora.xtec.cat\/ceip-jacint-verdaguer-tarrega\/wp-json\/wp\/v2\/media?parent=386"}],"curies":[{"name":"wp","href":"https:\/\/api.w.org\/{rel}","templated":true}]}}