{"id":26,"date":"2014-09-18T12:24:32","date_gmt":"2014-09-18T10:24:32","guid":{"rendered":"http:\/\/agora.xtec.cat\/ceip-jacint-verdaguer-tarrega\/\/?page_id=26"},"modified":"2017-07-10T19:43:53","modified_gmt":"2017-07-10T17:43:53","slug":"historia","status":"publish","type":"page","link":"https:\/\/agora.xtec.cat\/ceip-jacint-verdaguer-tarrega\/pagines-dinici\/lescola\/historia\/","title":{"rendered":"Hist\u00f2ria"},"content":{"rendered":"<p>El C.E.I.P. Jacint Verdaguer t\u00e9 una llarga hist\u00f2ria. L&#8217;edifici on est\u00e0 ubicada \u00e9s un dels m\u00e9s antics i emblem\u00e0tics de la ciutat, bastit dalt d&#8217;un tur\u00f3, des d&#8217;\u00f3n, si mirem cap al Sud, es pot contemplar una bella, extensa i oberta perspectiva d&#8217;aquesta zona de l&#8217;Urgell i de les zones m\u00e9s properes de la Conca de Barber\u00e0 i de la Segarra. La hist\u00f2ria de l&#8217;Escola va lligada gaireb\u00e9 a la hist\u00f2ria de la T\u00e0rrega del segle XX.<\/p>\n<p>Tot va comen\u00e7ar el 1931; es partia d&#8217;una situaci\u00f3 insuficient en dotaci\u00f3 i extensi\u00f3 de l&#8217;escolaritat. Els ajuntaments republicans van endegar una sistem\u00e0tica campanya de promoci\u00f3, millora i augment de l&#8217;ensenyament de la ciutat. Tot just va canviar el r\u00e8gim pol\u00edtic, els nous ajuntaments van interessar-se pel tema. L&#8217;ajuntament va encarregar l&#8217;elaboraci\u00f3 d&#8217;un informe sobre les escoles de T\u00e0rrega. L&#8217;informe, realitzat pel regidor Sr. Llu\u00eds Agell i Agell, fou presentat a la sessi\u00f3 del dia 15 de juny de 1931. L&#8217;informe recollia una impressi\u00f3 deplorable de l&#8217;escola nacional de nens i l&#8217;escola nacional de nenes. La neteja era inexistent i el nombre d&#8217;alumnes era molt redu\u00eft. En la dels nens calia canviar les taules i en la de les nenes calia col\u00b7locar un rentamans. El mateix informe recollia la molt bona impressi\u00f3 que li havien produ\u00eft l&#8217;Acad\u00e8mia Comercial i el Modern Liceu, per la disciplina i l&#8217;ensenyament; tamb\u00e9 la molt bona impressi\u00f3 de l&#8217;Escola Pia per unes demostracions pr\u00e0ctiques dels alumnes; la millor impressi\u00f3 li va produir les Germanes Carmelites de Sant Josep i les Germanes de la Vetlla, dues escoles que va qualificar de mod\u00e8liques. La bona sintonia entre les autoritats locals i estatals que compartien la preocupaci\u00f3 pel foment de l&#8217;ensenyament va propiciar que en la sessi\u00f3 de l&#8217;Ajuntament de T\u00e0rrega del dia 20 de juliol de 1931, l&#8217;Alcalde de la ciutat Sr. Fit\u00e9, don\u00e9s compte del decret del Ministeri d&#8217;Instrucci\u00f3 P\u00fablica en que es concedeix a T\u00e0rrega la creaci\u00f3 de dues escoles graduades, una per a nois i un altra per a noies. L&#8217;ajuntament va crear una comissi\u00f3 per que es dugu\u00e9s a terme, el m\u00e9s aviat possible, aquesta concessi\u00f3. En la sessi\u00f3 del 27 de juliol de 1931, el consistori va acordar de nomenar una comissi\u00f3 per buscar uns locals on encabir provisionalment les escoles i que comencessin a funcionar el primer dia de setembre de 1931.<\/p>\n<p>El tema, per\u00f2, es complic\u00e0 per diferents motius. L&#8217;Alcalde Fit\u00e9 viatj\u00e0 a Madrid i mantingu\u00e9 entrevistes amb el Marqu\u00e8s d&#8217;Alonso Martinez, que tenia bona amistat amb els ministres Largo Caballero i Prieto. S&#8217;entrevist\u00e0 m\u00e9s endavant amb el ministre d&#8217;Instrucci\u00f3, tamb\u00e9 catal\u00e0, Marcel\u00b7l\u00ed Domingo. El canvi de titulars dels ministeris fan perillar la concessi\u00f3 i l&#8217;11 de gener de 1932, el consistori aprov\u00e0, entre altres, el seg\u00fcents punts:<\/p>\n<p>a) Totes les entitats de T\u00e0rrega han d&#8217;ajudar, amb el seu esfor\u00e7, a la realitzaci\u00f3 de l&#8217;obra de construcci\u00f3 d&#8217;un edifici escolar, col.laborant amb el municipi.<\/p>\n<p>b) L&#8217;adjudicaci\u00f3 de subhasta ser\u00e0 pagada per mitj\u00e0 de tres repartiments extraordinaris que l&#8217;ajuntament cobrar\u00e0 de tots els contribuents de la ciutat que tributin pel concepte de R\u00fastica, Urbana i Industrial. El cobrament d&#8217;aquests repartiments s&#8217;efectuar\u00e0 en els anys 1932, 1933 i 1934.<\/p>\n<p>c) A l&#8217;expedient de subhasta, s&#8217;assenyalar\u00e0 un termini m\u00e0xim de dos anys per a l&#8217;acabament de les obres. Si el municipi t\u00e9 mitjans econ\u00f2mics per avan\u00e7ar les obres, aquestes es realitzaran en el per\u00edode d&#8217;un any.<\/p>\n<p>En la sessi\u00f3 de l&#8217;ajuntament del dia 25 de febrer de 1932 s&#8217;informa de l&#8217;ofici enviat per la Direcci\u00f3 General de Primera Ensenyan\u00e7a-Secci\u00f3 de Construccions Escolars. En aquest ofici es comunicava que havia estat aprovat el projecte realitzar per l&#8217;arquitecte Sr. Josep Florensa i Oll\u00e9, per la construcci\u00f3 d&#8217;un edifici destinat a dues escoles graduades, amb quatre seccions cadascuna; s&#8217;indicava la concessi\u00f3 d&#8217;una subvenci\u00f3 de 80.000.- ptes., la qual es lliuraria un cop acabades les obres.<\/p>\n<p>En la sessi\u00f3 del dia 14 de mar\u00e7 de 1932, s&#8217;aprov\u00e0 fer el pagament en quatre terminis (1932, 33, 34 i 35). El pressupost total de l&#8217;obra que fou aprovat pujava 227.000.-Ptes.<\/p>\n<p>Aquell mateix estiu de 1932 fou adjudicada l&#8217;obra al Sr. Joan Riera i Pallars de Vilatorta (Vic). De seguida es comen\u00e7\u00e0 la construcci\u00f3.<\/p>\n<p>En la sessi\u00f3 municipal del 7 d&#8217;agost de 1933 l&#8217;ajuntament acord\u00e0 demanar la plantilla de mestres: quatre homes i quatre dones; l&#8217;ajuntament facilitar\u00e0 el local escolar ja constru\u00eft, a m\u00e9s del material necessari i una casa per als mestres.<\/p>\n<p>A l&#8217;inici l&#8217;Escola compartia espais amb l&#8217;Escola d&#8217;Arts i Oficis, tamb\u00e9 recentment concedida a la ciutat de T\u00e0rrega, i que fou instal\u00b7lada en el mateix edifici mentre es cercava una ubicaci\u00f3 per l&#8217;esmentat centre. Aix\u00f2 provocava mol\u00e8sties cont\u00ednues entre l&#8217;EAO i les escoles graduades.<\/p>\n<p>El dia 19 i 20 d&#8217;abril de 1934 fou donada possessi\u00f3 del c\u00e0rrec als 10 mestres que exercirien la doc\u00e8ncia a les escoles graduades de T\u00e0rrega.<\/p>\n<p>L&#8217;Escola fou inaugurada amb tots els honors el dia 28 de gener de 1934. Al centre de la fa\u00e7ana sud de l&#8217;edifici i a una altura d&#8217;un metre, hi ha una pedra commemorativa d&#8217;aquest dia.<\/p>\n<p>El projecte inicial comprenia la construcci\u00f3 de tres edificis, situats en forma d&#8217;U, on la base de la U ocuparia l&#8217;Est i el pati obert estaria en la direcci\u00f3 Oest; un gran pati en mig completaria el recinte.. Solament es va construir l&#8217;edifici de la dreta del pati i que tenia dues plantes.<\/p>\n<p>Al final de la d\u00e8cada dels seixanta, coincidint amb l&#8217;augment de la natalitat, s&#8217;ampli\u00e0 el centre i s&#8217;aixec\u00e0 una tercera planta procurant seguir les mateixes pautes de construcci\u00f3 que en el l&#8217;edifici original.<\/p>\n<p>Finalment, i durant els anys 1999 i 2000, es dugu\u00e9 a terme un projecte de millora i ampliaci\u00f3 de tot el centre per adaptar-lo a les necessitats actuals.<\/p>\n<p>(Bibliografia: T\u00e0rrega. Aproximaci\u00f3 a la Hist\u00f2ria dels seus Ajuntaments entre 1884-1939. Jaume Espinagosa i Josep M\u00aa Planes)<\/p>\n<ul>\n<li><a href=\"http:\/\/agora.xtec.cat\/ceip-jacint-verdaguer-tarrega\/pagines-dinici\/lescola\/historia\/projecte-de-les-escoles-graduades-de-tarrega\/\">Projecte de les escoles graduades de T\u00e0rrega (1933-1934)<\/a><\/li>\n<li><a href=\"http:\/\/agora.xtec.cat\/ceip-jacint-verdaguer-tarrega\/pagines-dinici\/lescola\/historia\/projecte-de-millora-i-ampliacio-1999-2000\/\">Projecte de millora i ampliaci\u00f3 (1999-2000)<\/a><\/li>\n<\/ul>\n","protected":false},"excerpt":{"rendered":"<p>El C.E.I.P. Jacint Verdaguer t\u00e9 una llarga hist\u00f2ria. L&#8217;edifici on est\u00e0 ubicada \u00e9s un dels m\u00e9s antics i emblem\u00e0tics de la ciutat, bastit dalt d&#8217;un tur\u00f3, des d&#8217;\u00f3n, si mirem cap al Sud, es pot contemplar una bella, extensa i oberta perspectiva d&#8217;aquesta zona de l&#8217;Urgell i de les zones m\u00e9s properes de la Conca [&hellip;]<\/p>\n","protected":false},"author":2,"featured_media":0,"parent":22,"menu_order":0,"comment_status":"closed","ping_status":"closed","template":"page-templates\/side-menu.php","meta":{"_bbp_topic_count":0,"_bbp_reply_count":0,"_bbp_total_topic_count":0,"_bbp_total_reply_count":0,"_bbp_voice_count":0,"_bbp_anonymous_reply_count":0,"_bbp_topic_count_hidden":0,"_bbp_reply_count_hidden":0,"_bbp_forum_subforum_count":0,"site-sidebar-layout":"default","site-content-layout":"","ast-site-content-layout":"","site-content-style":"default","site-sidebar-style":"default","ast-global-header-display":"","ast-banner-title-visibility":"","ast-main-header-display":"","ast-hfb-above-header-display":"","ast-hfb-below-header-display":"","ast-hfb-mobile-header-display":"","site-post-title":"","ast-breadcrumbs-content":"","ast-featured-img":"","footer-sml-layout":"","theme-transparent-header-meta":"","adv-header-id-meta":"","stick-header-meta":"","header-above-stick-meta":"","header-main-stick-meta":"","header-below-stick-meta":"","astra-migrate-meta-layouts":"default","ast-page-background-enabled":"default","ast-page-background-meta":{"desktop":{"background-color":"var(--ast-global-color-4)","background-image":"","background-repeat":"repeat","background-position":"center center","background-size":"auto","background-attachment":"scroll","background-type":"","background-media":"","overlay-type":"","overlay-color":"","overlay-opacity":"","overlay-gradient":""},"tablet":{"background-color":"","background-image":"","background-repeat":"repeat","background-position":"center center","background-size":"auto","background-attachment":"scroll","background-type":"","background-media":"","overlay-type":"","overlay-color":"","overlay-opacity":"","overlay-gradient":""},"mobile":{"background-color":"","background-image":"","background-repeat":"repeat","background-position":"center center","background-size":"auto","background-attachment":"scroll","background-type":"","background-media":"","overlay-type":"","overlay-color":"","overlay-opacity":"","overlay-gradient":""}},"ast-content-background-meta":{"desktop":{"background-color":"var(--ast-global-color-5)","background-image":"","background-repeat":"repeat","background-position":"center center","background-size":"auto","background-attachment":"scroll","background-type":"","background-media":"","overlay-type":"","overlay-color":"","overlay-opacity":"","overlay-gradient":""},"tablet":{"background-color":"var(--ast-global-color-5)","background-image":"","background-repeat":"repeat","background-position":"center center","background-size":"auto","background-attachment":"scroll","background-type":"","background-media":"","overlay-type":"","overlay-color":"","overlay-opacity":"","overlay-gradient":""},"mobile":{"background-color":"var(--ast-global-color-5)","background-image":"","background-repeat":"repeat","background-position":"center center","background-size":"auto","background-attachment":"scroll","background-type":"","background-media":"","overlay-type":"","overlay-color":"","overlay-opacity":"","overlay-gradient":""}},"footnotes":""},"class_list":["post-26","page","type-page","status-publish","hentry"],"post_mailing_queue_ids":[],"_links":{"self":[{"href":"https:\/\/agora.xtec.cat\/ceip-jacint-verdaguer-tarrega\/wp-json\/wp\/v2\/pages\/26","targetHints":{"allow":["GET"]}}],"collection":[{"href":"https:\/\/agora.xtec.cat\/ceip-jacint-verdaguer-tarrega\/wp-json\/wp\/v2\/pages"}],"about":[{"href":"https:\/\/agora.xtec.cat\/ceip-jacint-verdaguer-tarrega\/wp-json\/wp\/v2\/types\/page"}],"author":[{"embeddable":true,"href":"https:\/\/agora.xtec.cat\/ceip-jacint-verdaguer-tarrega\/wp-json\/wp\/v2\/users\/2"}],"replies":[{"embeddable":true,"href":"https:\/\/agora.xtec.cat\/ceip-jacint-verdaguer-tarrega\/wp-json\/wp\/v2\/comments?post=26"}],"version-history":[{"count":3,"href":"https:\/\/agora.xtec.cat\/ceip-jacint-verdaguer-tarrega\/wp-json\/wp\/v2\/pages\/26\/revisions"}],"predecessor-version":[{"id":496,"href":"https:\/\/agora.xtec.cat\/ceip-jacint-verdaguer-tarrega\/wp-json\/wp\/v2\/pages\/26\/revisions\/496"}],"up":[{"embeddable":true,"href":"https:\/\/agora.xtec.cat\/ceip-jacint-verdaguer-tarrega\/wp-json\/wp\/v2\/pages\/22"}],"wp:attachment":[{"href":"https:\/\/agora.xtec.cat\/ceip-jacint-verdaguer-tarrega\/wp-json\/wp\/v2\/media?parent=26"}],"curies":[{"name":"wp","href":"https:\/\/api.w.org\/{rel}","templated":true}]}}