{"id":250,"date":"2015-11-23T17:25:17","date_gmt":"2015-11-23T16:25:17","guid":{"rendered":"http:\/\/agora.xtec.cat\/ceip-jacint-verdaguer-tarrega\/?page_id=250"},"modified":"2024-03-04T10:41:50","modified_gmt":"2024-03-04T09:41:50","slug":"documents-descola","status":"publish","type":"page","link":"https:\/\/agora.xtec.cat\/ceip-jacint-verdaguer-tarrega\/pagines-dinici\/documents-descola\/","title":{"rendered":"Documents d&#8217;escola"},"content":{"rendered":"<p>En aquesta secci\u00f3 trobareu alguns documents que us poden ser d&#8217;ajuda en el dia a dia a l&#8217;escola.<\/p>\n<p><a href=\"https:\/\/agora.xtec.cat\/ceip-jacint-verdaguer-tarrega\/pagines-dinici\/documents-descola\/projecte-educatiu-de-centre\/\">P.E.C. i N.O.F.C<\/a>: constitueixen els documents organitzatius m\u00e9s b\u00e0sics de l&#8217;escola (Projecte Educatiu de Centre i Norme d&#8217;Organitzaci\u00f3 i Funcionament de Centre)<\/p>\n<p><a href=\"https:\/\/agora.xtec.cat\/ceip-jacint-verdaguer-tarrega\/pagines-dinici\/documents-descola\/projecte-linguistic\/\">Projecte Ling\u00fc\u00edstic<\/a>: defineix el tractament de les lleng\u00fces a l&#8217;escola.<\/p>\n<p><a href=\"https:\/\/agora.xtec.cat\/ceip-jacint-verdaguer-tarrega\/pagines-dinici\/documents-descola\/carta-compromis-educatiu\/\">Carta Comprom\u00eds Educatiu<\/a>: compromisos adquirits per l&#8217;escola i les fam\u00edlies per tal de potenciar la comunicaci\u00f3, la participaci\u00f3, la implicaci\u00f3, el comprom\u00eds i la coresponsabilitat entre els centres i les fam\u00edlies en l&#8217;educaci\u00f3 d&#8217;infants i joves.<\/p>\n<p><a href=\"https:\/\/agora.xtec.cat\/ceip-jacint-verdaguer-tarrega\/pagines-dinici\/documents-descola\/organitzacio-centre-21-22-covid-19\/\" rel=\"noopener noreferrer\">Organitzaci\u00f3 de Centre 21-22 (COVID-19)<\/a>: aquest curs \u00e9s at\u00edpic en tots els sentits. El pla d&#8217;organitzaci\u00f3 recull les l\u00ednies b\u00e0siques respecte la reorganitzaci\u00f3 de l&#8217;escola.<\/p>\n<p><a href=\"http:\/\/agora.xtec.cat\/ceip-jacint-verdaguer-tarrega\/pagines-dinici\/documents-descola\/calendari-escolar\/\">Calendari escolar<\/a>: el calendari escolar oficial per al curs actual.<\/p>\n<p><a href=\"http:\/\/agora.xtec.cat\/ceip-jacint-verdaguer-tarrega\/pagines-dinici\/documents-descola\/autoritzacions\/\">Autoritzacions<\/a>:<\/p>\n<ul>\n<li>El document amb les autoritzacions de sortides, \u00fas d&#8217;imatge i administraci\u00f3 de paracetamol.<\/li>\n<li>La sol\u00b7licitud d&#8217;administraci\u00f3 de medicaments que cal acompanyar de l&#8217;informe m\u00e8dic.<\/li>\n<li>L&#8217;autoritzaci\u00f3 per a la recollida d&#8217;alumnes d&#8217;educaci\u00f3 infantil.<\/li>\n<li>Un model per a justificar les faltes d&#8217;assist\u00e8ncia a educaci\u00f3 Infantil (a educaci\u00f3 prim\u00e0ria \u00e9s fa amb l&#8217;agenda)<\/li>\n<\/ul>\n<p><a href=\"http:\/\/agora.xtec.cat\/ceip-jacint-verdaguer-tarrega\/pagines-dinici\/documents-descola\/llibres-i-material\/\">Llibres i Material<\/a>:<\/p>\n<ul>\n<li>Quota de material escolar de l&#8217;alumnat.<\/li>\n<li>Llistat de llibres que utilitzem a l&#8217;escola.<\/li>\n<li>Preus orientatius dels llibres de text i els serveis de l&#8217;AMPA.<\/li>\n<\/ul>\n<p><a href=\"http:\/\/agora.xtec.cat\/ceip-jacint-verdaguer-tarrega\/pagines-dinici\/documents-descola\/material-p3-p4-i-p5\/\">Material P3, P4 i P5<\/a>: el material necessari per a comen\u00e7ar el curs a educaci\u00f3 infantil.<\/p>\n<p>&nbsp;<\/p>\n","protected":false},"excerpt":{"rendered":"<p>En aquesta secci\u00f3 trobareu alguns documents que us poden ser d&#8217;ajuda en el dia a dia a l&#8217;escola. P.E.C. i N.O.F.C: constitueixen els documents organitzatius m\u00e9s b\u00e0sics de l&#8217;escola (Projecte Educatiu de Centre i Norme d&#8217;Organitzaci\u00f3 i Funcionament de Centre) Projecte Ling\u00fc\u00edstic: defineix el tractament de les lleng\u00fces a l&#8217;escola. Carta Comprom\u00eds Educatiu: compromisos adquirits [&hellip;]<\/p>\n","protected":false},"author":1,"featured_media":0,"parent":7,"menu_order":40,"comment_status":"closed","ping_status":"closed","template":"page-templates\/side-menu.php","meta":{"_bbp_topic_count":0,"_bbp_reply_count":0,"_bbp_total_topic_count":0,"_bbp_total_reply_count":0,"_bbp_voice_count":0,"_bbp_anonymous_reply_count":0,"_bbp_topic_count_hidden":0,"_bbp_reply_count_hidden":0,"_bbp_forum_subforum_count":0,"site-sidebar-layout":"default","site-content-layout":"","ast-site-content-layout":"","site-content-style":"default","site-sidebar-style":"default","ast-global-header-display":"","ast-banner-title-visibility":"","ast-main-header-display":"","ast-hfb-above-header-display":"","ast-hfb-below-header-display":"","ast-hfb-mobile-header-display":"","site-post-title":"","ast-breadcrumbs-content":"","ast-featured-img":"","footer-sml-layout":"","theme-transparent-header-meta":"","adv-header-id-meta":"","stick-header-meta":"","header-above-stick-meta":"","header-main-stick-meta":"","header-below-stick-meta":"","astra-migrate-meta-layouts":"default","ast-page-background-enabled":"default","ast-page-background-meta":{"desktop":{"background-color":"var(--ast-global-color-4)","background-image":"","background-repeat":"repeat","background-position":"center center","background-size":"auto","background-attachment":"scroll","background-type":"","background-media":"","overlay-type":"","overlay-color":"","overlay-opacity":"","overlay-gradient":""},"tablet":{"background-color":"","background-image":"","background-repeat":"repeat","background-position":"center center","background-size":"auto","background-attachment":"scroll","background-type":"","background-media":"","overlay-type":"","overlay-color":"","overlay-opacity":"","overlay-gradient":""},"mobile":{"background-color":"","background-image":"","background-repeat":"repeat","background-position":"center center","background-size":"auto","background-attachment":"scroll","background-type":"","background-media":"","overlay-type":"","overlay-color":"","overlay-opacity":"","overlay-gradient":""}},"ast-content-background-meta":{"desktop":{"background-color":"var(--ast-global-color-5)","background-image":"","background-repeat":"repeat","background-position":"center center","background-size":"auto","background-attachment":"scroll","background-type":"","background-media":"","overlay-type":"","overlay-color":"","overlay-opacity":"","overlay-gradient":""},"tablet":{"background-color":"var(--ast-global-color-5)","background-image":"","background-repeat":"repeat","background-position":"center center","background-size":"auto","background-attachment":"scroll","background-type":"","background-media":"","overlay-type":"","overlay-color":"","overlay-opacity":"","overlay-gradient":""},"mobile":{"background-color":"var(--ast-global-color-5)","background-image":"","background-repeat":"repeat","background-position":"center center","background-size":"auto","background-attachment":"scroll","background-type":"","background-media":"","overlay-type":"","overlay-color":"","overlay-opacity":"","overlay-gradient":""}},"footnotes":""},"class_list":["post-250","page","type-page","status-publish","hentry"],"post_mailing_queue_ids":[],"_links":{"self":[{"href":"https:\/\/agora.xtec.cat\/ceip-jacint-verdaguer-tarrega\/wp-json\/wp\/v2\/pages\/250","targetHints":{"allow":["GET"]}}],"collection":[{"href":"https:\/\/agora.xtec.cat\/ceip-jacint-verdaguer-tarrega\/wp-json\/wp\/v2\/pages"}],"about":[{"href":"https:\/\/agora.xtec.cat\/ceip-jacint-verdaguer-tarrega\/wp-json\/wp\/v2\/types\/page"}],"author":[{"embeddable":true,"href":"https:\/\/agora.xtec.cat\/ceip-jacint-verdaguer-tarrega\/wp-json\/wp\/v2\/users\/1"}],"replies":[{"embeddable":true,"href":"https:\/\/agora.xtec.cat\/ceip-jacint-verdaguer-tarrega\/wp-json\/wp\/v2\/comments?post=250"}],"version-history":[{"count":4,"href":"https:\/\/agora.xtec.cat\/ceip-jacint-verdaguer-tarrega\/wp-json\/wp\/v2\/pages\/250\/revisions"}],"predecessor-version":[{"id":5923,"href":"https:\/\/agora.xtec.cat\/ceip-jacint-verdaguer-tarrega\/wp-json\/wp\/v2\/pages\/250\/revisions\/5923"}],"up":[{"embeddable":true,"href":"https:\/\/agora.xtec.cat\/ceip-jacint-verdaguer-tarrega\/wp-json\/wp\/v2\/pages\/7"}],"wp:attachment":[{"href":"https:\/\/agora.xtec.cat\/ceip-jacint-verdaguer-tarrega\/wp-json\/wp\/v2\/media?parent=250"}],"curies":[{"name":"wp","href":"https:\/\/api.w.org\/{rel}","templated":true}]}}