{"id":24,"date":"2014-09-18T12:23:15","date_gmt":"2014-09-18T10:23:15","guid":{"rendered":"http:\/\/agora.xtec.cat\/ceip-jacint-verdaguer-tarrega\/\/?page_id=24"},"modified":"2025-09-02T19:29:14","modified_gmt":"2025-09-02T17:29:14","slug":"on-som","status":"publish","type":"page","link":"https:\/\/agora.xtec.cat\/ceip-jacint-verdaguer-tarrega\/pagines-dinici\/lescola\/on-som\/","title":{"rendered":"On som?"},"content":{"rendered":"<div>\n<div>\n<div>\n<div>\n<div style=\"text-align: center;\">Ens trobareu al carrer Ramon i Cajal n\u00famero 8 de T\u00e0rrega.<\/div>\n<div style=\"text-align: center;\"><\/div>\n<div style=\"text-align: center;\"><\/div>\n<p style=\"text-align: center;\"><a href=\"https:\/\/www.google.es\/maps\/place\/Escola+P\u00fablica+Jacint+Verdaguer\/@41.648119,1.1414903,17z\/data=!4m14!1m7!3m6!1s0x12a69ecf0b613ebf:0x8056f67a1ec1bcf0!2sEscola+P\u00fablica+Jacint+Verdaguer!8m2!3d41.648115!4d1.143679!16s%2Fg%2F1z44b62r_!3m5!1s0x12a69ecf0b613ebf:0x8056f67a1ec1bcf0!8m2!3d41.648115!4d1.143679!16s%2Fg%2F1z44b62r_\" target=\"_blank\" rel=\"noopener\"><img loading=\"lazy\" decoding=\"async\" class=\"alignnone\" src=\"http:\/\/lh6.googleusercontent.com\/-ShXpZf6M6c0\/VFicckMHcVI\/AAAAAAAAAAg\/Jy5iipi29pU\/s400\/mapa.png\" alt=\"\" width=\"400\" height=\"223\" border=\"0\" \/><\/a><\/p>\n<\/div>\n<\/div>\n<ul>\n<li style=\"text-align: left;\">Us podem atendre telef\u00f2nicament al n\u00famero <strong>973 31 06 48<\/strong><\/li>\n<li style=\"text-align: left;\">La nostra adre\u00e7a de correu electr\u00f2nic \u00e9s <strong>c5004462@xtec.cat<\/strong><\/li>\n<\/ul>\n<p style=\"text-align: left;\">Per justificar faltes d&#8217;assist\u00e8ncia podeu dirigir-vos al\/la tutor\/a corresponent.<\/p>\n<p style=\"text-align: left;\">El nostre <strong>horari d&#8217;atenci\u00f3 al p\u00fablic<\/strong> \u00e9s:<\/p>\n<ul>\n<li style=\"text-align: left;\">Mat\u00ed &#8211; 8:30 a 13:30<\/li>\n<li style=\"text-align: left;\">Tarda &#8211; 14:30 a 17:00<\/li>\n<\/ul>\n<\/div>\n<\/div>\n<div style=\"text-align: center;\"><span style=\"font-size: small;\">\u00a0<\/span><\/div>\n<p><strong>PER CONTACTAR AMB L&#8217;AFA:<\/strong><\/p>\n<ul>\n<li><strong>Email<\/strong>\u00a0\u2013 ampacpjv@gmail.com<\/li>\n<li><strong>Tel\u00e8fons<\/strong>\u00a0\u2013 621 24 93 96 i 973 50 18 65<\/li>\n<\/ul>\n","protected":false},"excerpt":{"rendered":"<p>Ens trobareu al carrer Ramon i Cajal n\u00famero 8 de T\u00e0rrega. Us podem atendre telef\u00f2nicament al n\u00famero 973 31 06 48 La nostra adre\u00e7a de correu electr\u00f2nic \u00e9s c5004462@xtec.cat Per justificar faltes d&#8217;assist\u00e8ncia podeu dirigir-vos al\/la tutor\/a corresponent. El nostre horari d&#8217;atenci\u00f3 al p\u00fablic \u00e9s: Mat\u00ed &#8211; 8:30 a 13:30 Tarda &#8211; 14:30 a 17:00 [&hellip;]<\/p>\n","protected":false},"author":2,"featured_media":0,"parent":22,"menu_order":0,"comment_status":"closed","ping_status":"closed","template":"","meta":{"_bbp_topic_count":0,"_bbp_reply_count":0,"_bbp_total_topic_count":0,"_bbp_total_reply_count":0,"_bbp_voice_count":0,"_bbp_anonymous_reply_count":0,"_bbp_topic_count_hidden":0,"_bbp_reply_count_hidden":0,"_bbp_forum_subforum_count":0,"site-sidebar-layout":"left-sidebar","site-content-layout":"","ast-site-content-layout":"default","site-content-style":"default","site-sidebar-style":"default","ast-global-header-display":"","ast-banner-title-visibility":"","ast-main-header-display":"","ast-hfb-above-header-display":"","ast-hfb-below-header-display":"","ast-hfb-mobile-header-display":"","site-post-title":"","ast-breadcrumbs-content":"","ast-featured-img":"","footer-sml-layout":"","theme-transparent-header-meta":"","adv-header-id-meta":"","stick-header-meta":"","header-above-stick-meta":"","header-main-stick-meta":"","header-below-stick-meta":"","astra-migrate-meta-layouts":"set","ast-page-background-enabled":"default","ast-page-background-meta":{"desktop":{"background-color":"var(--ast-global-color-4)","background-image":"","background-repeat":"repeat","background-position":"center center","background-size":"auto","background-attachment":"scroll","background-type":"","background-media":"","overlay-type":"","overlay-color":"","overlay-opacity":"","overlay-gradient":""},"tablet":{"background-color":"","background-image":"","background-repeat":"repeat","background-position":"center center","background-size":"auto","background-attachment":"scroll","background-type":"","background-media":"","overlay-type":"","overlay-color":"","overlay-opacity":"","overlay-gradient":""},"mobile":{"background-color":"","background-image":"","background-repeat":"repeat","background-position":"center center","background-size":"auto","background-attachment":"scroll","background-type":"","background-media":"","overlay-type":"","overlay-color":"","overlay-opacity":"","overlay-gradient":""}},"ast-content-background-meta":{"desktop":{"background-color":"var(--ast-global-color-5)","background-image":"","background-repeat":"repeat","background-position":"center center","background-size":"auto","background-attachment":"scroll","background-type":"","background-media":"","overlay-type":"","overlay-color":"","overlay-opacity":"","overlay-gradient":""},"tablet":{"background-color":"var(--ast-global-color-5)","background-image":"","background-repeat":"repeat","background-position":"center center","background-size":"auto","background-attachment":"scroll","background-type":"","background-media":"","overlay-type":"","overlay-color":"","overlay-opacity":"","overlay-gradient":""},"mobile":{"background-color":"var(--ast-global-color-5)","background-image":"","background-repeat":"repeat","background-position":"center center","background-size":"auto","background-attachment":"scroll","background-type":"","background-media":"","overlay-type":"","overlay-color":"","overlay-opacity":"","overlay-gradient":""}},"footnotes":""},"class_list":["post-24","page","type-page","status-publish","hentry"],"post_mailing_queue_ids":[],"_links":{"self":[{"href":"https:\/\/agora.xtec.cat\/ceip-jacint-verdaguer-tarrega\/wp-json\/wp\/v2\/pages\/24","targetHints":{"allow":["GET"]}}],"collection":[{"href":"https:\/\/agora.xtec.cat\/ceip-jacint-verdaguer-tarrega\/wp-json\/wp\/v2\/pages"}],"about":[{"href":"https:\/\/agora.xtec.cat\/ceip-jacint-verdaguer-tarrega\/wp-json\/wp\/v2\/types\/page"}],"author":[{"embeddable":true,"href":"https:\/\/agora.xtec.cat\/ceip-jacint-verdaguer-tarrega\/wp-json\/wp\/v2\/users\/2"}],"replies":[{"embeddable":true,"href":"https:\/\/agora.xtec.cat\/ceip-jacint-verdaguer-tarrega\/wp-json\/wp\/v2\/comments?post=24"}],"version-history":[{"count":4,"href":"https:\/\/agora.xtec.cat\/ceip-jacint-verdaguer-tarrega\/wp-json\/wp\/v2\/pages\/24\/revisions"}],"predecessor-version":[{"id":10786,"href":"https:\/\/agora.xtec.cat\/ceip-jacint-verdaguer-tarrega\/wp-json\/wp\/v2\/pages\/24\/revisions\/10786"}],"up":[{"embeddable":true,"href":"https:\/\/agora.xtec.cat\/ceip-jacint-verdaguer-tarrega\/wp-json\/wp\/v2\/pages\/22"}],"wp:attachment":[{"href":"https:\/\/agora.xtec.cat\/ceip-jacint-verdaguer-tarrega\/wp-json\/wp\/v2\/media?parent=24"}],"curies":[{"name":"wp","href":"https:\/\/api.w.org\/{rel}","templated":true}]}}