{"id":22,"date":"2014-09-18T12:19:57","date_gmt":"2014-09-18T10:19:57","guid":{"rendered":"http:\/\/agora.xtec.cat\/ceip-jacint-verdaguer-tarrega\/\/?page_id=22"},"modified":"2025-09-02T19:31:27","modified_gmt":"2025-09-02T17:31:27","slug":"lescola","status":"publish","type":"page","link":"https:\/\/agora.xtec.cat\/ceip-jacint-verdaguer-tarrega\/pagines-dinici\/lescola\/","title":{"rendered":"L&#8217;escola"},"content":{"rendered":"<p>Som una escola p\u00fablica, catalana i aconfessional arrelada a la ciutat de T\u00e0rrega des de fa m\u00e9s de 80 anys i implicada amb el nostre entorn.<\/p>\n<p>L\u2019any 1931 els ajuntaments republicans engeguen una campanya sistem\u00e0tica de promoci\u00f3, millora i augment de l\u2019ensenyament a les ciutats. Fruit d\u2019aquest moment hist\u00f2ric i gr\u00e0cies a la sensibilitat i col\u00b7laboraci\u00f3 de les diferents entitats de la ciutat es pogueren recaptar els diners necessaris per construir l\u2019escola.<\/p>\n<p>Des d\u2019aleshores l\u2019escola ha anat acomplint la missi\u00f3 per la qual va ser creada: ajudar a formar les diverses generacions de targarines i de targarins que ha acollit.<\/p>\n<p>En l\u2019actualitat continuem treballant amb aquesta missi\u00f3: contribu\u00efm a formar ciutadans lliures i cr\u00edtics, ajudem a reduir desigualtats i caminar ver l\u2019equitat, pretenem ser motor de transformaci\u00f3 social al nostre entorn proper.<\/p>\n<p>Benvinguts a la nostra escola, benvinguts al Jacint Verdaguer!<\/p>\n<p><img loading=\"lazy\" decoding=\"async\" class=\"aligncenter wp-image-172 size-large\" src=\"https:\/\/agora.xtec.cat\/ceip-jacint-verdaguer-tarrega\/wp-content\/uploads\/usu312\/2015\/06\/logo_colors1-1024x597.jpg\" alt=\"\" width=\"1024\" height=\"597\" \/><\/p>\n<p><a href=\"https:\/\/agora.xtec.cat\/ceip-jacint-verdaguer-tarrega\/pagines-dinici\/lescola\/on-som\/\">On som?<\/a><br \/>\n<a href=\"https:\/\/agora.xtec.cat\/ceip-jacint-verdaguer-tarrega\/pagines-dinici\/lescola\/historia\/\">Hist\u00f2ria<\/a><br \/>\n<a href=\"https:\/\/agora.xtec.cat\/ceip-jacint-verdaguer-tarrega\/pagines-dinici\/lescola\/instal%c2%b7lacions\/\">Instal\u00b7lacions<\/a><br \/>\n<a href=\"https:\/\/agora.xtec.cat\/ceip-jacint-verdaguer-tarrega\/pagines-dinici\/lescola\/festes-i-celebracions\/\">Festes i celebracions<\/a><br \/>\n<a href=\"https:\/\/agora.xtec.cat\/ceip-jacint-verdaguer-tarrega\/pagines-dinici\/lescola\/acords-consell-escolar\/\">Acords Consell Escolar<\/a><\/p>\n","protected":false},"excerpt":{"rendered":"<p>Som una escola p\u00fablica, catalana i aconfessional arrelada a la ciutat de T\u00e0rrega des de fa m\u00e9s de 80 anys i implicada amb el nostre entorn. L\u2019any 1931 els ajuntaments republicans engeguen una campanya sistem\u00e0tica de promoci\u00f3, millora i augment de l\u2019ensenyament a les ciutats. Fruit d\u2019aquest moment hist\u00f2ric i gr\u00e0cies a la sensibilitat i [&hellip;]<\/p>\n","protected":false},"author":2,"featured_media":0,"parent":7,"menu_order":0,"comment_status":"closed","ping_status":"closed","template":"","meta":{"_bbp_topic_count":0,"_bbp_reply_count":0,"_bbp_total_topic_count":0,"_bbp_total_reply_count":0,"_bbp_voice_count":0,"_bbp_anonymous_reply_count":0,"_bbp_topic_count_hidden":0,"_bbp_reply_count_hidden":0,"_bbp_forum_subforum_count":0,"site-sidebar-layout":"left-sidebar","site-content-layout":"","ast-site-content-layout":"default","site-content-style":"default","site-sidebar-style":"default","ast-global-header-display":"","ast-banner-title-visibility":"","ast-main-header-display":"","ast-hfb-above-header-display":"","ast-hfb-below-header-display":"","ast-hfb-mobile-header-display":"","site-post-title":"","ast-breadcrumbs-content":"","ast-featured-img":"","footer-sml-layout":"","theme-transparent-header-meta":"","adv-header-id-meta":"","stick-header-meta":"","header-above-stick-meta":"","header-main-stick-meta":"","header-below-stick-meta":"","astra-migrate-meta-layouts":"set","ast-page-background-enabled":"default","ast-page-background-meta":{"desktop":{"background-color":"var(--ast-global-color-4)","background-image":"","background-repeat":"repeat","background-position":"center center","background-size":"auto","background-attachment":"scroll","background-type":"","background-media":"","overlay-type":"","overlay-color":"","overlay-opacity":"","overlay-gradient":""},"tablet":{"background-color":"","background-image":"","background-repeat":"repeat","background-position":"center center","background-size":"auto","background-attachment":"scroll","background-type":"","background-media":"","overlay-type":"","overlay-color":"","overlay-opacity":"","overlay-gradient":""},"mobile":{"background-color":"","background-image":"","background-repeat":"repeat","background-position":"center center","background-size":"auto","background-attachment":"scroll","background-type":"","background-media":"","overlay-type":"","overlay-color":"","overlay-opacity":"","overlay-gradient":""}},"ast-content-background-meta":{"desktop":{"background-color":"var(--ast-global-color-5)","background-image":"","background-repeat":"repeat","background-position":"center center","background-size":"auto","background-attachment":"scroll","background-type":"","background-media":"","overlay-type":"","overlay-color":"","overlay-opacity":"","overlay-gradient":""},"tablet":{"background-color":"var(--ast-global-color-5)","background-image":"","background-repeat":"repeat","background-position":"center center","background-size":"auto","background-attachment":"scroll","background-type":"","background-media":"","overlay-type":"","overlay-color":"","overlay-opacity":"","overlay-gradient":""},"mobile":{"background-color":"var(--ast-global-color-5)","background-image":"","background-repeat":"repeat","background-position":"center center","background-size":"auto","background-attachment":"scroll","background-type":"","background-media":"","overlay-type":"","overlay-color":"","overlay-opacity":"","overlay-gradient":""}},"footnotes":""},"class_list":["post-22","page","type-page","status-publish","hentry"],"post_mailing_queue_ids":[],"_links":{"self":[{"href":"https:\/\/agora.xtec.cat\/ceip-jacint-verdaguer-tarrega\/wp-json\/wp\/v2\/pages\/22","targetHints":{"allow":["GET"]}}],"collection":[{"href":"https:\/\/agora.xtec.cat\/ceip-jacint-verdaguer-tarrega\/wp-json\/wp\/v2\/pages"}],"about":[{"href":"https:\/\/agora.xtec.cat\/ceip-jacint-verdaguer-tarrega\/wp-json\/wp\/v2\/types\/page"}],"author":[{"embeddable":true,"href":"https:\/\/agora.xtec.cat\/ceip-jacint-verdaguer-tarrega\/wp-json\/wp\/v2\/users\/2"}],"replies":[{"embeddable":true,"href":"https:\/\/agora.xtec.cat\/ceip-jacint-verdaguer-tarrega\/wp-json\/wp\/v2\/comments?post=22"}],"version-history":[{"count":4,"href":"https:\/\/agora.xtec.cat\/ceip-jacint-verdaguer-tarrega\/wp-json\/wp\/v2\/pages\/22\/revisions"}],"predecessor-version":[{"id":10787,"href":"https:\/\/agora.xtec.cat\/ceip-jacint-verdaguer-tarrega\/wp-json\/wp\/v2\/pages\/22\/revisions\/10787"}],"up":[{"embeddable":true,"href":"https:\/\/agora.xtec.cat\/ceip-jacint-verdaguer-tarrega\/wp-json\/wp\/v2\/pages\/7"}],"wp:attachment":[{"href":"https:\/\/agora.xtec.cat\/ceip-jacint-verdaguer-tarrega\/wp-json\/wp\/v2\/media?parent=22"}],"curies":[{"name":"wp","href":"https:\/\/api.w.org\/{rel}","templated":true}]}}