{"id":2056,"date":"2020-03-17T18:45:56","date_gmt":"2020-03-17T17:45:56","guid":{"rendered":"https:\/\/agora.xtec.cat\/ceip-jacint-verdaguer-tarrega\/?page_id=2056"},"modified":"2020-03-17T19:03:49","modified_gmt":"2020-03-17T18:03:49","slug":"orientacions-deducacio-infantil","status":"publish","type":"page","link":"https:\/\/agora.xtec.cat\/ceip-jacint-verdaguer-tarrega\/pagines-dinici\/propostes-i-materials-educatius\/orientacions-deducacio-infantil\/","title":{"rendered":"Orientacions d&#8217;Educaci\u00f3 Infantil"},"content":{"rendered":"<p><img loading=\"lazy\" decoding=\"async\" class=\" alignright\" src=\"http:\/\/clipart-library.com\/images\/rTn9p9gTR.jpg\" width=\"383\" height=\"281\" \/><\/p>\n<p>Cal compaginar temps de joc aut\u00f2nom en qu\u00e8 l\u2019infant decideixi qu\u00e8 vol fer i com, amb temps i activitats compartides amb l\u2019adult.<\/p>\n<p>Per al temps de joc aut\u00f2nom hem de posar a l\u2019abast de l\u2019infant materials diversos amb els quals pugui elaborar el seu joc: materials per fer construccions, objectes o robes que serveixin per disfressar-se, materials inespec\u00edfics (conquilles, bastons, peces de fusta, envasos\u2026), titelles, ninos, cuinetes, contes, fulls, estris d\u2019escriptura&#8230;<\/p>\n<p>Pel que fa a les activitats compartides amb l\u2019adult podem fer diferents propostes que ajuden al desenvolupament de les seves capacitats. Per exemple:<\/p>\n<ul style=\"list-style-type: disc;\">\n<li>Activitats de comunicaci\u00f3<\/li>\n<\/ul>\n<ul>\n<li style=\"list-style-type: none;\">\n<ul style=\"list-style-type: circle;\">\n<li>Llegir contes, demanar als infants que ens els expliquin despr\u00e9s, que els acabin de forma diferent\u2026<\/li>\n<li>Mirar contes del web de TV3: <a href=\"https:\/\/www.ccma.cat\/tv3\/super3\/una-ma-de-contes\/\" target=\"_blank\" rel=\"noopener noreferrer\">Una m\u00e0 de contes<\/a>.<\/li>\n<li>Realitzar un diari i anar-hi incorporant: les an\u00e8cdotes del dia, retalls d\u2019imatges, petites converses, dibuixos, retalls de paraules de cat\u00e0legs\u2026<\/li>\n<li>Triar una hist\u00f2ria o conte i representar-lo amb titelles o escenificant-lo.<\/li>\n<li>Inventar hist\u00f2ries, dibuixar-les, escriure qu\u00e8 hi passa (com ho vulguin escriure).<\/li>\n<\/ul>\n<\/li>\n<\/ul>\n<p>&nbsp;<\/p>\n<ul style=\"list-style-type: disc;\">\n<li>Activitats a l\u2019exterior:<\/li>\n<\/ul>\n<ul>\n<li style=\"list-style-type: none;\">\n<ul style=\"list-style-type: circle;\">\n<li>Sortir a passejar (si \u00e9s possible) i cercar en l\u2019entorn objectes que tinguin caracter\u00edstiques determinades: d\u2019un color determinat, amb una forma determinada, etc.<\/li>\n<li>Caminar, c\u00f3rrer, saltar, grimpar, fer equilibris\u2026 sempre que sigui possible.<\/li>\n<\/ul>\n<\/li>\n<\/ul>\n<p>&nbsp;<\/p>\n<ul style=\"list-style-type: disc;\">\n<li>Activitats d\u2019experimentaci\u00f3, en podeu trobar alguns exemples a:<\/li>\n<\/ul>\n<ul>\n<li style=\"list-style-type: none;\">\n<ul style=\"list-style-type: circle;\">\n<li><a href=\"https:\/\/www.slideshare.net\/edelinbravo29\/manual-de-experimentos-preescolar\" target=\"_blank\" rel=\"noopener noreferrer\">Manual de experimentos<\/a><\/li>\n<li><a href=\"https:\/\/www.ccma.cat\/tv3\/super3\/dinamiks\/\" target=\"_blank\" rel=\"noopener noreferrer\">Dinamiks<\/a><\/li>\n<li><a href=\"https:\/\/www.aprenentamblesmans.cat\/category\/educacio-infantil\/geometria-educacio-infantil\/\" target=\"_blank\" rel=\"noopener noreferrer\">Aprenent amb les mans<\/a><\/li>\n<\/ul>\n<\/li>\n<\/ul>\n<p>&nbsp;<\/p>\n<ul style=\"list-style-type: disc;\">\n<li>Jocs de taula:<\/li>\n<\/ul>\n<ul>\n<li style=\"list-style-type: none;\">\n<ul style=\"list-style-type: circle;\">\n<li>Parx\u00eds, sudoku, trencaclosques, jocs de cartes, etc<\/li>\n<\/ul>\n<\/li>\n<\/ul>\n<p>&nbsp;<\/p>\n<ul style=\"list-style-type: disc;\">\n<li>Activitats en entorns digitals:<\/li>\n<\/ul>\n<ul>\n<li style=\"list-style-type: none;\">\n<ul style=\"list-style-type: circle;\">\n<li>Enregistrar un \u00e0udio o un v\u00eddeo amb un conte, una can\u00e7\u00f3 o un relat amb l\u2019infant com a protagonista, i escoltar-lo o veure\u2019l. Comentar amb l\u2019infant qu\u00e8 poden fer diferent, com ho poden enriquir\u2026<\/li>\n<li>Instal\u00b7lar a la tauleta alguna de les apps referenciades al portal <a href=\"https:\/\/toolbox.mobileworldcapital.com\/apps\/android\/attribute%5BTaxonomyTaxonomyValue0%5D:1\" target=\"_blank\" rel=\"noopener noreferrer\">Toolbox<\/a> \u2026 i acompanyar els infants en la tria de l\u2019app, en el funcionament i durant el joc.<\/li>\n<li>Realitzar els jocs que et proposa el web <a href=\"http:\/\/www.edu365.cat\/infantil\/\" target=\"_blank\" rel=\"noopener noreferrer\">Edu365<\/a><\/li>\n<\/ul>\n<\/li>\n<\/ul>\n<p>&nbsp;<\/p>\n<ul style=\"list-style-type: disc;\">\n<li>Col.laborar en les tasques de la llar<\/li>\n<\/ul>\n<ul>\n<li style=\"list-style-type: none;\">\n<ul style=\"list-style-type: circle;\">\n<li>Ajudar en la preparaci\u00f3 del menjar: pelar fruita, preparar amanides, prepararel berenar\u2026<\/li>\n<li>Endre\u00e7ar l\u2019habitaci\u00f3<\/li>\n<li>Parar taula i recollir-la<\/li>\n<li>Plegar i classificar la roba&#8230;<\/li>\n<\/ul>\n<\/li>\n<\/ul>\n<p>&nbsp;<\/p>\n<blockquote>\n<p style=\"text-align: right;\"><em>Orientacions per als centres educatius sobre activitats per als alumnes a causa del tancament pel coronavirus<\/em><\/p>\n<p style=\"text-align: right;\"><em>(Departament d&#8217;Educaci\u00f3 &#8211; mar\u00e7 2020)<\/em><\/p>\n<\/blockquote>\n","protected":false},"excerpt":{"rendered":"<p>Cal compaginar temps de joc aut\u00f2nom en qu\u00e8 l\u2019infant decideixi qu\u00e8 vol fer i com, amb temps i activitats compartides amb l\u2019adult. Per al temps de joc aut\u00f2nom hem de posar a l\u2019abast de l\u2019infant materials diversos amb els quals pugui elaborar el seu joc: materials per fer construccions, objectes o robes que serveixin per [&hellip;]<\/p>\n","protected":false},"author":1,"featured_media":0,"parent":6423,"menu_order":94,"comment_status":"closed","ping_status":"closed","template":"page-templates\/side-menu.php","meta":{"_bbp_topic_count":0,"_bbp_reply_count":0,"_bbp_total_topic_count":0,"_bbp_total_reply_count":0,"_bbp_voice_count":0,"_bbp_anonymous_reply_count":0,"_bbp_topic_count_hidden":0,"_bbp_reply_count_hidden":0,"_bbp_forum_subforum_count":0,"site-sidebar-layout":"default","site-content-layout":"","ast-site-content-layout":"","site-content-style":"default","site-sidebar-style":"default","ast-global-header-display":"","ast-banner-title-visibility":"","ast-main-header-display":"","ast-hfb-above-header-display":"","ast-hfb-below-header-display":"","ast-hfb-mobile-header-display":"","site-post-title":"","ast-breadcrumbs-content":"","ast-featured-img":"","footer-sml-layout":"","theme-transparent-header-meta":"","adv-header-id-meta":"","stick-header-meta":"","header-above-stick-meta":"","header-main-stick-meta":"","header-below-stick-meta":"","astra-migrate-meta-layouts":"default","ast-page-background-enabled":"default","ast-page-background-meta":{"desktop":{"background-color":"var(--ast-global-color-4)","background-image":"","background-repeat":"repeat","background-position":"center center","background-size":"auto","background-attachment":"scroll","background-type":"","background-media":"","overlay-type":"","overlay-color":"","overlay-opacity":"","overlay-gradient":""},"tablet":{"background-color":"","background-image":"","background-repeat":"repeat","background-position":"center center","background-size":"auto","background-attachment":"scroll","background-type":"","background-media":"","overlay-type":"","overlay-color":"","overlay-opacity":"","overlay-gradient":""},"mobile":{"background-color":"","background-image":"","background-repeat":"repeat","background-position":"center center","background-size":"auto","background-attachment":"scroll","background-type":"","background-media":"","overlay-type":"","overlay-color":"","overlay-opacity":"","overlay-gradient":""}},"ast-content-background-meta":{"desktop":{"background-color":"var(--ast-global-color-5)","background-image":"","background-repeat":"repeat","background-position":"center center","background-size":"auto","background-attachment":"scroll","background-type":"","background-media":"","overlay-type":"","overlay-color":"","overlay-opacity":"","overlay-gradient":""},"tablet":{"background-color":"var(--ast-global-color-5)","background-image":"","background-repeat":"repeat","background-position":"center center","background-size":"auto","background-attachment":"scroll","background-type":"","background-media":"","overlay-type":"","overlay-color":"","overlay-opacity":"","overlay-gradient":""},"mobile":{"background-color":"var(--ast-global-color-5)","background-image":"","background-repeat":"repeat","background-position":"center center","background-size":"auto","background-attachment":"scroll","background-type":"","background-media":"","overlay-type":"","overlay-color":"","overlay-opacity":"","overlay-gradient":""}},"footnotes":""},"class_list":["post-2056","page","type-page","status-publish","hentry"],"post_mailing_queue_ids":[],"_links":{"self":[{"href":"https:\/\/agora.xtec.cat\/ceip-jacint-verdaguer-tarrega\/wp-json\/wp\/v2\/pages\/2056","targetHints":{"allow":["GET"]}}],"collection":[{"href":"https:\/\/agora.xtec.cat\/ceip-jacint-verdaguer-tarrega\/wp-json\/wp\/v2\/pages"}],"about":[{"href":"https:\/\/agora.xtec.cat\/ceip-jacint-verdaguer-tarrega\/wp-json\/wp\/v2\/types\/page"}],"author":[{"embeddable":true,"href":"https:\/\/agora.xtec.cat\/ceip-jacint-verdaguer-tarrega\/wp-json\/wp\/v2\/users\/1"}],"replies":[{"embeddable":true,"href":"https:\/\/agora.xtec.cat\/ceip-jacint-verdaguer-tarrega\/wp-json\/wp\/v2\/comments?post=2056"}],"version-history":[{"count":3,"href":"https:\/\/agora.xtec.cat\/ceip-jacint-verdaguer-tarrega\/wp-json\/wp\/v2\/pages\/2056\/revisions"}],"predecessor-version":[{"id":2088,"href":"https:\/\/agora.xtec.cat\/ceip-jacint-verdaguer-tarrega\/wp-json\/wp\/v2\/pages\/2056\/revisions\/2088"}],"up":[{"embeddable":true,"href":"https:\/\/agora.xtec.cat\/ceip-jacint-verdaguer-tarrega\/wp-json\/wp\/v2\/pages\/6423"}],"wp:attachment":[{"href":"https:\/\/agora.xtec.cat\/ceip-jacint-verdaguer-tarrega\/wp-json\/wp\/v2\/media?parent=2056"}],"curies":[{"name":"wp","href":"https:\/\/api.w.org\/{rel}","templated":true}]}}