{"id":1994,"date":"2020-03-16T11:57:00","date_gmt":"2020-03-16T10:57:00","guid":{"rendered":"https:\/\/agora.xtec.cat\/ceip-jacint-verdaguer-tarrega\/?page_id=1994"},"modified":"2020-03-18T18:12:20","modified_gmt":"2020-03-18T17:12:20","slug":"informacio-general-i-recomanacions","status":"publish","type":"page","link":"https:\/\/agora.xtec.cat\/ceip-jacint-verdaguer-tarrega\/pagines-dinici\/propostes-i-materials-educatius\/informacio-general-i-recomanacions\/","title":{"rendered":"Informaci\u00f3 general i recomanacions"},"content":{"rendered":"<p><img loading=\"lazy\" decoding=\"async\" class=\"alignright\" src=\"https:\/\/d31dn7nfpuwjnm.cloudfront.net\/images\/valoraciones\/0031\/6577\/INFOR.jpg?1536592261\" width=\"415\" height=\"415\" \/><\/p>\n<p>A\u00a0continuaci\u00f3 publicarem enlla\u00e7os a la informaci\u00f3 m\u00e9s rellevant que ens facilitin els departaments de salut i d\u2019educaci\u00f3 de la generalitat de Catalunya.<br \/>\nSeguiu el consells de les autoritats competents, cuideu-vos i cuideu dels vostres!<\/p>\n<p><a href=\"http:\/\/xtec.gencat.cat\/web\/.content\/recursos\/actuacio-extraordinaria-activitats-autoaprenentatge\/Orientacions-centres-tancament-coronavirus.pdf\" target=\"_blank\" rel=\"noopener noreferrer\">Orientacions per als centres educatius sobre activitats per als alumnes a causa del tancament pel coronavirus<\/a>: Document elaborat pel Departament d&#8217;Educaci\u00f3 amb orientacions de treball per a tots els nivells educatius.<\/p>\n<p><a href=\"http:\/\/canalsalut.gencat.cat\/ca\/salut-a-z\/c\/coronavirus-2019-ncov\/\" target=\"_blank\" rel=\"noopener noreferrer\">Canal Salut<\/a>: enlla\u00e7 a l\u2019espai web habilitat pel departament de salut.<\/p>\n<p><a href=\"https:\/\/interior.gencat.cat\/web\/.content\/home\/030_arees_dactuacio\/proteccio_civil\/consells_autoproteccio_emergencies\/Coronavirus\/Queestionari-restriccions-COVID19-v20200317-20h.pdf\" target=\"_blank\" rel=\"noopener noreferrer\">Q\u00fcestionari restriccions 17 de mar\u00e7<\/a><\/p>\n<p><a href=\"https:\/\/drive.google.com\/file\/d\/1SWKY-hu2DZUfq3q-AVxGVULx6cymzjWJ\/view?usp=sharing\" target=\"_blank\" rel=\"noopener noreferrer\">Resum restriccions 13 de mar\u00e7<\/a><\/p>\n<p><a href=\"https:\/\/drive.google.com\/file\/d\/1jr-mvVDWn7-_B2Rp5fvaFxyR5CYZ09Pv\/view?usp=sharing\" target=\"_blank\" rel=\"noopener noreferrer\">Q\u00fcestionari restriccions COVID-19<\/a><\/p>\n<p><a href=\"https:\/\/drive.google.com\/file\/d\/1muTMvJ2LLWkpP1NrKUxWA9YqMklhU6oq\/view?usp=sharing\" target=\"_blank\" rel=\"noopener noreferrer\">Mesures de prevenci\u00f3<\/a><\/p>\n<p><a href=\"https:\/\/agora.xtec.cat\/ceip-angelguimera\/wp-content\/uploads\/usu637\/2020\/03\/arab_informacio.pdf\" target=\"_blank\" rel=\"noopener noreferrer\">Mesures de prevenci\u00f3<\/a> (\u00c0rab)<\/p>\n<p><a href=\"https:\/\/agora.xtec.cat\/ceip-angelguimera\/wp-content\/uploads\/usu637\/2020\/03\/xines_informacio.pdf\" target=\"_blank\" rel=\"noopener noreferrer\">Mesures de prevenci\u00f3<\/a> (Xin\u00e8s)<\/p>\n<p><a href=\"https:\/\/660919d3-b85b-43c3-a3ad-3de6a9d37099.filesusr.com\/ugd\/64c685_ef31d8e608fd4b528eae3132b67a445e.pdf\" target=\"_blank\" rel=\"noopener noreferrer\">Conte del coronavirus<\/a><\/p>\n<p><a href=\"https:\/\/www.youtube.com\/watch?v=prHuClGHtmY\" target=\"_blank\" rel=\"noopener noreferrer\">\u00bfQu\u00e9 es el coronavirus?<\/a> V\u00eddeo explicatiu per a nens i nenes<\/p>\n<p><a href=\"https:\/\/diarioenfermero.es\/wp-content\/uploads\/2020\/03\/Juego-Corona.jpeg\" target=\"_blank\" rel=\"noopener noreferrer\">Joc del coronavirus<\/a><\/p>\n<p><a href=\"https:\/\/www.tarrega.cat\/noticies\/recomanacions-gestio-psicologica\" target=\"_blank\" rel=\"noopener noreferrer\">Recomanacions de gesti\u00f3 psicol\u00f2gica durant quarantenes per malalties infeccioses<\/a><\/p>\n","protected":false},"excerpt":{"rendered":"<p>A\u00a0continuaci\u00f3 publicarem enlla\u00e7os a la informaci\u00f3 m\u00e9s rellevant que ens facilitin els departaments de salut i d\u2019educaci\u00f3 de la generalitat de Catalunya. Seguiu el consells de les autoritats competents, cuideu-vos i cuideu dels vostres! Orientacions per als centres educatius sobre activitats per als alumnes a causa del tancament pel coronavirus: Document elaborat pel Departament d&#8217;Educaci\u00f3 [&hellip;]<\/p>\n","protected":false},"author":1,"featured_media":0,"parent":6423,"menu_order":92,"comment_status":"closed","ping_status":"closed","template":"page-templates\/side-menu.php","meta":{"_bbp_topic_count":0,"_bbp_reply_count":0,"_bbp_total_topic_count":0,"_bbp_total_reply_count":0,"_bbp_voice_count":0,"_bbp_anonymous_reply_count":0,"_bbp_topic_count_hidden":0,"_bbp_reply_count_hidden":0,"_bbp_forum_subforum_count":0,"site-sidebar-layout":"default","site-content-layout":"","ast-site-content-layout":"","site-content-style":"default","site-sidebar-style":"default","ast-global-header-display":"","ast-banner-title-visibility":"","ast-main-header-display":"","ast-hfb-above-header-display":"","ast-hfb-below-header-display":"","ast-hfb-mobile-header-display":"","site-post-title":"","ast-breadcrumbs-content":"","ast-featured-img":"","footer-sml-layout":"","theme-transparent-header-meta":"","adv-header-id-meta":"","stick-header-meta":"","header-above-stick-meta":"","header-main-stick-meta":"","header-below-stick-meta":"","astra-migrate-meta-layouts":"default","ast-page-background-enabled":"default","ast-page-background-meta":{"desktop":{"background-color":"var(--ast-global-color-4)","background-image":"","background-repeat":"repeat","background-position":"center center","background-size":"auto","background-attachment":"scroll","background-type":"","background-media":"","overlay-type":"","overlay-color":"","overlay-opacity":"","overlay-gradient":""},"tablet":{"background-color":"","background-image":"","background-repeat":"repeat","background-position":"center center","background-size":"auto","background-attachment":"scroll","background-type":"","background-media":"","overlay-type":"","overlay-color":"","overlay-opacity":"","overlay-gradient":""},"mobile":{"background-color":"","background-image":"","background-repeat":"repeat","background-position":"center center","background-size":"auto","background-attachment":"scroll","background-type":"","background-media":"","overlay-type":"","overlay-color":"","overlay-opacity":"","overlay-gradient":""}},"ast-content-background-meta":{"desktop":{"background-color":"var(--ast-global-color-5)","background-image":"","background-repeat":"repeat","background-position":"center center","background-size":"auto","background-attachment":"scroll","background-type":"","background-media":"","overlay-type":"","overlay-color":"","overlay-opacity":"","overlay-gradient":""},"tablet":{"background-color":"var(--ast-global-color-5)","background-image":"","background-repeat":"repeat","background-position":"center center","background-size":"auto","background-attachment":"scroll","background-type":"","background-media":"","overlay-type":"","overlay-color":"","overlay-opacity":"","overlay-gradient":""},"mobile":{"background-color":"var(--ast-global-color-5)","background-image":"","background-repeat":"repeat","background-position":"center center","background-size":"auto","background-attachment":"scroll","background-type":"","background-media":"","overlay-type":"","overlay-color":"","overlay-opacity":"","overlay-gradient":""}},"footnotes":""},"class_list":["post-1994","page","type-page","status-publish","hentry"],"post_mailing_queue_ids":[],"_links":{"self":[{"href":"https:\/\/agora.xtec.cat\/ceip-jacint-verdaguer-tarrega\/wp-json\/wp\/v2\/pages\/1994","targetHints":{"allow":["GET"]}}],"collection":[{"href":"https:\/\/agora.xtec.cat\/ceip-jacint-verdaguer-tarrega\/wp-json\/wp\/v2\/pages"}],"about":[{"href":"https:\/\/agora.xtec.cat\/ceip-jacint-verdaguer-tarrega\/wp-json\/wp\/v2\/types\/page"}],"author":[{"embeddable":true,"href":"https:\/\/agora.xtec.cat\/ceip-jacint-verdaguer-tarrega\/wp-json\/wp\/v2\/users\/1"}],"replies":[{"embeddable":true,"href":"https:\/\/agora.xtec.cat\/ceip-jacint-verdaguer-tarrega\/wp-json\/wp\/v2\/comments?post=1994"}],"version-history":[{"count":3,"href":"https:\/\/agora.xtec.cat\/ceip-jacint-verdaguer-tarrega\/wp-json\/wp\/v2\/pages\/1994\/revisions"}],"predecessor-version":[{"id":2099,"href":"https:\/\/agora.xtec.cat\/ceip-jacint-verdaguer-tarrega\/wp-json\/wp\/v2\/pages\/1994\/revisions\/2099"}],"up":[{"embeddable":true,"href":"https:\/\/agora.xtec.cat\/ceip-jacint-verdaguer-tarrega\/wp-json\/wp\/v2\/pages\/6423"}],"wp:attachment":[{"href":"https:\/\/agora.xtec.cat\/ceip-jacint-verdaguer-tarrega\/wp-json\/wp\/v2\/media?parent=1994"}],"curies":[{"name":"wp","href":"https:\/\/api.w.org\/{rel}","templated":true}]}}