{"id":1106,"date":"2019-10-09T16:25:15","date_gmt":"2019-10-09T14:25:15","guid":{"rendered":"http:\/\/agora.xtec.cat\/ceip-jacint-verdaguer-tarrega\/?page_id=1106"},"modified":"2023-11-16T13:23:20","modified_gmt":"2023-11-16T12:23:20","slug":"plans-educatius-dentorn-0-20","status":"publish","type":"page","link":"https:\/\/agora.xtec.cat\/ceip-jacint-verdaguer-tarrega\/pagines-dinici\/projecte-educatiu\/plans-educatius-dentorn-0-20\/","title":{"rendered":"Plans Educatius d&#8217;Entorn 0-20"},"content":{"rendered":"<p>Els Plans educatius d\u2019entorn 0-20 promouen el pas del projecte de centre al projecte d\u2019\u00e0mbit comunitari amb la voluntat de donar una resposta comunit\u00e0ria m\u00e9s efica\u00e7 i coordinada als reptes educatius. Aix\u00ed mateix, aposten per generar un cont\u00ednuum educatiu (formal i no formal) que incrementi les possibilitats d\u2019\u00e8xit acad\u00e8mic, personal i relacional de l\u2019alumnat, alhora que fomenten l\u2019orientaci\u00f3 i acompanyament de l\u2019alumnat i les seves fam\u00edlies dels 0 als 20 anys, especialment en la transici\u00f3 d\u2019etapes educatives i situacions de vulnerabilitat.<\/p>\n<p style=\"text-align: left;\">T\u00e0rrega \u00e9s una de les 5 zones escollides per participar en el projecte d&#8217;innovaci\u00f3 dels Plans Educatius d&#8217;Entorn 0-20 i totes les escoles ens hi hem adherit.<\/p>\n<p style=\"text-align: center;\"><iframe loading=\"lazy\" title=\"YouTube video player\" src=\"https:\/\/www.youtube.com\/embed\/-Rj2mdKcp7Y\" width=\"560\" height=\"315\" frameborder=\"0\" allowfullscreen=\"allowfullscreen\"><\/iframe><\/p>\n<p><strong>Guia sobre l&#8217;oferta formativa i la millora de l&#8217;ocupabilitat a T\u00e0rrega<\/strong><\/p>\n<p style=\"text-align: center;\"><iframe loading=\"lazy\" src=\"https:\/\/drive.google.com\/file\/d\/13ywUI8oRQJEBSeHN78F_zAYdqJqGGV7p\/preview\" width=\"720\" height=\"576\"><\/iframe><\/p>\n<p>&nbsp;<\/p>\n<p><strong>Tallers Diversificats de Suport i Refor\u00e7 Educatiu<\/strong>: En el marc del Pla Educatiu d&#8217;Entorn 0-20 de T\u00e0rrega, el nostre centre educatiu participa en els Tallers Diversificats de Suport i Refor\u00e7 Educatiu que tenen com a finalitat esdevenir una acci\u00f3 educativa orientada a acompanyar els infants i els joves en l\u2019adquisici\u00f3 de capacitats i compet\u00e8ncies, generant condicions d\u2019igualtat d\u2019oportunitats en els processos escolars i en els resultats acad\u00e8mics.<\/p>\n<p>Aquesta proposta est\u00e0 dissenyada per donar resposta a les diferents necessitats i interessos de l\u2019alumnat, amb la finalitat de facilitar la construcci\u00f3 de traject\u00f2ries educatives i personals d\u2019\u00e8xit. En aquest sentit, i per garantir la m\u00e0xima efic\u00e0cia de la intervenci\u00f3 educativa, s\u2019elabora una proposta diversificada que pugui atendre l\u2019alumnat que prov\u00e9 dels centres educatius de la ciutat.<\/p>\n<p>Aquesta actuaci\u00f3 forma part del Programa d\u2019orientaci\u00f3 i refor\u00e7 per a l\u2019avan\u00e7 i suport a l\u2019educaci\u00f3 del Ministeri d\u2019Educaci\u00f3 i Formaci\u00f3 Professional i est\u00e0 cofinan\u00e7at pel Programa operatiu d\u2019ocupaci\u00f3, formaci\u00f3 i educaci\u00f3 del Fons Social Europeu (POEFE)<\/p>\n<p><a href=\"https:\/\/agora.xtec.cat\/ceip-jacint-verdaguer-tarrega\/wp-content\/uploads\/usu312\/2023\/11\/TSAE-23-24.jpg\"><img loading=\"lazy\" decoding=\"async\" class=\"aligncenter  wp-image-8447\" src=\"https:\/\/agora.xtec.cat\/ceip-jacint-verdaguer-tarrega\/wp-content\/uploads\/usu312\/2023\/11\/TSAE-23-24-724x1024.jpg\" alt=\"\" width=\"400\" height=\"565\" srcset=\"https:\/\/agora.xtec.cat\/ceip-jacint-verdaguer-tarrega\/wp-content\/uploads\/usu312\/2023\/11\/TSAE-23-24-724x1024.jpg 724w, https:\/\/agora.xtec.cat\/ceip-jacint-verdaguer-tarrega\/wp-content\/uploads\/usu312\/2023\/11\/TSAE-23-24-212x300.jpg 212w, https:\/\/agora.xtec.cat\/ceip-jacint-verdaguer-tarrega\/wp-content\/uploads\/usu312\/2023\/11\/TSAE-23-24-768x1086.jpg 768w, https:\/\/agora.xtec.cat\/ceip-jacint-verdaguer-tarrega\/wp-content\/uploads\/usu312\/2023\/11\/TSAE-23-24-1086x1536.jpg 1086w, https:\/\/agora.xtec.cat\/ceip-jacint-verdaguer-tarrega\/wp-content\/uploads\/usu312\/2023\/11\/TSAE-23-24.jpg 1414w\" sizes=\"auto, (max-width: 400px) 100vw, 400px\" \/><\/a><\/p>\n<p>&nbsp;<\/p>\n<p>Si voleu estar assabentats de les novetats que es van plantejant relacionades amb el PEE podeu fer-ho clicant a la seg\u00fcent imatge:<\/p>\n<p><a href=\"https:\/\/serveiseducatius.xtec.cat\/urgell\/categoria\/pee\/\" target=\"_blank\" rel=\"noopener\"><img loading=\"lazy\" decoding=\"async\" class=\"aligncenter wp-image-5702\" src=\"https:\/\/agora.xtec.cat\/ceip-jacint-verdaguer-tarrega\/wp-content\/uploads\/usu312\/2021\/12\/logo-pla-educatiu-NOU-tracat-SENSE-FONDO-1024x958.png\" alt=\"\" width=\"457\" height=\"427\" srcset=\"https:\/\/agora.xtec.cat\/ceip-jacint-verdaguer-tarrega\/wp-content\/uploads\/usu312\/2021\/12\/logo-pla-educatiu-NOU-tracat-SENSE-FONDO-1024x958.png 1024w, https:\/\/agora.xtec.cat\/ceip-jacint-verdaguer-tarrega\/wp-content\/uploads\/usu312\/2021\/12\/logo-pla-educatiu-NOU-tracat-SENSE-FONDO-300x281.png 300w, https:\/\/agora.xtec.cat\/ceip-jacint-verdaguer-tarrega\/wp-content\/uploads\/usu312\/2021\/12\/logo-pla-educatiu-NOU-tracat-SENSE-FONDO-768x719.png 768w, https:\/\/agora.xtec.cat\/ceip-jacint-verdaguer-tarrega\/wp-content\/uploads\/usu312\/2021\/12\/logo-pla-educatiu-NOU-tracat-SENSE-FONDO-1536x1438.png 1536w, https:\/\/agora.xtec.cat\/ceip-jacint-verdaguer-tarrega\/wp-content\/uploads\/usu312\/2021\/12\/logo-pla-educatiu-NOU-tracat-SENSE-FONDO-2048x1917.png 2048w\" sizes=\"auto, (max-width: 457px) 100vw, 457px\" \/><\/a><\/p>\n<p>&nbsp;<\/p>\n","protected":false},"excerpt":{"rendered":"<p>Els Plans educatius d\u2019entorn 0-20 promouen el pas del projecte de centre al projecte d\u2019\u00e0mbit comunitari amb la voluntat de donar una resposta comunit\u00e0ria m\u00e9s efica\u00e7 i coordinada als reptes educatius. Aix\u00ed mateix, aposten per generar un cont\u00ednuum educatiu (formal i no formal) que incrementi les possibilitats d\u2019\u00e8xit acad\u00e8mic, personal i relacional de l\u2019alumnat, alhora [&hellip;]<\/p>\n","protected":false},"author":1,"featured_media":0,"parent":64,"menu_order":50,"comment_status":"closed","ping_status":"closed","template":"page-templates\/side-menu.php","meta":{"_bbp_topic_count":0,"_bbp_reply_count":0,"_bbp_total_topic_count":0,"_bbp_total_reply_count":0,"_bbp_voice_count":0,"_bbp_anonymous_reply_count":0,"_bbp_topic_count_hidden":0,"_bbp_reply_count_hidden":0,"_bbp_forum_subforum_count":0,"site-sidebar-layout":"default","site-content-layout":"","ast-site-content-layout":"","site-content-style":"default","site-sidebar-style":"default","ast-global-header-display":"","ast-banner-title-visibility":"","ast-main-header-display":"","ast-hfb-above-header-display":"","ast-hfb-below-header-display":"","ast-hfb-mobile-header-display":"","site-post-title":"","ast-breadcrumbs-content":"","ast-featured-img":"","footer-sml-layout":"","theme-transparent-header-meta":"","adv-header-id-meta":"","stick-header-meta":"","header-above-stick-meta":"","header-main-stick-meta":"","header-below-stick-meta":"","astra-migrate-meta-layouts":"default","ast-page-background-enabled":"default","ast-page-background-meta":{"desktop":{"background-color":"var(--ast-global-color-4)","background-image":"","background-repeat":"repeat","background-position":"center center","background-size":"auto","background-attachment":"scroll","background-type":"","background-media":"","overlay-type":"","overlay-color":"","overlay-opacity":"","overlay-gradient":""},"tablet":{"background-color":"","background-image":"","background-repeat":"repeat","background-position":"center center","background-size":"auto","background-attachment":"scroll","background-type":"","background-media":"","overlay-type":"","overlay-color":"","overlay-opacity":"","overlay-gradient":""},"mobile":{"background-color":"","background-image":"","background-repeat":"repeat","background-position":"center center","background-size":"auto","background-attachment":"scroll","background-type":"","background-media":"","overlay-type":"","overlay-color":"","overlay-opacity":"","overlay-gradient":""}},"ast-content-background-meta":{"desktop":{"background-color":"var(--ast-global-color-5)","background-image":"","background-repeat":"repeat","background-position":"center center","background-size":"auto","background-attachment":"scroll","background-type":"","background-media":"","overlay-type":"","overlay-color":"","overlay-opacity":"","overlay-gradient":""},"tablet":{"background-color":"var(--ast-global-color-5)","background-image":"","background-repeat":"repeat","background-position":"center center","background-size":"auto","background-attachment":"scroll","background-type":"","background-media":"","overlay-type":"","overlay-color":"","overlay-opacity":"","overlay-gradient":""},"mobile":{"background-color":"var(--ast-global-color-5)","background-image":"","background-repeat":"repeat","background-position":"center center","background-size":"auto","background-attachment":"scroll","background-type":"","background-media":"","overlay-type":"","overlay-color":"","overlay-opacity":"","overlay-gradient":""}},"footnotes":""},"class_list":["post-1106","page","type-page","status-publish","hentry"],"post_mailing_queue_ids":[],"_links":{"self":[{"href":"https:\/\/agora.xtec.cat\/ceip-jacint-verdaguer-tarrega\/wp-json\/wp\/v2\/pages\/1106","targetHints":{"allow":["GET"]}}],"collection":[{"href":"https:\/\/agora.xtec.cat\/ceip-jacint-verdaguer-tarrega\/wp-json\/wp\/v2\/pages"}],"about":[{"href":"https:\/\/agora.xtec.cat\/ceip-jacint-verdaguer-tarrega\/wp-json\/wp\/v2\/types\/page"}],"author":[{"embeddable":true,"href":"https:\/\/agora.xtec.cat\/ceip-jacint-verdaguer-tarrega\/wp-json\/wp\/v2\/users\/1"}],"replies":[{"embeddable":true,"href":"https:\/\/agora.xtec.cat\/ceip-jacint-verdaguer-tarrega\/wp-json\/wp\/v2\/comments?post=1106"}],"version-history":[{"count":4,"href":"https:\/\/agora.xtec.cat\/ceip-jacint-verdaguer-tarrega\/wp-json\/wp\/v2\/pages\/1106\/revisions"}],"predecessor-version":[{"id":8448,"href":"https:\/\/agora.xtec.cat\/ceip-jacint-verdaguer-tarrega\/wp-json\/wp\/v2\/pages\/1106\/revisions\/8448"}],"up":[{"embeddable":true,"href":"https:\/\/agora.xtec.cat\/ceip-jacint-verdaguer-tarrega\/wp-json\/wp\/v2\/pages\/64"}],"wp:attachment":[{"href":"https:\/\/agora.xtec.cat\/ceip-jacint-verdaguer-tarrega\/wp-json\/wp\/v2\/media?parent=1106"}],"curies":[{"name":"wp","href":"https:\/\/api.w.org\/{rel}","templated":true}]}}