{"id":695,"date":"2021-05-27T13:56:29","date_gmt":"2021-05-27T11:56:29","guid":{"rendered":"https:\/\/agora.xtec.cat\/ceip-itaca\/?page_id=695"},"modified":"2024-01-20T10:46:35","modified_gmt":"2024-01-20T09:46:35","slug":"angles","status":"publish","type":"page","link":"https:\/\/agora.xtec.cat\/ceip-itaca\/com-treballem\/angles\/","title":{"rendered":"Angl\u00e8s"},"content":{"rendered":"<p>&nbsp;<\/p>\n<p style=\"text-align: center;\"><iframe loading=\"lazy\" src=\"\/\/giphy.com\/embed\/l3tJrO4h7vkhW\" width=\"480\" height=\"207\" frameborder=\"0\" allowfullscreen=\"allowfullscreen\"><\/iframe><\/p>\n<p style=\"text-align: justify;\">La llengua Anglesa s\u00b4introdueix a la nostra escola des d&#8217;I5.<\/p>\n<p style=\"text-align: justify;\">L\u00b4assoliment del domini de la compet\u00e8ncia comunicativa al final de l&#8217;etapa de prim\u00e0ria, \u00e9s la base sobre la qual giren totes les activitats dins l&#8217;\u00e0rea d\u00b4Angl\u00e8s.<\/p>\n<p style=\"text-align: justify;\">Aix\u00ed, des de ben petits, els nostres alumnes aprenen a trav\u00e9s de can\u00e7ons, jocs, tallers i activitats que ajuden a l&#8217;infant a interioritzar que la llengua Anglesa serveix com un mitj\u00e0 de comunicaci\u00f3.<\/p>\n<p style=\"text-align: justify;\">El nostre blog d&#8217;Angl\u00e8s recull la manera de treballar i involucrar als nostres alumnes en l&#8217;aprenentatge significatiu.<\/p>\n<p style=\"text-align: center;\"><a href=\"https:\/\/englishescolaitacavng.blogspot.com\/\"><img loading=\"lazy\" decoding=\"async\" class=\"alignnone size-full wp-image-960\" src=\"https:\/\/agora.xtec.cat\/ceip-itaca\/wp-content\/uploads\/usu2445\/2022\/09\/baixa.png\" alt=\"\" width=\"344\" height=\"146\" srcset=\"https:\/\/agora.xtec.cat\/ceip-itaca\/wp-content\/uploads\/usu2445\/2022\/09\/baixa.png 344w, https:\/\/agora.xtec.cat\/ceip-itaca\/wp-content\/uploads\/usu2445\/2022\/09\/baixa-300x127.png 300w\" sizes=\"auto, (max-width: 344px) 100vw, 344px\" \/><\/a><\/p>\n<p>&nbsp;<\/p>\n<table class=\"tr-caption-container\" cellspacing=\"0\" cellpadding=\"0\" align=\"center\">\n<tbody>\n<tr>\n<td><a href=\"https:\/\/1.bp.blogspot.com\/-BSP2FTSPwsM\/WyDHN8m2jZI\/AAAAAAAAdic\/7UiZsjN3qOw-8ItoPD2AX-oM6wyGoveAQCEwYBhgL\/s1600\/Imagen%2B002%2B%2528FILEminimizer%2529.jpg\"><img loading=\"lazy\" decoding=\"async\" src=\"https:\/\/1.bp.blogspot.com\/-BSP2FTSPwsM\/WyDHN8m2jZI\/AAAAAAAAdic\/7UiZsjN3qOw-8ItoPD2AX-oM6wyGoveAQCEwYBhgL\/s320\/Imagen%2B002%2B%2528FILEminimizer%2529.jpg\" width=\"320\" height=\"240\" border=\"0\" data-original-height=\"768\" data-original-width=\"1024\" \/><\/a><\/td>\n<\/tr>\n<tr>\n<td class=\"tr-caption\">We learn playing!<\/td>\n<td class=\"tr-caption\"><\/td>\n<td class=\"tr-caption\"><\/td>\n<\/tr>\n<\/tbody>\n<\/table>\n<div><\/div>\n<div><\/div>\n<div><\/div>\n<div><\/div>\n<div><\/div>\n<div style=\"text-align: center;\">Des de la nostra \u00e0rea potenciem les teatralitzacions com a mitj\u00e0 d\u00b4expressi\u00f3 oral.<\/div>\n<div><\/div>\n<div><\/div>\n<div><\/div>\n<div><\/div>\n<div><\/div>\n<div><\/div>\n<div><\/div>\n<div><\/div>\n<div><\/div>\n<div style=\"text-align: center;\"><iframe loading=\"lazy\" src=\"\/\/www.youtube.com\/embed\/ZB5Qamnlx44?t=37s\" width=\"400\" height=\"224\" allowfullscreen=\"allowfullscreen\"><\/iframe><\/div>\n<div><\/div>\n<div>\u3164<\/div>\n<div class=\"separator\" style=\"text-align: center;\"><\/div>\n<div>\n<div class=\"separator\" style=\"text-align: center;\"><iframe loading=\"lazy\" src=\"\/\/www.youtube.com\/embed\/z5yo8ARqpdw?t=420s\" width=\"400\" height=\"224\" allowfullscreen=\"allowfullscreen\"><\/iframe><\/div>\n<\/div>\n<div>\n<div class=\"separator\" style=\"text-align: center;\"><\/div>\n<\/div>\n<div><\/div>\n<div><\/div>\n<div style=\"text-align: center;\">\n<p>&nbsp;<\/p>\n<p>De la mateixa manera i com a eix transversal dins el nostre centre, potenciem el treball cooperatiu a trav\u00e9s del projecte<b>\u00a0<u>Reading in pairs<\/u><\/b>, iniciat en el nostre centre des de l\u00b4any 2016.<\/p>\n<\/div>\n<p>&nbsp;<\/p>\n<div class=\"separator\" style=\"text-align: center;\">\u00a0 \u00a0<iframe loading=\"lazy\" src=\"\/\/www.youtube.com\/embed\/seAlfjp3P3Q?t=10s\" width=\"400\" height=\"224\" allowfullscreen=\"allowfullscreen\"><\/iframe><\/div>\n<p>&nbsp;<\/p>\n<div style=\"text-align: center;\"><\/div>\n<div><\/div>\n<div style=\"text-align: center;\"><\/div>\n<div><\/div>\n<div><\/div>\n<div style=\"text-align: center;\">\n<p><span style=\"font-family: inherit; font-size: 1em;\">Estudiar una llengua \u00e9s fer-la servir, per aix\u00f2 participem en el projecte <\/span><u style=\"font-family: inherit; font-size: 1em;\"><b>eTwinning<\/b><\/u><span style=\"font-family: inherit; font-size: 1em;\">\u00a0que ens posa en contacte amb altres centres arreu d\u00b4Europa.<\/span><\/p>\n<\/div>\n<div style=\"text-align: center;\">\n<div class=\"separator\"><a href=\"https:\/\/2.bp.blogspot.com\/-Mqw-RkQ5L-8\/XG6_mPXa5pI\/AAAAAAAAd2w\/OhCg90fXxhQMBpLRi9L6U19TvnqmADfnwCLcBGAs\/s1600\/logo-350x262.jpg\"><img loading=\"lazy\" decoding=\"async\" class=\"aligncenter\" src=\"https:\/\/2.bp.blogspot.com\/-Mqw-RkQ5L-8\/XG6_mPXa5pI\/AAAAAAAAd2w\/OhCg90fXxhQMBpLRi9L6U19TvnqmADfnwCLcBGAs\/s200\/logo-350x262.jpg\" width=\"200\" height=\"142\" border=\"0\" data-original-height=\"214\" data-original-width=\"300\" \/><\/a><\/div>\n<div><\/div>\n<div class=\"separator\"><a href=\"https:\/\/2.bp.blogspot.com\/-tw-_bUJj9TI\/XG66RzT9hcI\/AAAAAAAAd2k\/-jyQSf7EIHUfjYuJAl6h7tFUkyZQeE0UwCLcBGAs\/s1600\/eTwinning.JPG\"><img loading=\"lazy\" decoding=\"async\" class=\"aligncenter\" src=\"https:\/\/2.bp.blogspot.com\/-tw-_bUJj9TI\/XG66RzT9hcI\/AAAAAAAAd2k\/-jyQSf7EIHUfjYuJAl6h7tFUkyZQeE0UwCLcBGAs\/s320\/eTwinning.JPG\" width=\"320\" height=\"240\" border=\"0\" data-original-height=\"768\" data-original-width=\"1024\" \/><\/a><\/div>\n<p>Writting letters for our European friends.<\/p>\n<p><iframe loading=\"lazy\" src=\"\/\/www.youtube.com\/embed\/sKdv_TVZ8S8\" width=\"400\" height=\"224\" allowfullscreen=\"allowfullscreen\"><\/iframe><\/p>\n<p>Donem molta import\u00e0ncia a la celebraci\u00f3 de les<u><b>\u00a0festivities<\/b><\/u>\u00a0relacionades amb la cultura Anglesa.<\/p>\n<p><iframe loading=\"lazy\" src=\"\/\/www.youtube.com\/embed\/D0ElGgIMuEY\" width=\"400\" height=\"224\" allowfullscreen=\"allowfullscreen\"><\/iframe><\/p>\n<\/div>\n<p style=\"text-align: center;\"><iframe loading=\"lazy\" src=\"\/\/www.youtube.com\/embed\/lRXVskN4y1g\" width=\"400\" height=\"224\" allowfullscreen=\"allowfullscreen\"><\/iframe><\/p>\n<div style=\"text-align: center;\">\n<p>&nbsp;<\/p>\n<p>Integrem l&#8217;\u00e0rea d&#8217;Angl\u00e8s en el projecte educatiu del centre<\/p>\n<p><iframe loading=\"lazy\" src=\"\/\/www.youtube.com\/embed\/Ek14GSD_cIA\" width=\"400\" height=\"224\" allowfullscreen=\"allowfullscreen\"><\/iframe><\/p>\n<p>I el m\u00e9s important &#8230; Aprenem de manera l\u00fadica i divertida!<\/p>\n<table class=\"tr-caption-container aligncenter\" style=\"height: 311px;\" width=\"336\" cellspacing=\"0\" cellpadding=\"0\" align=\"center\">\n<tbody>\n<tr>\n<td style=\"width: 334px;\"><a href=\"https:\/\/2.bp.blogspot.com\/-NwxUCl7_cZ0\/WyDHQC5X4lI\/AAAAAAAAdig\/Eqf-vqHryFg0z06tXBdNRGqODE_U5epNwCEwYBhgL\/s1600\/Imagen%2B003%2B%2528FILEminimizer%2529.jpg\"><img loading=\"lazy\" decoding=\"async\" src=\"https:\/\/2.bp.blogspot.com\/-NwxUCl7_cZ0\/WyDHQC5X4lI\/AAAAAAAAdig\/Eqf-vqHryFg0z06tXBdNRGqODE_U5epNwCEwYBhgL\/s320\/Imagen%2B003%2B%2528FILEminimizer%2529.jpg\" width=\"320\" height=\"240\" border=\"0\" data-original-height=\"768\" data-original-width=\"1024\" \/><\/a><\/td>\n<\/tr>\n<tr>\n<td class=\"tr-caption\" style=\"width: 334px;\">We enjoy our corners<\/td>\n<\/tr>\n<\/tbody>\n<\/table>\n<p>&nbsp;<\/p>\n<p class=\"western\" style=\"text-align: center;\">\u201c<strong>Tell me and I forget, teach me and I may remember, involve me and I learn<\/strong>.\u201d<\/p>\n<p style=\"text-align: center;\"><u>Benjamin Franklin<\/u><\/p>\n<\/div>\n","protected":false},"excerpt":{"rendered":"<p>&nbsp; La llengua Anglesa s\u00b4introdueix a la nostra escola des d&#8217;I5. L\u00b4assoliment del domini de la compet\u00e8ncia comunicativa al final de l&#8217;etapa de prim\u00e0ria, \u00e9s la base sobre la qual giren totes les activitats dins l&#8217;\u00e0rea d\u00b4Angl\u00e8s. Aix\u00ed, des de ben petits, els nostres alumnes aprenen a trav\u00e9s de can\u00e7ons, jocs, tallers i activitats que [&hellip;]<\/p>\n","protected":false},"author":3,"featured_media":0,"parent":496,"menu_order":7,"comment_status":"closed","ping_status":"closed","template":"","meta":{"_bbp_topic_count":0,"_bbp_reply_count":0,"_bbp_total_topic_count":0,"_bbp_total_reply_count":0,"_bbp_voice_count":0,"_bbp_anonymous_reply_count":0,"_bbp_topic_count_hidden":0,"_bbp_reply_count_hidden":0,"_bbp_forum_subforum_count":0,"site-sidebar-layout":"default","site-content-layout":"","ast-site-content-layout":"","site-content-style":"default","site-sidebar-style":"default","ast-global-header-display":"","ast-banner-title-visibility":"","ast-main-header-display":"","ast-hfb-above-header-display":"","ast-hfb-below-header-display":"","ast-hfb-mobile-header-display":"","site-post-title":"","ast-breadcrumbs-content":"","ast-featured-img":"","footer-sml-layout":"","theme-transparent-header-meta":"","adv-header-id-meta":"","stick-header-meta":"","header-above-stick-meta":"","header-main-stick-meta":"","header-below-stick-meta":"","astra-migrate-meta-layouts":"default","ast-page-background-enabled":"default","ast-page-background-meta":{"desktop":{"background-color":"var(--ast-global-color-4)","background-image":"","background-repeat":"repeat","background-position":"center center","background-size":"auto","background-attachment":"scroll","background-type":"","background-media":"","overlay-type":"","overlay-color":"","overlay-opacity":"","overlay-gradient":""},"tablet":{"background-color":"","background-image":"","background-repeat":"repeat","background-position":"center center","background-size":"auto","background-attachment":"scroll","background-type":"","background-media":"","overlay-type":"","overlay-color":"","overlay-opacity":"","overlay-gradient":""},"mobile":{"background-color":"","background-image":"","background-repeat":"repeat","background-position":"center center","background-size":"auto","background-attachment":"scroll","background-type":"","background-media":"","overlay-type":"","overlay-color":"","overlay-opacity":"","overlay-gradient":""}},"ast-content-background-meta":{"desktop":{"background-color":"var(--ast-global-color-5)","background-image":"","background-repeat":"repeat","background-position":"center center","background-size":"auto","background-attachment":"scroll","background-type":"","background-media":"","overlay-type":"","overlay-color":"","overlay-opacity":"","overlay-gradient":""},"tablet":{"background-color":"var(--ast-global-color-5)","background-image":"","background-repeat":"repeat","background-position":"center center","background-size":"auto","background-attachment":"scroll","background-type":"","background-media":"","overlay-type":"","overlay-color":"","overlay-opacity":"","overlay-gradient":""},"mobile":{"background-color":"var(--ast-global-color-5)","background-image":"","background-repeat":"repeat","background-position":"center center","background-size":"auto","background-attachment":"scroll","background-type":"","background-media":"","overlay-type":"","overlay-color":"","overlay-opacity":"","overlay-gradient":""}},"footnotes":""},"class_list":["post-695","page","type-page","status-publish","hentry"],"post_mailing_queue_ids":[],"_links":{"self":[{"href":"https:\/\/agora.xtec.cat\/ceip-itaca\/wp-json\/wp\/v2\/pages\/695","targetHints":{"allow":["GET"]}}],"collection":[{"href":"https:\/\/agora.xtec.cat\/ceip-itaca\/wp-json\/wp\/v2\/pages"}],"about":[{"href":"https:\/\/agora.xtec.cat\/ceip-itaca\/wp-json\/wp\/v2\/types\/page"}],"author":[{"embeddable":true,"href":"https:\/\/agora.xtec.cat\/ceip-itaca\/wp-json\/wp\/v2\/users\/3"}],"replies":[{"embeddable":true,"href":"https:\/\/agora.xtec.cat\/ceip-itaca\/wp-json\/wp\/v2\/comments?post=695"}],"version-history":[{"count":6,"href":"https:\/\/agora.xtec.cat\/ceip-itaca\/wp-json\/wp\/v2\/pages\/695\/revisions"}],"predecessor-version":[{"id":1553,"href":"https:\/\/agora.xtec.cat\/ceip-itaca\/wp-json\/wp\/v2\/pages\/695\/revisions\/1553"}],"up":[{"embeddable":true,"href":"https:\/\/agora.xtec.cat\/ceip-itaca\/wp-json\/wp\/v2\/pages\/496"}],"wp:attachment":[{"href":"https:\/\/agora.xtec.cat\/ceip-itaca\/wp-json\/wp\/v2\/media?parent=695"}],"curies":[{"name":"wp","href":"https:\/\/api.w.org\/{rel}","templated":true}]}}