{"id":690,"date":"2021-05-27T13:41:19","date_gmt":"2021-05-27T11:41:19","guid":{"rendered":"https:\/\/agora.xtec.cat\/ceip-itaca\/?page_id=690"},"modified":"2025-01-29T12:30:43","modified_gmt":"2025-01-29T11:30:43","slug":"biblioteca","status":"publish","type":"page","link":"https:\/\/agora.xtec.cat\/ceip-itaca\/com-treballem\/biblioteca\/","title":{"rendered":"Biblioteca"},"content":{"rendered":"<p style=\"text-align: justify;\">La<strong> biblioteca<\/strong> de la nostra escola \u00e9s un espai educatiu i din\u00e0mic des del qual oferim recursos i estrat\u00e8gies per a donar suport als aprenentatges.\u3164<a href=\"https:\/\/1.bp.blogspot.com\/-z2av99yh3zk\/XGvfyh5o5ZI\/AAAAAAAAOig\/aMx1Ps44G8cMHgxRNU5TB-XT6kfzijFBwCEwYBhgL\/s1600\/IMG_20190115_101907%2B%25282%2529.jpg\"><br \/>\n<img loading=\"lazy\" decoding=\"async\" class=\"aligncenter\" src=\"https:\/\/1.bp.blogspot.com\/-z2av99yh3zk\/XGvfyh5o5ZI\/AAAAAAAAOig\/aMx1Ps44G8cMHgxRNU5TB-XT6kfzijFBwCEwYBhgL\/s320\/IMG_20190115_101907%2B%25282%2529.jpg\" width=\"320\" height=\"281\" border=\"0\" data-original-height=\"1409\" data-original-width=\"1600\" \/><\/a><\/p>\n<div class=\"separator\" style=\"text-align: justify;\"><\/div>\n<div class=\"separator\" style=\"text-align: justify;\"><\/div>\n<div class=\"separator\" style=\"text-align: justify;\">Per aix\u00f2 treballem amb diversos objectius. Principalment, des de la biblioteca escolar ens proposem estimular el gust per la lectura:<\/div>\n<ul style=\"text-align: justify;\">\n<li>Anem a la biblioteca una sessi\u00f3 cada setmana.<\/li>\n<li>Fem activitats de lectura individual i col.lectiva.<\/li>\n<li>Tenim biblioteques d&#8217;aula.<\/li>\n<li>Compartim les nostres lectures amb tota la classe i recomanem els llibres que m\u00e9s ens agraden.<\/li>\n<li>Tenim padrins i padrines de lectura.<\/li>\n<li>Ens visiten la Ratoliva, contacontes, talleristes.<\/li>\n<li>Participem en el programa d&#8217;Autors a les aules, de la Instituci\u00f3 de les Lletres Catalanes<\/li>\n<\/ul>\n<div class=\"separator\" style=\"text-align: justify;\"><\/div>\n<div class=\"separator\" style=\"text-align: justify;\"><a href=\"https:\/\/1.bp.blogspot.com\/-h5CC8tZmbu0\/XGvYOUie00I\/AAAAAAAAOgo\/zWatSkEjKSMl28NrdjtwXbYK3nikWm_PwCLcBGAs\/s1600\/abril%2B2015%2Bescola%2B071.jpg\"><img loading=\"lazy\" decoding=\"async\" class=\"aligncenter\" src=\"https:\/\/1.bp.blogspot.com\/-h5CC8tZmbu0\/XGvYOUie00I\/AAAAAAAAOgo\/zWatSkEjKSMl28NrdjtwXbYK3nikWm_PwCLcBGAs\/s320\/abril%2B2015%2Bescola%2B071.jpg\" width=\"320\" height=\"195\" border=\"0\" data-original-height=\"979\" data-original-width=\"1600\" \/>\u3164<\/a><\/div>\n<div class=\"separator\" style=\"text-align: justify;\"><a href=\"https:\/\/1.bp.blogspot.com\/-ZK8oRQz3eqE\/XGvYVvq4QpI\/AAAAAAAAOgw\/F8SsbJVVehIbQTab5dflVsrDxOcjbOOIgCLcBGAs\/s1600\/DSC_0063.JPG\"><img decoding=\"async\" class=\"aligncenter\" src=\"https:\/\/1.bp.blogspot.com\/-ZK8oRQz3eqE\/XGvYVvq4QpI\/AAAAAAAAOgw\/F8SsbJVVehIbQTab5dflVsrDxOcjbOOIgCLcBGAs\/s1600\/DSC_0063.JPG\" border=\"0\" data-original-height=\"214\" data-original-width=\"320\" \/><\/a><\/div>\n<div class=\"separator\" style=\"text-align: justify;\">\u3164<\/div>\n<div class=\"separator\" style=\"text-align: justify;\"><a href=\"https:\/\/1.bp.blogspot.com\/-Ry2AMJTxj28\/XGvoNQnrN-I\/AAAAAAAAOjs\/104G5Bm1yyU-qe1HtQqZlm0s3W8Ewf46gCLcBGAs\/s1600\/biblioteca%2Babril%2B2016%2B008.jpg\"><img decoding=\"async\" class=\"aligncenter\" src=\"https:\/\/1.bp.blogspot.com\/-Ry2AMJTxj28\/XGvoNQnrN-I\/AAAAAAAAOjs\/104G5Bm1yyU-qe1HtQqZlm0s3W8Ewf46gCLcBGAs\/s1600\/biblioteca%2Babril%2B2016%2B008.jpg\" border=\"0\" data-original-height=\"214\" data-original-width=\"320\" \/><\/a><\/div>\n<div class=\"separator\" style=\"text-align: justify;\">\u3164<\/div>\n<div class=\"separator\" style=\"text-align: justify;\"><a href=\"https:\/\/4.bp.blogspot.com\/-UXft4QyBao0\/XGvd50hBgAI\/AAAAAAAAOhk\/iIQF2C22IG4syRvNMSueTGICIqTuR1woQCLcBGAs\/s1600\/abril%2Bi%2Bmaig%2B2015%2B056.jpg\"><img loading=\"lazy\" decoding=\"async\" class=\"aligncenter\" src=\"https:\/\/4.bp.blogspot.com\/-UXft4QyBao0\/XGvd50hBgAI\/AAAAAAAAOhk\/iIQF2C22IG4syRvNMSueTGICIqTuR1woQCLcBGAs\/s320\/abril%2Bi%2Bmaig%2B2015%2B056.jpg\" width=\"320\" height=\"214\" border=\"0\" data-original-height=\"1072\" data-original-width=\"1600\" \/><\/a><\/div>\n<div class=\"separator\" style=\"text-align: justify;\">\u3164<a href=\"https:\/\/3.bp.blogspot.com\/-XLy9fLmX2Po\/XGveOIAswMI\/AAAAAAAAOh0\/HBrGKLsWS6wI4ioW_IQnMVokhVEbjUIMgCLcBGAs\/s1600\/IMG_20190114_160431%2B%25282%2529.jpg\"><img loading=\"lazy\" decoding=\"async\" class=\"aligncenter\" src=\"https:\/\/3.bp.blogspot.com\/-XLy9fLmX2Po\/XGveOIAswMI\/AAAAAAAAOh0\/HBrGKLsWS6wI4ioW_IQnMVokhVEbjUIMgCLcBGAs\/s320\/IMG_20190114_160431%2B%25282%2529.jpg\" width=\"320\" height=\"189\" border=\"0\" data-original-height=\"947\" data-original-width=\"1600\" \/><\/a><\/div>\n<div class=\"separator\" style=\"text-align: justify;\"><\/div>\n<p class=\"separator\" style=\"text-align: justify;\">La compet\u00e8ncia lectora \u00e9s fonamental pels processos d&#8217;aprenentatge. Per aquest motiu, cal potenciar l\u2019h\u00e0bit lector, per millorar progressivament la flu\u00efdesa i la comprensi\u00f3 lectora:<\/p>\n<ul style=\"text-align: justify;\">\n<li>Comptem amb un fons variat per a gaudir de la lectura en diversos formats: llibres d\u2019imaginaci\u00f3 classificats per franges d&#8217;edat, llibres de coneixements, de poesia, de teatre, c\u00f2mics, revistes, el diari Ara i 6 ordinadors amb acc\u00e9s a internet.<\/li>\n<li>El servei de pr\u00e9stec ens permet gaudir dels llibres de la biblioteca a les aules i a casa.<\/li>\n<\/ul>\n<div class=\"separator\" style=\"text-align: justify;\"><a href=\"https:\/\/3.bp.blogspot.com\/-xpu-eNUt4Sk\/XGvoFu1bLII\/AAAAAAAAOjo\/Dah9igbJUwUFts2FqjgMQLtWayUclu7VQCLcBGAs\/s1600\/DSC_0480.JPG\"><img loading=\"lazy\" decoding=\"async\" class=\"aligncenter\" src=\"https:\/\/3.bp.blogspot.com\/-xpu-eNUt4Sk\/XGvoFu1bLII\/AAAAAAAAOjo\/Dah9igbJUwUFts2FqjgMQLtWayUclu7VQCLcBGAs\/s320\/DSC_0480.JPG\" width=\"320\" height=\"218\" border=\"0\" data-original-height=\"1094\" data-original-width=\"1600\" \/><\/a><\/div>\n<div class=\"separator\" style=\"text-align: justify;\"><\/div>\n<p>Apliquem estrat\u00e8gies de cerca i gesti\u00f3 de la informaci\u00f3 per a adquirir coneixement propi i desenvolupar la compet\u00e8ncia informacional:<\/p>\n<ul style=\"text-align: justify;\">\n<li>Fem formaci\u00f3 d&#8217;usuaris i usu\u00e0ries amb la CDU per a poder localitzar i seleccionar informaci\u00f3 de tota mena de documents (llibres, revistes i material digital),amb esperit cr\u00edtic.<\/li>\n<li>Despr\u00e9s de recollir les dades, cal comprendre\u2019n el contingut i saber-lo comunicar.<\/li>\n<\/ul>\n<div class=\"separator\" style=\"text-align: justify;\"><a href=\"https:\/\/2.bp.blogspot.com\/-Uh0O4hi3PoQ\/XGvYJ3-4itI\/AAAAAAAAOg0\/Xeeo9vybCWko3IIN6ZR6B5YBRjJqmHJ7ACEwYBhgL\/s1600\/DSC_0498.JPG\"><img loading=\"lazy\" decoding=\"async\" class=\"aligncenter\" src=\"https:\/\/2.bp.blogspot.com\/-Uh0O4hi3PoQ\/XGvYJ3-4itI\/AAAAAAAAOg0\/Xeeo9vybCWko3IIN6ZR6B5YBRjJqmHJ7ACEwYBhgL\/s320\/DSC_0498.JPG\" width=\"320\" height=\"214\" border=\"0\" data-original-height=\"1072\" data-original-width=\"1600\" \/><\/a><\/div>\n<div class=\"separator\" style=\"text-align: justify;\">\u3164\u3164<\/div>\n<div class=\"separator\" style=\"text-align: justify;\"><a href=\"https:\/\/1.bp.blogspot.com\/-MSFB56p8YGo\/XGvXPlrS1BI\/AAAAAAAAOgc\/BslR4vlRSd4a5xaU4RMTcw3mA-mQi4MSQCLcBGAs\/s1600\/DSC_0493.JPG\"><img loading=\"lazy\" decoding=\"async\" class=\"aligncenter\" src=\"https:\/\/1.bp.blogspot.com\/-MSFB56p8YGo\/XGvXPlrS1BI\/AAAAAAAAOgc\/BslR4vlRSd4a5xaU4RMTcw3mA-mQi4MSQCLcBGAs\/s320\/DSC_0493.JPG\" width=\"320\" height=\"214\" border=\"0\" data-original-height=\"1072\" data-original-width=\"1600\" \/><\/a><\/div>\n<div style=\"text-align: justify;\">\u3164\u3164<\/div>\n<div class=\"separator\" style=\"text-align: justify;\"><a href=\"https:\/\/4.bp.blogspot.com\/-JSGsoyO7bxE\/XGvfkYNIjsI\/AAAAAAAAOiE\/1ZOcYZRZX-cJZ8GwCqMl2DT1_KxQ0nVZQCLcBGAs\/s1600\/DSC_1904.JPG\"><img loading=\"lazy\" decoding=\"async\" class=\"aligncenter\" src=\"https:\/\/4.bp.blogspot.com\/-JSGsoyO7bxE\/XGvfkYNIjsI\/AAAAAAAAOiE\/1ZOcYZRZX-cJZ8GwCqMl2DT1_KxQ0nVZQCLcBGAs\/s320\/DSC_1904.JPG\" width=\"320\" height=\"183\" border=\"0\" data-original-height=\"917\" data-original-width=\"1600\" \/><\/a><\/div>\n<div class=\"separator\" style=\"text-align: justify;\">\u3164\u3164<\/div>\n<div class=\"separator\" style=\"text-align: justify;\"><\/div>\n<p style=\"text-align: justify;\">Des de la biblioteca, tamb\u00e9 es dinamitzen activitats per a afavorir la sensibilitzaci\u00f3 cultural de l\u2019alumnat:<\/p>\n<ul style=\"text-align: justify;\">\n<li>Recordem dates assenyalades o efem\u00e8rides.<\/li>\n<li>Col\u00b7laborem en les festes i diades que s\u2019organitzen a l\u2019escola i, molt especialment, en la diada de sant Jordi i en la celebraci\u00f3 dels Jocs Florals.<\/li>\n<\/ul>\n<div class=\"separator\" style=\"text-align: justify;\"><a href=\"https:\/\/4.bp.blogspot.com\/-LZXrpvvBhAE\/XGvfZwcxkcI\/AAAAAAAAOiA\/V-ON_wX2oxsruZmK_jMIxGkuUWRGa86SwCLcBGAs\/s1600\/DSC_0157.JPG\"><img loading=\"lazy\" decoding=\"async\" class=\"aligncenter\" src=\"https:\/\/4.bp.blogspot.com\/-LZXrpvvBhAE\/XGvfZwcxkcI\/AAAAAAAAOiA\/V-ON_wX2oxsruZmK_jMIxGkuUWRGa86SwCLcBGAs\/s320\/DSC_0157.JPG\" width=\"320\" height=\"214\" border=\"0\" data-original-height=\"1072\" data-original-width=\"1600\" \/><\/a><\/div>\n<div class=\"separator\" style=\"text-align: justify;\">\u3164<\/div>\n<p style=\"text-align: justify;\"><a href=\"https:\/\/2.bp.blogspot.com\/-UYE6sgb11O4\/XGvpzTfY4yI\/AAAAAAAAOkQ\/nSRfCaOxAqw9RO-YuZXIaIFA-T8_R87_QCLcBGAs\/s1600\/DSC_0100.JPG\"><img loading=\"lazy\" decoding=\"async\" class=\"aligncenter\" src=\"https:\/\/2.bp.blogspot.com\/-UYE6sgb11O4\/XGvpzTfY4yI\/AAAAAAAAOkQ\/nSRfCaOxAqw9RO-YuZXIaIFA-T8_R87_QCLcBGAs\/s320\/DSC_0100.JPG\" width=\"320\" height=\"214\" border=\"0\" data-original-height=\"1072\" data-original-width=\"1600\" \/><\/a><\/p>\n<div class=\"separator\" style=\"text-align: justify;\">\u3164<\/div>\n<div class=\"separator\"><a href=\"https:\/\/1.bp.blogspot.com\/-CdBued4gvVM\/XGvf41M0INI\/AAAAAAAAOiY\/Cz53KfLzp8oDWcjXxmIbCXjJJtv2m5loQCLcBGAs\/s1600\/DSC_0045%2B%25282%2529.JPG\"><img loading=\"lazy\" decoding=\"async\" class=\"aligncenter\" src=\"https:\/\/1.bp.blogspot.com\/-CdBued4gvVM\/XGvf41M0INI\/AAAAAAAAOiY\/Cz53KfLzp8oDWcjXxmIbCXjJJtv2m5loQCLcBGAs\/s320\/DSC_0045%2B%25282%2529.JPG\" width=\"320\" height=\"162\" border=\"0\" data-original-height=\"812\" data-original-width=\"1600\" \/><\/a><\/div>\n<div><\/div>\n<p style=\"text-align: justify;\">Les fam\u00edlies tamb\u00e9 participen en el projecte de la biblioteca escolar:<\/p>\n<ul style=\"text-align: justify;\">\n<li>Organitzen l\u2019hora del conte.<\/li>\n<li>Col.laboren en el manteniment de la biblioteca.<\/li>\n<li>Representen obres de teatre en diades assenyalades.<\/li>\n<\/ul>\n<div class=\"separator\" style=\"text-align: justify;\"><a href=\"https:\/\/3.bp.blogspot.com\/-4CWx9Y-hBvE\/XGvd3lDcwsI\/AAAAAAAAOhs\/fzrjBbeR2pc0NLZzG5xlZsyiD40r20dDwCEwYBhgL\/s1600\/IMG-20181106-WA0003.jpg\"><img loading=\"lazy\" decoding=\"async\" class=\"aligncenter\" src=\"https:\/\/3.bp.blogspot.com\/-4CWx9Y-hBvE\/XGvd3lDcwsI\/AAAAAAAAOhs\/fzrjBbeR2pc0NLZzG5xlZsyiD40r20dDwCEwYBhgL\/s320\/IMG-20181106-WA0003.jpg\" width=\"320\" height=\"150\" border=\"0\" data-original-height=\"642\" data-original-width=\"1364\" \/><\/a><\/div>\n<div class=\"separator\" style=\"text-align: justify;\">\u3164<\/div>\n<div class=\"separator\" style=\"text-align: justify;\"><a href=\"https:\/\/4.bp.blogspot.com\/-0fdlrkX1zNs\/XGviqyrfaAI\/AAAAAAAAOi8\/N-eCIpx_z2k_9P7nHp3_RW8mGN15bwIjQCLcBGAs\/s1600\/DSC_0008.JPG\"><img loading=\"lazy\" decoding=\"async\" class=\"aligncenter\" src=\"https:\/\/4.bp.blogspot.com\/-0fdlrkX1zNs\/XGviqyrfaAI\/AAAAAAAAOi8\/N-eCIpx_z2k_9P7nHp3_RW8mGN15bwIjQCLcBGAs\/s320\/DSC_0008.JPG\" width=\"320\" height=\"188\" border=\"0\" data-original-height=\"943\" data-original-width=\"1600\" \/><\/a><\/div>\n<div class=\"separator\" style=\"text-align: justify;\">\u3164<a href=\"https:\/\/4.bp.blogspot.com\/-Efme51bxxjE\/XGvivjz8tdI\/AAAAAAAAOjE\/bej7ehKRiDUBcbw7nt1cE7OxhBkNBHPlwCLcBGAs\/s1600\/DSC_0020.JPG\"><br \/>\n<img loading=\"lazy\" decoding=\"async\" class=\"aligncenter\" src=\"https:\/\/4.bp.blogspot.com\/-Efme51bxxjE\/XGvivjz8tdI\/AAAAAAAAOjE\/bej7ehKRiDUBcbw7nt1cE7OxhBkNBHPlwCLcBGAs\/s320\/DSC_0020.JPG\" width=\"320\" height=\"241\" border=\"0\" data-original-height=\"1205\" data-original-width=\"1600\" \/><\/a><\/div>\n<div class=\"separator\" style=\"text-align: justify;\"><\/div>\n<p style=\"text-align: justify;\">Si voleu tenir m\u00e9s informaci\u00f3 sobre la biblioteca de la nostra escola, podeu consultar el<\/p>\n<div style=\"text-align: justify;\"><a href=\"https:\/\/drive.google.com\/file\/d\/1sxyALOkJNrfirRD94ym_mBpTyxzkd8Hd\/view?usp=sharing\" target=\"_blank\" rel=\"noopener noreferrer\"><b>PROJECTE DE BIBLIOTECA ESCOLAR<\/b><\/a><\/div>\n<div><\/div>\n<p style=\"text-align: justify;\">La biblioteca tamb\u00e9 compta amb un blog propi que es diu BIBLIOITACA, on regularment es publiquen not\u00edcies sobre les activitats que s&#8217;hi porten a terme i es fan recomanacions de lectures. El blog tamb\u00e9 us ofereix enlla\u00e7os a altres webs relacionades amb la literatura infantil i les biblioteques escolars:<\/p>\n<div>\n<p><a href=\"http:\/\/biblioitaca.blogspot.com.es\/\" target=\"_blank\" rel=\"noopener noreferrer\">http:\/\/biblioitaca.blogspot.com.es\/<\/a><\/p>\n<p><a href=\"https:\/\/4.bp.blogspot.com\/-n_XB2lYbbY4\/XGvdzdhDHtI\/AAAAAAAAOhw\/mWGyN6sU1X0lKhPDLohm_ywqVKQjIQJQgCEwYBhgL\/s1600\/IMG_20180613_123346.jpg\"><img loading=\"lazy\" decoding=\"async\" class=\"aligncenter\" src=\"https:\/\/4.bp.blogspot.com\/-n_XB2lYbbY4\/XGvdzdhDHtI\/AAAAAAAAOhw\/mWGyN6sU1X0lKhPDLohm_ywqVKQjIQJQgCEwYBhgL\/s320\/IMG_20180613_123346.jpg\" width=\"320\" height=\"240\" border=\"0\" data-original-height=\"1200\" data-original-width=\"1600\" \/><\/a><\/p>\n<div class=\"separator\" style=\"text-align: justify;\"><\/div>\n<div class=\"separator\"><a href=\"https:\/\/4.bp.blogspot.com\/-WuslA0bXEK4\/XGvicrya5oI\/AAAAAAAAOjA\/4DhgSQxfH_c9F81mFHsJVCAceGAqyXJRQCEwYBhgL\/s1600\/DSC_0023.JPG\"><img loading=\"lazy\" decoding=\"async\" class=\"aligncenter\" src=\"https:\/\/4.bp.blogspot.com\/-WuslA0bXEK4\/XGvicrya5oI\/AAAAAAAAOjA\/4DhgSQxfH_c9F81mFHsJVCAceGAqyXJRQCEwYBhgL\/s320\/DSC_0023.JPG\" width=\"320\" height=\"200\" border=\"0\" data-original-height=\"1002\" data-original-width=\"1600\" \/>\u3164<\/a><\/div>\n<div class=\"separator\" style=\"text-align: justify;\">\u3164<\/div>\n<div class=\"separator\" style=\"text-align: justify;\"><a href=\"https:\/\/4.bp.blogspot.com\/-f2GckWWR63Y\/XGvimVnbESI\/AAAAAAAAOjM\/qLofL9kj_A8SpE4YQCyiLN5t3oFGzpSbACEwYBhgL\/s1600\/DSC_0003.JPG\"><img loading=\"lazy\" decoding=\"async\" class=\"aligncenter\" src=\"https:\/\/4.bp.blogspot.com\/-f2GckWWR63Y\/XGvimVnbESI\/AAAAAAAAOjM\/qLofL9kj_A8SpE4YQCyiLN5t3oFGzpSbACEwYBhgL\/s320\/DSC_0003.JPG\" width=\"226\" height=\"320\" border=\"0\" data-original-height=\"1600\" data-original-width=\"1135\" \/><\/a><\/div>\n<div class=\"separator\" style=\"text-align: justify;\">\u3164<\/div>\n<div class=\"separator\" style=\"text-align: justify;\"><a href=\"https:\/\/3.bp.blogspot.com\/-A5ffjjobIDg\/XGvqM2ch7PI\/AAAAAAAAOkk\/3X8U2V5atFMZSl4REtsVkHfz1ROTppH7gCEwYBhgL\/s1600\/DSC_0054.JPG\"><img loading=\"lazy\" decoding=\"async\" class=\"aligncenter\" src=\"https:\/\/3.bp.blogspot.com\/-A5ffjjobIDg\/XGvqM2ch7PI\/AAAAAAAAOkk\/3X8U2V5atFMZSl4REtsVkHfz1ROTppH7gCEwYBhgL\/s320\/DSC_0054.JPG\" width=\"320\" height=\"175\" border=\"0\" data-original-height=\"878\" data-original-width=\"1600\" \/><\/a><\/div>\n<div class=\"separator\" style=\"text-align: justify;\"><a href=\"https:\/\/3.bp.blogspot.com\/-O8Fid6OiZdw\/XGvp3NcU83I\/AAAAAAAAOkg\/YaE4LS1FrZcc65IWsIc4jq_csrASi8c4gCEwYBhgL\/s1600\/DSC_0123%2B%25282%2529.JPG\">\u3164<img loading=\"lazy\" decoding=\"async\" class=\"aligncenter\" src=\"https:\/\/3.bp.blogspot.com\/-O8Fid6OiZdw\/XGvp3NcU83I\/AAAAAAAAOkg\/YaE4LS1FrZcc65IWsIc4jq_csrASi8c4gCEwYBhgL\/s320\/DSC_0123%2B%25282%2529.JPG\" width=\"320\" height=\"276\" border=\"0\" data-original-height=\"1380\" data-original-width=\"1600\" \/><\/a><\/div>\n<\/div>\n","protected":false},"excerpt":{"rendered":"<p>La biblioteca de la nostra escola \u00e9s un espai educatiu i din\u00e0mic des del qual oferim recursos i estrat\u00e8gies per a donar suport als aprenentatges.\u3164 Per aix\u00f2 treballem amb diversos objectius. Principalment, des de la biblioteca escolar ens proposem estimular el gust per la lectura: Anem a la biblioteca una sessi\u00f3 cada setmana. Fem activitats [&hellip;]<\/p>\n","protected":false},"author":3,"featured_media":0,"parent":496,"menu_order":0,"comment_status":"closed","ping_status":"closed","template":"","meta":{"_bbp_topic_count":0,"_bbp_reply_count":0,"_bbp_total_topic_count":0,"_bbp_total_reply_count":0,"_bbp_voice_count":0,"_bbp_anonymous_reply_count":0,"_bbp_topic_count_hidden":0,"_bbp_reply_count_hidden":0,"_bbp_forum_subforum_count":0,"site-sidebar-layout":"default","site-content-layout":"","ast-site-content-layout":"","site-content-style":"default","site-sidebar-style":"default","ast-global-header-display":"","ast-banner-title-visibility":"","ast-main-header-display":"","ast-hfb-above-header-display":"","ast-hfb-below-header-display":"","ast-hfb-mobile-header-display":"","site-post-title":"","ast-breadcrumbs-content":"","ast-featured-img":"","footer-sml-layout":"","theme-transparent-header-meta":"","adv-header-id-meta":"","stick-header-meta":"","header-above-stick-meta":"","header-main-stick-meta":"","header-below-stick-meta":"","astra-migrate-meta-layouts":"default","ast-page-background-enabled":"default","ast-page-background-meta":{"desktop":{"background-color":"var(--ast-global-color-4)","background-image":"","background-repeat":"repeat","background-position":"center center","background-size":"auto","background-attachment":"scroll","background-type":"","background-media":"","overlay-type":"","overlay-color":"","overlay-opacity":"","overlay-gradient":""},"tablet":{"background-color":"","background-image":"","background-repeat":"repeat","background-position":"center center","background-size":"auto","background-attachment":"scroll","background-type":"","background-media":"","overlay-type":"","overlay-color":"","overlay-opacity":"","overlay-gradient":""},"mobile":{"background-color":"","background-image":"","background-repeat":"repeat","background-position":"center center","background-size":"auto","background-attachment":"scroll","background-type":"","background-media":"","overlay-type":"","overlay-color":"","overlay-opacity":"","overlay-gradient":""}},"ast-content-background-meta":{"desktop":{"background-color":"var(--ast-global-color-5)","background-image":"","background-repeat":"repeat","background-position":"center center","background-size":"auto","background-attachment":"scroll","background-type":"","background-media":"","overlay-type":"","overlay-color":"","overlay-opacity":"","overlay-gradient":""},"tablet":{"background-color":"var(--ast-global-color-5)","background-image":"","background-repeat":"repeat","background-position":"center center","background-size":"auto","background-attachment":"scroll","background-type":"","background-media":"","overlay-type":"","overlay-color":"","overlay-opacity":"","overlay-gradient":""},"mobile":{"background-color":"var(--ast-global-color-5)","background-image":"","background-repeat":"repeat","background-position":"center center","background-size":"auto","background-attachment":"scroll","background-type":"","background-media":"","overlay-type":"","overlay-color":"","overlay-opacity":"","overlay-gradient":""}},"footnotes":""},"class_list":["post-690","page","type-page","status-publish","hentry"],"post_mailing_queue_ids":[],"_links":{"self":[{"href":"https:\/\/agora.xtec.cat\/ceip-itaca\/wp-json\/wp\/v2\/pages\/690","targetHints":{"allow":["GET"]}}],"collection":[{"href":"https:\/\/agora.xtec.cat\/ceip-itaca\/wp-json\/wp\/v2\/pages"}],"about":[{"href":"https:\/\/agora.xtec.cat\/ceip-itaca\/wp-json\/wp\/v2\/types\/page"}],"author":[{"embeddable":true,"href":"https:\/\/agora.xtec.cat\/ceip-itaca\/wp-json\/wp\/v2\/users\/3"}],"replies":[{"embeddable":true,"href":"https:\/\/agora.xtec.cat\/ceip-itaca\/wp-json\/wp\/v2\/comments?post=690"}],"version-history":[{"count":6,"href":"https:\/\/agora.xtec.cat\/ceip-itaca\/wp-json\/wp\/v2\/pages\/690\/revisions"}],"predecessor-version":[{"id":1982,"href":"https:\/\/agora.xtec.cat\/ceip-itaca\/wp-json\/wp\/v2\/pages\/690\/revisions\/1982"}],"up":[{"embeddable":true,"href":"https:\/\/agora.xtec.cat\/ceip-itaca\/wp-json\/wp\/v2\/pages\/496"}],"wp:attachment":[{"href":"https:\/\/agora.xtec.cat\/ceip-itaca\/wp-json\/wp\/v2\/media?parent=690"}],"curies":[{"name":"wp","href":"https:\/\/api.w.org\/{rel}","templated":true}]}}