{"id":682,"date":"2021-05-14T20:30:42","date_gmt":"2021-05-14T18:30:42","guid":{"rendered":"https:\/\/agora.xtec.cat\/ceip-itaca\/?page_id=682"},"modified":"2024-01-20T10:31:05","modified_gmt":"2024-01-20T09:31:05","slug":"els-racons","status":"publish","type":"page","link":"https:\/\/agora.xtec.cat\/ceip-itaca\/com-treballem\/els-racons\/","title":{"rendered":"Els racons"},"content":{"rendered":"<p style=\"text-align: justify;\">El <strong>treball per racons<\/strong> \u00e9s una metodologia que consisteix a <strong>organitzar l&#8217;aula en diversos espais<\/strong> on l&#8217;alumnat, distribu\u00eft en petits grups,<strong> realitza simult\u00e0niament activitats diferents de forma aut\u00f2noma<\/strong>. \u00c9s una manera de treballar m\u00e9s flexible i din\u00e0mica que dona protagonisme a les nenes i els nens, fent que assumeixin el protagonisme del seu proc\u00e9s d&#8217;aprenentatge.\u00a0<a style=\"font-family: inherit; font-size: 1em;\" href=\"https:\/\/1.bp.blogspot.com\/-gLPCVGBynH4\/YBb6gvnPxzI\/AAAAAAAATv0\/ZgKDaCPwWowXAIMfyNzr4niSoW2ALCFJwCLcBGAsYHQ\/s2048\/1611167685773.jpg\"><img decoding=\"async\" class=\"aligncenter\" src=\"https:\/\/1.bp.blogspot.com\/-gLPCVGBynH4\/YBb6gvnPxzI\/AAAAAAAATv0\/ZgKDaCPwWowXAIMfyNzr4niSoW2ALCFJwCLcBGAsYHQ\/s320\/1611167685773.jpg\" width=\"320\" border=\"0\" data-original-height=\"1532\" data-original-width=\"2048\" \/><\/a><\/p>\n<div class=\"separator\"><a href=\"https:\/\/1.bp.blogspot.com\/-iqj9wYT8gQA\/YBb_YRTKSHI\/AAAAAAAATw4\/V_w_hhuyIx4s2bI06Rmt6eMlss1URw8hACLcBGAsYHQ\/s2048\/1610557049581.jpg\"><img decoding=\"async\" class=\"aligncenter\" src=\"https:\/\/1.bp.blogspot.com\/-iqj9wYT8gQA\/YBb_YRTKSHI\/AAAAAAAATw4\/V_w_hhuyIx4s2bI06Rmt6eMlss1URw8hACLcBGAsYHQ\/s320\/1610557049581.jpg\" width=\"320\" border=\"0\" data-original-height=\"1532\" data-original-width=\"2048\" \/><\/a><\/div>\n<div class=\"separator\">\u3164<\/div>\n<div class=\"separator\"><a href=\"https:\/\/1.bp.blogspot.com\/-D5k6pjXsuEc\/YBb6OiLcYsI\/AAAAAAAATvg\/WfWRNd7KrPoPfCQZavXhYCNODDhSgfilQCLcBGAsYHQ\/s2048\/20210114_102119.jpg\"><img decoding=\"async\" class=\"aligncenter\" src=\"https:\/\/1.bp.blogspot.com\/-D5k6pjXsuEc\/YBb6OiLcYsI\/AAAAAAAATvg\/WfWRNd7KrPoPfCQZavXhYCNODDhSgfilQCLcBGAsYHQ\/s320\/20210114_102119.jpg\" width=\"320\" border=\"0\" data-original-height=\"1152\" data-original-width=\"2048\" \/><\/a><\/div>\n<div class=\"separator\">\u3164<\/div>\n<div class=\"separator\"><a href=\"https:\/\/1.bp.blogspot.com\/-7xBQ06sMUeQ\/YBcEPkOciwI\/AAAAAAAATxU\/TRwxj5AXH58Nim7jVBouwDoPDjbtspEXgCLcBGAsYHQ\/s2048\/20201023_113801.jpg\"><img loading=\"lazy\" decoding=\"async\" class=\"aligncenter\" src=\"https:\/\/1.bp.blogspot.com\/-7xBQ06sMUeQ\/YBcEPkOciwI\/AAAAAAAATxU\/TRwxj5AXH58Nim7jVBouwDoPDjbtspEXgCLcBGAsYHQ\/w320-h240\/20201023_113801.jpg\" width=\"320\" height=\"240\" border=\"0\" data-original-height=\"1536\" data-original-width=\"2048\" \/><\/a><\/div>\n<div class=\"separator\"><\/div>\n<p>Les criatures aprenen a organitzar-se, a planificar-se la feina, a saber qu\u00e8 volen aprendre i quin cam\u00ed poden seguir per tal d&#8217;aconseguir-ho. El paper del professorat \u00e9s proposar, guiar, acompanyar. El di\u00e0leg i l&#8217;ajuda entre iguals \u00e9s fonamental.\u00a0Organitzats en grups redu\u00efts, els nens i nenes\u00a0aprenen a treballar en equip, a col\u00b7laborar i a compartir coneixements. Els racons tamb\u00e9 potencien la seva\u00a0iniciativa\u00a0i el sentit de la\u00a0responsabilitat.<\/p>\n<p>&nbsp;<\/p>\n<div class=\"separator\"><a href=\"https:\/\/1.bp.blogspot.com\/-1bZBvyzF4_0\/YBb--WzGVfI\/AAAAAAAATwo\/89S9YNcWoMIyApLKh8CsBXhU91d8tsdgwCLcBGAsYHQ\/s2048\/IMG_20200929_103710.jpg\"><img decoding=\"async\" class=\"aligncenter\" src=\"https:\/\/1.bp.blogspot.com\/-1bZBvyzF4_0\/YBb--WzGVfI\/AAAAAAAATwo\/89S9YNcWoMIyApLKh8CsBXhU91d8tsdgwCLcBGAsYHQ\/s320\/IMG_20200929_103710.jpg\" width=\"320\" border=\"0\" data-original-height=\"1536\" data-original-width=\"2048\" \/><\/a><\/div>\n<div class=\"separator\">\u3164<\/div>\n<div class=\"separator\"><a href=\"https:\/\/1.bp.blogspot.com\/-LWOYO__5K00\/YBb6akyGCXI\/AAAAAAAATvw\/hu9vHQGa4O44lAczvJs_-8dhTWl7qb4HACLcBGAsYHQ\/s2048\/20210118_121607.jpg\"><img decoding=\"async\" class=\"aligncenter\" src=\"https:\/\/1.bp.blogspot.com\/-LWOYO__5K00\/YBb6akyGCXI\/AAAAAAAATvw\/hu9vHQGa4O44lAczvJs_-8dhTWl7qb4HACLcBGAsYHQ\/s320\/20210118_121607.jpg\" width=\"320\" border=\"0\" data-original-height=\"1152\" data-original-width=\"2048\" \/><\/a><\/div>\n<div class=\"separator\">\u3164<\/div>\n<div class=\"separator\"><a href=\"https:\/\/1.bp.blogspot.com\/-k7ujqxuhyP0\/YBcA1TKz6aI\/AAAAAAAATxE\/Fygaq_gw600PavGdBGhAt-4H6vvSCd0agCLcBGAsYHQ\/s2048\/IMG_20200929_093659.jpg\"><img decoding=\"async\" class=\"aligncenter\" src=\"https:\/\/1.bp.blogspot.com\/-k7ujqxuhyP0\/YBcA1TKz6aI\/AAAAAAAATxE\/Fygaq_gw600PavGdBGhAt-4H6vvSCd0agCLcBGAsYHQ\/s320\/IMG_20200929_093659.jpg\" width=\"320\" border=\"0\" data-original-height=\"1536\" data-original-width=\"2048\" \/><\/a><\/div>\n<div class=\"separator\"><\/div>\n<p>A l&#8217;escola, tots els grups des de P3 fins a 6\u00e8 dediquen algunes sessions setmanals a treballar per racons amb activitats fonamentalment de l&#8217;\u00e0mbit ling\u00fc\u00edstic i de l&#8217;\u00e0mbit matem\u00e0tic. A infantil tamb\u00e9 compten amb un rac\u00f3 de creativitat i un de psicomotricitat fina.<\/p>\n<div class=\"separator\"><\/div>\n<div class=\"separator\"><a href=\"https:\/\/1.bp.blogspot.com\/-qrz4FpKp734\/YBb6rhKlDGI\/AAAAAAAATwE\/M0RmMFkJi6oDQ4Y20nExghbr0XXx0rlPACLcBGAsYHQ\/s2048\/1611167685807.jpg\"><img decoding=\"async\" class=\"aligncenter\" src=\"https:\/\/1.bp.blogspot.com\/-qrz4FpKp734\/YBb6rhKlDGI\/AAAAAAAATwE\/M0RmMFkJi6oDQ4Y20nExghbr0XXx0rlPACLcBGAsYHQ\/s320\/1611167685807.jpg\" width=\"320\" border=\"0\" data-original-height=\"1532\" data-original-width=\"2048\" \/><\/a><\/div>\n<p>&nbsp;<\/p>\n<div class=\"separator\"><a href=\"https:\/\/1.bp.blogspot.com\/-BF1Vm6VC1ZY\/YBb6W8hJMCI\/AAAAAAAATvs\/yJjMi0FL1WARcKV-fdBPcMKM7ekGFKqgACLcBGAsYHQ\/s2048\/20201214_122345.jpg\"><img decoding=\"async\" class=\"aligncenter\" src=\"https:\/\/1.bp.blogspot.com\/-BF1Vm6VC1ZY\/YBb6W8hJMCI\/AAAAAAAATvs\/yJjMi0FL1WARcKV-fdBPcMKM7ekGFKqgACLcBGAsYHQ\/s320\/20201214_122345.jpg\" width=\"320\" border=\"0\" data-original-height=\"1152\" data-original-width=\"2048\" \/><\/a><\/div>\n<p>&nbsp;<\/p>\n<div class=\"separator\"><a href=\"https:\/\/1.bp.blogspot.com\/-43m93OH57qE\/YBb6KtvEXSI\/AAAAAAAATvc\/MhwGSXmCub4shC8bqRn7lWPYuqbOtKFLACLcBGAsYHQ\/s2048\/20201112_122253.jpg\"><img decoding=\"async\" class=\"aligncenter\" src=\"https:\/\/1.bp.blogspot.com\/-43m93OH57qE\/YBb6KtvEXSI\/AAAAAAAATvc\/MhwGSXmCub4shC8bqRn7lWPYuqbOtKFLACLcBGAsYHQ\/s320\/20201112_122253.jpg\" width=\"320\" border=\"0\" data-original-height=\"1152\" data-original-width=\"2048\" \/><\/a><\/div>\n<p>&nbsp;<\/p>\n<div class=\"separator\">\n<p><a href=\"https:\/\/1.bp.blogspot.com\/-dvjuwZIujsc\/YBb5_r0t9iI\/AAAAAAAATvQ\/NzjSWlmVeOIwV91yvdF-xi4npE2ksA_FQCLcBGAsYHQ\/s2048\/20201105_102701.jpg\"><img decoding=\"async\" class=\"aligncenter\" src=\"https:\/\/1.bp.blogspot.com\/-dvjuwZIujsc\/YBb5_r0t9iI\/AAAAAAAATvQ\/NzjSWlmVeOIwV91yvdF-xi4npE2ksA_FQCLcBGAsYHQ\/s320\/20201105_102701.jpg\" width=\"320\" border=\"0\" data-original-height=\"1152\" data-original-width=\"2048\" \/><\/a><\/p>\n<div class=\"separator\"><\/div>\n<div class=\"separator\"><a href=\"https:\/\/1.bp.blogspot.com\/-jsPh1TIhgr4\/YBb--elSuII\/AAAAAAAATwk\/MoNzbCEPcS01l53bwtYTLuAZqS-iZsETwCLcBGAsYHQ\/s2048\/IMG_20200929_103636.jpg\"><img decoding=\"async\" class=\"aligncenter\" src=\"https:\/\/1.bp.blogspot.com\/-jsPh1TIhgr4\/YBb--elSuII\/AAAAAAAATwk\/MoNzbCEPcS01l53bwtYTLuAZqS-iZsETwCLcBGAsYHQ\/s320\/IMG_20200929_103636.jpg\" width=\"320\" border=\"0\" data-original-height=\"1536\" data-original-width=\"2048\" \/><\/a><\/div>\n<\/div>\n<p>&nbsp;<\/p>\n<p style=\"text-align: justify;\">Aquestes s\u00f3n algunes de les <strong>qualitats del treball per racons:<\/strong><\/p>\n<ul style=\"text-align: justify;\">\n<li>Permet donar resposta a les difer\u00e8ncies, interessos i ritmes d&#8217;aprenentatge de cada nen i nena.<\/li>\n<li>Facilita al mestre\/a el seguiment individual, dels progressos i dificultats, de cada alumne.<\/li>\n<\/ul>\n<ul style=\"text-align: justify;\">\n<li>Permet una certa flexibilitat en el treball dels nens\/es a partir de les propostes d&#8217;activitats: aprenen a observar, explorar, manipular, experimentar, descobrir, crear&#8230; Deixa lloc a la creativitat i la imaginaci\u00f3 i, el que \u00e9s m\u00e9s important, deixen espai i temps per pensar i decidir.<\/li>\n<\/ul>\n<ul style=\"text-align: justify;\">\n<li>Aconsegueix que els aprenentatges, viscuts d&#8217;aquesta manera, esdevinguin realment significatius i funcionals.<\/li>\n<\/ul>\n<ul style=\"text-align: justify;\">\n<li>La interacci\u00f3 amb uns quants companys i companyes facilita el fet de compartir, comunicar-se, discutir i respectar les idees dels altres, a aprendre d&#8217;altres iguals i a acceptar el seu ajut.<\/li>\n<\/ul>\n<ul style=\"text-align: justify;\">\n<li>Dona la possibilitat de refer el treball tantes vegades com calgui, at\u00e8s que els materials s\u00f3n generalment manipulables. Com a conseq\u00fc\u00e8ncia ajuda a perdre la por a equivocar-se i a millorar l&#8217;autoestima.<\/li>\n<\/ul>\n<ul style=\"text-align: justify;\">\n<li>\u00c9s un tipus d&#8217;organitzaci\u00f3 molt adient per practicar el que s&#8217;ha apr\u00e8s a fer en un altre moment o aplicar-ho a d&#8217;altres situacions i materials.<\/li>\n<\/ul>\n<div class=\"separator\"><a href=\"https:\/\/1.bp.blogspot.com\/-qIIohU6TlwA\/YBcICahTb5I\/AAAAAAAATxk\/MPgNtwWAYOkFl7FdSxQYNc0WycxhTPcPACLcBGAsYHQ\/s2048\/20200925_100329.jpg\"><img decoding=\"async\" class=\"aligncenter\" src=\"https:\/\/1.bp.blogspot.com\/-qIIohU6TlwA\/YBcICahTb5I\/AAAAAAAATxk\/MPgNtwWAYOkFl7FdSxQYNc0WycxhTPcPACLcBGAsYHQ\/s320\/20200925_100329.jpg\" width=\"320\" border=\"0\" data-original-height=\"1152\" data-original-width=\"2048\" \/><\/a><\/div>\n<p>&nbsp;<\/p>\n<div class=\"separator\"><a href=\"https:\/\/1.bp.blogspot.com\/-CIPNOe52fLw\/YBcICaClXsI\/AAAAAAAATxs\/LgAnQX2ooZU_cgZGXY1ZYygdBoK-Wj9lgCLcBGAsYHQ\/s2048\/20201016_153019.jpg\"><img decoding=\"async\" class=\"aligncenter\" src=\"https:\/\/1.bp.blogspot.com\/-CIPNOe52fLw\/YBcICaClXsI\/AAAAAAAATxs\/LgAnQX2ooZU_cgZGXY1ZYygdBoK-Wj9lgCLcBGAsYHQ\/s320\/20201016_153019.jpg\" width=\"320\" border=\"0\" data-original-height=\"1152\" data-original-width=\"2048\" \/><\/a><\/div>\n<p>&nbsp;<\/p>\n<div class=\"separator\"><a href=\"https:\/\/1.bp.blogspot.com\/-OIYqAiEmaUc\/YBcICWlfVbI\/AAAAAAAATxo\/E_QQmB_DUAcaOQZjY-6cjg0LneMMkGQIACLcBGAsYHQ\/s2048\/20201016_154629.jpg\"><img decoding=\"async\" class=\"aligncenter\" src=\"https:\/\/1.bp.blogspot.com\/-OIYqAiEmaUc\/YBcICWlfVbI\/AAAAAAAATxo\/E_QQmB_DUAcaOQZjY-6cjg0LneMMkGQIACLcBGAsYHQ\/s320\/20201016_154629.jpg\" width=\"320\" border=\"0\" data-original-height=\"1152\" data-original-width=\"2048\" \/><\/a><\/div>\n<div class=\"separator\"><\/div>\n<div class=\"separator\"><a href=\"https:\/\/1.bp.blogspot.com\/-O4W5XbzcYAQ\/YBcIDfzvj0I\/AAAAAAAATx4\/AKj_Qm8X2Kol8KvwrS_M314NQu6KjKRoACLcBGAsYHQ\/s2557\/IMG_20210121_150932.jpg\"><img decoding=\"async\" class=\"aligncenter\" src=\"https:\/\/1.bp.blogspot.com\/-O4W5XbzcYAQ\/YBcIDfzvj0I\/AAAAAAAATx4\/AKj_Qm8X2Kol8KvwrS_M314NQu6KjKRoACLcBGAsYHQ\/s320\/IMG_20210121_150932.jpg\" width=\"320\" border=\"0\" data-original-height=\"1229\" data-original-width=\"2557\" \/><\/a><\/div>\n<p>&nbsp;<\/p>\n<div class=\"separator\"><a href=\"https:\/\/1.bp.blogspot.com\/-6uBOxj9utHQ\/YBcIDn8DBBI\/AAAAAAAATyA\/SnlmBrKLbL4Ss6hwke2LIMYRxQGO7Bx_ACLcBGAsYHQ\/s2557\/IMG_20210121_150957.jpg\"><img decoding=\"async\" class=\"aligncenter\" src=\"https:\/\/1.bp.blogspot.com\/-6uBOxj9utHQ\/YBcIDn8DBBI\/AAAAAAAATyA\/SnlmBrKLbL4Ss6hwke2LIMYRxQGO7Bx_ACLcBGAsYHQ\/s320\/IMG_20210121_150957.jpg\" width=\"320\" border=\"0\" data-original-height=\"1229\" data-original-width=\"2557\" \/><\/a><\/div>\n<p>&nbsp;<\/p>\n<div class=\"separator\"><a href=\"https:\/\/1.bp.blogspot.com\/-smrCkTMapL0\/YBcIDyXXj1I\/AAAAAAAATyE\/prT1N2FO9M4eKpQU5NS1xUMCFCXOgTp-ACLcBGAsYHQ\/s2048\/IMG_20210127_101517.jpg\"><img decoding=\"async\" class=\"aligncenter\" src=\"https:\/\/1.bp.blogspot.com\/-smrCkTMapL0\/YBcIDyXXj1I\/AAAAAAAATyE\/prT1N2FO9M4eKpQU5NS1xUMCFCXOgTp-ACLcBGAsYHQ\/s320\/IMG_20210127_101517.jpg\" width=\"320\" border=\"0\" data-original-height=\"1536\" data-original-width=\"2048\" \/><\/a><\/div>\n<p><a href=\"https:\/\/1.bp.blogspot.com\/-8q_Vlgvvwjs\/YBb6SsW61WI\/AAAAAAAATvk\/X9StaE3FR70843G1GqO8KYLJLmYiDZzaACLcBGAsYHQ\/s2048\/20201127_121117.jpg\"><img decoding=\"async\" class=\"aligncenter\" src=\"https:\/\/1.bp.blogspot.com\/-8q_Vlgvvwjs\/YBb6SsW61WI\/AAAAAAAATvk\/X9StaE3FR70843G1GqO8KYLJLmYiDZzaACLcBGAsYHQ\/s320\/20201127_121117.jpg\" width=\"320\" border=\"0\" data-original-height=\"1152\" data-original-width=\"2048\" \/><br \/>\n<\/a><\/p>\n<p>&nbsp;<\/p>\n","protected":false},"excerpt":{"rendered":"<p>El treball per racons \u00e9s una metodologia que consisteix a organitzar l&#8217;aula en diversos espais on l&#8217;alumnat, distribu\u00eft en petits grups, realitza simult\u00e0niament activitats diferents de forma aut\u00f2noma. \u00c9s una manera de treballar m\u00e9s flexible i din\u00e0mica que dona protagonisme a les nenes i els nens, fent que assumeixin el protagonisme del seu proc\u00e9s d&#8217;aprenentatge.\u00a0 [&hellip;]<\/p>\n","protected":false},"author":3,"featured_media":0,"parent":496,"menu_order":0,"comment_status":"closed","ping_status":"closed","template":"","meta":{"_bbp_topic_count":0,"_bbp_reply_count":0,"_bbp_total_topic_count":0,"_bbp_total_reply_count":0,"_bbp_voice_count":0,"_bbp_anonymous_reply_count":0,"_bbp_topic_count_hidden":0,"_bbp_reply_count_hidden":0,"_bbp_forum_subforum_count":0,"site-sidebar-layout":"default","site-content-layout":"","ast-site-content-layout":"","site-content-style":"default","site-sidebar-style":"default","ast-global-header-display":"","ast-banner-title-visibility":"","ast-main-header-display":"","ast-hfb-above-header-display":"","ast-hfb-below-header-display":"","ast-hfb-mobile-header-display":"","site-post-title":"","ast-breadcrumbs-content":"","ast-featured-img":"","footer-sml-layout":"","theme-transparent-header-meta":"","adv-header-id-meta":"","stick-header-meta":"","header-above-stick-meta":"","header-main-stick-meta":"","header-below-stick-meta":"","astra-migrate-meta-layouts":"default","ast-page-background-enabled":"default","ast-page-background-meta":{"desktop":{"background-color":"var(--ast-global-color-4)","background-image":"","background-repeat":"repeat","background-position":"center center","background-size":"auto","background-attachment":"scroll","background-type":"","background-media":"","overlay-type":"","overlay-color":"","overlay-opacity":"","overlay-gradient":""},"tablet":{"background-color":"","background-image":"","background-repeat":"repeat","background-position":"center center","background-size":"auto","background-attachment":"scroll","background-type":"","background-media":"","overlay-type":"","overlay-color":"","overlay-opacity":"","overlay-gradient":""},"mobile":{"background-color":"","background-image":"","background-repeat":"repeat","background-position":"center center","background-size":"auto","background-attachment":"scroll","background-type":"","background-media":"","overlay-type":"","overlay-color":"","overlay-opacity":"","overlay-gradient":""}},"ast-content-background-meta":{"desktop":{"background-color":"var(--ast-global-color-5)","background-image":"","background-repeat":"repeat","background-position":"center center","background-size":"auto","background-attachment":"scroll","background-type":"","background-media":"","overlay-type":"","overlay-color":"","overlay-opacity":"","overlay-gradient":""},"tablet":{"background-color":"var(--ast-global-color-5)","background-image":"","background-repeat":"repeat","background-position":"center center","background-size":"auto","background-attachment":"scroll","background-type":"","background-media":"","overlay-type":"","overlay-color":"","overlay-opacity":"","overlay-gradient":""},"mobile":{"background-color":"var(--ast-global-color-5)","background-image":"","background-repeat":"repeat","background-position":"center center","background-size":"auto","background-attachment":"scroll","background-type":"","background-media":"","overlay-type":"","overlay-color":"","overlay-opacity":"","overlay-gradient":""}},"footnotes":""},"class_list":["post-682","page","type-page","status-publish","hentry"],"post_mailing_queue_ids":[],"_links":{"self":[{"href":"https:\/\/agora.xtec.cat\/ceip-itaca\/wp-json\/wp\/v2\/pages\/682","targetHints":{"allow":["GET"]}}],"collection":[{"href":"https:\/\/agora.xtec.cat\/ceip-itaca\/wp-json\/wp\/v2\/pages"}],"about":[{"href":"https:\/\/agora.xtec.cat\/ceip-itaca\/wp-json\/wp\/v2\/types\/page"}],"author":[{"embeddable":true,"href":"https:\/\/agora.xtec.cat\/ceip-itaca\/wp-json\/wp\/v2\/users\/3"}],"replies":[{"embeddable":true,"href":"https:\/\/agora.xtec.cat\/ceip-itaca\/wp-json\/wp\/v2\/comments?post=682"}],"version-history":[{"count":4,"href":"https:\/\/agora.xtec.cat\/ceip-itaca\/wp-json\/wp\/v2\/pages\/682\/revisions"}],"predecessor-version":[{"id":1540,"href":"https:\/\/agora.xtec.cat\/ceip-itaca\/wp-json\/wp\/v2\/pages\/682\/revisions\/1540"}],"up":[{"embeddable":true,"href":"https:\/\/agora.xtec.cat\/ceip-itaca\/wp-json\/wp\/v2\/pages\/496"}],"wp:attachment":[{"href":"https:\/\/agora.xtec.cat\/ceip-itaca\/wp-json\/wp\/v2\/media?parent=682"}],"curies":[{"name":"wp","href":"https:\/\/api.w.org\/{rel}","templated":true}]}}