{"id":627,"date":"2021-04-23T10:02:11","date_gmt":"2021-04-23T08:02:11","guid":{"rendered":"https:\/\/agora.xtec.cat\/ceip-itaca\/?page_id=627"},"modified":"2024-01-19T21:11:49","modified_gmt":"2024-01-19T20:11:49","slug":"agrupaments-flexibles","status":"publish","type":"page","link":"https:\/\/agora.xtec.cat\/ceip-itaca\/com-treballem\/agrupaments-flexibles\/","title":{"rendered":"Agrupaments flexibles"},"content":{"rendered":"<p style=\"text-align: justify;\">Al llarg de la setmana tots els grups de l&#8217;escola gaudeixen d&#8217;algunes sessions amb el grup-classe desdoblat. El professorat compta amb grups redu\u00efts d&#8217;un m\u00e0xim de 13 alumnes als quals pot dedicar una atenci\u00f3 m\u00e9s individualitzada, incidint en aquells continguts que costa treballar amb la classe sencera. Aquesta organitzaci\u00f3 permet fer un treball de caire m\u00e9s manipulatiu i portar a terme activitats vinculades a les \u00e0rees instrumentals que afavoreixen el desenvolupament de les compet\u00e8ncies b\u00e0siques.<\/p>\n<p><img loading=\"lazy\" decoding=\"async\" class=\"alignleft\" src=\"https:\/\/1.bp.blogspot.com\/-YEPT1Wu51H0\/UvH1wIKI_BI\/AAAAAAAABKM\/DHZIxlr_DCQ\/s1600\/PB060363.JPG\" width=\"337\" height=\"250\" border=\"0\" \/><\/p>\n<p><img loading=\"lazy\" decoding=\"async\" class=\"alignleft\" src=\"https:\/\/4.bp.blogspot.com\/-gr4Vo22nc70\/UvH0HI45vOI\/AAAAAAAABI4\/LzI2h_ee8y8\/s1600\/DSCN8493.JPG\" width=\"298\" height=\"251\" \/><\/p>\n<p><img loading=\"lazy\" decoding=\"async\" class=\"alignleft\" src=\"https:\/\/2.bp.blogspot.com\/-eW0edENpuLw\/UvH0HLC1HCI\/AAAAAAAABI0\/Jpf2qnudIcc\/s1600\/DSCN8358.JPG\" width=\"336\" height=\"252\" border=\"0\" \/><\/p>\n<p>&nbsp;<\/p>\n<p>&nbsp;<\/p>\n<p>&nbsp;<\/p>\n<p>&nbsp;<\/p>\n<p>&nbsp;<\/p>\n<p>&nbsp;<\/p>\n<p><b>LLENGUA CATALANA <\/b><b>I EXPRESSI\u00d3 ESCRITA<\/b><\/p>\n<p style=\"text-align: justify;\">El nostre objectiu \u00e9s que l&#8217;alumnat planifiqui, produeixi i revisi els seus textos. Ens situem dintre de la metodologia constructivista que es basa en apropar-se al m\u00f3n de la lectura i l&#8217;escriptura a partir de les paraules i textos que tinguin significat i funcionalitat per als nens i nenes. A mesura que van creixent, aprenen a confegir el seu propi nom i altres paraules, passant progressivament a les frases i als textos de diversos tipus i complexitats.<\/p>\n<p><b>MATEM\u00c0TIQUES I RESOLUCI\u00d3 DE PROBLEMES<\/b><\/p>\n<p style=\"text-align: justify;\">Plantegem a les criatures problemes matem\u00e0tics procedents de la vida quotidiana que permetin establir relacions i connexions per arribar a adquirir el nivell d&#8217;abstracci\u00f3 \u00f2ptim en cada edat. Des dels comptatges amb l&#8217;alumnat d&#8217;infantil, fins al plantejament i resoluci\u00f3 de problemes amb l&#8217;alumnat de prim\u00e0ria, descobrim les matem\u00e0tiques des de la pr\u00e0ctica, potenciant el c\u00e0lcul competencial.<\/p>\n<p><b>FILOSOFIA<\/b><\/p>\n<p class=\"separator\"><a href=\"http:\/\/2.bp.blogspot.com\/-DIAb56dFiJQ\/UvH0QV1WJDI\/AAAAAAAABJQ\/ceMeW4HywhI\/s1600\/DSC_0988.JPG\"><img loading=\"lazy\" decoding=\"async\" class=\"alignleft\" src=\"https:\/\/2.bp.blogspot.com\/-DIAb56dFiJQ\/UvH0QV1WJDI\/AAAAAAAABJQ\/ceMeW4HywhI\/s1600\/DSC_0988.JPG\" width=\"400\" height=\"258\" border=\"0\" \/><\/a><\/p>\n<p style=\"text-align: justify;\">Aquest \u00a0ser\u00e0 un espai per la reflexi\u00f3, on poden opinar lliurement , on no hi ha veritats ni mentides, on el dubte \u00e9s el motor de l\u2019aprenentatge, on tot es pot posar \u00a0a debat, tot \u00e9s opinable, \u00a0sempre complint les \u00a0normes de respecte vers les opinions dels altres. El debat filos\u00f2fic els proporcionar\u00e0 la possibilitat d\u2019anar fent-se el seu propi criteri per interpretar el m\u00f3n de resultes de compartir reflexi\u00f3 amb els seus iguals. \u00a0Aprendrem a escoltar, q\u00fcestionar, dubtar, criticar,argumentar, empatitzar&#8230;.. en defintiva a filosofar \u00a0per ser m\u00e9s reflexius, responsables i lliures.<\/p>\n<p>&nbsp;<\/p>\n<p><b>LLENGUA ANGLESA<\/b><br \/>\n<a href=\"https:\/\/1.bp.blogspot.com\/-T1Hj1lzTJls\/Xk0oAvGjlhI\/AAAAAAAAeo8\/4BmbBPc8XgcNXEDqDaEQl50lFbufhamDwCLcBGAsYHQ\/s1600\/IMG_20191025_103256.jpg\"><img loading=\"lazy\" decoding=\"async\" class=\"alignright\" src=\"https:\/\/1.bp.blogspot.com\/-T1Hj1lzTJls\/Xk0oAvGjlhI\/AAAAAAAAeo8\/4BmbBPc8XgcNXEDqDaEQl50lFbufhamDwCLcBGAsYHQ\/s320\/IMG_20191025_103256.jpg\" width=\"320\" height=\"240\" border=\"0\" data-original-height=\"1200\" data-original-width=\"1600\" \/><\/a><\/p>\n<p>&nbsp;<\/p>\n<p style=\"text-align: justify;\">En l\u00b4ensenyament-aprenentatge de la Llengua Anglesa a l\u2019Escola \u00cdtaca es parteix de la convicci\u00f3 que la Llengua esdev\u00e9 una eina fonamental de comunicaci\u00f3 per als nostres alumnes en la societat actual.<br \/>\nSota aquesta consideraci\u00f3, a m\u00e9s de les sessions en gran grup, es treballa\u00a0 en grups redu\u00efts a l\u00b4aula d\u00b4Angl\u00e8s on disposem de material visual\u00a0 i manipulatiu divers. D\u00b4aquesta manera es pot portar a terme una atenci\u00f3 i un seguiment m\u00e9s individualitzat dels alumnes. En aquestes sessions es d\u00f3na prioritat al treball de la llengua a nivell oral amb el suport de recursos multim\u00e8dia i mitjans audiovisuals (PDI) per tal de refor\u00e7ar les destreses de comprensi\u00f3, producci\u00f3 i interacci\u00f3 oral amb els mestres especialistes d&#8217;angl\u00e8s i entre els mateixos alumnes. Es treballa de forma din\u00e0mica i l\u00fadica a trav\u00e9s de can\u00e7ons, contes, jocs, representacions, TPR (Typical Physical Response),\u2026<br \/>\nL\u00b4objectiu d\u00b4aquestes sessions es donar realisme, funcionalitat i refor\u00e7ar els continguts apresos durant les sessions en gran grup.<br \/>\nCom\u00a0 a recurs afegit, a l\u00b4aula d\u00b4Angl\u00e8s s\u00b4ha creat un espai on disposem\u00a0 d\u00b4una Biblioteca en Angl\u00e8s que recull una s\u00e8rie de llibres motivadors per l&#8217;aprenentatge de la llengua.<\/p>\n<p style=\"text-align: justify;\">Per aix\u00f2 la nostra metodologia \u00e9s clara: aprendre tot xerrant, jugant i cantant, creant i experimentant. L&#8217;objectiu fonamental \u00e9s perfeccionar el nivell general dels nostres alumnes en totes les destreses comunicatives de l\u2019idioma.<\/p>\n<p>&nbsp;<\/p>\n","protected":false},"excerpt":{"rendered":"<p>Al llarg de la setmana tots els grups de l&#8217;escola gaudeixen d&#8217;algunes sessions amb el grup-classe desdoblat. El professorat compta amb grups redu\u00efts d&#8217;un m\u00e0xim de 13 alumnes als quals pot dedicar una atenci\u00f3 m\u00e9s individualitzada, incidint en aquells continguts que costa treballar amb la classe sencera. Aquesta organitzaci\u00f3 permet fer un treball de caire [&hellip;]<\/p>\n","protected":false},"author":3,"featured_media":0,"parent":496,"menu_order":0,"comment_status":"closed","ping_status":"closed","template":"","meta":{"_bbp_topic_count":0,"_bbp_reply_count":0,"_bbp_total_topic_count":0,"_bbp_total_reply_count":0,"_bbp_voice_count":0,"_bbp_anonymous_reply_count":0,"_bbp_topic_count_hidden":0,"_bbp_reply_count_hidden":0,"_bbp_forum_subforum_count":0,"site-sidebar-layout":"default","site-content-layout":"","ast-site-content-layout":"","site-content-style":"default","site-sidebar-style":"default","ast-global-header-display":"","ast-banner-title-visibility":"","ast-main-header-display":"","ast-hfb-above-header-display":"","ast-hfb-below-header-display":"","ast-hfb-mobile-header-display":"","site-post-title":"","ast-breadcrumbs-content":"","ast-featured-img":"","footer-sml-layout":"","theme-transparent-header-meta":"","adv-header-id-meta":"","stick-header-meta":"","header-above-stick-meta":"","header-main-stick-meta":"","header-below-stick-meta":"","astra-migrate-meta-layouts":"default","ast-page-background-enabled":"default","ast-page-background-meta":{"desktop":{"background-color":"var(--ast-global-color-4)","background-image":"","background-repeat":"repeat","background-position":"center center","background-size":"auto","background-attachment":"scroll","background-type":"","background-media":"","overlay-type":"","overlay-color":"","overlay-opacity":"","overlay-gradient":""},"tablet":{"background-color":"","background-image":"","background-repeat":"repeat","background-position":"center center","background-size":"auto","background-attachment":"scroll","background-type":"","background-media":"","overlay-type":"","overlay-color":"","overlay-opacity":"","overlay-gradient":""},"mobile":{"background-color":"","background-image":"","background-repeat":"repeat","background-position":"center center","background-size":"auto","background-attachment":"scroll","background-type":"","background-media":"","overlay-type":"","overlay-color":"","overlay-opacity":"","overlay-gradient":""}},"ast-content-background-meta":{"desktop":{"background-color":"var(--ast-global-color-5)","background-image":"","background-repeat":"repeat","background-position":"center center","background-size":"auto","background-attachment":"scroll","background-type":"","background-media":"","overlay-type":"","overlay-color":"","overlay-opacity":"","overlay-gradient":""},"tablet":{"background-color":"var(--ast-global-color-5)","background-image":"","background-repeat":"repeat","background-position":"center center","background-size":"auto","background-attachment":"scroll","background-type":"","background-media":"","overlay-type":"","overlay-color":"","overlay-opacity":"","overlay-gradient":""},"mobile":{"background-color":"var(--ast-global-color-5)","background-image":"","background-repeat":"repeat","background-position":"center center","background-size":"auto","background-attachment":"scroll","background-type":"","background-media":"","overlay-type":"","overlay-color":"","overlay-opacity":"","overlay-gradient":""}},"footnotes":""},"class_list":["post-627","page","type-page","status-publish","hentry"],"post_mailing_queue_ids":[],"_links":{"self":[{"href":"https:\/\/agora.xtec.cat\/ceip-itaca\/wp-json\/wp\/v2\/pages\/627","targetHints":{"allow":["GET"]}}],"collection":[{"href":"https:\/\/agora.xtec.cat\/ceip-itaca\/wp-json\/wp\/v2\/pages"}],"about":[{"href":"https:\/\/agora.xtec.cat\/ceip-itaca\/wp-json\/wp\/v2\/types\/page"}],"author":[{"embeddable":true,"href":"https:\/\/agora.xtec.cat\/ceip-itaca\/wp-json\/wp\/v2\/users\/3"}],"replies":[{"embeddable":true,"href":"https:\/\/agora.xtec.cat\/ceip-itaca\/wp-json\/wp\/v2\/comments?post=627"}],"version-history":[{"count":6,"href":"https:\/\/agora.xtec.cat\/ceip-itaca\/wp-json\/wp\/v2\/pages\/627\/revisions"}],"predecessor-version":[{"id":1523,"href":"https:\/\/agora.xtec.cat\/ceip-itaca\/wp-json\/wp\/v2\/pages\/627\/revisions\/1523"}],"up":[{"embeddable":true,"href":"https:\/\/agora.xtec.cat\/ceip-itaca\/wp-json\/wp\/v2\/pages\/496"}],"wp:attachment":[{"href":"https:\/\/agora.xtec.cat\/ceip-itaca\/wp-json\/wp\/v2\/media?parent=627"}],"curies":[{"name":"wp","href":"https:\/\/api.w.org\/{rel}","templated":true}]}}