{"id":611,"date":"2021-04-17T12:05:04","date_gmt":"2021-04-17T10:05:04","guid":{"rendered":"https:\/\/agora.xtec.cat\/ceip-itaca\/?page_id=611"},"modified":"2022-07-05T10:09:54","modified_gmt":"2022-07-05T08:09:54","slug":"projecte-linguistic","status":"publish","type":"page","link":"https:\/\/agora.xtec.cat\/ceip-itaca\/projecte-educatiu\/projecte-linguistic\/","title":{"rendered":"Projecte ling\u00fc\u00edstic"},"content":{"rendered":"<p style=\"text-align: justify;\">El projecte ling\u00fc\u00edstic \u00e9s el document que recull els aspectes relatius a l&#8217;ensenyament i a l&#8217;\u00fas de les lleng\u00fces en el nostre centre educatiu, aprovat al Consell Escolar del passat 27 de juny de 2022.<\/p>\n<p>El podeu consultar clicant a la portada:<\/p>\n<p><a href=\"https:\/\/drive.google.com\/file\/d\/1dkgEzIeoJ8eU3AoF3SdR8QGsCA9i8IOO\/view?usp=sharing\"><img loading=\"lazy\" decoding=\"async\" class=\"aligncenter  wp-image-921\" src=\"https:\/\/agora.xtec.cat\/ceip-itaca\/wp-content\/uploads\/usu2445\/2022\/07\/projecte-linguistic.jpg\" alt=\"\" width=\"265\" height=\"402\" srcset=\"https:\/\/agora.xtec.cat\/ceip-itaca\/wp-content\/uploads\/usu2445\/2022\/07\/projecte-linguistic.jpg 480w, https:\/\/agora.xtec.cat\/ceip-itaca\/wp-content\/uploads\/usu2445\/2022\/07\/projecte-linguistic-198x300.jpg 198w\" sizes=\"auto, (max-width: 265px) 100vw, 265px\" \/><\/a><\/p>\n<p>&nbsp;<\/p>\n<p>&nbsp;<\/p>\n","protected":false},"excerpt":{"rendered":"<p>El projecte ling\u00fc\u00edstic \u00e9s el document que recull els aspectes relatius a l&#8217;ensenyament i a l&#8217;\u00fas de les lleng\u00fces en el nostre centre educatiu, aprovat al Consell Escolar del passat 27 de juny de 2022. El podeu consultar clicant a la portada: &nbsp; &nbsp;<\/p>\n","protected":false},"author":7,"featured_media":0,"parent":64,"menu_order":7,"comment_status":"closed","ping_status":"closed","template":"","meta":{"_bbp_topic_count":0,"_bbp_reply_count":0,"_bbp_total_topic_count":0,"_bbp_total_reply_count":0,"_bbp_voice_count":0,"_bbp_anonymous_reply_count":0,"_bbp_topic_count_hidden":0,"_bbp_reply_count_hidden":0,"_bbp_forum_subforum_count":0,"site-sidebar-layout":"default","site-content-layout":"","ast-site-content-layout":"","site-content-style":"default","site-sidebar-style":"default","ast-global-header-display":"","ast-banner-title-visibility":"","ast-main-header-display":"","ast-hfb-above-header-display":"","ast-hfb-below-header-display":"","ast-hfb-mobile-header-display":"","site-post-title":"","ast-breadcrumbs-content":"","ast-featured-img":"","footer-sml-layout":"","theme-transparent-header-meta":"","adv-header-id-meta":"","stick-header-meta":"","header-above-stick-meta":"","header-main-stick-meta":"","header-below-stick-meta":"","astra-migrate-meta-layouts":"default","ast-page-background-enabled":"default","ast-page-background-meta":{"desktop":{"background-color":"var(--ast-global-color-4)","background-image":"","background-repeat":"repeat","background-position":"center center","background-size":"auto","background-attachment":"scroll","background-type":"","background-media":"","overlay-type":"","overlay-color":"","overlay-opacity":"","overlay-gradient":""},"tablet":{"background-color":"","background-image":"","background-repeat":"repeat","background-position":"center center","background-size":"auto","background-attachment":"scroll","background-type":"","background-media":"","overlay-type":"","overlay-color":"","overlay-opacity":"","overlay-gradient":""},"mobile":{"background-color":"","background-image":"","background-repeat":"repeat","background-position":"center center","background-size":"auto","background-attachment":"scroll","background-type":"","background-media":"","overlay-type":"","overlay-color":"","overlay-opacity":"","overlay-gradient":""}},"ast-content-background-meta":{"desktop":{"background-color":"var(--ast-global-color-5)","background-image":"","background-repeat":"repeat","background-position":"center center","background-size":"auto","background-attachment":"scroll","background-type":"","background-media":"","overlay-type":"","overlay-color":"","overlay-opacity":"","overlay-gradient":""},"tablet":{"background-color":"var(--ast-global-color-5)","background-image":"","background-repeat":"repeat","background-position":"center center","background-size":"auto","background-attachment":"scroll","background-type":"","background-media":"","overlay-type":"","overlay-color":"","overlay-opacity":"","overlay-gradient":""},"mobile":{"background-color":"var(--ast-global-color-5)","background-image":"","background-repeat":"repeat","background-position":"center center","background-size":"auto","background-attachment":"scroll","background-type":"","background-media":"","overlay-type":"","overlay-color":"","overlay-opacity":"","overlay-gradient":""}},"footnotes":""},"class_list":["post-611","page","type-page","status-publish","hentry"],"post_mailing_queue_ids":[],"_links":{"self":[{"href":"https:\/\/agora.xtec.cat\/ceip-itaca\/wp-json\/wp\/v2\/pages\/611","targetHints":{"allow":["GET"]}}],"collection":[{"href":"https:\/\/agora.xtec.cat\/ceip-itaca\/wp-json\/wp\/v2\/pages"}],"about":[{"href":"https:\/\/agora.xtec.cat\/ceip-itaca\/wp-json\/wp\/v2\/types\/page"}],"author":[{"embeddable":true,"href":"https:\/\/agora.xtec.cat\/ceip-itaca\/wp-json\/wp\/v2\/users\/7"}],"replies":[{"embeddable":true,"href":"https:\/\/agora.xtec.cat\/ceip-itaca\/wp-json\/wp\/v2\/comments?post=611"}],"version-history":[{"count":3,"href":"https:\/\/agora.xtec.cat\/ceip-itaca\/wp-json\/wp\/v2\/pages\/611\/revisions"}],"predecessor-version":[{"id":922,"href":"https:\/\/agora.xtec.cat\/ceip-itaca\/wp-json\/wp\/v2\/pages\/611\/revisions\/922"}],"up":[{"embeddable":true,"href":"https:\/\/agora.xtec.cat\/ceip-itaca\/wp-json\/wp\/v2\/pages\/64"}],"wp:attachment":[{"href":"https:\/\/agora.xtec.cat\/ceip-itaca\/wp-json\/wp\/v2\/media?parent=611"}],"curies":[{"name":"wp","href":"https:\/\/api.w.org\/{rel}","templated":true}]}}