{"id":568,"date":"2021-04-15T22:42:35","date_gmt":"2021-04-15T20:42:35","guid":{"rendered":"https:\/\/agora.xtec.cat\/ceip-itaca\/?page_id=568"},"modified":"2021-04-20T15:23:33","modified_gmt":"2021-04-20T13:23:33","slug":"la-filosofia-3-18","status":"publish","type":"page","link":"https:\/\/agora.xtec.cat\/ceip-itaca\/projecte-educatiu\/la-filosofia-3-18\/","title":{"rendered":"La Filosofia 3\/18"},"content":{"rendered":"<p style=\"text-align: justify;\"><img decoding=\"async\" class=\"alignleft\" src=\"https:\/\/2.bp.blogspot.com\/-Rt3NL2H2fQg\/UvINbH87VHI\/AAAAAAAABOs\/bU6mesi7IKg\/s200\/IMG_6765.JPG\" \/>El projecte\u00a0<a href=\"https:\/\/drive.google.com\/file\/d\/1acA-sjJrAjqqOUm8M6MCKnL6ILYvCtI1\/view?usp=sharing\" target=\"_blank\" rel=\"noopener noreferrer\">Filosofia 3\/18<\/a>\u00a0\u00e9s un curr\u00edculum ampli i sistem\u00e0tic que t\u00e9 com a objectiu refor\u00e7ar les habilitats del pensament de l&#8217;alumnat, partint de la filosofia com a disciplina fonamental. Es tracta d&#8217;un projecte que concreta el desig general d&#8217;ensenyar a pensar i enfortir la capacitat reflexiva dels nenes i les nenes.<\/p>\n<p style=\"text-align: justify;\">Les criatures tenen una necessitat d\u2019entendre, situar-se, orientar-se i nosaltres les volem ajudar a \u00a0repensar el que ja saben, buscant altres possibilitats, cares diverses per fugir dels estereotips i obrir la ment a noves idees. Encetem la nostra tasca prenent la filosofia com una eina \u00a0trencadora de tab\u00fas i prejudicis. Volem fer un debat de les idees per ajudar a desenvolupar la seva personalitat i preparar per participar en la construcci\u00f3 d\u2019una ciutadania democr\u00e0tica i plural. Tot aix\u00f2 els ajudar\u00e0 a organitzar i destriar l\u2019exc\u00e9s d\u2019informaci\u00f3 que ens envolta.<\/p>\n<p style=\"text-align: justify;\">Aquest \u00a0ser\u00e0 un espai per la reflexi\u00f3, on poden opinar lliurement, on no hi ha veritats ni mentides, on el dubte \u00e9s el motor de l\u2019aprenentatge, on tot es pot posar a debat, tot \u00e9s opinable, sempre complint les normes de respecte vers les opinions dels altres. El debat filos\u00f2fic els proporcionar\u00e0 la possibilitat d\u2019anar fent-se el seu propi criteri per interpretar el m\u00f3n de resultes de compartir reflexi\u00f3 amb els seus iguals. \u00a0Aprendrem a escoltar, q\u00fcestionar, dubtar, criticar, argumentar, empatitzar&#8230;.. en defintiva a filosofar \u00a0per ser m\u00e9s reflexius, responsables i lliures.<\/p>\n<p><img decoding=\"async\" class=\"aligncenter\" src=\"https:\/\/1.bp.blogspot.com\/-QrUDYcinQOU\/UvIOClNTLzI\/AAAAAAAABPQ\/oiLRwb7DHg0\/s320\/IMG_7009.JPG\" \/><\/p>\n<p style=\"text-align: justify;\">La pr\u00e0ctica es fa mitjan\u00e7ant el \u201cdi\u00e0leg filos\u00f2fic\u201d, basat en activitats a partir de contes, hist\u00f2ries, pel\u00b7l\u00edcules, observaci\u00f3 d\u2019obres d\u2019art, &#8230; A m\u00e9s, amb l\u2019alumnat m\u00e9s gran aquest di\u00e0leg es fa sobre tot a partir de lectures que \u00a0ofereixen ambig\u00fcitats que estimulen el debat. El mestre o la mestra dinamitza el debat intentant que es respecti el tema escollit, prioritzant l&#8217;argumentaci\u00f3 i evitant al m\u00e0xim les divagacions i les fugides.<\/p>\n<p><a href=\"http:\/\/www.grupiref.org\/\" target=\"_blank\" rel=\"noopener noreferrer\">P\u00c0GINA WEB GRUP IREF<\/a>.<\/p>\n<p><img decoding=\"async\" class=\"aligncenter\" src=\"https:\/\/4.bp.blogspot.com\/-nOoR9f9V51Y\/UvIN_ix71XI\/AAAAAAAABPA\/niaUCe_3i8o\/s320\/filosofia.JPG\" \/><\/p>\n<p><img decoding=\"async\" class=\"aligncenter\" src=\"https:\/\/2.bp.blogspot.com\/-87s93yq3i4A\/UvINvv_cU-I\/AAAAAAAABO4\/mvTg_Tie5Gk\/s320\/febrer-abril+2012+040.jpg\" \/><\/p>\n<p><img decoding=\"async\" class=\"aligncenter\" src=\"https:\/\/4.bp.blogspot.com\/-IRkbUnVikt4\/UvINVJ0tuYI\/AAAAAAAABOg\/X7Obo_Zufvg\/s320\/DSC_0007.JPG\" \/><\/p>\n<p><img decoding=\"async\" class=\"aligncenter\" src=\"https:\/\/3.bp.blogspot.com\/-l5BOf9ia5tQ\/UvINIJlaloI\/AAAAAAAABOY\/5uDjqwlJszk\/s320\/DSC_0132.jpg\" \/><\/p>\n<p><img decoding=\"async\" class=\"aligncenter\" src=\"https:\/\/2.bp.blogspot.com\/-UqvsTKTDs4I\/UvIMv-c3A8I\/AAAAAAAABOQ\/ja-5R_cYnIY\/s320\/DSC09190.JPG\" \/><\/p>\n<p>&nbsp;<\/p>\n<p><img decoding=\"async\" class=\"aligncenter\" src=\"https:\/\/4.bp.blogspot.com\/-RvQjlP_9iag\/UvIMtlLdoGI\/AAAAAAAABOI\/xeF9wRifJ9E\/s320\/DSC09188.JPG\" \/><\/p>\n<p style=\"text-align: center;\"><iframe loading=\"lazy\" src=\"\/\/www.youtube.com\/embed\/XAi6BTbx1Aw\" width=\"560\" height=\"315\" frameborder=\"0\"><\/iframe><\/p>\n<p><a href=\"https:\/\/drive.google.com\/file\/d\/1D81E0fH8ny5XKfiBv1JQ-mM8kzkK7HC2\/view?usp=sharing\" target=\"_blank\" rel=\"noopener noreferrer\"><img loading=\"lazy\" decoding=\"async\" class=\"wp-image-576 aligncenter\" src=\"https:\/\/agora.xtec.cat\/ceip-itaca\/wp-content\/uploads\/usu2445\/2021\/04\/filosofia.jpg\" alt=\"\" width=\"321\" height=\"50\" srcset=\"https:\/\/agora.xtec.cat\/ceip-itaca\/wp-content\/uploads\/usu2445\/2021\/04\/filosofia.jpg 533w, https:\/\/agora.xtec.cat\/ceip-itaca\/wp-content\/uploads\/usu2445\/2021\/04\/filosofia-300x47.jpg 300w\" sizes=\"auto, (max-width: 321px) 100vw, 321px\" \/><\/a><\/p>\n<p>&nbsp;<\/p>\n","protected":false},"excerpt":{"rendered":"<p>El projecte\u00a0Filosofia 3\/18\u00a0\u00e9s un curr\u00edculum ampli i sistem\u00e0tic que t\u00e9 com a objectiu refor\u00e7ar les habilitats del pensament de l&#8217;alumnat, partint de la filosofia com a disciplina fonamental. Es tracta d&#8217;un projecte que concreta el desig general d&#8217;ensenyar a pensar i enfortir la capacitat reflexiva dels nenes i les nenes. Les criatures tenen una necessitat [&hellip;]<\/p>\n","protected":false},"author":7,"featured_media":0,"parent":64,"menu_order":3,"comment_status":"closed","ping_status":"closed","template":"","meta":{"_bbp_topic_count":0,"_bbp_reply_count":0,"_bbp_total_topic_count":0,"_bbp_total_reply_count":0,"_bbp_voice_count":0,"_bbp_anonymous_reply_count":0,"_bbp_topic_count_hidden":0,"_bbp_reply_count_hidden":0,"_bbp_forum_subforum_count":0,"site-sidebar-layout":"default","site-content-layout":"","ast-site-content-layout":"","site-content-style":"default","site-sidebar-style":"default","ast-global-header-display":"","ast-banner-title-visibility":"","ast-main-header-display":"","ast-hfb-above-header-display":"","ast-hfb-below-header-display":"","ast-hfb-mobile-header-display":"","site-post-title":"","ast-breadcrumbs-content":"","ast-featured-img":"","footer-sml-layout":"","theme-transparent-header-meta":"","adv-header-id-meta":"","stick-header-meta":"","header-above-stick-meta":"","header-main-stick-meta":"","header-below-stick-meta":"","astra-migrate-meta-layouts":"default","ast-page-background-enabled":"default","ast-page-background-meta":{"desktop":{"background-color":"var(--ast-global-color-4)","background-image":"","background-repeat":"repeat","background-position":"center center","background-size":"auto","background-attachment":"scroll","background-type":"","background-media":"","overlay-type":"","overlay-color":"","overlay-opacity":"","overlay-gradient":""},"tablet":{"background-color":"","background-image":"","background-repeat":"repeat","background-position":"center center","background-size":"auto","background-attachment":"scroll","background-type":"","background-media":"","overlay-type":"","overlay-color":"","overlay-opacity":"","overlay-gradient":""},"mobile":{"background-color":"","background-image":"","background-repeat":"repeat","background-position":"center center","background-size":"auto","background-attachment":"scroll","background-type":"","background-media":"","overlay-type":"","overlay-color":"","overlay-opacity":"","overlay-gradient":""}},"ast-content-background-meta":{"desktop":{"background-color":"var(--ast-global-color-5)","background-image":"","background-repeat":"repeat","background-position":"center center","background-size":"auto","background-attachment":"scroll","background-type":"","background-media":"","overlay-type":"","overlay-color":"","overlay-opacity":"","overlay-gradient":""},"tablet":{"background-color":"var(--ast-global-color-5)","background-image":"","background-repeat":"repeat","background-position":"center center","background-size":"auto","background-attachment":"scroll","background-type":"","background-media":"","overlay-type":"","overlay-color":"","overlay-opacity":"","overlay-gradient":""},"mobile":{"background-color":"var(--ast-global-color-5)","background-image":"","background-repeat":"repeat","background-position":"center center","background-size":"auto","background-attachment":"scroll","background-type":"","background-media":"","overlay-type":"","overlay-color":"","overlay-opacity":"","overlay-gradient":""}},"footnotes":""},"class_list":["post-568","page","type-page","status-publish","hentry"],"post_mailing_queue_ids":[],"_links":{"self":[{"href":"https:\/\/agora.xtec.cat\/ceip-itaca\/wp-json\/wp\/v2\/pages\/568","targetHints":{"allow":["GET"]}}],"collection":[{"href":"https:\/\/agora.xtec.cat\/ceip-itaca\/wp-json\/wp\/v2\/pages"}],"about":[{"href":"https:\/\/agora.xtec.cat\/ceip-itaca\/wp-json\/wp\/v2\/types\/page"}],"author":[{"embeddable":true,"href":"https:\/\/agora.xtec.cat\/ceip-itaca\/wp-json\/wp\/v2\/users\/7"}],"replies":[{"embeddable":true,"href":"https:\/\/agora.xtec.cat\/ceip-itaca\/wp-json\/wp\/v2\/comments?post=568"}],"version-history":[{"count":3,"href":"https:\/\/agora.xtec.cat\/ceip-itaca\/wp-json\/wp\/v2\/pages\/568\/revisions"}],"predecessor-version":[{"id":622,"href":"https:\/\/agora.xtec.cat\/ceip-itaca\/wp-json\/wp\/v2\/pages\/568\/revisions\/622"}],"up":[{"embeddable":true,"href":"https:\/\/agora.xtec.cat\/ceip-itaca\/wp-json\/wp\/v2\/pages\/64"}],"wp:attachment":[{"href":"https:\/\/agora.xtec.cat\/ceip-itaca\/wp-json\/wp\/v2\/media?parent=568"}],"curies":[{"name":"wp","href":"https:\/\/api.w.org\/{rel}","templated":true}]}}