{"id":546,"date":"2021-04-15T20:23:55","date_gmt":"2021-04-15T18:23:55","guid":{"rendered":"https:\/\/agora.xtec.cat\/ceip-itaca\/?page_id=546"},"modified":"2021-04-15T23:35:54","modified_gmt":"2021-04-15T21:35:54","slug":"educacio-emocional","status":"publish","type":"page","link":"https:\/\/agora.xtec.cat\/ceip-itaca\/projecte-educatiu\/educacio-emocional\/","title":{"rendered":"Educaci\u00f3 emocional"},"content":{"rendered":"<p><img loading=\"lazy\" decoding=\"async\" class=\"alignleft\" src=\"http:\/\/1.bp.blogspot.com\/-NCpcUdjRsXg\/UvIJDYLPKmI\/AAAAAAAABN8\/5AIp8kw1uYo\/s1600\/P1010332.JPG\" width=\"319\" height=\"240\" \/><\/p>\n<p style=\"text-align: justify;\">Entendre la import\u00e0ncia de sentir-se emparat emocionalment i f\u00edsicament en les primeres etapes de la vida \u00e9s el motor que ens mou a apostar per aquest treball amb els infants. Aix\u00ed i tot, sigui quina sigui l\u2019etapa de la vida, en la qual ens trobem sempre \u00e9s un bon moment per recuperar aquesta proximitat que ens ajuda a retornar a un benestar intern.<\/p>\n<div style=\"text-align: justify;\"><\/div>\n<p style=\"text-align: justify;\">Les emocions estan presents a les nostres vides des de que naixem i juguen un paper molt important en la construcci\u00f3 de la personalitat i integraci\u00f3 social. Petits i grans vivim les emocions en qualsevol espai i temps, amb la fam\u00edlia, amics i amigues, amb el nostre entorn, entre iguals,&#8230;<\/p>\n<div style=\"text-align: justify;\"><\/div>\n<div><\/div>\n<div><\/div>\n<p style=\"text-align: justify;\"><img loading=\"lazy\" decoding=\"async\" class=\"alignright\" src=\"http:\/\/4.bp.blogspot.com\/-h9dWE2eseoQ\/Um94RWw2YwI\/AAAAAAAASW8\/Yl2Hodkrz6M\/s400\/Term%25C3%25B2metre+emocional+Primer+de+Prim%25C3%25A0ria.jpg\" width=\"196\" height=\"280\" \/><span style=\"font-family: inherit; font-size: 1em; text-align: justify;\">L\u2019educaci\u00f3 emocional adopta un enfoc de cicle vital i el seu treball enriqueix el creixement personal, genera m\u00e9s comunicaci\u00f3 i empatia, il\u00b7lusions compartides, influeix en la motivaci\u00f3 de l\u2019alumnat, crea un clima adequat per a l&#8217;aprenentatge afavorint el di\u00e0leg i el respecte&#8230;<\/span><\/p>\n<p style=\"text-align: justify;\"><span style=\"font-family: inherit; font-size: 1em;\">El treball que es duu a terme en el cicle d&#8217;infantil i en el primer curs d\u2019educaci\u00f3 prim\u00e0ria se centra en les dues primeres compet\u00e8ncies emocionals: la consciencia emocional i la regulaci\u00f3 de les emocions. El treball d&#8217;aquestes compet\u00e8ncies garanteix que els infants adquireixin totes les habilitats personals i necess\u00e0ries per fer una bona resoluci\u00f3 dels conflictes aix\u00ed com crear un bon ambient de conviv\u00e8ncia a l&#8217;aula i a l&#8217;escola<\/span><\/p>\n<div>\n<div style=\"text-align: justify;\"><\/div>\n<p style=\"text-align: justify;\">Si durant la infantesa constru\u00efm una base emocional forta i uns bons vincles afectius, en el viatge per la vida seran capa\u00e7os de superar qualsevol terratr\u00e8mol i molt especialment el que es generar\u00e0 en l\u2019etapa de l\u2019adolesc\u00e8ncia.<\/p>\n<p style=\"text-align: center;\"><span style=\"color: #6f6f6f; font-family: inherit; font-size: 1em;\">\u201cMentre els fills\/es siguin petits\/es d\u00f3na\u2019ls arrels profundes, quan hagin crescut, d\u00f3na\u2019ls ales\u201d.<\/span><\/p>\n<\/div>\n<div>\n<blockquote class=\"tr_bq\">\n<p style=\"text-align: center;\"><img loading=\"lazy\" decoding=\"async\" class=\"aligncenter\" src=\"http:\/\/3.bp.blogspot.com\/-sIsQZNqEbqY\/Um93jVj2qBI\/AAAAAAAASUo\/Evpm7iBzLPA\/s400\/Ampolles+Pessigolles+1.jpg\" alt=\"Ampolles pessigolles\" width=\"313\" height=\"235\" \/>Ampolles pessigolles<\/p>\n<p style=\"text-align: center;\"><img loading=\"lazy\" decoding=\"async\" class=\"aligncenter\" src=\"http:\/\/1.bp.blogspot.com\/-_nvVuqKZNAo\/Um932RJNyLI\/AAAAAAAASV0\/omE7sSIlMcM\/s400\/Conflictes+Parlem-ne.JPG\" width=\"322\" height=\"181\" \/>Parlem de Conflictes<\/p>\n<p><img loading=\"lazy\" decoding=\"async\" class=\"aligncenter\" src=\"http:\/\/4.bp.blogspot.com\/-QgDD51ApJPU\/UoIS30niClI\/AAAAAAAAAIM\/tsH3NJbmuEY\/s400\/Content+3.jpg\" width=\"350\" height=\"238\" \/><\/p>\n<p style=\"text-align: center;\"><img loading=\"lazy\" decoding=\"async\" class=\"aligncenter\" src=\"http:\/\/1.bp.blogspot.com\/-Q0YjbAwyMyQ\/Um93rW90gUI\/AAAAAAAASVU\/f4Xhw0JGunI\/s400\/El+Cor+de+l%2527Escola+%25C3%25A9s+el+Cor+de+tots-es+vosaltres+2.jpg\" width=\"246\" height=\"328\" \/>El Cor de l&#8217;Escola \u00e9s el Cor de Tots<\/p>\n<p style=\"text-align: center;\"><img loading=\"lazy\" decoding=\"async\" class=\"aligncenter\" src=\"http:\/\/3.bp.blogspot.com\/-WxN8SmZKIO0\/Um93tASd7II\/AAAAAAAASVc\/-1EIb_O4N7c\/s400\/El+Pot+dels+Bons+Moments+1.jpg\" width=\"259\" height=\"195\" \/>El Pot dels Bons Moments<\/p>\n<p style=\"text-align: center;\"><img loading=\"lazy\" decoding=\"async\" class=\"aligncenter\" src=\"http:\/\/3.bp.blogspot.com\/-fSUqE4qoDPA\/Um94PDGHeNI\/AAAAAAAASWw\/GrJdKi-ZM-E\/s400\/La+Caixa+de+la+Calma+1.JPG\" width=\"271\" height=\"152\" \/>La Caixa de la Calma<\/p>\n<p style=\"text-align: center;\"><img loading=\"lazy\" decoding=\"async\" class=\"aligncenter\" src=\"http:\/\/4.bp.blogspot.com\/-YNhV7kL43-E\/Um93y39kvZI\/AAAAAAAASVs\/U8UM9i7xjp4\/s400\/El+Pot+dels+Petons.jpg\" width=\"165\" height=\"335\" \/>El Pot dels Petons<\/p>\n<p><img loading=\"lazy\" decoding=\"async\" class=\"aligncenter\" src=\"http:\/\/1.bp.blogspot.com\/-srJtImHMhrk\/UoITBB97dOI\/AAAAAAAAAIY\/UY3V9e2BjGE\/s400\/La+Por+1.jpg\" width=\"254\" height=\"164\" \/><\/p>\n<p style=\"text-align: center;\"><img loading=\"lazy\" decoding=\"async\" class=\"aligncenter\" src=\"http:\/\/3.bp.blogspot.com\/-w9NntkaSwe0\/Um94OqQsedI\/AAAAAAAASWs\/xUpSxY3mTbY\/s400\/La+Por+4.jpg\" width=\"250\" height=\"191\" \/>La Por<\/p>\n<p style=\"text-align: center;\"><img loading=\"lazy\" decoding=\"async\" class=\"aligncenter\" src=\"http:\/\/2.bp.blogspot.com\/-xUcSTD_TzSk\/Um94UXmiYcI\/AAAAAAAASXs\/37CnCkLtZwc\/s400\/Tranquil+2.jpg\" width=\"248\" height=\"180\" \/>Tranquil<\/p>\n<p><img loading=\"lazy\" decoding=\"async\" class=\"aligncenter\" src=\"http:\/\/2.bp.blogspot.com\/-Q52n4Vngbeo\/UoITNido__I\/AAAAAAAAAIw\/2Wzsax6voFA\/s400\/Tranquil+1.jpg\" width=\"255\" height=\"181\" \/><\/p>\n<p><img loading=\"lazy\" decoding=\"async\" class=\"aligncenter\" src=\"http:\/\/2.bp.blogspot.com\/-UaHM0y73zrU\/UoITNyI9PNI\/AAAAAAAAAI4\/7hLMMGcE5Bg\/s400\/Trist+2.jpg\" width=\"257\" height=\"194\" \/><\/p>\n<p><img loading=\"lazy\" decoding=\"async\" class=\"aligncenter\" src=\"http:\/\/3.bp.blogspot.com\/-lrAQSP6uj10\/UvIIa2ca2LI\/AAAAAAAABNY\/A5jEIIZ7hy4\/s1600\/DSC_0310.jpg\" width=\"259\" height=\"159\" \/><\/p>\n<p><img loading=\"lazy\" decoding=\"async\" class=\"aligncenter\" src=\"http:\/\/1.bp.blogspot.com\/-UrQgVY69Yiw\/UvIIV9hEQaI\/AAAAAAAABNQ\/MtuurzdWXus\/s1600\/DSC_0524.JPG\" width=\"258\" height=\"163\" \/><\/p>\n<p><img loading=\"lazy\" decoding=\"async\" class=\"aligncenter\" src=\"http:\/\/2.bp.blogspot.com\/-rHJqQmog4p0\/UvIIhvBzchI\/AAAAAAAABNg\/j5SqYG5zUm4\/s1600\/P2270020.JPG\" width=\"265\" height=\"272\" \/><\/p>\n<p><img loading=\"lazy\" decoding=\"async\" class=\"aligncenter\" src=\"http:\/\/2.bp.blogspot.com\/-UTrDMvy62bM\/UvIIyjka_9I\/AAAAAAAABNw\/hLDqxYri4cM\/s1600\/P3130032.JPG\" width=\"266\" height=\"185\" \/><\/p>\n<p><img loading=\"lazy\" decoding=\"async\" class=\"aligncenter\" src=\"http:\/\/1.bp.blogspot.com\/-JwL6fcitH64\/UvIIvWDgY7I\/AAAAAAAABNo\/1jJz-czB5ws\/s1600\/P3130039.JPG\" width=\"265\" height=\"170\" \/><\/p>\n<p><a href=\"https:\/\/drive.google.com\/file\/d\/1fqmqzEGkyf6Zm4sRQW_AHDpfUYnc3jd5\/view?usp=sharing\" target=\"_blank\" rel=\"noopener noreferrer\"><img loading=\"lazy\" decoding=\"async\" class=\"wp-image-565 aligncenter\" src=\"https:\/\/agora.xtec.cat\/ceip-itaca\/wp-content\/uploads\/usu2445\/2021\/04\/emocions.jpg\" alt=\"\" width=\"340\" height=\"58\" srcset=\"https:\/\/agora.xtec.cat\/ceip-itaca\/wp-content\/uploads\/usu2445\/2021\/04\/emocions.jpg 534w, https:\/\/agora.xtec.cat\/ceip-itaca\/wp-content\/uploads\/usu2445\/2021\/04\/emocions-300x51.jpg 300w\" sizes=\"auto, (max-width: 340px) 100vw, 340px\" \/><\/a><\/p><\/blockquote>\n<\/div>\n","protected":false},"excerpt":{"rendered":"<p>Entendre la import\u00e0ncia de sentir-se emparat emocionalment i f\u00edsicament en les primeres etapes de la vida \u00e9s el motor que ens mou a apostar per aquest treball amb els infants. Aix\u00ed i tot, sigui quina sigui l\u2019etapa de la vida, en la qual ens trobem sempre \u00e9s un bon moment per recuperar aquesta proximitat que [&hellip;]<\/p>\n","protected":false},"author":7,"featured_media":0,"parent":64,"menu_order":2,"comment_status":"closed","ping_status":"closed","template":"","meta":{"_bbp_topic_count":0,"_bbp_reply_count":0,"_bbp_total_topic_count":0,"_bbp_total_reply_count":0,"_bbp_voice_count":0,"_bbp_anonymous_reply_count":0,"_bbp_topic_count_hidden":0,"_bbp_reply_count_hidden":0,"_bbp_forum_subforum_count":0,"site-sidebar-layout":"default","site-content-layout":"","ast-site-content-layout":"","site-content-style":"default","site-sidebar-style":"default","ast-global-header-display":"","ast-banner-title-visibility":"","ast-main-header-display":"","ast-hfb-above-header-display":"","ast-hfb-below-header-display":"","ast-hfb-mobile-header-display":"","site-post-title":"","ast-breadcrumbs-content":"","ast-featured-img":"","footer-sml-layout":"","theme-transparent-header-meta":"","adv-header-id-meta":"","stick-header-meta":"","header-above-stick-meta":"","header-main-stick-meta":"","header-below-stick-meta":"","astra-migrate-meta-layouts":"default","ast-page-background-enabled":"default","ast-page-background-meta":{"desktop":{"background-color":"var(--ast-global-color-4)","background-image":"","background-repeat":"repeat","background-position":"center center","background-size":"auto","background-attachment":"scroll","background-type":"","background-media":"","overlay-type":"","overlay-color":"","overlay-opacity":"","overlay-gradient":""},"tablet":{"background-color":"","background-image":"","background-repeat":"repeat","background-position":"center center","background-size":"auto","background-attachment":"scroll","background-type":"","background-media":"","overlay-type":"","overlay-color":"","overlay-opacity":"","overlay-gradient":""},"mobile":{"background-color":"","background-image":"","background-repeat":"repeat","background-position":"center center","background-size":"auto","background-attachment":"scroll","background-type":"","background-media":"","overlay-type":"","overlay-color":"","overlay-opacity":"","overlay-gradient":""}},"ast-content-background-meta":{"desktop":{"background-color":"var(--ast-global-color-5)","background-image":"","background-repeat":"repeat","background-position":"center center","background-size":"auto","background-attachment":"scroll","background-type":"","background-media":"","overlay-type":"","overlay-color":"","overlay-opacity":"","overlay-gradient":""},"tablet":{"background-color":"var(--ast-global-color-5)","background-image":"","background-repeat":"repeat","background-position":"center center","background-size":"auto","background-attachment":"scroll","background-type":"","background-media":"","overlay-type":"","overlay-color":"","overlay-opacity":"","overlay-gradient":""},"mobile":{"background-color":"var(--ast-global-color-5)","background-image":"","background-repeat":"repeat","background-position":"center center","background-size":"auto","background-attachment":"scroll","background-type":"","background-media":"","overlay-type":"","overlay-color":"","overlay-opacity":"","overlay-gradient":""}},"footnotes":""},"class_list":["post-546","page","type-page","status-publish","hentry"],"post_mailing_queue_ids":[],"_links":{"self":[{"href":"https:\/\/agora.xtec.cat\/ceip-itaca\/wp-json\/wp\/v2\/pages\/546","targetHints":{"allow":["GET"]}}],"collection":[{"href":"https:\/\/agora.xtec.cat\/ceip-itaca\/wp-json\/wp\/v2\/pages"}],"about":[{"href":"https:\/\/agora.xtec.cat\/ceip-itaca\/wp-json\/wp\/v2\/types\/page"}],"author":[{"embeddable":true,"href":"https:\/\/agora.xtec.cat\/ceip-itaca\/wp-json\/wp\/v2\/users\/7"}],"replies":[{"embeddable":true,"href":"https:\/\/agora.xtec.cat\/ceip-itaca\/wp-json\/wp\/v2\/comments?post=546"}],"version-history":[{"count":3,"href":"https:\/\/agora.xtec.cat\/ceip-itaca\/wp-json\/wp\/v2\/pages\/546\/revisions"}],"predecessor-version":[{"id":567,"href":"https:\/\/agora.xtec.cat\/ceip-itaca\/wp-json\/wp\/v2\/pages\/546\/revisions\/567"}],"up":[{"embeddable":true,"href":"https:\/\/agora.xtec.cat\/ceip-itaca\/wp-json\/wp\/v2\/pages\/64"}],"wp:attachment":[{"href":"https:\/\/agora.xtec.cat\/ceip-itaca\/wp-json\/wp\/v2\/media?parent=546"}],"curies":[{"name":"wp","href":"https:\/\/api.w.org\/{rel}","templated":true}]}}