{"id":520,"date":"2021-04-15T13:54:46","date_gmt":"2021-04-15T11:54:46","guid":{"rendered":"https:\/\/agora.xtec.cat\/ceip-itaca\/?page_id=520"},"modified":"2026-03-10T12:07:38","modified_gmt":"2026-03-10T11:07:38","slug":"coeducacio","status":"publish","type":"page","link":"https:\/\/agora.xtec.cat\/ceip-itaca\/projecte-educatiu\/coeducacio\/","title":{"rendered":"La Coeducaci\u00f3"},"content":{"rendered":"<h1 style=\"font-style: inherit; font-weight: 800;\"><\/h1>\n<p style=\"text-align: justify;\"><img loading=\"lazy\" decoding=\"async\" class=\"alignleft\" src=\"http:\/\/2.bp.blogspot.com\/-qE35Mc7TH50\/UvHy8wrpQAI\/AAAAAAAABIU\/B6kC_aNgGlo\/s1600\/DSCF6401.JPG\" width=\"301\" height=\"226\" \/>El nostre projecte d&#8217;innovaci\u00f3 educativa\u00a0<b><strong><i><em>La Coeducaci\u00f3 com a marc imprescindible per a la conviv\u00e8ncia<\/em><\/i><\/strong><\/b>\u00a0t\u00e9 com a objectiu global\u00a0<span style=\"font-style: inherit; font-weight: inherit;\"> educar en la igualtat nens i nenes i la preparaci\u00f3 per a la resoluci\u00f3 pac\u00edfica dels conflictes com a f\u00f3rmules b\u00e0siques per a la conviv\u00e8ncia i la prevenci\u00f3 de la viol\u00e8ncia. Volem ajudar el nostre alumnat a construir relacions igualit\u00e0ries basades en el respecte i la capacitat d\u2019analitzar els conflictes i elaborar estrat\u00e8gies no sexistes i no violentes per resoldre\u2019ls.<\/span><span style=\"font-style: inherit; font-weight: inherit;\"><br \/>\n<\/span><\/p>\n<p style=\"font-style: inherit; font-weight: inherit; text-align: justify;\"><span style=\"font-style: inherit; font-weight: inherit;\">La feina de conscienciaci\u00f3 sobre la necessitat d&#8217;igualtat i la no acceptaci\u00f3 que les difer\u00e8ncies biol\u00f2giques es converteixin en desigualtats socials la volem ampliar en el sentit d\u2019aprofundir en la necessitat de canvi del rol mascul\u00ed posant especial \u00e8mfasi en les conseq\u00fc\u00e8ncies negatives que tenen pels mateixos nens. Han de veure i sentir que la superaci\u00f3 del rol masclista els ajudar\u00e0 a tenir unes relacions equilibrades, pl\u00e0cides i lliures que els faran m\u00e9s feli\u00e7os.<\/span><span style=\"font-style: inherit; font-weight: inherit;\"><br \/>\n<\/span><\/p>\n<p style=\"text-align: justify;\"><span style=\"font-style: inherit; font-weight: inherit;\"><img loading=\"lazy\" decoding=\"async\" class=\"alignright\" src=\"http:\/\/4.bp.blogspot.com\/-tpXEF5aBue8\/UvHyk8k0vFI\/AAAAAAAABIE\/O6aR5Hle3Qo\/s1600\/maria+febrer+2012+077.jpg\" width=\"303\" height=\"211\" \/><span style=\"font-family: inherit; font-size: 1em; font-style: inherit; font-weight: inherit;\">Aquestes s\u00f3n algunes de les actuacions que fem a l&#8217;escola:<\/span><\/span><\/p>\n<ul>\n<li style=\"text-align: justify;\"><span style=\"font-style: inherit; font-weight: inherit;\">Buscar\u00a0 sempre l\u2019aportaci\u00f3 de les dones en qualsevol aspecte que s\u2019estigui treballant per fer-les visibles, dignificar el seu paper a la societat, la cultura, les ci\u00e8ncies i les arts.<\/span><\/li>\n<li style=\"font-style: inherit; font-weight: inherit; text-align: justify;\"><span style=\"font-style: inherit; font-weight: inherit;\">Revisar i descartar el material did\u00e0ctic que presenti elements sexistes. Visibilitzar i analitzar el elements sexistes que anem trobant en qualsevol llibre o document de treball.<\/span><\/li>\n<li style=\"font-style: inherit; font-weight: inherit; text-align: justify;\"><span style=\"font-style: inherit; font-weight: inherit;\">Utilitzar un vocabulari no sexista en la comunicaci\u00f3 entre les persones i en els documents.<\/span><\/li>\n<li style=\"font-style: inherit; font-weight: inherit; text-align: justify;\"><span style=\"font-style: inherit; font-weight: inherit;\">Distribuci\u00f3 dels espais d\u2019esbarjo: tenir diferents tipus de zones de jocs (motrius, conversa, joc de taula..), restricci\u00f3 del futbol a dos dies a la setmana per evitar el domini de l\u2019espai.<\/span><br \/>\n<span style=\"font-style: inherit; font-weight: inherit;\"><br \/>\n<\/span><img loading=\"lazy\" decoding=\"async\" class=\"alignleft\" src=\"http:\/\/4.bp.blogspot.com\/-XqkyPFm6nJk\/UvHyywse_EI\/AAAAAAAABIM\/fzsnz7zNjbk\/s1600\/mar%25C3%25A7+%252811%2529.JPG\" width=\"305\" height=\"231\" \/>Treballar la construcci\u00f3 d\u2019identitats de g\u00e8nere flexibles i obertes. Valorar els sabers de la llar i de cura dels altres.<\/li>\n<\/ul>\n<p style=\"text-align: justify;\"><span style=\"font-style: inherit; font-weight: inherit;\">Treballar les diades del\u00a0 30 de gener dia de la Pau, el 8 de mar\u00e7 dia de la dona treballadora\u00a0i el 25 de novembre dia contra la viol\u00e8ncia de g\u00e8nere.<\/span><\/p>\n<p style=\"font-style: inherit; font-weight: inherit; text-align: justify;\"><span style=\"font-style: inherit; font-weight: inherit;\">Protocol d\u2019actuaci\u00f3 <\/span><span style=\"font-style: inherit; font-weight: inherit;\">\u00a0<\/span><span style=\"font-style: inherit; font-weight: inherit;\">per controlar la impulsivitat i l\u2019agressivitat negociat tant a nivell de claustre com a nivell de tutories per afavorir la resoluci\u00f3 de conflictes de manera pac\u00edfica.<\/span><\/p>\n<p style=\"font-style: inherit; font-weight: inherit; text-align: justify;\"><span style=\"font-style: inherit; font-weight: inherit;\">Tutories individualitzades: els tutors i tutores disposen d\u2019una hora a la setmana per parlar individualment amb el seu alumnat sobre aquells temes que se\u2019ls fa dif\u00edcil tractar en grup.<\/span><\/p>\n<p style=\"text-align: center;\">\n<p>&nbsp;<\/p>\n<p style=\"text-align: center;\">\n<p>&nbsp;<\/p>\n<p><a href=\"https:\/\/drive.google.com\/file\/d\/14IdRufgMGWwNI7VuiWf5chEpM8aIif5K\/view?usp=sharing\"><img loading=\"lazy\" decoding=\"async\" class=\"aligncenter size-full wp-image-2527\" src=\"https:\/\/agora.xtec.cat\/ceip-itaca\/wp-content\/uploads\/usu2445\/2026\/03\/portada_projecte-coeducacio-i-convivencia.jpg\" alt=\"\" width=\"558\" height=\"700\" srcset=\"https:\/\/agora.xtec.cat\/ceip-itaca\/wp-content\/uploads\/usu2445\/2026\/03\/portada_projecte-coeducacio-i-convivencia.jpg 558w, https:\/\/agora.xtec.cat\/ceip-itaca\/wp-content\/uploads\/usu2445\/2026\/03\/portada_projecte-coeducacio-i-convivencia-239x300.jpg 239w\" sizes=\"auto, (max-width: 558px) 100vw, 558px\" \/><\/a><\/p>\n<p>&nbsp;<\/p>\n<p><a href=\"https:\/\/drive.google.com\/file\/d\/1ZQFmRvHJcHHjDt327QQokLJ-1OH4iWVz\/view?usp=sharing\"><img loading=\"lazy\" decoding=\"async\" class=\"aligncenter size-full wp-image-2529\" src=\"https:\/\/agora.xtec.cat\/ceip-itaca\/wp-content\/uploads\/usu2445\/2026\/03\/Mapa-conceptual-conflicte-families.jpg\" alt=\"\" width=\"1024\" height=\"768\" srcset=\"https:\/\/agora.xtec.cat\/ceip-itaca\/wp-content\/uploads\/usu2445\/2026\/03\/Mapa-conceptual-conflicte-families.jpg 1024w, https:\/\/agora.xtec.cat\/ceip-itaca\/wp-content\/uploads\/usu2445\/2026\/03\/Mapa-conceptual-conflicte-families-300x225.jpg 300w, https:\/\/agora.xtec.cat\/ceip-itaca\/wp-content\/uploads\/usu2445\/2026\/03\/Mapa-conceptual-conflicte-families-768x576.jpg 768w\" sizes=\"auto, (max-width: 1024px) 100vw, 1024px\" \/><\/a><\/p>\n","protected":false},"excerpt":{"rendered":"<p>El nostre projecte d&#8217;innovaci\u00f3 educativa\u00a0La Coeducaci\u00f3 com a marc imprescindible per a la conviv\u00e8ncia\u00a0t\u00e9 com a objectiu global\u00a0 educar en la igualtat nens i nenes i la preparaci\u00f3 per a la resoluci\u00f3 pac\u00edfica dels conflictes com a f\u00f3rmules b\u00e0siques per a la conviv\u00e8ncia i la prevenci\u00f3 de la viol\u00e8ncia. Volem ajudar el nostre alumnat a [&hellip;]<\/p>\n","protected":false},"author":7,"featured_media":0,"parent":64,"menu_order":1,"comment_status":"closed","ping_status":"closed","template":"","meta":{"_bbp_topic_count":0,"_bbp_reply_count":0,"_bbp_total_topic_count":0,"_bbp_total_reply_count":0,"_bbp_voice_count":0,"_bbp_anonymous_reply_count":0,"_bbp_topic_count_hidden":0,"_bbp_reply_count_hidden":0,"_bbp_forum_subforum_count":0,"site-sidebar-layout":"default","site-content-layout":"","ast-site-content-layout":"default","site-content-style":"default","site-sidebar-style":"default","ast-global-header-display":"","ast-banner-title-visibility":"","ast-main-header-display":"","ast-hfb-above-header-display":"","ast-hfb-below-header-display":"","ast-hfb-mobile-header-display":"","site-post-title":"","ast-breadcrumbs-content":"","ast-featured-img":"","footer-sml-layout":"","theme-transparent-header-meta":"default","adv-header-id-meta":"","stick-header-meta":"","header-above-stick-meta":"","header-main-stick-meta":"","header-below-stick-meta":"","astra-migrate-meta-layouts":"set","ast-page-background-enabled":"default","ast-page-background-meta":{"desktop":{"background-color":"var(--ast-global-color-4)","background-image":"","background-repeat":"repeat","background-position":"center center","background-size":"auto","background-attachment":"scroll","background-type":"","background-media":"","overlay-type":"","overlay-color":"","overlay-opacity":"","overlay-gradient":""},"tablet":{"background-color":"","background-image":"","background-repeat":"repeat","background-position":"center center","background-size":"auto","background-attachment":"scroll","background-type":"","background-media":"","overlay-type":"","overlay-color":"","overlay-opacity":"","overlay-gradient":""},"mobile":{"background-color":"","background-image":"","background-repeat":"repeat","background-position":"center center","background-size":"auto","background-attachment":"scroll","background-type":"","background-media":"","overlay-type":"","overlay-color":"","overlay-opacity":"","overlay-gradient":""}},"ast-content-background-meta":{"desktop":{"background-color":"var(--ast-global-color-5)","background-image":"","background-repeat":"repeat","background-position":"center center","background-size":"auto","background-attachment":"scroll","background-type":"","background-media":"","overlay-type":"","overlay-color":"","overlay-opacity":"","overlay-gradient":""},"tablet":{"background-color":"var(--ast-global-color-5)","background-image":"","background-repeat":"repeat","background-position":"center center","background-size":"auto","background-attachment":"scroll","background-type":"","background-media":"","overlay-type":"","overlay-color":"","overlay-opacity":"","overlay-gradient":""},"mobile":{"background-color":"var(--ast-global-color-5)","background-image":"","background-repeat":"repeat","background-position":"center center","background-size":"auto","background-attachment":"scroll","background-type":"","background-media":"","overlay-type":"","overlay-color":"","overlay-opacity":"","overlay-gradient":""}},"footnotes":""},"class_list":["post-520","page","type-page","status-publish","hentry"],"post_mailing_queue_ids":[],"_links":{"self":[{"href":"https:\/\/agora.xtec.cat\/ceip-itaca\/wp-json\/wp\/v2\/pages\/520","targetHints":{"allow":["GET"]}}],"collection":[{"href":"https:\/\/agora.xtec.cat\/ceip-itaca\/wp-json\/wp\/v2\/pages"}],"about":[{"href":"https:\/\/agora.xtec.cat\/ceip-itaca\/wp-json\/wp\/v2\/types\/page"}],"author":[{"embeddable":true,"href":"https:\/\/agora.xtec.cat\/ceip-itaca\/wp-json\/wp\/v2\/users\/7"}],"replies":[{"embeddable":true,"href":"https:\/\/agora.xtec.cat\/ceip-itaca\/wp-json\/wp\/v2\/comments?post=520"}],"version-history":[{"count":5,"href":"https:\/\/agora.xtec.cat\/ceip-itaca\/wp-json\/wp\/v2\/pages\/520\/revisions"}],"predecessor-version":[{"id":2530,"href":"https:\/\/agora.xtec.cat\/ceip-itaca\/wp-json\/wp\/v2\/pages\/520\/revisions\/2530"}],"up":[{"embeddable":true,"href":"https:\/\/agora.xtec.cat\/ceip-itaca\/wp-json\/wp\/v2\/pages\/64"}],"wp:attachment":[{"href":"https:\/\/agora.xtec.cat\/ceip-itaca\/wp-json\/wp\/v2\/media?parent=520"}],"curies":[{"name":"wp","href":"https:\/\/api.w.org\/{rel}","templated":true}]}}