{"id":519,"date":"2021-04-15T13:49:33","date_gmt":"2021-04-15T11:49:33","guid":{"rendered":"https:\/\/agora.xtec.cat\/ceip-itaca\/?page_id=519"},"modified":"2024-01-19T22:09:37","modified_gmt":"2024-01-19T21:09:37","slug":"el-nostre-nom","status":"publish","type":"page","link":"https:\/\/agora.xtec.cat\/ceip-itaca\/lescola\/el-nostre-nom\/","title":{"rendered":"El nostre nom"},"content":{"rendered":"<div class=\"entry-header\">\n<h2 class=\"post-title entry-title\"><a style=\"font-size: 16px; font-weight: normal;\" href=\"http:\/\/4.bp.blogspot.com\/-4RveCVfMEgc\/UvIapN9NN7I\/AAAAAAAABR8\/FphD9s7_he4\/s1600\/DSCN8238.JPG\"><img loading=\"lazy\" decoding=\"async\" class=\"aligncenter\" src=\"https:\/\/4.bp.blogspot.com\/-4RveCVfMEgc\/UvIapN9NN7I\/AAAAAAAABR8\/FphD9s7_he4\/s1600\/DSCN8238.JPG\" width=\"400\" height=\"302\" border=\"0\" \/><\/a><\/h2>\n<\/div>\n<div class=\"post-body entry-content\">\n<div>\n<p style=\"text-align: justify;\">El nom d&#8217;\u00cdtaca fa refer\u00e8ncia a la illa grega situada a la Mediterr\u00e0nia, a prop de les costes de Gr\u00e8cia. A\u00a0<b>l&#8217;Odissea<\/b>, un poema de la Gr\u00e8cia Cl\u00e0ssica, se&#8217;ns explica el viatge que\u00a0<i>Ulisses<\/i>\u00a0va fer per tornar a\u00a0<b>\u00cdtaca<\/b>, la seva p\u00e0tria, despr\u00e9s de lluitar a la guerra de Troia.<\/p>\n<\/div>\n<\/div>\n<div>\n<p style=\"text-align: justify;\">Despr\u00e9s que\u00a0<em>Carles Riba<\/em>\u00a0(traductor de\u00a0<strong>l&#8217;Odissea<\/strong>) adapt\u00e9s els versos al catal\u00e0 i, encara m\u00e9s, despr\u00e9s que Llu\u00eds Llach els hagu\u00e9s transformat en una can\u00e7\u00f3 que per a molts catalans \u00e9s gaireb\u00e9 un segon himne, l'&#8221;\u00cdtaca&#8221; s&#8217;ha convertit en un dels poemes m\u00e9s coneguts a casa nostra.<\/p>\n<p style=\"text-align: justify;\">Sempre se&#8217;ns fa refer\u00e8ncia quan es vol dir que l&#8217;important de qualsevol viatge no \u00e9s l&#8217;arribada, sin\u00f3 el mateix trajecte. Datat l&#8217;any 1911 \u00cdtaca \u00e9s una baula m\u00e9s d&#8217;una tradici\u00f3 liter\u00e0ria que va inagurar <em>Homer<\/em>. Assumeix la idea del viatge com a met\u00e0fora de la vida en tant que aprenentatge. Hi ha ressons d&#8217;\u00cdtaca en un altre poema de l&#8217;autor\u00a0<em>Kavafis<\/em>\u00a0que ens parla de la inutilitat del viatge si aquest \u00e9s una fugida de la pr\u00f2pia devastaci\u00f3 interior.<\/p>\n<\/div>\n<div><\/div>\n<div class=\"post-body entry-content\">\n<div>\n<div style=\"text-align: center;\"><b>\u00cdTACA<\/b><\/div>\n<div><\/div>\n<p style=\"text-align: center;\"><i>Quan surts per fer el viatge cap a \u00cdtaca,<\/i><\/p>\n<p style=\"text-align: center;\"><i>has de pregar que el cam\u00ed sigui llarg,<\/i><\/p>\n<p style=\"text-align: center;\"><i>ple d&#8217;aventures, ple de coneixen\u00e7es.\u00a0<\/i><\/p>\n<p style=\"text-align: center;\"><i>Els Lestr\u00edgons i els C\u00edclops,<\/i><\/p>\n<p style=\"text-align: center;\"><i>l&#8217;a\u00efrat Posid\u00f3, no te n&#8217;esfereixis:\u00a0<\/i><\/p>\n<p style=\"text-align: center;\"><i>s\u00f3n coses que en el teu cam\u00ed no trobar\u00e0s,<\/i><\/p>\n<p style=\"text-align: center;\"><i>no, mai, si el pensament se&#8217;t mant\u00e9 alt, si una\u00a0<\/i><\/p>\n<p style=\"text-align: center;\"><i>emoci\u00f3 escollida\u00a0<\/i><\/p>\n<p style=\"text-align: center;\"><i>et toca l&#8217;esperit i el cos alhora.\u00a0<\/i><\/p>\n<p style=\"text-align: center;\"><i>Els Lestr\u00edgons i els C\u00edclops,\u00a0<\/i><\/p>\n<p style=\"text-align: center;\"><i>el fero\u00e7 Posid\u00f3, mai no ser\u00e0 que els topis\u00a0<\/i><\/p>\n<p style=\"text-align: center;\"><i>si no els portes amb tu dins la teva \u00e0nima,\u00a0<\/i><\/p>\n<p style=\"text-align: center;\"><i>si no \u00e9s la teva \u00e0nima que els dre\u00e7a davant teu.<\/i><\/p>\n<p style=\"text-align: center;\"><i>Has de pregar que el cam\u00ed sigui llarg.\u00a0<\/i><\/p>\n<p style=\"text-align: center;\"><i>Que siguin moltes les matinades d&#8217;estiu\u00a0<\/i><\/p>\n<p style=\"text-align: center;\"><i>que, amb quina delectan\u00e7a, amb quina joia !\u00a0<\/i><\/p>\n<p style=\"text-align: center;\"><i>entrar\u00e0s en un port que els teus ulls ignoraven;\u00a0<\/i><\/p>\n<p style=\"text-align: center;\"><i>que et puguis aturar en mercats fenicis<\/i><\/p>\n<p style=\"text-align: center;\"><i>i comprar-hi les bones coses que s&#8217;hi exhibeixen,\u00a0<\/i><\/p>\n<p style=\"text-align: center;\"><i>corals i nacres, ambres i banussos\u00a0<\/i><\/p>\n<p style=\"text-align: center;\"><i>i delicats perfums de tota mena:<\/i><\/p>\n<p style=\"text-align: center;\"><i>tanta abundor com puguis de perfums delicats;<\/i><\/p>\n<p style=\"text-align: center;\"><i>que vagis a ciutats d&#8217;Egipte, a moltes,\u00a0<\/i><\/p>\n<p style=\"text-align: center;\"><i>per aprendre i aprendre dels que saben.<\/i><\/p>\n<p style=\"text-align: center;\"><i>Sempre tingues al cor la idea d&#8217;\u00cdtaca.\u00a0<\/i><\/p>\n<p style=\"text-align: center;\"><i>Has d&#8217;arribar-hi, \u00e9s el teu dest\u00ed.\u00a0<\/i><\/p>\n<p style=\"text-align: center;\"><i>Per\u00f2 no forcis gens la travessia.\u00a0<\/i><\/p>\n<p style=\"text-align: center;\"><i>\u00c9s preferible que duri molts anys\u00a0<\/i><\/p>\n<p style=\"text-align: center;\"><i>i que ja siguis vell quan fondegis a l&#8217;illa,\u00a0<\/i><\/p>\n<p style=\"text-align: center;\"><i>ric de tot el que haur\u00e0s guanyat fent el cam\u00ed,\u00a0<\/i><\/p>\n<p style=\"text-align: center;\"><i>sense esperar que t&#8217;hagi de dar riqueses \u00cdtaca.<\/i><\/p>\n<p style=\"text-align: center;\"><i>\u00cdtaca t&#8217;ha donat el bell viatge.\u00a0<\/i><\/p>\n<p style=\"text-align: center;\"><i>Sense ella no hauries pas sortit cap a fer-lo.\u00a0<\/i><\/p>\n<p style=\"text-align: center;\"><i>Res m\u00e9s no t\u00e9 que et pugui ja donar.<\/i><\/p>\n<p style=\"text-align: center;\"><i>I si la trobes pobra, no \u00e9s que \u00cdtaca t&#8217;hagi enganyat.<\/i><\/p>\n<p style=\"text-align: center;\"><i>Savi com b\u00e9 t&#8217;has fet, amb tanta experi\u00e8ncia,<\/i><\/p>\n<p style=\"text-align: center;\"><i>ja haur\u00e0s pogut comprendre qu\u00e8 volen dir les \u00cdtaques .<\/i><\/p>\n<p>&nbsp;<\/p>\n<div style=\"text-align: center;\"><i><b>KONSTANTINO KVAFIS (1863-1933)<\/b><\/i><br \/>\n<i><b><br \/>\n<\/b><\/i><\/p>\n<div class=\"separator\" style=\"text-align: center;\"><\/div>\n<div class=\"separator\"><\/div>\n<div class=\"separator\"><a href=\"http:\/\/3.bp.blogspot.com\/-_dzxumZhfm0\/UvIanDMzrFI\/AAAAAAAABRs\/2bwl43--uIk\/s1600\/DSCN8237.JPG\"><img loading=\"lazy\" decoding=\"async\" src=\"https:\/\/3.bp.blogspot.com\/-_dzxumZhfm0\/UvIanDMzrFI\/AAAAAAAABRs\/2bwl43--uIk\/s1600\/DSCN8237.JPG\" width=\"400\" height=\"185\" border=\"0\" \/><\/a><\/div>\n<\/div>\n<\/div>\n<\/div>\n<div>\u3164<\/div>\n<div class=\"post-body entry-content\">\n<div>\n<div style=\"text-align: center;\">\n<div class=\"separator\"><a href=\"http:\/\/4.bp.blogspot.com\/-nKj3pSHFb44\/UvIanZu-n7I\/AAAAAAAABRw\/T9U8d948JYk\/s1600\/DSCN8235.JPG\"><img loading=\"lazy\" decoding=\"async\" src=\"https:\/\/4.bp.blogspot.com\/-nKj3pSHFb44\/UvIanZu-n7I\/AAAAAAAABRw\/T9U8d948JYk\/s1600\/DSCN8235.JPG\" width=\"400\" height=\"286\" border=\"0\" \/><\/a><\/div>\n<\/div>\n<div>\u3164<\/div>\n<div style=\"text-align: center;\">\n<div><\/div>\n<div class=\"separator\"><a href=\"http:\/\/1.bp.blogspot.com\/-M0IV_o94Y5Q\/UvIalcFBBhI\/AAAAAAAABRk\/9PO_51rjTpg\/s1600\/DSCN8233.JPG\"><img loading=\"lazy\" decoding=\"async\" src=\"https:\/\/1.bp.blogspot.com\/-M0IV_o94Y5Q\/UvIalcFBBhI\/AAAAAAAABRk\/9PO_51rjTpg\/s1600\/DSCN8233.JPG\" width=\"400\" height=\"293\" border=\"0\" \/><\/a><\/div>\n<div><\/div>\n<div>\u3164<\/div>\n<div class=\"separator\"><a href=\"http:\/\/1.bp.blogspot.com\/-73Z4x2Q935w\/UvIaeWBOPpI\/AAAAAAAABRY\/qUEYYmDUkN4\/s1600\/DSCN8231.JPG\"><img loading=\"lazy\" decoding=\"async\" src=\"https:\/\/1.bp.blogspot.com\/-73Z4x2Q935w\/UvIaeWBOPpI\/AAAAAAAABRY\/qUEYYmDUkN4\/s1600\/DSCN8231.JPG\" width=\"400\" height=\"300\" border=\"0\" \/><\/a><\/div>\n<\/div>\n<div>\u3164<\/div>\n<div style=\"text-align: center;\">\n<div class=\"separator\"><a href=\"http:\/\/4.bp.blogspot.com\/-tdKVMhpRBYQ\/UvIad3ovWiI\/AAAAAAAABRQ\/4Xv6KjkH-H8\/s1600\/DSCN8229.JPG\"><img loading=\"lazy\" decoding=\"async\" src=\"https:\/\/4.bp.blogspot.com\/-tdKVMhpRBYQ\/UvIad3ovWiI\/AAAAAAAABRQ\/4Xv6KjkH-H8\/s1600\/DSCN8229.JPG\" width=\"336\" height=\"400\" border=\"0\" \/><\/a><\/div>\n<div class=\"separator\"><\/div>\n<\/div>\n<\/div>\n<\/div>\n","protected":false},"excerpt":{"rendered":"<p>El nom d&#8217;\u00cdtaca fa refer\u00e8ncia a la illa grega situada a la Mediterr\u00e0nia, a prop de les costes de Gr\u00e8cia. A\u00a0l&#8217;Odissea, un poema de la Gr\u00e8cia Cl\u00e0ssica, se&#8217;ns explica el viatge que\u00a0Ulisses\u00a0va fer per tornar a\u00a0\u00cdtaca, la seva p\u00e0tria, despr\u00e9s de lluitar a la guerra de Troia. Despr\u00e9s que\u00a0Carles Riba\u00a0(traductor de\u00a0l&#8217;Odissea) adapt\u00e9s els versos al [&hellip;]<\/p>\n","protected":false},"author":1,"featured_media":0,"parent":22,"menu_order":0,"comment_status":"closed","ping_status":"closed","template":"page-templates\/side-menu.php","meta":{"_bbp_topic_count":0,"_bbp_reply_count":0,"_bbp_total_topic_count":0,"_bbp_total_reply_count":0,"_bbp_voice_count":0,"_bbp_anonymous_reply_count":0,"_bbp_topic_count_hidden":0,"_bbp_reply_count_hidden":0,"_bbp_forum_subforum_count":0,"site-sidebar-layout":"default","site-content-layout":"","ast-site-content-layout":"","site-content-style":"default","site-sidebar-style":"default","ast-global-header-display":"","ast-banner-title-visibility":"","ast-main-header-display":"","ast-hfb-above-header-display":"","ast-hfb-below-header-display":"","ast-hfb-mobile-header-display":"","site-post-title":"","ast-breadcrumbs-content":"","ast-featured-img":"","footer-sml-layout":"","theme-transparent-header-meta":"","adv-header-id-meta":"","stick-header-meta":"","header-above-stick-meta":"","header-main-stick-meta":"","header-below-stick-meta":"","astra-migrate-meta-layouts":"default","ast-page-background-enabled":"default","ast-page-background-meta":{"desktop":{"background-color":"var(--ast-global-color-4)","background-image":"","background-repeat":"repeat","background-position":"center center","background-size":"auto","background-attachment":"scroll","background-type":"","background-media":"","overlay-type":"","overlay-color":"","overlay-opacity":"","overlay-gradient":""},"tablet":{"background-color":"","background-image":"","background-repeat":"repeat","background-position":"center center","background-size":"auto","background-attachment":"scroll","background-type":"","background-media":"","overlay-type":"","overlay-color":"","overlay-opacity":"","overlay-gradient":""},"mobile":{"background-color":"","background-image":"","background-repeat":"repeat","background-position":"center center","background-size":"auto","background-attachment":"scroll","background-type":"","background-media":"","overlay-type":"","overlay-color":"","overlay-opacity":"","overlay-gradient":""}},"ast-content-background-meta":{"desktop":{"background-color":"var(--ast-global-color-5)","background-image":"","background-repeat":"repeat","background-position":"center center","background-size":"auto","background-attachment":"scroll","background-type":"","background-media":"","overlay-type":"","overlay-color":"","overlay-opacity":"","overlay-gradient":""},"tablet":{"background-color":"var(--ast-global-color-5)","background-image":"","background-repeat":"repeat","background-position":"center center","background-size":"auto","background-attachment":"scroll","background-type":"","background-media":"","overlay-type":"","overlay-color":"","overlay-opacity":"","overlay-gradient":""},"mobile":{"background-color":"var(--ast-global-color-5)","background-image":"","background-repeat":"repeat","background-position":"center center","background-size":"auto","background-attachment":"scroll","background-type":"","background-media":"","overlay-type":"","overlay-color":"","overlay-opacity":"","overlay-gradient":""}},"footnotes":""},"class_list":["post-519","page","type-page","status-publish","hentry"],"post_mailing_queue_ids":[],"_links":{"self":[{"href":"https:\/\/agora.xtec.cat\/ceip-itaca\/wp-json\/wp\/v2\/pages\/519","targetHints":{"allow":["GET"]}}],"collection":[{"href":"https:\/\/agora.xtec.cat\/ceip-itaca\/wp-json\/wp\/v2\/pages"}],"about":[{"href":"https:\/\/agora.xtec.cat\/ceip-itaca\/wp-json\/wp\/v2\/types\/page"}],"author":[{"embeddable":true,"href":"https:\/\/agora.xtec.cat\/ceip-itaca\/wp-json\/wp\/v2\/users\/1"}],"replies":[{"embeddable":true,"href":"https:\/\/agora.xtec.cat\/ceip-itaca\/wp-json\/wp\/v2\/comments?post=519"}],"version-history":[{"count":6,"href":"https:\/\/agora.xtec.cat\/ceip-itaca\/wp-json\/wp\/v2\/pages\/519\/revisions"}],"predecessor-version":[{"id":1525,"href":"https:\/\/agora.xtec.cat\/ceip-itaca\/wp-json\/wp\/v2\/pages\/519\/revisions\/1525"}],"up":[{"embeddable":true,"href":"https:\/\/agora.xtec.cat\/ceip-itaca\/wp-json\/wp\/v2\/pages\/22"}],"wp:attachment":[{"href":"https:\/\/agora.xtec.cat\/ceip-itaca\/wp-json\/wp\/v2\/media?parent=519"}],"curies":[{"name":"wp","href":"https:\/\/api.w.org\/{rel}","templated":true}]}}