{"id":511,"date":"2021-04-15T13:57:35","date_gmt":"2021-04-15T11:57:35","guid":{"rendered":"https:\/\/agora.xtec.cat\/ceip-itaca\/?page_id=511"},"modified":"2025-02-01T14:01:52","modified_gmt":"2025-02-01T13:01:52","slug":"festes-sortides-i-colonies","status":"publish","type":"page","link":"https:\/\/agora.xtec.cat\/ceip-itaca\/com-treballem\/festes-sortides-i-colonies\/","title":{"rendered":"Festes, sortides i col\u00f2nies."},"content":{"rendered":"<p style=\"text-align: justify;\">Si volem que cada criatura desenvolupi la seva la capacitat de mirar-se el m\u00f3n amb curiositat i de formular-se preguntes amb claredat i originalitat sobre fets i fen\u00f2mens del medi natural, social o tecnol\u00f2gic i sobre les interrelacions que s\u2019hi estableixen, hem de propiciar viv\u00e8ncies reals en que aix\u00f2 es produeixi. L\u2019aprenentatge ha de ser contextualitzat sempre que sigui possible, doncs \u00e9s la pr\u00f2pia experi\u00e8ncia viscuda la que permet a l\u2019alumnat assolir els aprenentatges de forma m\u00e9s significativa. Tant les sortides com les col\u00f2nies ens ajuden a treballar de forma pr\u00e0ctica, entrant en contacte amb el tema d\u2019estudi.<\/p>\n<p style=\"text-align: justify;\">Al llarg del curs cada tutoria organitza entre una i tres sortides de tot un dia. Algunes estan vinculades a temes que ja s\u2019estan tractant a l\u2019aula i d\u2019altres es plantegen per a iniciar un projecte nou. Tamb\u00e9 es fan sortides de caire cultural i algunes s\u00f3n purament l\u00fadiques. Les col\u00f2nies es fan a cada curs a partir d&#8217;I4.<\/p>\n<p style=\"text-align: justify;\">Paral\u00b7lelament, l\u2019escola participa tots els cursos en el Programa d\u2019Animaci\u00f3 Educativa de l\u2019ajuntament de Vilanova i la Geltr\u00fa, seleccionant aquelles activitats que s\u2019ajusten als objectius de la Programaci\u00f3 General Anual. El PAE ofereix un llistat ben extens de<br \/>\npropostes relacionades amb diversos \u00e0mbits: arts esc\u00e8niques i visuals, conviv\u00e8ncia, ciutadania i equitat, educaci\u00f3 ambiental, esports, patrimoni i oferta muse\u00edstica, salut i tecnologia. Algunes d\u2019aquestes activitats es fan a la mateixa escola i d\u2019altres es fan en diferents espais p\u00fablics de la ciutat.<\/p>\n<p><u><b>FESTES<\/b><\/u><\/p>\n<p class=\"separator\"><a href=\"https:\/\/3.bp.blogspot.com\/-7x4D7LsGw-I\/VsXar0XvA1I\/AAAAAAAAL7g\/w3CEj2w0mXo\/s1600\/DSC_0185.jpg\"><img loading=\"lazy\" decoding=\"async\" class=\"aligncenter\" src=\"https:\/\/3.bp.blogspot.com\/-7x4D7LsGw-I\/VsXar0XvA1I\/AAAAAAAAL7g\/w3CEj2w0mXo\/s320\/DSC_0185.jpg\" width=\"320\" height=\"214\" border=\"0\" data-original-height=\"857\" data-original-width=\"1280\" \/><\/a><\/p>\n<p class=\"separator\" style=\"text-align: justify;\"><a href=\"https:\/\/1.bp.blogspot.com\/-wXK1PJBYPlo\/Xk0MWN3j1MI\/AAAAAAAAeoo\/KEnniH79ciMXiLMbNKPxTa09T71Qtz3dgCLcBGAsYHQ\/s1600\/IMG_20191030_154358.jpg\"><img loading=\"lazy\" decoding=\"async\" class=\"aligncenter\" src=\"https:\/\/1.bp.blogspot.com\/-wXK1PJBYPlo\/Xk0MWN3j1MI\/AAAAAAAAeoo\/KEnniH79ciMXiLMbNKPxTa09T71Qtz3dgCLcBGAsYHQ\/s320\/IMG_20191030_154358.jpg\" width=\"320\" height=\"240\" border=\"0\" data-original-height=\"1200\" data-original-width=\"1600\" \/><\/a><\/p>\n<p class=\"separator\" style=\"text-align: justify;\"><u><b>SORTIDES<\/b><\/u><\/p>\n<p class=\"separator\" style=\"text-align: justify;\"><img loading=\"lazy\" decoding=\"async\" class=\"aligncenter\" style=\"text-align: start;\" src=\"https:\/\/3.bp.blogspot.com\/-YqWGZNX6iYA\/UvJJ3ZC9zkI\/AAAAAAAABV4\/jSJWwJoVO3o\/s1600\/Estol+i+Torres+(49).JPG\" width=\"310\" height=\"249\" \/><\/p>\n<p><span style=\"text-decoration: underline;\"><strong>COL\u00d2NIES<\/strong><\/span><\/p>\n<p><img loading=\"lazy\" decoding=\"async\" class=\"aligncenter\" src=\"https:\/\/1.bp.blogspot.com\/-oV96Qzf7R5c\/W9mA6vdeP2I\/AAAAAAAAdro\/STWeo_Me5JMNLSuPYvcu4K2iT9BiSXXBACLcBGAs\/s1600\/DSC_0184.JPG\" width=\"401\" height=\"268\" \/><\/p>\n<p><img loading=\"lazy\" decoding=\"async\" class=\"aligncenter\" src=\"https:\/\/3.bp.blogspot.com\/-aDiSf768_9A\/WAnxO2k-QVI\/AAAAAAAATBU\/dCoMT5RyNrQUyNlWpAdsGyeAe7nIIszSgCLcB\/s320\/IMG_20161011_135131%2B%2528FILEminimizer%2529.jpg\" width=\"398\" height=\"224\" \/><\/p>\n<p><img loading=\"lazy\" decoding=\"async\" class=\"aligncenter\" src=\"http:\/\/3.bp.blogspot.com\/-GeHSGaR0vWo\/VjHn5kvEPmI\/AAAAAAAAAs4\/hcwI9-3mg9A\/s320\/IMG_4440.JPG\" width=\"396\" height=\"297\" \/><\/p>\n<p><img decoding=\"async\" class=\"aligncenter\" src=\"https:\/\/1.bp.blogspot.com\/-Ea37gmfHeSk\/WCWl--GvLSI\/AAAAAAAATs8\/Dik84E0RFr0i2KaacoK2_0g4AlhLVO9VQCLcB\/s400\/DSC_0704%2B%2528FILEminimizer%2529.JPG\" \/><\/p>\n","protected":false},"excerpt":{"rendered":"<p>Si volem que cada criatura desenvolupi la seva la capacitat de mirar-se el m\u00f3n amb curiositat i de formular-se preguntes amb claredat i originalitat sobre fets i fen\u00f2mens del medi natural, social o tecnol\u00f2gic i sobre les interrelacions que s\u2019hi estableixen, hem de propiciar viv\u00e8ncies reals en que aix\u00f2 es produeixi. L\u2019aprenentatge ha de ser [&hellip;]<\/p>\n","protected":false},"author":3,"featured_media":0,"parent":496,"menu_order":0,"comment_status":"closed","ping_status":"closed","template":"","meta":{"_bbp_topic_count":0,"_bbp_reply_count":0,"_bbp_total_topic_count":0,"_bbp_total_reply_count":0,"_bbp_voice_count":0,"_bbp_anonymous_reply_count":0,"_bbp_topic_count_hidden":0,"_bbp_reply_count_hidden":0,"_bbp_forum_subforum_count":0,"site-sidebar-layout":"default","site-content-layout":"","ast-site-content-layout":"","site-content-style":"default","site-sidebar-style":"default","ast-global-header-display":"","ast-banner-title-visibility":"","ast-main-header-display":"","ast-hfb-above-header-display":"","ast-hfb-below-header-display":"","ast-hfb-mobile-header-display":"","site-post-title":"","ast-breadcrumbs-content":"","ast-featured-img":"","footer-sml-layout":"","theme-transparent-header-meta":"","adv-header-id-meta":"","stick-header-meta":"","header-above-stick-meta":"","header-main-stick-meta":"","header-below-stick-meta":"","astra-migrate-meta-layouts":"default","ast-page-background-enabled":"default","ast-page-background-meta":{"desktop":{"background-color":"var(--ast-global-color-4)","background-image":"","background-repeat":"repeat","background-position":"center center","background-size":"auto","background-attachment":"scroll","background-type":"","background-media":"","overlay-type":"","overlay-color":"","overlay-opacity":"","overlay-gradient":""},"tablet":{"background-color":"","background-image":"","background-repeat":"repeat","background-position":"center center","background-size":"auto","background-attachment":"scroll","background-type":"","background-media":"","overlay-type":"","overlay-color":"","overlay-opacity":"","overlay-gradient":""},"mobile":{"background-color":"","background-image":"","background-repeat":"repeat","background-position":"center center","background-size":"auto","background-attachment":"scroll","background-type":"","background-media":"","overlay-type":"","overlay-color":"","overlay-opacity":"","overlay-gradient":""}},"ast-content-background-meta":{"desktop":{"background-color":"var(--ast-global-color-5)","background-image":"","background-repeat":"repeat","background-position":"center center","background-size":"auto","background-attachment":"scroll","background-type":"","background-media":"","overlay-type":"","overlay-color":"","overlay-opacity":"","overlay-gradient":""},"tablet":{"background-color":"var(--ast-global-color-5)","background-image":"","background-repeat":"repeat","background-position":"center center","background-size":"auto","background-attachment":"scroll","background-type":"","background-media":"","overlay-type":"","overlay-color":"","overlay-opacity":"","overlay-gradient":""},"mobile":{"background-color":"var(--ast-global-color-5)","background-image":"","background-repeat":"repeat","background-position":"center center","background-size":"auto","background-attachment":"scroll","background-type":"","background-media":"","overlay-type":"","overlay-color":"","overlay-opacity":"","overlay-gradient":""}},"footnotes":""},"class_list":["post-511","page","type-page","status-publish","hentry"],"post_mailing_queue_ids":[],"_links":{"self":[{"href":"https:\/\/agora.xtec.cat\/ceip-itaca\/wp-json\/wp\/v2\/pages\/511","targetHints":{"allow":["GET"]}}],"collection":[{"href":"https:\/\/agora.xtec.cat\/ceip-itaca\/wp-json\/wp\/v2\/pages"}],"about":[{"href":"https:\/\/agora.xtec.cat\/ceip-itaca\/wp-json\/wp\/v2\/types\/page"}],"author":[{"embeddable":true,"href":"https:\/\/agora.xtec.cat\/ceip-itaca\/wp-json\/wp\/v2\/users\/3"}],"replies":[{"embeddable":true,"href":"https:\/\/agora.xtec.cat\/ceip-itaca\/wp-json\/wp\/v2\/comments?post=511"}],"version-history":[{"count":4,"href":"https:\/\/agora.xtec.cat\/ceip-itaca\/wp-json\/wp\/v2\/pages\/511\/revisions"}],"predecessor-version":[{"id":1994,"href":"https:\/\/agora.xtec.cat\/ceip-itaca\/wp-json\/wp\/v2\/pages\/511\/revisions\/1994"}],"up":[{"embeddable":true,"href":"https:\/\/agora.xtec.cat\/ceip-itaca\/wp-json\/wp\/v2\/pages\/496"}],"wp:attachment":[{"href":"https:\/\/agora.xtec.cat\/ceip-itaca\/wp-json\/wp\/v2\/media?parent=511"}],"curies":[{"name":"wp","href":"https:\/\/api.w.org\/{rel}","templated":true}]}}