{"id":34,"date":"2014-09-18T12:32:18","date_gmt":"2014-09-18T11:32:18","guid":{"rendered":"http:\/\/agora.xtec.cat\/ceip-itaca\/?page_id=34"},"modified":"2025-07-02T20:17:03","modified_gmt":"2025-07-02T18:17:03","slug":"oferta-educativa","status":"publish","type":"page","link":"https:\/\/agora.xtec.cat\/ceip-itaca\/lescola\/oferta-educativa\/","title":{"rendered":"Oferta educativa"},"content":{"rendered":"<p style=\"text-align: justify;\">L&#8217;<strong>Escola \u00cdtaca<\/strong> est\u00e0 situada al barri de la Collada de Vilanova i la Geltr\u00fa. La nostra escola va comen\u00e7ar a funcionar el curs 2005\/06.<\/p>\n<p style=\"text-align: justify;\"><img loading=\"lazy\" decoding=\"async\" class=\"aligncenter size-full wp-image-840\" src=\"https:\/\/agora.xtec.cat\/ceip-itaca\/wp-content\/uploads\/usu2445\/2022\/05\/facana-escola.jpg\" alt=\"\" width=\"319\" height=\"238\" srcset=\"https:\/\/agora.xtec.cat\/ceip-itaca\/wp-content\/uploads\/usu2445\/2022\/05\/facana-escola.jpg 319w, https:\/\/agora.xtec.cat\/ceip-itaca\/wp-content\/uploads\/usu2445\/2022\/05\/facana-escola-300x224.jpg 300w, https:\/\/agora.xtec.cat\/ceip-itaca\/wp-content\/uploads\/usu2445\/2022\/05\/facana-escola-200x150.jpg 200w\" sizes=\"auto, (max-width: 319px) 100vw, 319px\" \/><\/p>\n<p style=\"text-align: justify;\">Ens definim com una comunitat educativa formada per un equip de professionals (mestres tutores, mestres especialistes, psicopedagoga, conserge, administrativa, monitoratge, cuineres, feineres,&#8230;) pels nostres alumnes i les seves fam\u00edlies.<\/p>\n<p style=\"text-align: justify;\">La plantilla de professorat \u00e9s de 32 mestres. Tamb\u00e9 comptem amb la T\u00e8cnica d\u2019Educaci\u00f3 Infantil, la Montse Borbon\u00e9s Carbonell, i una vetlladora: la Gemma Franquet Pallar\u00e9s.<\/p>\n<p style=\"text-align: justify;\">El nom de l&#8217;escola el vam escollir entre tota la comunitat educativa. Despr\u00e9s de moltes propostes i votacions, vam decidir que \u00cdtaca era el nom que lligava m\u00e9s amb la nostra idea de l&#8217;educaci\u00f3 com un llarg viatge en el que m\u00e9s que el final el que importa \u00e9s el trajecte.<\/p>\n<p><span style=\"font-weight: 400;\">Aquest curs 25\/26 l&#8217;oferta educativa que tenim \u00e9s la seg\u00fcent :<\/span><\/p>\n<table style=\"border-collapse: collapse; width: 23.6802%;\">\n<tbody>\n<tr>\n<td style=\"width: 17.7904%; border-style: solid; border-color: #000000;\" colspan=\"2\"><strong>EDUCACI\u00d3 INFANTIL<\/strong><\/td>\n<\/tr>\n<tr>\n<td style=\"width: 8.52071%; border-style: solid; border-color: #000000;\"><span style=\"font-weight: 400;\">I3 A<\/span><\/td>\n<td style=\"width: 9.26972%; border-style: solid; border-color: #000000;\"><span style=\"font-weight: 400;\">I3 B<\/span><\/td>\n<\/tr>\n<tr>\n<td style=\"width: 8.52071%; border-style: solid; border-color: #000000;\"><span style=\"font-weight: 400;\">I4 A<\/span><\/td>\n<td style=\"width: 9.26972%; border-style: solid; border-color: #000000;\"><span style=\"font-weight: 400;\">I4 B<\/span><\/td>\n<\/tr>\n<tr>\n<td style=\"width: 8.52071%; border-style: solid; border-color: #000000;\"><span style=\"font-weight: 400;\">I5 A<\/span><\/td>\n<td style=\"width: 9.26972%; border-style: solid; border-color: #000000;\"><span style=\"font-weight: 400;\">I5 B<\/span><\/td>\n<\/tr>\n<\/tbody>\n<\/table>\n<table style=\"border-collapse: collapse; width: 23.9504%; height: 224px;\">\n<tbody>\n<tr style=\"height: 32px;\">\n<td style=\"width: 10.4167%; border-style: solid; border-color: #000000; height: 32px;\" colspan=\"2\"><strong>EDUCACI\u00d3 PRIM\u00c0RIA<\/strong><\/td>\n<\/tr>\n<tr style=\"height: 32px;\">\n<td style=\"width: 5.20833%; border-style: solid; border-color: #000000; height: 32px;\"><span style=\"font-weight: 400;\">1r A<\/span><\/td>\n<td style=\"width: 5.20833%; border-style: solid; border-color: #000000; height: 32px;\">1r B<\/td>\n<\/tr>\n<tr style=\"height: 32px;\">\n<td style=\"width: 5.20833%; border-style: solid; border-color: #000000; height: 32px;\"><span style=\"font-weight: 400;\">2n A<\/span><\/td>\n<td style=\"width: 5.20833%; border-style: solid; border-color: #000000; height: 32px;\"><span style=\"font-weight: 400;\">2n B<\/span><\/td>\n<\/tr>\n<tr style=\"height: 32px;\">\n<td style=\"width: 5.20833%; border-style: solid; border-color: #000000; height: 32px;\"><span style=\"font-weight: 400;\">3r A <\/span><\/td>\n<td style=\"width: 5.20833%; border-style: solid; border-color: #000000; height: 32px;\"><span style=\"font-weight: 400;\">3r B<\/span><\/td>\n<\/tr>\n<tr style=\"height: 32px;\">\n<td style=\"width: 5.20833%; border-style: solid; border-color: #000000; height: 32px;\"><span style=\"font-weight: 400;\">4t A<\/span><\/td>\n<td style=\"width: 5.20833%; border-style: solid; border-color: #000000; height: 32px;\"><span style=\"font-weight: 400;\">4t B<\/span><\/td>\n<\/tr>\n<tr style=\"height: 32px;\">\n<td style=\"width: 5.20833%; border-style: solid; border-color: #000000; height: 32px;\"><span style=\"font-weight: 400;\">5\u00e8 A <\/span><\/td>\n<td style=\"width: 5.20833%; border-style: solid; border-color: #000000; height: 32px;\"><span style=\"font-weight: 400;\">5\u00e8 B<\/span><\/td>\n<\/tr>\n<tr style=\"height: 32px;\">\n<td style=\"width: 5.20833%; border-style: solid; border-color: #000000; height: 32px;\"><span style=\"font-weight: 400;\">6\u00e8 A<\/span><span style=\"font-weight: 400;\"><br \/>\n<\/span><\/td>\n<td style=\"width: 5.20833%; border-style: solid; border-color: #000000; height: 32px;\"><span style=\"font-weight: 400;\">6\u00e8 B<\/span><\/td>\n<\/tr>\n<\/tbody>\n<\/table>\n","protected":false},"excerpt":{"rendered":"<p>L&#8217;Escola \u00cdtaca est\u00e0 situada al barri de la Collada de Vilanova i la Geltr\u00fa. La nostra escola va comen\u00e7ar a funcionar el curs 2005\/06. Ens definim com una comunitat educativa formada per un equip de professionals (mestres tutores, mestres especialistes, psicopedagoga, conserge, administrativa, monitoratge, cuineres, feineres,&#8230;) pels nostres alumnes i les seves fam\u00edlies. La plantilla [&hellip;]<\/p>\n","protected":false},"author":1,"featured_media":0,"parent":22,"menu_order":60,"comment_status":"closed","ping_status":"closed","template":"page-templates\/side-menu.php","meta":{"_bbp_topic_count":0,"_bbp_reply_count":0,"_bbp_total_topic_count":0,"_bbp_total_reply_count":0,"_bbp_voice_count":0,"_bbp_anonymous_reply_count":0,"_bbp_topic_count_hidden":0,"_bbp_reply_count_hidden":0,"_bbp_forum_subforum_count":0,"site-sidebar-layout":"default","site-content-layout":"","ast-site-content-layout":"","site-content-style":"default","site-sidebar-style":"default","ast-global-header-display":"","ast-banner-title-visibility":"","ast-main-header-display":"","ast-hfb-above-header-display":"","ast-hfb-below-header-display":"","ast-hfb-mobile-header-display":"","site-post-title":"","ast-breadcrumbs-content":"","ast-featured-img":"","footer-sml-layout":"","theme-transparent-header-meta":"","adv-header-id-meta":"","stick-header-meta":"","header-above-stick-meta":"","header-main-stick-meta":"","header-below-stick-meta":"","astra-migrate-meta-layouts":"default","ast-page-background-enabled":"default","ast-page-background-meta":{"desktop":{"background-color":"var(--ast-global-color-4)","background-image":"","background-repeat":"repeat","background-position":"center center","background-size":"auto","background-attachment":"scroll","background-type":"","background-media":"","overlay-type":"","overlay-color":"","overlay-opacity":"","overlay-gradient":""},"tablet":{"background-color":"","background-image":"","background-repeat":"repeat","background-position":"center center","background-size":"auto","background-attachment":"scroll","background-type":"","background-media":"","overlay-type":"","overlay-color":"","overlay-opacity":"","overlay-gradient":""},"mobile":{"background-color":"","background-image":"","background-repeat":"repeat","background-position":"center center","background-size":"auto","background-attachment":"scroll","background-type":"","background-media":"","overlay-type":"","overlay-color":"","overlay-opacity":"","overlay-gradient":""}},"ast-content-background-meta":{"desktop":{"background-color":"var(--ast-global-color-5)","background-image":"","background-repeat":"repeat","background-position":"center center","background-size":"auto","background-attachment":"scroll","background-type":"","background-media":"","overlay-type":"","overlay-color":"","overlay-opacity":"","overlay-gradient":""},"tablet":{"background-color":"var(--ast-global-color-5)","background-image":"","background-repeat":"repeat","background-position":"center center","background-size":"auto","background-attachment":"scroll","background-type":"","background-media":"","overlay-type":"","overlay-color":"","overlay-opacity":"","overlay-gradient":""},"mobile":{"background-color":"var(--ast-global-color-5)","background-image":"","background-repeat":"repeat","background-position":"center center","background-size":"auto","background-attachment":"scroll","background-type":"","background-media":"","overlay-type":"","overlay-color":"","overlay-opacity":"","overlay-gradient":""}},"footnotes":""},"class_list":["post-34","page","type-page","status-publish","hentry"],"post_mailing_queue_ids":[],"_links":{"self":[{"href":"https:\/\/agora.xtec.cat\/ceip-itaca\/wp-json\/wp\/v2\/pages\/34","targetHints":{"allow":["GET"]}}],"collection":[{"href":"https:\/\/agora.xtec.cat\/ceip-itaca\/wp-json\/wp\/v2\/pages"}],"about":[{"href":"https:\/\/agora.xtec.cat\/ceip-itaca\/wp-json\/wp\/v2\/types\/page"}],"author":[{"embeddable":true,"href":"https:\/\/agora.xtec.cat\/ceip-itaca\/wp-json\/wp\/v2\/users\/1"}],"replies":[{"embeddable":true,"href":"https:\/\/agora.xtec.cat\/ceip-itaca\/wp-json\/wp\/v2\/comments?post=34"}],"version-history":[{"count":6,"href":"https:\/\/agora.xtec.cat\/ceip-itaca\/wp-json\/wp\/v2\/pages\/34\/revisions"}],"predecessor-version":[{"id":2258,"href":"https:\/\/agora.xtec.cat\/ceip-itaca\/wp-json\/wp\/v2\/pages\/34\/revisions\/2258"}],"up":[{"embeddable":true,"href":"https:\/\/agora.xtec.cat\/ceip-itaca\/wp-json\/wp\/v2\/pages\/22"}],"wp:attachment":[{"href":"https:\/\/agora.xtec.cat\/ceip-itaca\/wp-json\/wp\/v2\/media?parent=34"}],"curies":[{"name":"wp","href":"https:\/\/api.w.org\/{rel}","templated":true}]}}